{"id":23062,"date":"2021-06-24T15:27:49","date_gmt":"2021-06-24T13:27:49","guid":{"rendered":"https:\/\/musee.oceano.org\/faq\/"},"modified":"2021-06-24T15:39:28","modified_gmt":"2021-06-24T13:39:28","slug":"faq","status":"publish","type":"page","link":"https:\/\/musee.oceano.org\/de\/faq\/","title":{"rendered":"FAQ"},"content":{"rendered":"\t\t<div data-elementor-type=\"wp-post\" data-elementor-id=\"23062\" class=\"elementor elementor-23062 elementor-1584\" data-elementor-post-type=\"page\">\n\t\t\t\t\t\t<section class=\"elementor-section elementor-top-section elementor-element elementor-element-701011c9 elementor-section-full_width elementor-section-height-default elementor-section-height-default\" data-id=\"701011c9\" data-element_type=\"section\" data-e-type=\"section\">\n\t\t\t\t\t\t<div class=\"elementor-container elementor-column-gap-no\">\n\t\t\t\t\t<div class=\"elementor-column elementor-col-100 elementor-top-column elementor-element elementor-element-63f1895f\" data-id=\"63f1895f\" data-element_type=\"column\" data-e-type=\"column\">\n\t\t\t<div class=\"elementor-widget-wrap elementor-element-populated\">\n\t\t\t\t\t\t<div class=\"elementor-element elementor-element-87ec4e7 elementor--h-position-center elementor--v-position-middle elementor-widget elementor-widget-slides\" data-id=\"87ec4e7\" data-element_type=\"widget\" data-e-type=\"widget\" data-settings=\"{&quot;navigation&quot;:&quot;none&quot;,&quot;transition&quot;:&quot;slide&quot;,&quot;transition_speed&quot;:500}\" data-widget_type=\"slides.default\">\n\t\t\t\t<div class=\"elementor-widget-container\">\n\t\t\t\t\t\t\t\t\t<div class=\"elementor-swiper\">\n\t\t\t\t\t<div class=\"elementor-slides-wrapper elementor-main-swiper swiper\" role=\"region\" aria-roledescription=\"carousel\" aria-label=\"Slider\" dir=\"ltr\" data-animation=\"fadeInUp\">\n\t\t\t\t<div class=\"swiper-wrapper elementor-slides\">\n\t\t\t\t\t\t\t\t\t\t<div class=\"elementor-repeater-item-891be05 swiper-slide\" role=\"group\" aria-roledescription=\"slide\"><div class=\"swiper-slide-bg\" role=\"img\" aria-label=\"shutterstock_456309187\"><\/div><div class=\"elementor-background-overlay\"><\/div><div class=\"swiper-slide-inner\" ><div class=\"swiper-slide-contents\"><h1 class=\"elementor-slide-heading\">H\u00c4UFIG GESTELLTE FRAGEN<\/h1><\/div><\/div><\/div>\t\t\t\t<\/div>\n\t\t\t\t\t\t\t<\/div>\n\t\t\t\t<\/div>\n\t\t\t\t\t\t\t\t<\/div>\n\t\t\t\t<\/div>\n\t\t\t\t\t<\/div>\n\t\t<\/div>\n\t\t\t\t\t<\/div>\n\t\t<\/section>\n\t\t\t\t<section class=\"elementor-section elementor-top-section elementor-element elementor-element-515c58bb elementor-section-full_width elementor-section-height-default elementor-section-height-default\" data-id=\"515c58bb\" data-element_type=\"section\" data-e-type=\"section\">\n\t\t\t\t\t\t<div class=\"elementor-container elementor-column-gap-default\">\n\t\t\t\t\t<div class=\"elementor-column elementor-col-100 elementor-top-column elementor-element elementor-element-7ca6d743\" data-id=\"7ca6d743\" data-element_type=\"column\" data-e-type=\"column\">\n\t\t\t<div class=\"elementor-widget-wrap elementor-element-populated\">\n\t\t\t\t\t\t<div class=\"elementor-element elementor-element-29ef6853 elementor-widget elementor-widget-ee-breadcrumbs\" data-id=\"29ef6853\" data-element_type=\"widget\" data-e-type=\"widget\" data-widget_type=\"ee-breadcrumbs.default\">\n\t\t\t\t<div class=\"elementor-widget-container\">\n\t\t\t\t\t<ul class=\"ee-breadcrumbs\" itemscope=\"\" itemtype=\"http:\/\/schema.org\/BreadcrumbList\"><\/ul>\t\t\t\t<\/div>\n\t\t\t\t<\/div>\n\t\t\t\t\t<\/div>\n\t\t<\/div>\n\t\t\t\t\t<\/div>\n\t\t<\/section>\n\t\t\t\t<section class=\"elementor-section elementor-top-section elementor-element elementor-element-190daad1 elementor-section-boxed elementor-section-height-default elementor-section-height-default\" data-id=\"190daad1\" data-element_type=\"section\" data-e-type=\"section\">\n\t\t\t\t\t\t<div class=\"elementor-container elementor-column-gap-default\">\n\t\t\t\t\t<div class=\"elementor-column elementor-col-100 elementor-top-column elementor-element elementor-element-589ac229\" data-id=\"589ac229\" data-element_type=\"column\" data-e-type=\"column\">\n\t\t\t<div class=\"elementor-widget-wrap elementor-element-populated\">\n\t\t\t\t\t\t<div class=\"elementor-element elementor-element-76d75058 elementor-widget elementor-widget-heading\" data-id=\"76d75058\" data-element_type=\"widget\" data-e-type=\"widget\" data-widget_type=\"heading.default\">\n\t\t\t\t<div class=\"elementor-widget-container\">\n\t\t\t\t\t<h2 class=\"elementor-heading-title elementor-size-default\">Suchen nach :<\/h2>\t\t\t\t<\/div>\n\t\t\t\t<\/div>\n\t\t\t\t\t<\/div>\n\t\t<\/div>\n\t\t\t\t\t<\/div>\n\t\t<\/section>\n\t\t\t\t<section class=\"elementor-section elementor-top-section elementor-element elementor-element-6e88614 formbgblue elementor-section-boxed elementor-section-height-default elementor-section-height-default\" data-id=\"6e88614\" data-element_type=\"section\" data-e-type=\"section\" data-settings=\"{&quot;background_background&quot;:&quot;classic&quot;}\">\n\t\t\t\t\t\t<div class=\"elementor-container elementor-column-gap-default\">\n\t\t\t\t\t<div class=\"elementor-column elementor-col-33 elementor-top-column elementor-element elementor-element-8bdcb0f\" data-id=\"8bdcb0f\" data-element_type=\"column\" data-e-type=\"column\">\n\t\t\t<div class=\"elementor-widget-wrap elementor-element-populated\">\n\t\t\t\t\t\t<div class=\"elementor-element elementor-element-ee33618 elementor-widget elementor-widget-shortcode\" data-id=\"ee33618\" data-element_type=\"widget\" data-e-type=\"widget\" data-widget_type=\"shortcode.default\">\n\t\t\t\t<div class=\"elementor-widget-container\">\n\t\t\t\t\t\t\t<div class=\"elementor-shortcode\"><div class=\"facetwp-facet facetwp-facet-search facetwp-type-search\" data-name=\"search\" data-type=\"search\"><\/div><\/div>\n\t\t\t\t\t\t<\/div>\n\t\t\t\t<\/div>\n\t\t\t\t\t<\/div>\n\t\t<\/div>\n\t\t\t\t<div class=\"elementor-column elementor-col-33 elementor-top-column elementor-element elementor-element-4605bb1\" data-id=\"4605bb1\" data-element_type=\"column\" data-e-type=\"column\">\n\t\t\t<div class=\"elementor-widget-wrap elementor-element-populated\">\n\t\t\t\t\t\t<div class=\"elementor-element elementor-element-221360f elementor-widget elementor-widget-shortcode\" data-id=\"221360f\" data-element_type=\"widget\" data-e-type=\"widget\" data-widget_type=\"shortcode.default\">\n\t\t\t\t<div class=\"elementor-widget-container\">\n\t\t\t\t\t\t\t<div class=\"elementor-shortcode\"><div class=\"facetwp-facet facetwp-facet-thmatiques_faq facetwp-type-dropdown\" data-name=\"thmatiques_faq\" data-type=\"dropdown\"><\/div><\/div>\n\t\t\t\t\t\t<\/div>\n\t\t\t\t<\/div>\n\t\t\t\t\t<\/div>\n\t\t<\/div>\n\t\t\t\t<div class=\"elementor-column elementor-col-33 elementor-top-column elementor-element elementor-element-fcc69df\" data-id=\"fcc69df\" data-element_type=\"column\" data-e-type=\"column\">\n\t\t\t<div class=\"elementor-widget-wrap\">\n\t\t\t\t\t\t\t<\/div>\n\t\t<\/div>\n\t\t\t\t\t<\/div>\n\t\t<\/section>\n\t\t\t\t<section class=\"elementor-section elementor-top-section elementor-element elementor-element-2521d05 elementor-section-boxed elementor-section-height-default elementor-section-height-default\" data-id=\"2521d05\" data-element_type=\"section\" data-e-type=\"section\" data-settings=\"{&quot;background_background&quot;:&quot;classic&quot;}\">\n\t\t\t\t\t\t<div class=\"elementor-container elementor-column-gap-default\">\n\t\t\t\t\t<div class=\"elementor-column elementor-col-100 elementor-top-column elementor-element elementor-element-7af4973\" data-id=\"7af4973\" data-element_type=\"column\" data-e-type=\"column\">\n\t\t\t<div class=\"elementor-widget-wrap elementor-element-populated\">\n\t\t\t\t\t\t<div class=\"elementor-element elementor-element-25c7121 elementor-widget elementor-widget-shortcode\" data-id=\"25c7121\" data-element_type=\"widget\" data-e-type=\"widget\" data-widget_type=\"shortcode.default\">\n\t\t\t\t<div class=\"elementor-widget-container\">\n\t\t\t\t\t\t\t<div class=\"elementor-shortcode\">        <div class=\"pbl ptl faqcontainer d-flex\">\n            <div class=\"faqcolumn\">\n                                    <div class=\"card-faq\">\n    <div class=\"top-content-faq\">\n        <div class=\"button-faq flex-container\">\n            <h4 class=\"flex-item-fluid prl\">Wie bringe ich meinen Kinderwagen mit?<\/h4>\n            <div class=\"plus-button-faq\"><\/div>\n        <\/div>\n    <\/div>\n    <div class=\"text-faq mtl txt-justify\">\n        \n<p>Nur die Ebene -1 ist \u00fcber Treppen erreichbar, die anderen Etagen und R\u00e4ume des Museums sind \u00fcber Aufz\u00fcge erreichbar.<\/p>\n    <\/div>\n<\/div>\n                                    <div class=\"card-faq\">\n    <div class=\"top-content-faq\">\n        <div class=\"button-faq flex-container\">\n            <h4 class=\"flex-item-fluid prl\">Ab welchem Alter kann mein Kind ins Museum kommen?<\/h4>\n            <div class=\"plus-button-faq\"><\/div>\n        <\/div>\n    <\/div>\n    <div class=\"text-faq mtl txt-justify\">\n        \r\n<p>Der Besuch des Museums ist f\u00fcr jedes Alter geeignet<br\/><\/p>\r\n    <\/div>\n<\/div>\n                                    <div class=\"card-faq\">\n    <div class=\"top-content-faq\">\n        <div class=\"button-faq flex-container\">\n            <h4 class=\"flex-item-fluid prl\">In welchem Parkhaus sollen wir parken und wie hoch sind die Geb\u00fchren?<\/h4>\n            <div class=\"plus-button-faq\"><\/div>\n        <\/div>\n    <\/div>\n    <div class=\"text-faq mtl txt-justify\">\n        \n<p>Der Fischerparkplatz ist der n\u00e4chstgelegene (nehmen Sie die Aufz\u00fcge) und die Preise sind je nach Tag flexibel.<\/p>\n    <\/div>\n<\/div>\n                                    <div class=\"card-faq\">\n    <div class=\"top-content-faq\">\n        <div class=\"button-faq flex-container\">\n            <h4 class=\"flex-item-fluid prl\">Ist das Museum f\u00fcr Menschen mit eingeschr\u00e4nkter Mobilit\u00e4t zug\u00e4nglich?<\/h4>\n            <div class=\"plus-button-faq\"><\/div>\n        <\/div>\n    <\/div>\n    <div class=\"text-faq mtl txt-justify\">\n        \n<p>Mit Ausnahme der Ebene -1 (die derzeit nicht mit Rollst\u00fchlen befahren werden kann), ist das Museum f\u00fcr Menschen mit eingeschr\u00e4nkter Mobilit\u00e4t zug\u00e4nglich. Ihre Begleitpersonen haben freien Eintritt und m\u00fcssen sich an der Kasse oder am Eingang melden, um abgeholt zu werden.<\/p>\n    <\/div>\n<\/div>\n                                    <div class=\"card-faq\">\n    <div class=\"top-content-faq\">\n        <div class=\"button-faq flex-container\">\n            <h4 class=\"flex-item-fluid prl\">Sind Hunde erlaubt?<\/h4>\n            <div class=\"plus-button-faq\"><\/div>\n        <\/div>\n    <\/div>\n    <div class=\"text-faq mtl txt-justify\">\n        &#13;\n<p>Blindenf\u00fchrhunde und jedes Tier, das medizinische Hilfsmittel , die Personen mit einem Behindertenausweis begleiten . Behindertenausweises oder eines anderen gleichwertigen Nachweises sind in unseren Einrichtungen herzlich willkommen. Hunde, die nicht \u00fcber einen entsprechenden Nachweis verf\u00fcgen, sind nicht erlaubt . ad\u00e4quaten Nachweis haben, sind im Museum nicht erlaubt.  Wir verf\u00fcgen jedoch nicht \u00fcber eine Hundepension, Es gibt jedoch eine , die Ihr Haustier aufnehmen kann, nur wenige Meter vom Museum entfernt. F\u00fcr weitere Informationen k\u00f6nnen Sie ihn gerne unter 00 377 93 30 63 76 kontaktieren.<\/p>&#13;\n    <\/div>\n<\/div>\n                            <\/div>\n            <div class=\"container-btn w100\">\n                <button class=\"fwp-load-more btn btn-mom mrauto mlauto\"><span>Mehr sehen<\/span><\/button>\n                <div class=\"ajax-loader spinner mrauto mlauto\">\n                    <div class=\"double-bounce1\"><\/div>\n                    <div class=\"double-bounce2\"><\/div>\n                <\/div>\n                <script>\n                    (function($) {\n                        $(document).on('click', '.fwp-load-more', function() {\n                            $(this).siblings('.ajax-loader').show();\n                            $(this).hide(); \n                        });\n\n                        $(document).on('facetwp-loaded', function() {\n                            $('.fwp-load-more').siblings('.ajax-loader').hide();        \n                        });  \n                    })(jQuery);\n                <\/script>\n            <\/div>\n        <\/div>\n    <\/div>\n\t\t\t\t\t\t<\/div>\n\t\t\t\t<\/div>\n\t\t\t\t\t<\/div>\n\t\t<\/div>\n\t\t\t\t\t<\/div>\n\t\t<\/section>\n\t\t\t\t<\/div>\n\t\t","protected":false},"excerpt":{"rendered":"<p>H\u00c4UFIG GESTELLTE FRAGEN Suchen nach :<\/p>\n","protected":false},"author":1,"featured_media":0,"parent":0,"menu_order":448,"comment_status":"closed","ping_status":"closed","template":"","meta":{"_acf_changed":false,"footnotes":""},"class_list":["post-23062","page","type-page","status-publish","hentry"],"acf":[],"yoast_head":"<!-- This site is optimized with the Yoast SEO plugin v27.2 - https:\/\/yoast.com\/product\/yoast-seo-wordpress\/ -->\n<title>FAQ - Mus\u00e9e Oc\u00e9anographique de Monaco<\/title>\n<meta name=\"description\" content=\"Stellen Sie uns Fragen oder konsultieren Sie unsere FAQ, Sie werden sicher die Antwort auf Ihre Fragen finden.\" \/>\n<meta name=\"robots\" content=\"index, follow, max-snippet:-1, max-image-preview:large, max-video-preview:-1\" \/>\n<link rel=\"canonical\" href=\"https:\/\/musee.oceano.org\/de\/faq\/\" \/>\n<meta property=\"og:locale\" content=\"de_DE\" \/>\n<meta property=\"og:type\" content=\"article\" \/>\n<meta property=\"og:title\" content=\"FAQ - Mus\u00e9e Oc\u00e9anographique de Monaco\" \/>\n<meta property=\"og:description\" content=\"Stellen Sie uns Fragen oder konsultieren Sie unsere FAQ, Sie werden sicher die Antwort auf Ihre Fragen finden.\" \/>\n<meta property=\"og:url\" content=\"https:\/\/musee.oceano.org\/de\/faq\/\" \/>\n<meta property=\"og:site_name\" content=\"Mus\u00e9e Oc\u00e9anographique de Monaco\" \/>\n<meta property=\"article:modified_time\" content=\"2021-06-24T13:39:28+00:00\" \/>\n<meta name=\"twitter:card\" content=\"summary_large_image\" \/>\n<script type=\"application\/ld+json\" class=\"yoast-schema-graph\">{\"@context\":\"https:\/\/schema.org\",\"@graph\":[{\"@type\":\"WebPage\",\"@id\":\"https:\/\/musee.oceano.org\/de\/faq\/\",\"url\":\"https:\/\/musee.oceano.org\/de\/faq\/\",\"name\":\"FAQ - Mus\u00e9e Oc\u00e9anographique de Monaco\",\"isPartOf\":{\"@id\":\"https:\/\/musee.oceano.org\/#website\"},\"datePublished\":\"2021-06-24T13:27:49+00:00\",\"dateModified\":\"2021-06-24T13:39:28+00:00\",\"description\":\"Stellen Sie uns Fragen oder konsultieren Sie unsere FAQ, Sie werden sicher die Antwort auf Ihre Fragen finden.\",\"breadcrumb\":{\"@id\":\"https:\/\/musee.oceano.org\/de\/faq\/#breadcrumb\"},\"inLanguage\":\"de\",\"potentialAction\":[{\"@type\":\"ReadAction\",\"target\":[\"https:\/\/musee.oceano.org\/de\/faq\/\"]}]},{\"@type\":\"BreadcrumbList\",\"@id\":\"https:\/\/musee.oceano.org\/de\/faq\/#breadcrumb\",\"itemListElement\":[{\"@type\":\"ListItem\",\"position\":1,\"name\":\"Home\",\"item\":\"https:\/\/musee.oceano.org\/de\/\"},{\"@type\":\"ListItem\",\"position\":2,\"name\":\"FAQ\"}]},{\"@type\":\"WebSite\",\"@id\":\"https:\/\/musee.oceano.org\/#website\",\"url\":\"https:\/\/musee.oceano.org\/\",\"name\":\"Mus\u00e9e Oc\u00e9anographique de Monaco\",\"description\":\"Faire conna\u00eetre, aimer et prot\u00e9ger les oc\u00e9ans\",\"potentialAction\":[{\"@type\":\"SearchAction\",\"target\":{\"@type\":\"EntryPoint\",\"urlTemplate\":\"https:\/\/musee.oceano.org\/?s={search_term_string}\"},\"query-input\":{\"@type\":\"PropertyValueSpecification\",\"valueRequired\":true,\"valueName\":\"search_term_string\"}}],\"inLanguage\":\"de\"}]}<\/script>\n<!-- \/ Yoast SEO plugin. -->","yoast_head_json":{"title":"FAQ - Mus\u00e9e Oc\u00e9anographique de Monaco","description":"Stellen Sie uns Fragen oder konsultieren Sie unsere FAQ, Sie werden sicher die Antwort auf Ihre Fragen finden.","robots":{"index":"index","follow":"follow","max-snippet":"max-snippet:-1","max-image-preview":"max-image-preview:large","max-video-preview":"max-video-preview:-1"},"canonical":"https:\/\/musee.oceano.org\/de\/faq\/","og_locale":"de_DE","og_type":"article","og_title":"FAQ - Mus\u00e9e Oc\u00e9anographique de Monaco","og_description":"Stellen Sie uns Fragen oder konsultieren Sie unsere FAQ, Sie werden sicher die Antwort auf Ihre Fragen finden.","og_url":"https:\/\/musee.oceano.org\/de\/faq\/","og_site_name":"Mus\u00e9e Oc\u00e9anographique de Monaco","article_modified_time":"2021-06-24T13:39:28+00:00","twitter_card":"summary_large_image","schema":{"@context":"https:\/\/schema.org","@graph":[{"@type":"WebPage","@id":"https:\/\/musee.oceano.org\/de\/faq\/","url":"https:\/\/musee.oceano.org\/de\/faq\/","name":"FAQ - Mus\u00e9e Oc\u00e9anographique de Monaco","isPartOf":{"@id":"https:\/\/musee.oceano.org\/#website"},"datePublished":"2021-06-24T13:27:49+00:00","dateModified":"2021-06-24T13:39:28+00:00","description":"Stellen Sie uns Fragen oder konsultieren Sie unsere FAQ, Sie werden sicher die Antwort auf Ihre Fragen finden.","breadcrumb":{"@id":"https:\/\/musee.oceano.org\/de\/faq\/#breadcrumb"},"inLanguage":"de","potentialAction":[{"@type":"ReadAction","target":["https:\/\/musee.oceano.org\/de\/faq\/"]}]},{"@type":"BreadcrumbList","@id":"https:\/\/musee.oceano.org\/de\/faq\/#breadcrumb","itemListElement":[{"@type":"ListItem","position":1,"name":"Home","item":"https:\/\/musee.oceano.org\/de\/"},{"@type":"ListItem","position":2,"name":"FAQ"}]},{"@type":"WebSite","@id":"https:\/\/musee.oceano.org\/#website","url":"https:\/\/musee.oceano.org\/","name":"Mus\u00e9e Oc\u00e9anographique de Monaco","description":"Faire conna\u00eetre, aimer et prot\u00e9ger les oc\u00e9ans","potentialAction":[{"@type":"SearchAction","target":{"@type":"EntryPoint","urlTemplate":"https:\/\/musee.oceano.org\/?s={search_term_string}"},"query-input":{"@type":"PropertyValueSpecification","valueRequired":true,"valueName":"search_term_string"}}],"inLanguage":"de"}]}},"_links":{"self":[{"href":"https:\/\/musee.oceano.org\/de\/wp-json\/wp\/v2\/pages\/23062","targetHints":{"allow":["GET"]}}],"collection":[{"href":"https:\/\/musee.oceano.org\/de\/wp-json\/wp\/v2\/pages"}],"about":[{"href":"https:\/\/musee.oceano.org\/de\/wp-json\/wp\/v2\/types\/page"}],"author":[{"embeddable":true,"href":"https:\/\/musee.oceano.org\/de\/wp-json\/wp\/v2\/users\/1"}],"replies":[{"embeddable":true,"href":"https:\/\/musee.oceano.org\/de\/wp-json\/wp\/v2\/comments?post=23062"}],"version-history":[{"count":6,"href":"https:\/\/musee.oceano.org\/de\/wp-json\/wp\/v2\/pages\/23062\/revisions"}],"predecessor-version":[{"id":23202,"href":"https:\/\/musee.oceano.org\/de\/wp-json\/wp\/v2\/pages\/23062\/revisions\/23202"}],"wp:attachment":[{"href":"https:\/\/musee.oceano.org\/de\/wp-json\/wp\/v2\/media?parent=23062"}],"curies":[{"name":"wp","href":"https:\/\/api.w.org\/{rel}","templated":true}]}}