{"id":30208,"date":"2021-07-07T11:32:23","date_gmt":"2021-07-07T09:32:23","guid":{"rendered":"https:\/\/musee.oceano.org\/rechtliche-informationen\/"},"modified":"2021-07-07T11:32:35","modified_gmt":"2021-07-07T09:32:35","slug":"rechtliche-informationen","status":"publish","type":"page","link":"https:\/\/musee.oceano.org\/de\/rechtliche-informationen\/","title":{"rendered":"Rechtliche Informationen"},"content":{"rendered":"\t\t<div data-elementor-type=\"wp-post\" data-elementor-id=\"30208\" class=\"elementor elementor-30208 elementor-4853\" data-elementor-post-type=\"page\">\n\t\t\t\t\t\t<section class=\"elementor-section elementor-top-section elementor-element elementor-element-117832aa elementor-section-full_width elementor-section-height-default elementor-section-height-default\" data-id=\"117832aa\" data-element_type=\"section\" data-e-type=\"section\">\n\t\t\t\t\t\t<div class=\"elementor-container elementor-column-gap-no\">\n\t\t\t\t\t<div class=\"elementor-column elementor-col-100 elementor-top-column elementor-element elementor-element-e90c5e9\" data-id=\"e90c5e9\" data-element_type=\"column\" data-e-type=\"column\">\n\t\t\t<div class=\"elementor-widget-wrap elementor-element-populated\">\n\t\t\t\t\t\t<div class=\"elementor-element elementor-element-1a5eacf9 elementor--h-position-center elementor--v-position-middle elementor-widget elementor-widget-slides\" data-id=\"1a5eacf9\" data-element_type=\"widget\" data-e-type=\"widget\" data-settings=\"{&quot;navigation&quot;:&quot;none&quot;,&quot;transition&quot;:&quot;slide&quot;,&quot;transition_speed&quot;:500}\" data-widget_type=\"slides.default\">\n\t\t\t\t<div class=\"elementor-widget-container\">\n\t\t\t\t\t\t\t\t\t<div class=\"elementor-swiper\">\n\t\t\t\t\t<div class=\"elementor-slides-wrapper elementor-main-swiper swiper\" role=\"region\" aria-roledescription=\"carousel\" aria-label=\"Slider\" dir=\"ltr\" data-animation=\"fadeInUp\">\n\t\t\t\t<div class=\"swiper-wrapper elementor-slides\">\n\t\t\t\t\t\t\t\t\t\t<div class=\"elementor-repeater-item-891be05 swiper-slide\" role=\"group\" aria-roledescription=\"slide\"><div class=\"swiper-slide-bg\" role=\"img\" aria-label=\"u2151\"><\/div><div class=\"swiper-slide-inner\" ><div class=\"swiper-slide-contents\"><h1 class=\"elementor-slide-heading\">Rechtliche Informationen<\/h1><\/div><\/div><\/div>\t\t\t\t<\/div>\n\t\t\t\t\t\t\t<\/div>\n\t\t\t\t<\/div>\n\t\t\t\t\t\t\t\t<\/div>\n\t\t\t\t<\/div>\n\t\t\t\t\t<\/div>\n\t\t<\/div>\n\t\t\t\t\t<\/div>\n\t\t<\/section>\n\t\t\t\t<section class=\"elementor-section elementor-top-section elementor-element elementor-element-47bbdfe3 elementor-section-full_width elementor-section-height-default elementor-section-height-default\" data-id=\"47bbdfe3\" data-element_type=\"section\" data-e-type=\"section\">\n\t\t\t\t\t\t<div class=\"elementor-container elementor-column-gap-default\">\n\t\t\t\t\t<div class=\"elementor-column elementor-col-100 elementor-top-column elementor-element elementor-element-ebf7cf0\" data-id=\"ebf7cf0\" data-element_type=\"column\" data-e-type=\"column\">\n\t\t\t<div class=\"elementor-widget-wrap elementor-element-populated\">\n\t\t\t\t\t\t<div class=\"elementor-element elementor-element-1839d7dd elementor-widget elementor-widget-ee-breadcrumbs\" data-id=\"1839d7dd\" data-element_type=\"widget\" data-e-type=\"widget\" data-widget_type=\"ee-breadcrumbs.default\">\n\t\t\t\t<div class=\"elementor-widget-container\">\n\t\t\t\t\t<ul class=\"ee-breadcrumbs\" itemscope=\"\" itemtype=\"http:\/\/schema.org\/BreadcrumbList\"><\/ul>\t\t\t\t<\/div>\n\t\t\t\t<\/div>\n\t\t\t\t\t<\/div>\n\t\t<\/div>\n\t\t\t\t\t<\/div>\n\t\t<\/section>\n\t\t\t\t<section class=\"elementor-section elementor-top-section elementor-element elementor-element-1cd1134a elementor-section-full_width elementor-section-height-default elementor-section-height-default\" data-id=\"1cd1134a\" data-element_type=\"section\" data-e-type=\"section\">\n\t\t\t\t\t\t<div class=\"elementor-container elementor-column-gap-default\">\n\t\t\t\t\t<div class=\"elementor-column elementor-col-100 elementor-top-column elementor-element elementor-element-275ee04f\" data-id=\"275ee04f\" data-element_type=\"column\" data-e-type=\"column\">\n\t\t\t<div class=\"elementor-widget-wrap elementor-element-populated\">\n\t\t\t\t\t\t<div class=\"elementor-element elementor-element-42d4e778 elementor-widget elementor-widget-heading\" data-id=\"42d4e778\" data-element_type=\"widget\" data-e-type=\"widget\" data-widget_type=\"heading.default\">\n\t\t\t\t<div class=\"elementor-widget-container\">\n\t\t\t\t\t<h2 class=\"elementor-heading-title elementor-size-default\">Einf\u00fchrung  <\/h2>\t\t\t\t<\/div>\n\t\t\t\t<\/div>\n\t\t\t\t\t<\/div>\n\t\t<\/div>\n\t\t\t\t\t<\/div>\n\t\t<\/section>\n\t\t\t\t<section class=\"elementor-section elementor-top-section elementor-element elementor-element-15fd502d elementor-section-boxed elementor-section-height-default elementor-section-height-default\" data-id=\"15fd502d\" data-element_type=\"section\" data-e-type=\"section\">\n\t\t\t\t\t\t<div class=\"elementor-container elementor-column-gap-default\">\n\t\t\t\t\t<div class=\"elementor-column elementor-col-100 elementor-top-column elementor-element elementor-element-4895c3f3\" data-id=\"4895c3f3\" data-element_type=\"column\" data-e-type=\"column\">\n\t\t\t<div class=\"elementor-widget-wrap elementor-element-populated\">\n\t\t\t\t\t\t<div class=\"elementor-element elementor-element-37663506 elementor-widget elementor-widget-text-editor\" data-id=\"37663506\" data-element_type=\"widget\" data-e-type=\"widget\" data-widget_type=\"text-editor.default\">\n\t\t\t\t<div class=\"elementor-widget-container\">\n\t\t\t\t\t\t\t\t\t<p>Diese Website ist Eigentum des &#8222;Institut Oc\u00e9anographique &#8211; Fondation Albert Ier, Prince of Monaco&#8220;.  <\/p>\n<p>Die Nutzer der Website &#8222;Institut Oc\u00e9anographique &#8211; Fondation Albert I, Prince of Monaco&#8220; best\u00e4tigen, dass sie \u00fcber die notwendigen F\u00e4higkeiten und Mittel verf\u00fcgen, um auf diese Website zuzugreifen und sie zu nutzen. Der Benutzer best\u00e4tigt au\u00dferdem, dass er gepr\u00fcft hat, dass die verwendete Computerkonfiguration keinen Virus enth\u00e4lt und dass sie in einwandfreiem Zustand ist.  <\/p>\n<p>Schlie\u00dflich best\u00e4tigt der Benutzer auch, den rechtlichen Hinweis, den Abschnitt \u00fcber die Vertraulichkeit, die Nutzungsbedingungen und die Credits gelesen zu haben und verpflichtet sich, diese bedingungslos einzuhalten.  <br \/>Das &#8222;Institut Oc\u00e9anographique &#8211; Fondation Albert I, Prince of Monaco&#8220; beh\u00e4lt sich das Recht vor, die vorliegenden Nutzungsbedingungen jederzeit und ohne Vorank\u00fcndigung zu \u00e4ndern.<\/p>\n<\/p>\n<h4><strong>Kontaktdaten und Identifikation des Herausgebers<\/strong><\/h4>\n<p>Ozeanographisches Institut, Stiftung Albert I. F\u00fcrst von Monaco  <br \/>Stiftung als gemeinn\u00fctzig anerkannt<br \/>N\u00b0 siret :784 260 119 00010<br \/>naf code: 804D<br \/>Innergemeinschaftlich : FR 70 784 260 119<\/p>\n<\/p>\n<p>Das Urheberrechtsregime, das auf die auf der Website www.oceano.org und www.oceano.mc ver\u00f6ffentlichten Texte angewendet wird, ist das der Creative Commons Attribution-NonCommercial-NoModification-Lizenz.<\/p>\n<p>Sofern nicht anders angegeben und f\u00fcr streng nicht-kommerzielle Zwecke, d\u00fcrfen die Texte auf dieser Seite frei reproduziert werden, vorausgesetzt, die Autoren werden genannt und der Inhalt wird nicht ver\u00e4ndert. In allen anderen F\u00e4llen ist es ratsam, sich mit den Autoren in Verbindung zu setzen, die alle ihre Rechte behalten, insbesondere das Recht, ihr Werk in einem anderen Kontext zu ver\u00f6ffentlichen, ob kommerziell oder nicht.<\/p>\n<p>Copyright: \u00a9 Ozeanographisches Institut, \u00a9 Ozeanographisches Museum von Monaco. Dokumente und Illustrationen, die von den Mitarbeitern des Ozeanographischen Instituts von Paris und des Ozeanographischen Museums von Monaco erstellt wurden.<\/p>\n<p>Alle Rechte vorbehalten, in Monaco und weltweit.<\/p>\n\t\t\t\t\t\t\t\t<\/div>\n\t\t\t\t<\/div>\n\t\t\t\t\t<\/div>\n\t\t<\/div>\n\t\t\t\t\t<\/div>\n\t\t<\/section>\n\t\t\t\t<section class=\"elementor-section elementor-top-section elementor-element elementor-element-24fc1417 elementor-section-boxed elementor-section-height-default elementor-section-height-default\" data-id=\"24fc1417\" data-element_type=\"section\" data-e-type=\"section\">\n\t\t\t\t\t\t<div class=\"elementor-container elementor-column-gap-default\">\n\t\t\t\t\t<div class=\"elementor-column elementor-col-100 elementor-top-column elementor-element elementor-element-562977c1\" data-id=\"562977c1\" data-element_type=\"column\" data-e-type=\"column\">\n\t\t\t<div class=\"elementor-widget-wrap elementor-element-populated\">\n\t\t\t\t\t\t<div class=\"elementor-element elementor-element-a171d91 elementor-widget elementor-widget-text-editor\" data-id=\"a171d91\" data-element_type=\"widget\" data-e-type=\"widget\" data-widget_type=\"text-editor.default\">\n\t\t\t\t<div class=\"elementor-widget-container\">\n\t\t\t\t\t\t\t\t\t<p><strong>Direktor der Ver\u00f6ffentlichung der Seite<\/strong>:  <br \/>Herr Robert Calcagno, Generaldirektor des Ozeanographischen Instituts &#8211; Fondation Albert I, F\u00fcrst von Monaco<\/p>\n<p><strong>Seite bearbeitet von :<\/strong><strong><br \/> <\/strong>Pix &amp; Associates<a href=\"http:\/\/www.pix-associates.com\">(www.pix-associates.com)<\/a><\/p>\n<p><strong>Hosting-Provider :<\/strong> <br \/>PG3, 3, place Mass\u00e9na<br \/>06000 NIZZA &#8211; FRANKREICH<\/p>\n\t\t\t\t\t\t\t\t<\/div>\n\t\t\t\t<\/div>\n\t\t\t\t\t<\/div>\n\t\t<\/div>\n\t\t\t\t\t<\/div>\n\t\t<\/section>\n\t\t\t\t<\/div>\n\t\t","protected":false},"excerpt":{"rendered":"<p>Rechtliche Informationen Einf\u00fchrung Diese Website ist Eigentum des &#8222;Institut Oc\u00e9anographique &#8211; Fondation Albert Ier, Prince of Monaco&#8220;. Die Nutzer der Website &#8222;Institut Oc\u00e9anographique &#8211; Fondation Albert I, Prince of Monaco&#8220; best\u00e4tigen, dass sie \u00fcber die notwendigen F\u00e4higkeiten und Mittel verf\u00fcgen, um auf diese Website zuzugreifen und sie zu nutzen. Der Benutzer best\u00e4tigt au\u00dferdem, dass er [&hellip;]<\/p>\n","protected":false},"author":1,"featured_media":0,"parent":0,"menu_order":34,"comment_status":"closed","ping_status":"closed","template":"","meta":{"_acf_changed":false,"footnotes":""},"class_list":["post-30208","page","type-page","status-publish","hentry"],"acf":[],"yoast_head":"<!-- This site is optimized with the Yoast SEO plugin v27.2 - https:\/\/yoast.com\/product\/yoast-seo-wordpress\/ -->\n<title>Rechtliche Informationen - Mus\u00e9e Oc\u00e9anographique de Monaco<\/title>\n<meta name=\"description\" content=\"Siehe den rechtlichen Hinweis auf unserer Website.\" \/>\n<meta name=\"robots\" content=\"index, follow, max-snippet:-1, max-image-preview:large, max-video-preview:-1\" \/>\n<link rel=\"canonical\" href=\"https:\/\/musee.oceano.org\/de\/rechtliche-informationen\/\" \/>\n<meta property=\"og:locale\" content=\"de_DE\" \/>\n<meta property=\"og:type\" content=\"article\" \/>\n<meta property=\"og:title\" content=\"Rechtliche Informationen - Mus\u00e9e Oc\u00e9anographique de Monaco\" \/>\n<meta property=\"og:description\" content=\"Siehe den rechtlichen Hinweis auf unserer Website.\" \/>\n<meta property=\"og:url\" content=\"https:\/\/musee.oceano.org\/de\/rechtliche-informationen\/\" \/>\n<meta property=\"og:site_name\" content=\"Mus\u00e9e Oc\u00e9anographique de Monaco\" \/>\n<meta property=\"article:modified_time\" content=\"2021-07-07T09:32:35+00:00\" \/>\n<meta name=\"twitter:card\" content=\"summary_large_image\" \/>\n<meta name=\"twitter:label1\" content=\"Gesch\u00e4tzte Lesezeit\" \/>\n\t<meta name=\"twitter:data1\" content=\"2\u00a0Minuten\" \/>\n<script type=\"application\/ld+json\" class=\"yoast-schema-graph\">{\"@context\":\"https:\/\/schema.org\",\"@graph\":[{\"@type\":\"WebPage\",\"@id\":\"https:\/\/musee.oceano.org\/de\/rechtliche-informationen\/\",\"url\":\"https:\/\/musee.oceano.org\/de\/rechtliche-informationen\/\",\"name\":\"Rechtliche Informationen - Mus\u00e9e Oc\u00e9anographique de Monaco\",\"isPartOf\":{\"@id\":\"https:\/\/musee.oceano.org\/#website\"},\"datePublished\":\"2021-07-07T09:32:23+00:00\",\"dateModified\":\"2021-07-07T09:32:35+00:00\",\"description\":\"Siehe den rechtlichen Hinweis auf unserer Website.\",\"breadcrumb\":{\"@id\":\"https:\/\/musee.oceano.org\/de\/rechtliche-informationen\/#breadcrumb\"},\"inLanguage\":\"de\",\"potentialAction\":[{\"@type\":\"ReadAction\",\"target\":[\"https:\/\/musee.oceano.org\/de\/rechtliche-informationen\/\"]}]},{\"@type\":\"BreadcrumbList\",\"@id\":\"https:\/\/musee.oceano.org\/de\/rechtliche-informationen\/#breadcrumb\",\"itemListElement\":[{\"@type\":\"ListItem\",\"position\":1,\"name\":\"Home\",\"item\":\"https:\/\/musee.oceano.org\/de\/\"},{\"@type\":\"ListItem\",\"position\":2,\"name\":\"Rechtliche Informationen\"}]},{\"@type\":\"WebSite\",\"@id\":\"https:\/\/musee.oceano.org\/#website\",\"url\":\"https:\/\/musee.oceano.org\/\",\"name\":\"Mus\u00e9e Oc\u00e9anographique de Monaco\",\"description\":\"Faire conna\u00eetre, aimer et prot\u00e9ger les oc\u00e9ans\",\"potentialAction\":[{\"@type\":\"SearchAction\",\"target\":{\"@type\":\"EntryPoint\",\"urlTemplate\":\"https:\/\/musee.oceano.org\/?s={search_term_string}\"},\"query-input\":{\"@type\":\"PropertyValueSpecification\",\"valueRequired\":true,\"valueName\":\"search_term_string\"}}],\"inLanguage\":\"de\"}]}<\/script>\n<!-- \/ Yoast SEO plugin. -->","yoast_head_json":{"title":"Rechtliche Informationen - Mus\u00e9e Oc\u00e9anographique de Monaco","description":"Siehe den rechtlichen Hinweis auf unserer Website.","robots":{"index":"index","follow":"follow","max-snippet":"max-snippet:-1","max-image-preview":"max-image-preview:large","max-video-preview":"max-video-preview:-1"},"canonical":"https:\/\/musee.oceano.org\/de\/rechtliche-informationen\/","og_locale":"de_DE","og_type":"article","og_title":"Rechtliche Informationen - Mus\u00e9e Oc\u00e9anographique de Monaco","og_description":"Siehe den rechtlichen Hinweis auf unserer Website.","og_url":"https:\/\/musee.oceano.org\/de\/rechtliche-informationen\/","og_site_name":"Mus\u00e9e Oc\u00e9anographique de Monaco","article_modified_time":"2021-07-07T09:32:35+00:00","twitter_card":"summary_large_image","twitter_misc":{"Gesch\u00e4tzte Lesezeit":"2\u00a0Minuten"},"schema":{"@context":"https:\/\/schema.org","@graph":[{"@type":"WebPage","@id":"https:\/\/musee.oceano.org\/de\/rechtliche-informationen\/","url":"https:\/\/musee.oceano.org\/de\/rechtliche-informationen\/","name":"Rechtliche Informationen - Mus\u00e9e Oc\u00e9anographique de Monaco","isPartOf":{"@id":"https:\/\/musee.oceano.org\/#website"},"datePublished":"2021-07-07T09:32:23+00:00","dateModified":"2021-07-07T09:32:35+00:00","description":"Siehe den rechtlichen Hinweis auf unserer Website.","breadcrumb":{"@id":"https:\/\/musee.oceano.org\/de\/rechtliche-informationen\/#breadcrumb"},"inLanguage":"de","potentialAction":[{"@type":"ReadAction","target":["https:\/\/musee.oceano.org\/de\/rechtliche-informationen\/"]}]},{"@type":"BreadcrumbList","@id":"https:\/\/musee.oceano.org\/de\/rechtliche-informationen\/#breadcrumb","itemListElement":[{"@type":"ListItem","position":1,"name":"Home","item":"https:\/\/musee.oceano.org\/de\/"},{"@type":"ListItem","position":2,"name":"Rechtliche Informationen"}]},{"@type":"WebSite","@id":"https:\/\/musee.oceano.org\/#website","url":"https:\/\/musee.oceano.org\/","name":"Mus\u00e9e Oc\u00e9anographique de Monaco","description":"Faire conna\u00eetre, aimer et prot\u00e9ger les oc\u00e9ans","potentialAction":[{"@type":"SearchAction","target":{"@type":"EntryPoint","urlTemplate":"https:\/\/musee.oceano.org\/?s={search_term_string}"},"query-input":{"@type":"PropertyValueSpecification","valueRequired":true,"valueName":"search_term_string"}}],"inLanguage":"de"}]}},"_links":{"self":[{"href":"https:\/\/musee.oceano.org\/de\/wp-json\/wp\/v2\/pages\/30208","targetHints":{"allow":["GET"]}}],"collection":[{"href":"https:\/\/musee.oceano.org\/de\/wp-json\/wp\/v2\/pages"}],"about":[{"href":"https:\/\/musee.oceano.org\/de\/wp-json\/wp\/v2\/types\/page"}],"author":[{"embeddable":true,"href":"https:\/\/musee.oceano.org\/de\/wp-json\/wp\/v2\/users\/1"}],"replies":[{"embeddable":true,"href":"https:\/\/musee.oceano.org\/de\/wp-json\/wp\/v2\/comments?post=30208"}],"version-history":[{"count":3,"href":"https:\/\/musee.oceano.org\/de\/wp-json\/wp\/v2\/pages\/30208\/revisions"}],"predecessor-version":[{"id":30215,"href":"https:\/\/musee.oceano.org\/de\/wp-json\/wp\/v2\/pages\/30208\/revisions\/30215"}],"wp:attachment":[{"href":"https:\/\/musee.oceano.org\/de\/wp-json\/wp\/v2\/media?parent=30208"}],"curies":[{"name":"wp","href":"https:\/\/api.w.org\/{rel}","templated":true}]}}