{"id":30249,"date":"2021-07-07T11:41:03","date_gmt":"2021-07-07T09:41:03","guid":{"rendered":"https:\/\/musee.oceano.org\/credits-2\/"},"modified":"2021-07-12T16:52:50","modified_gmt":"2021-07-12T14:52:50","slug":"credits","status":"publish","type":"page","link":"https:\/\/musee.oceano.org\/de\/credits\/","title":{"rendered":"Credits"},"content":{"rendered":"\t\t<div data-elementor-type=\"wp-post\" data-elementor-id=\"30249\" class=\"elementor elementor-30249 elementor-4849\" data-elementor-post-type=\"page\">\n\t\t\t\t\t\t<section class=\"elementor-section elementor-top-section elementor-element elementor-element-117832aa elementor-section-full_width elementor-section-height-default elementor-section-height-default\" data-id=\"117832aa\" data-element_type=\"section\" data-e-type=\"section\">\n\t\t\t\t\t\t<div class=\"elementor-container elementor-column-gap-no\">\n\t\t\t\t\t<div class=\"elementor-column elementor-col-100 elementor-top-column elementor-element elementor-element-e90c5e9\" data-id=\"e90c5e9\" data-element_type=\"column\" data-e-type=\"column\">\n\t\t\t<div class=\"elementor-widget-wrap elementor-element-populated\">\n\t\t\t\t\t\t<div class=\"elementor-element elementor-element-1a5eacf9 elementor--h-position-center elementor--v-position-middle elementor-widget elementor-widget-slides\" data-id=\"1a5eacf9\" data-element_type=\"widget\" data-e-type=\"widget\" data-settings=\"{&quot;navigation&quot;:&quot;none&quot;,&quot;transition&quot;:&quot;slide&quot;,&quot;transition_speed&quot;:500}\" data-widget_type=\"slides.default\">\n\t\t\t\t<div class=\"elementor-widget-container\">\n\t\t\t\t\t\t\t\t\t<div class=\"elementor-swiper\">\n\t\t\t\t\t<div class=\"elementor-slides-wrapper elementor-main-swiper swiper\" role=\"region\" aria-roledescription=\"carousel\" aria-label=\"Slider\" dir=\"ltr\" data-animation=\"fadeInUp\">\n\t\t\t\t<div class=\"swiper-wrapper elementor-slides\">\n\t\t\t\t\t\t\t\t\t\t<div class=\"elementor-repeater-item-891be05 swiper-slide\" role=\"group\" aria-roledescription=\"slide\"><div class=\"swiper-slide-bg\" role=\"img\" aria-label=\"u2151\"><\/div><div class=\"swiper-slide-inner\" ><div class=\"swiper-slide-contents\"><h1 class=\"elementor-slide-heading\">Credits<\/h1><\/div><\/div><\/div>\t\t\t\t<\/div>\n\t\t\t\t\t\t\t<\/div>\n\t\t\t\t<\/div>\n\t\t\t\t\t\t\t\t<\/div>\n\t\t\t\t<\/div>\n\t\t\t\t\t<\/div>\n\t\t<\/div>\n\t\t\t\t\t<\/div>\n\t\t<\/section>\n\t\t\t\t<section class=\"elementor-section elementor-top-section elementor-element elementor-element-47bbdfe3 elementor-section-full_width elementor-section-height-default elementor-section-height-default\" data-id=\"47bbdfe3\" data-element_type=\"section\" data-e-type=\"section\">\n\t\t\t\t\t\t<div class=\"elementor-container elementor-column-gap-default\">\n\t\t\t\t\t<div class=\"elementor-column elementor-col-100 elementor-top-column elementor-element elementor-element-ebf7cf0\" data-id=\"ebf7cf0\" data-element_type=\"column\" data-e-type=\"column\">\n\t\t\t<div class=\"elementor-widget-wrap elementor-element-populated\">\n\t\t\t\t\t\t<div class=\"elementor-element elementor-element-1839d7dd elementor-widget elementor-widget-ee-breadcrumbs\" data-id=\"1839d7dd\" data-element_type=\"widget\" data-e-type=\"widget\" data-widget_type=\"ee-breadcrumbs.default\">\n\t\t\t\t<div class=\"elementor-widget-container\">\n\t\t\t\t\t<ul class=\"ee-breadcrumbs\" itemscope=\"\" itemtype=\"http:\/\/schema.org\/BreadcrumbList\"><\/ul>\t\t\t\t<\/div>\n\t\t\t\t<\/div>\n\t\t\t\t\t<\/div>\n\t\t<\/div>\n\t\t\t\t\t<\/div>\n\t\t<\/section>\n\t\t\t\t<section class=\"elementor-section elementor-top-section elementor-element elementor-element-1cd1134a elementor-section-full_width elementor-section-height-default elementor-section-height-default\" data-id=\"1cd1134a\" data-element_type=\"section\" data-e-type=\"section\">\n\t\t\t\t\t\t<div class=\"elementor-container elementor-column-gap-default\">\n\t\t\t\t\t<div class=\"elementor-column elementor-col-100 elementor-top-column elementor-element elementor-element-275ee04f\" data-id=\"275ee04f\" data-element_type=\"column\" data-e-type=\"column\">\n\t\t\t<div class=\"elementor-widget-wrap elementor-element-populated\">\n\t\t\t\t\t\t<div class=\"elementor-element elementor-element-42d4e778 elementor-widget elementor-widget-heading\" data-id=\"42d4e778\" data-element_type=\"widget\" data-e-type=\"widget\" data-widget_type=\"heading.default\">\n\t\t\t\t<div class=\"elementor-widget-container\">\n\t\t\t\t\t<h2 class=\"elementor-heading-title elementor-size-default\">Website-Design<\/h2>\t\t\t\t<\/div>\n\t\t\t\t<\/div>\n\t\t\t\t\t<\/div>\n\t\t<\/div>\n\t\t\t\t\t<\/div>\n\t\t<\/section>\n\t\t\t\t<section class=\"elementor-section elementor-top-section elementor-element elementor-element-15fd502d elementor-section-boxed elementor-section-height-default elementor-section-height-default\" data-id=\"15fd502d\" data-element_type=\"section\" data-e-type=\"section\">\n\t\t\t\t\t\t<div class=\"elementor-container elementor-column-gap-default\">\n\t\t\t\t\t<div class=\"elementor-column elementor-col-100 elementor-top-column elementor-element elementor-element-4895c3f3\" data-id=\"4895c3f3\" data-element_type=\"column\" data-e-type=\"column\">\n\t\t\t<div class=\"elementor-widget-wrap elementor-element-populated\">\n\t\t\t\t\t\t<div class=\"elementor-element elementor-element-37663506 elementor-widget elementor-widget-text-editor\" data-id=\"37663506\" data-element_type=\"widget\" data-e-type=\"widget\" data-widget_type=\"text-editor.default\">\n\t\t\t\t<div class=\"elementor-widget-container\">\n\t\t\t\t\t\t\t\t\t<p class=\"p1\"><a href=\"https:\/\/www.pix-associates.com\/\" target=\"_blank\" rel=\"noopener\">Pix &amp; Associates<\/a><br \/>16 Avenue Fragonard &#8211; 06100 Nizza<br \/>Tel: +33 (0)4 93 87 03 19<\/p>\n\t\t\t\t\t\t\t\t<\/div>\n\t\t\t\t<\/div>\n\t\t\t\t\t<\/div>\n\t\t<\/div>\n\t\t\t\t\t<\/div>\n\t\t<\/section>\n\t\t\t\t<section class=\"elementor-section elementor-top-section elementor-element elementor-element-47fa8a3 elementor-section-full_width elementor-section-height-default elementor-section-height-default\" data-id=\"47fa8a3\" data-element_type=\"section\" data-e-type=\"section\">\n\t\t\t\t\t\t<div class=\"elementor-container elementor-column-gap-default\">\n\t\t\t\t\t<div class=\"elementor-column elementor-col-100 elementor-top-column elementor-element elementor-element-8f4e595\" data-id=\"8f4e595\" data-element_type=\"column\" data-e-type=\"column\">\n\t\t\t<div class=\"elementor-widget-wrap elementor-element-populated\">\n\t\t\t\t\t\t<div class=\"elementor-element elementor-element-28ffa3c elementor-widget elementor-widget-heading\" data-id=\"28ffa3c\" data-element_type=\"widget\" data-e-type=\"widget\" data-widget_type=\"heading.default\">\n\t\t\t\t<div class=\"elementor-widget-container\">\n\t\t\t\t\t<h2 class=\"elementor-heading-title elementor-size-default\">Geistiges Eigentum und Urheberrechte<\/h2>\t\t\t\t<\/div>\n\t\t\t\t<\/div>\n\t\t\t\t\t<\/div>\n\t\t<\/div>\n\t\t\t\t\t<\/div>\n\t\t<\/section>\n\t\t\t\t<section class=\"elementor-section elementor-top-section elementor-element elementor-element-7b08d11 elementor-section-boxed elementor-section-height-default elementor-section-height-default\" data-id=\"7b08d11\" data-element_type=\"section\" data-e-type=\"section\">\n\t\t\t\t\t\t<div class=\"elementor-container elementor-column-gap-default\">\n\t\t\t\t\t<div class=\"elementor-column elementor-col-100 elementor-top-column elementor-element elementor-element-f59013c\" data-id=\"f59013c\" data-element_type=\"column\" data-e-type=\"column\">\n\t\t\t<div class=\"elementor-widget-wrap elementor-element-populated\">\n\t\t\t\t\t\t<div class=\"elementor-element elementor-element-63e24dd elementor-widget elementor-widget-text-editor\" data-id=\"63e24dd\" data-element_type=\"widget\" data-e-type=\"widget\" data-widget_type=\"text-editor.default\">\n\t\t\t\t<div class=\"elementor-widget-container\">\n\t\t\t\t\t\t\t\t\t<p>Die Website &#8222;Institut Oc\u00e9anographique &#8211; Fondation Albert Ier, Prince of Monaco&#8220; ist durch die Bestimmungen des Code de la Propri\u00e9t\u00e9 Intellectuelle (Gesetzbuch des geistigen Eigentums) gesch\u00fctzt, insbesondere durch die Bestimmungen \u00fcber das literarische und k\u00fcnstlerische Eigentum, das Urheberrecht und den Schutz von Datenbanken.<\/p>\n<p>Diese Rechte sind das exklusive Eigentum des &#8222;Institut Oc\u00e9anographique &#8211; Fondation Albert Ier, Prince of Monaco&#8220;.<\/p>\n<p>Die Urheberrechte und andere Eigentumstitel in Bezug auf den Inhalt (einschlie\u00dflich, aber nicht beschr\u00e4nkt auf Software, Audio- und Videoelemente, Texte und Fotos) bleiben das ausschlie\u00dfliche Eigentum von &#8222;The Oceanographic Institute &#8211; Albert I Prince of Monaco Foundation&#8220; oder seiner Lizenznehmer. Alle nicht ausdr\u00fccklich gew\u00e4hrten Rechte an den Inhalten sind vorbehalten. Sofern nicht anders angegeben, d\u00fcrfen die auf dieser Seite ver\u00f6ffentlichten Inhalte in unver\u00e4nderter Form nur f\u00fcr den privaten Gebrauch vervielf\u00e4ltigt oder verbreitet werden. Jede andere Verwendung des Inhalts, einschlie\u00dflich, aber nicht beschr\u00e4nkt auf die Verteilung, Vervielf\u00e4ltigung, \u00c4nderung, \u00dcbersetzung, Ausstrahlung oder \u00dcbertragung ohne die vorherige schriftliche Zustimmung von &#8222;The Oceanographic Institute &#8211; Prince of Monaco Foundation&#8220; ist strengstens verboten.<\/p>\n<p>Alle Marken, Verfahren und Techniken auf der Website &#8222;Institut Oc\u00e9anographique &#8211; Fondation Albert Ier, Prince de Monaco&#8220; sind durch besondere Gesetze gesch\u00fctzt und d\u00fcrfen unter keinen Umst\u00e4nden kopiert oder verwendet werden. Alle Urheberrechts- oder sonstigen Schutzrechtssymbole m\u00fcssen auf allen Reproduktionen beibehalten werden.<\/p>\n<p>Alle auf der Website &#8222;Institut Oc\u00e9anographique &#8211; Fondation Albert Ier, Prince de Monaco&#8220; wiedergegebenen Texte, Kommentare, Werke, Illustrationen und Bilder unterliegen dem Urheberrecht und dem Recht am geistigen Eigentum f\u00fcr die ganze Welt.<\/p>\n<p>Das Gesetzbuch f\u00fcr geistiges Eigentum erlaubt einerseits nur Kopien oder Reproduktionen, die ausschlie\u00dflich f\u00fcr den privaten Gebrauch des Kopierenden bestimmt sind und nicht f\u00fcr den kollektiven Gebrauch, und andererseits Analysen und kurze Zitate zu Beispiel- und Illustrationszwecken.<\/p>\n<p>Folglich ist jede andere Verwendung des Inhalts, einschlie\u00dflich, aber nicht beschr\u00e4nkt auf die Verteilung, Reproduktion, Darstellung, \u00c4nderung, \u00dcbersetzung, Ausstrahlung oder \u00dcbertragung ohne die vorherige schriftliche Zustimmung des &#8222;Institut Oc\u00e9anographique &#8211; Fondation Albert Ier, Prince de Monaco&#8220; unter Androhung rechtlicher Schritte strengstens untersagt.<\/p>\n<p>Der Zuwiderhandelnde macht sich zivil- und strafrechtlich strafbar und unterliegt insbesondere den im Gesetzbuch \u00fcber geistiges Eigentum vorgesehenen Sanktionen.<\/p>\n<p><strong>Fotonachweis der Website &#8222;Das Ozeanographische Institut &#8211; Stiftung Albert I., F\u00fcrst von Monaco&#8220; :<\/strong><\/p>\n<ul>\n<li>M. Dagnino &#8211; Ozeanographisches Museum von Monaco<\/li>\n<li>F. Pacorel &#8211; Ozeanographisches Museum von Monaco<\/li>\n<li>Cyril Henry &#8211; Ozeanographisches Institut Paris<\/li>\n<li>Institut Oc\u00e9anographique Paris<\/li>\n<li>Ozeanographisches Museum von Monaco<\/li>\n<\/ul>\n<p>\n<strong>Videonachweis der Website &#8222;The Oceanographic Institute &#8211; Albert I, Prince of Monaco Foundation&#8220;:<\/strong><\/p>\n<ul>\n<li>F. Pacorel &#8211; Ozeanographisches Museum von Monaco<\/li>\n<\/ul>\n<p>\n<strong>Textnachweis der Website &#8222;The Oceanographic Institute &#8211; Albert I, Prince of Monaco Foundation&#8220; :<\/strong><\/p>\n<ul>\n<li>F. Stagnaro &#8211; Ozeanographisches Institut<\/li>\n<li>M. Barisice &#8211; Ozeanographisches Institut<\/li>\n<li>\u00a9 A. Willm &#8211; Ozeanographisches Institut<\/li>\n<\/ul>\n\t\t\t\t\t\t\t\t<\/div>\n\t\t\t\t<\/div>\n\t\t\t\t\t<\/div>\n\t\t<\/div>\n\t\t\t\t\t<\/div>\n\t\t<\/section>\n\t\t\t\t<section class=\"elementor-section elementor-top-section elementor-element elementor-element-c8344e2 elementor-section-full_width elementor-section-height-default elementor-section-height-default\" data-id=\"c8344e2\" data-element_type=\"section\" data-e-type=\"section\">\n\t\t\t\t\t\t<div class=\"elementor-container elementor-column-gap-default\">\n\t\t\t\t\t<div class=\"elementor-column elementor-col-100 elementor-top-column elementor-element elementor-element-1114341\" data-id=\"1114341\" data-element_type=\"column\" data-e-type=\"column\">\n\t\t\t<div class=\"elementor-widget-wrap elementor-element-populated\">\n\t\t\t\t\t\t<div class=\"elementor-element elementor-element-4e8b412 elementor-widget elementor-widget-heading\" data-id=\"4e8b412\" data-element_type=\"widget\" data-e-type=\"widget\" data-widget_type=\"heading.default\">\n\t\t\t\t<div class=\"elementor-widget-container\">\n\t\t\t\t\t<h2 class=\"elementor-heading-title elementor-size-default\">Software und Downloads<\/h2>\t\t\t\t<\/div>\n\t\t\t\t<\/div>\n\t\t\t\t\t<\/div>\n\t\t<\/div>\n\t\t\t\t\t<\/div>\n\t\t<\/section>\n\t\t\t\t<section class=\"elementor-section elementor-top-section elementor-element elementor-element-3e60c58 elementor-section-boxed elementor-section-height-default elementor-section-height-default\" data-id=\"3e60c58\" data-element_type=\"section\" data-e-type=\"section\">\n\t\t\t\t\t\t<div class=\"elementor-container elementor-column-gap-default\">\n\t\t\t\t\t<div class=\"elementor-column elementor-col-100 elementor-top-column elementor-element elementor-element-13f552a\" data-id=\"13f552a\" data-element_type=\"column\" data-e-type=\"column\">\n\t\t\t<div class=\"elementor-widget-wrap elementor-element-populated\">\n\t\t\t\t\t\t<div class=\"elementor-element elementor-element-cbd94bc elementor-widget elementor-widget-text-editor\" data-id=\"cbd94bc\" data-element_type=\"widget\" data-e-type=\"widget\" data-widget_type=\"text-editor.default\">\n\t\t\t\t<div class=\"elementor-widget-container\">\n\t\t\t\t\t\t\t\t\t<p>Die auf dieser Website zur Verf\u00fcgung gestellte Software wird unter den Bedingungen des jeweiligen Lizenzvertrags lizenziert. Sofern in der geltenden Lizenzvereinbarung nicht anders angegeben, wird die Software nur Endbenutzern zur Verf\u00fcgung gestellt, und jedes andere Kopieren, Reproduzieren oder Weitergeben der Software ist strengstens untersagt. Wo anwendbar, gelten Garantien in Bezug auf die Software nur in \u00dcbereinstimmung mit den Bedingungen des anwendbaren Lizenzvertrags. Das &#8222;Institut Oc\u00e9anographique &#8211; Fondation Albert Ier, Prince de Monaco&#8220; \u00fcbernimmt keinerlei Garantie, weder ausdr\u00fccklich noch stillschweigend, insbesondere nicht daf\u00fcr, dass diese Software von handels\u00fcblicher Qualit\u00e4t ist, f\u00fcr einen bestimmten Zweck geeignet ist oder verwendet werden kann, ohne die Rechte Dritter zu verletzen.<\/p>\n\t\t\t\t\t\t\t\t<\/div>\n\t\t\t\t<\/div>\n\t\t\t\t\t<\/div>\n\t\t<\/div>\n\t\t\t\t\t<\/div>\n\t\t<\/section>\n\t\t\t\t<\/div>\n\t\t","protected":false},"excerpt":{"rendered":"<p>Credits Website-Design Pix &amp; Associates 16 Avenue Fragonard &#8211; 06100 Nizza Tel: +33 (0)4 93 87 03 19 Geistiges Eigentum und Urheberrechte Die Website &#8222;Institut Oc\u00e9anographique &#8211; Fondation Albert Ier, Prince of Monaco&#8220; ist durch die Bestimmungen des Code de la Propri\u00e9t\u00e9 Intellectuelle (Gesetzbuch des geistigen Eigentums) gesch\u00fctzt, insbesondere durch die Bestimmungen \u00fcber das literarische [&hellip;]<\/p>\n","protected":false},"author":1,"featured_media":0,"parent":0,"menu_order":432,"comment_status":"closed","ping_status":"closed","template":"","meta":{"_acf_changed":false,"footnotes":""},"class_list":["post-30249","page","type-page","status-publish","hentry"],"acf":[],"yoast_head":"<!-- This site is optimized with the Yoast SEO plugin v27.2 - https:\/\/yoast.com\/product\/yoast-seo-wordpress\/ -->\n<title>Credits - Mus\u00e9e Oc\u00e9anographique de Monaco<\/title>\n<meta name=\"description\" content=\"Konsultieren Sie die Bestimmungen des Gesetzes \u00fcber geistiges Eigentum, insbesondere die Bestimmungen \u00fcber literarisches und k\u00fcnstlerisches Eigentum, Urheberrecht und den Schutz von Datenbanken.\" \/>\n<meta name=\"robots\" content=\"index, follow, max-snippet:-1, max-image-preview:large, max-video-preview:-1\" \/>\n<link rel=\"canonical\" href=\"https:\/\/musee.oceano.org\/de\/credits\/\" \/>\n<meta property=\"og:locale\" content=\"de_DE\" \/>\n<meta property=\"og:type\" content=\"article\" \/>\n<meta property=\"og:title\" content=\"Credits - Mus\u00e9e Oc\u00e9anographique de Monaco\" \/>\n<meta property=\"og:description\" content=\"Konsultieren Sie die Bestimmungen des Gesetzes \u00fcber geistiges Eigentum, insbesondere die Bestimmungen \u00fcber literarisches und k\u00fcnstlerisches Eigentum, Urheberrecht und den Schutz von Datenbanken.\" \/>\n<meta property=\"og:url\" content=\"https:\/\/musee.oceano.org\/de\/credits\/\" \/>\n<meta property=\"og:site_name\" content=\"Mus\u00e9e Oc\u00e9anographique de Monaco\" \/>\n<meta property=\"article:modified_time\" content=\"2021-07-12T14:52:50+00:00\" \/>\n<meta name=\"twitter:card\" content=\"summary_large_image\" \/>\n<meta name=\"twitter:label1\" content=\"Gesch\u00e4tzte Lesezeit\" \/>\n\t<meta name=\"twitter:data1\" content=\"3\u00a0Minuten\" \/>\n<script type=\"application\/ld+json\" class=\"yoast-schema-graph\">{\"@context\":\"https:\/\/schema.org\",\"@graph\":[{\"@type\":\"WebPage\",\"@id\":\"https:\/\/musee.oceano.org\/de\/credits\/\",\"url\":\"https:\/\/musee.oceano.org\/de\/credits\/\",\"name\":\"Credits - Mus\u00e9e Oc\u00e9anographique de Monaco\",\"isPartOf\":{\"@id\":\"https:\/\/musee.oceano.org\/#website\"},\"datePublished\":\"2021-07-07T09:41:03+00:00\",\"dateModified\":\"2021-07-12T14:52:50+00:00\",\"description\":\"Konsultieren Sie die Bestimmungen des Gesetzes \u00fcber geistiges Eigentum, insbesondere die Bestimmungen \u00fcber literarisches und k\u00fcnstlerisches Eigentum, Urheberrecht und den Schutz von Datenbanken.\",\"breadcrumb\":{\"@id\":\"https:\/\/musee.oceano.org\/de\/credits\/#breadcrumb\"},\"inLanguage\":\"de\",\"potentialAction\":[{\"@type\":\"ReadAction\",\"target\":[\"https:\/\/musee.oceano.org\/de\/credits\/\"]}]},{\"@type\":\"BreadcrumbList\",\"@id\":\"https:\/\/musee.oceano.org\/de\/credits\/#breadcrumb\",\"itemListElement\":[{\"@type\":\"ListItem\",\"position\":1,\"name\":\"Home\",\"item\":\"https:\/\/musee.oceano.org\/de\/\"},{\"@type\":\"ListItem\",\"position\":2,\"name\":\"Credits\"}]},{\"@type\":\"WebSite\",\"@id\":\"https:\/\/musee.oceano.org\/#website\",\"url\":\"https:\/\/musee.oceano.org\/\",\"name\":\"Mus\u00e9e Oc\u00e9anographique de Monaco\",\"description\":\"Faire conna\u00eetre, aimer et prot\u00e9ger les oc\u00e9ans\",\"potentialAction\":[{\"@type\":\"SearchAction\",\"target\":{\"@type\":\"EntryPoint\",\"urlTemplate\":\"https:\/\/musee.oceano.org\/?s={search_term_string}\"},\"query-input\":{\"@type\":\"PropertyValueSpecification\",\"valueRequired\":true,\"valueName\":\"search_term_string\"}}],\"inLanguage\":\"de\"}]}<\/script>\n<!-- \/ Yoast SEO plugin. -->","yoast_head_json":{"title":"Credits - Mus\u00e9e Oc\u00e9anographique de Monaco","description":"Konsultieren Sie die Bestimmungen des Gesetzes \u00fcber geistiges Eigentum, insbesondere die Bestimmungen \u00fcber literarisches und k\u00fcnstlerisches Eigentum, Urheberrecht und den Schutz von Datenbanken.","robots":{"index":"index","follow":"follow","max-snippet":"max-snippet:-1","max-image-preview":"max-image-preview:large","max-video-preview":"max-video-preview:-1"},"canonical":"https:\/\/musee.oceano.org\/de\/credits\/","og_locale":"de_DE","og_type":"article","og_title":"Credits - Mus\u00e9e Oc\u00e9anographique de Monaco","og_description":"Konsultieren Sie die Bestimmungen des Gesetzes \u00fcber geistiges Eigentum, insbesondere die Bestimmungen \u00fcber literarisches und k\u00fcnstlerisches Eigentum, Urheberrecht und den Schutz von Datenbanken.","og_url":"https:\/\/musee.oceano.org\/de\/credits\/","og_site_name":"Mus\u00e9e Oc\u00e9anographique de Monaco","article_modified_time":"2021-07-12T14:52:50+00:00","twitter_card":"summary_large_image","twitter_misc":{"Gesch\u00e4tzte Lesezeit":"3\u00a0Minuten"},"schema":{"@context":"https:\/\/schema.org","@graph":[{"@type":"WebPage","@id":"https:\/\/musee.oceano.org\/de\/credits\/","url":"https:\/\/musee.oceano.org\/de\/credits\/","name":"Credits - Mus\u00e9e Oc\u00e9anographique de Monaco","isPartOf":{"@id":"https:\/\/musee.oceano.org\/#website"},"datePublished":"2021-07-07T09:41:03+00:00","dateModified":"2021-07-12T14:52:50+00:00","description":"Konsultieren Sie die Bestimmungen des Gesetzes \u00fcber geistiges Eigentum, insbesondere die Bestimmungen \u00fcber literarisches und k\u00fcnstlerisches Eigentum, Urheberrecht und den Schutz von Datenbanken.","breadcrumb":{"@id":"https:\/\/musee.oceano.org\/de\/credits\/#breadcrumb"},"inLanguage":"de","potentialAction":[{"@type":"ReadAction","target":["https:\/\/musee.oceano.org\/de\/credits\/"]}]},{"@type":"BreadcrumbList","@id":"https:\/\/musee.oceano.org\/de\/credits\/#breadcrumb","itemListElement":[{"@type":"ListItem","position":1,"name":"Home","item":"https:\/\/musee.oceano.org\/de\/"},{"@type":"ListItem","position":2,"name":"Credits"}]},{"@type":"WebSite","@id":"https:\/\/musee.oceano.org\/#website","url":"https:\/\/musee.oceano.org\/","name":"Mus\u00e9e Oc\u00e9anographique de Monaco","description":"Faire conna\u00eetre, aimer et prot\u00e9ger les oc\u00e9ans","potentialAction":[{"@type":"SearchAction","target":{"@type":"EntryPoint","urlTemplate":"https:\/\/musee.oceano.org\/?s={search_term_string}"},"query-input":{"@type":"PropertyValueSpecification","valueRequired":true,"valueName":"search_term_string"}}],"inLanguage":"de"}]}},"_links":{"self":[{"href":"https:\/\/musee.oceano.org\/de\/wp-json\/wp\/v2\/pages\/30249","targetHints":{"allow":["GET"]}}],"collection":[{"href":"https:\/\/musee.oceano.org\/de\/wp-json\/wp\/v2\/pages"}],"about":[{"href":"https:\/\/musee.oceano.org\/de\/wp-json\/wp\/v2\/types\/page"}],"author":[{"embeddable":true,"href":"https:\/\/musee.oceano.org\/de\/wp-json\/wp\/v2\/users\/1"}],"replies":[{"embeddable":true,"href":"https:\/\/musee.oceano.org\/de\/wp-json\/wp\/v2\/comments?post=30249"}],"version-history":[{"count":2,"href":"https:\/\/musee.oceano.org\/de\/wp-json\/wp\/v2\/pages\/30249\/revisions"}],"predecessor-version":[{"id":32244,"href":"https:\/\/musee.oceano.org\/de\/wp-json\/wp\/v2\/pages\/30249\/revisions\/32244"}],"wp:attachment":[{"href":"https:\/\/musee.oceano.org\/de\/wp-json\/wp\/v2\/media?parent=30249"}],"curies":[{"name":"wp","href":"https:\/\/api.w.org\/{rel}","templated":true}]}}