{"id":30295,"date":"2021-07-07T11:43:11","date_gmt":"2021-07-07T09:43:11","guid":{"rendered":"https:\/\/musee.oceano.org\/bedingungen-und-konditionen\/"},"modified":"2021-07-07T11:43:30","modified_gmt":"2021-07-07T09:43:30","slug":"bedingungen-und-konditionen","status":"publish","type":"page","link":"https:\/\/musee.oceano.org\/de\/bedingungen-und-konditionen\/","title":{"rendered":"Bedingungen und Konditionen"},"content":{"rendered":"\t\t<div data-elementor-type=\"wp-post\" data-elementor-id=\"30295\" class=\"elementor elementor-30295 elementor-4844\" data-elementor-post-type=\"page\">\n\t\t\t\t\t\t<section class=\"elementor-section elementor-top-section elementor-element elementor-element-117832aa elementor-section-full_width elementor-section-height-default elementor-section-height-default\" data-id=\"117832aa\" data-element_type=\"section\" data-e-type=\"section\">\n\t\t\t\t\t\t<div class=\"elementor-container elementor-column-gap-no\">\n\t\t\t\t\t<div class=\"elementor-column elementor-col-100 elementor-top-column elementor-element elementor-element-e90c5e9\" data-id=\"e90c5e9\" data-element_type=\"column\" data-e-type=\"column\">\n\t\t\t<div class=\"elementor-widget-wrap elementor-element-populated\">\n\t\t\t\t\t\t<div class=\"elementor-element elementor-element-1a5eacf9 elementor--h-position-center elementor--v-position-middle elementor-widget elementor-widget-slides\" data-id=\"1a5eacf9\" data-element_type=\"widget\" data-e-type=\"widget\" data-settings=\"{&quot;navigation&quot;:&quot;none&quot;,&quot;transition&quot;:&quot;slide&quot;,&quot;transition_speed&quot;:500}\" data-widget_type=\"slides.default\">\n\t\t\t\t<div class=\"elementor-widget-container\">\n\t\t\t\t\t\t\t\t\t<div class=\"elementor-swiper\">\n\t\t\t\t\t<div class=\"elementor-slides-wrapper elementor-main-swiper swiper\" role=\"region\" aria-roledescription=\"carousel\" aria-label=\"Slider\" dir=\"ltr\" data-animation=\"fadeInUp\">\n\t\t\t\t<div class=\"swiper-wrapper elementor-slides\">\n\t\t\t\t\t\t\t\t\t\t<div class=\"elementor-repeater-item-891be05 swiper-slide\" role=\"group\" aria-roledescription=\"slide\"><div class=\"swiper-slide-bg\" role=\"img\" aria-label=\"u2151\"><\/div><div class=\"swiper-slide-inner\" ><div class=\"swiper-slide-contents\"><h1 class=\"elementor-slide-heading\">Bedingungen und Konditionen<\/h1><\/div><\/div><\/div>\t\t\t\t<\/div>\n\t\t\t\t\t\t\t<\/div>\n\t\t\t\t<\/div>\n\t\t\t\t\t\t\t\t<\/div>\n\t\t\t\t<\/div>\n\t\t\t\t\t<\/div>\n\t\t<\/div>\n\t\t\t\t\t<\/div>\n\t\t<\/section>\n\t\t\t\t<section class=\"elementor-section elementor-top-section elementor-element elementor-element-47bbdfe3 elementor-section-full_width elementor-section-height-default elementor-section-height-default\" data-id=\"47bbdfe3\" data-element_type=\"section\" data-e-type=\"section\">\n\t\t\t\t\t\t<div class=\"elementor-container elementor-column-gap-default\">\n\t\t\t\t\t<div class=\"elementor-column elementor-col-100 elementor-top-column elementor-element elementor-element-ebf7cf0\" data-id=\"ebf7cf0\" data-element_type=\"column\" data-e-type=\"column\">\n\t\t\t<div class=\"elementor-widget-wrap elementor-element-populated\">\n\t\t\t\t\t\t<div class=\"elementor-element elementor-element-1839d7dd elementor-widget elementor-widget-ee-breadcrumbs\" data-id=\"1839d7dd\" data-element_type=\"widget\" data-e-type=\"widget\" data-widget_type=\"ee-breadcrumbs.default\">\n\t\t\t\t<div class=\"elementor-widget-container\">\n\t\t\t\t\t<ul class=\"ee-breadcrumbs\" itemscope=\"\" itemtype=\"http:\/\/schema.org\/BreadcrumbList\"><\/ul>\t\t\t\t<\/div>\n\t\t\t\t<\/div>\n\t\t\t\t\t<\/div>\n\t\t<\/div>\n\t\t\t\t\t<\/div>\n\t\t<\/section>\n\t\t\t\t<section class=\"elementor-section elementor-top-section elementor-element elementor-element-1cd1134a elementor-section-full_width elementor-section-height-default elementor-section-height-default\" data-id=\"1cd1134a\" data-element_type=\"section\" data-e-type=\"section\">\n\t\t\t\t\t\t<div class=\"elementor-container elementor-column-gap-default\">\n\t\t\t\t\t<div class=\"elementor-column elementor-col-100 elementor-top-column elementor-element elementor-element-275ee04f\" data-id=\"275ee04f\" data-element_type=\"column\" data-e-type=\"column\">\n\t\t\t<div class=\"elementor-widget-wrap elementor-element-populated\">\n\t\t\t\t\t\t<div class=\"elementor-element elementor-element-42d4e778 elementor-widget elementor-widget-heading\" data-id=\"42d4e778\" data-element_type=\"widget\" data-e-type=\"widget\" data-widget_type=\"heading.default\">\n\t\t\t\t<div class=\"elementor-widget-container\">\n\t\t\t\t\t<h2 class=\"elementor-heading-title elementor-size-default\">Verantwortung<\/h2>\t\t\t\t<\/div>\n\t\t\t\t<\/div>\n\t\t\t\t\t<\/div>\n\t\t<\/div>\n\t\t\t\t\t<\/div>\n\t\t<\/section>\n\t\t\t\t<section class=\"elementor-section elementor-top-section elementor-element elementor-element-15fd502d elementor-section-boxed elementor-section-height-default elementor-section-height-default\" data-id=\"15fd502d\" data-element_type=\"section\" data-e-type=\"section\">\n\t\t\t\t\t\t<div class=\"elementor-container elementor-column-gap-default\">\n\t\t\t\t\t<div class=\"elementor-column elementor-col-100 elementor-top-column elementor-element elementor-element-4895c3f3\" data-id=\"4895c3f3\" data-element_type=\"column\" data-e-type=\"column\">\n\t\t\t<div class=\"elementor-widget-wrap elementor-element-populated\">\n\t\t\t\t\t\t<div class=\"elementor-element elementor-element-37663506 elementor-widget elementor-widget-text-editor\" data-id=\"37663506\" data-element_type=\"widget\" data-e-type=\"widget\" data-widget_type=\"text-editor.default\">\n\t\t\t\t<div class=\"elementor-widget-container\">\n\t\t\t\t\t\t\t\t\t<p><strong>M<\/strong>rotz der Sorgfalt, die das &#8222;Institut Oc\u00e9anographique &#8211; Fondation Albert I, Prince de Monaco&#8220; bei der Erstellung und Aktualisierung seiner Website im Hinblick auf die Richtigkeit, Genauigkeit und Vollst\u00e4ndigkeit der zur Verf\u00fcgung gestellten Informationen walten l\u00e4sst, kann das &#8222;Institut Oc\u00e9anographique &#8211; Fondation Albert I, Prince de Monaco&#8220; nicht f\u00fcr etwaige fehlerhafte Informationen verantwortlich gemacht werden. Das &#8222;Institut Oc\u00e9anographique &#8211; Fondation Albert I, Prince of Monaco&#8220; lehnt jede Verantwortung f\u00fcr Fehler, Ungenauigkeiten oder Auslassungen ab, die diese Informationen betreffen.<\/p>\n<p>Die auf der Site enthaltenen Informationen und Daten werden nur zu Informationszwecken bereitgestellt. Das &#8222;Institut Oc\u00e9anographique &#8211; Fondation Albert I, Prince of Monaco&#8220; lehnt jede Verantwortung f\u00fcr diese Inhalte und deren Verwendung ab.  <br \/><strong>Das &#8222;Institut Oc\u00e9anographique &#8211; Fondation Albert I, Prince of Monaco&#8220;<\/strong> beh\u00e4lt sich das Recht vor, die Website ganz oder teilweise ohne vorherige Ank\u00fcndigung zu ver\u00e4ndern, vor\u00fcbergehend oder dauerhaft zu unterbrechen. Die \u00c4nderungen treten in Kraft, sobald sie auf dieser Website ver\u00f6ffentlicht werden.<\/p>\n<p>Alle Inhalte werden auf einer &#8222;wie besehen&#8220; und &#8222;wie verf\u00fcgbar&#8220; Basis bereitgestellt. Das &#8222;Institut Oc\u00e9anographique &#8211; Fondation Albert I., Prince of Monaco&#8220; \u00fcbernimmt keinerlei Garantie, weder ausdr\u00fccklich noch stillschweigend, einschlie\u00dflich, aber nicht beschr\u00e4nkt auf die Garantie, dass alle Produkte und Dienstleistungen verf\u00fcgbar sind, von handels\u00fcblicher Qualit\u00e4t sind, f\u00fcr einen bestimmten Zweck geeignet sind, verwendet werden k\u00f6nnen, ohne die Rechte Dritter zu verletzen, noch eine Garantie in Bezug auf den Betrieb dieser Website selbst oder ihren Inhalt.<\/p>\n<p>Das &#8222;Institut Oc\u00e9anographique &#8211; Fondation Albert Ier, Prince of Monaco&#8220; kann weder Ihnen noch Dritten gegen\u00fcber f\u00fcr eine \u00c4nderung, Unterbrechung, Aussetzung oder L\u00f6schung der Website haftbar gemacht werden.  <br \/><strong>Das &#8222;Institut Oc\u00e9anographique &#8211; Fondation Albert Ier, Prince de Monaco&#8220;<\/strong> garantiert nicht f\u00fcr die Sicherheit dieser Website, es sei denn, das &#8222;Institut Oc\u00e9anographique &#8211; Fondation Albert Ier, Prince de Monaco&#8220; hat festgelegt, dass eine bestimmte Funktion verschl\u00fcsselt wird. Abgesehen von diesem speziellen Fall wird der Benutzer gewarnt, dass jede Information, die er sendet, wahrscheinlich von einer dritten Partei abgefangen wird. Das &#8222;Institut Oc\u00e9anographique &#8211; Fondation Albert Ier, Prince de Monaco&#8220; garantiert nicht, dass diese Website oder die Server, die den Zugang zu dieser Website erm\u00f6glichen, oder die vom &#8222;Institut Oc\u00e9anographique &#8211; Fondation Albert Ier, Prince de Monaco&#8220; versandte elektronische Kommunikation frei von Viren oder anderen zerst\u00f6rerischen Elementen sind.<\/p>\n<p><strong>S<\/strong>Vorbehaltlich der geltenden gesetzlichen und beh\u00f6rdlichen Bestimmungen kann das &#8222;Institut Oc\u00e9anographique &#8211; Fondation Albert I, Prince of Monaco&#8220; nicht f\u00fcr direkte oder indirekte Sch\u00e4den verantwortlich gemacht werden, insbesondere, aber nicht ausschlie\u00dflich, f\u00fcr den Verlust von Gewinnen, Kunden, Daten oder immateriellen Verm\u00f6genswerten, die sich aus der Nutzung oder der Unm\u00f6glichkeit der Nutzung der Website ergeben k\u00f6nnen, und ganz allgemein aus allen Ereignissen, die mit der Website und\/oder den Websites Dritter verbunden sind. Insbesondere kann das &#8222;Institut Oc\u00e9anographique &#8211; Fondation Albert I., Prince of Monaco&#8220; nicht haftbar gemacht werden im Falle einer vollst\u00e4ndigen oder teilweisen Piraterie der Website und f\u00fcr Sch\u00e4den, die diese Piraterie einem Nutzer oder einem Dritten zuf\u00fcgt.<\/p>\n<p>Die Nutzung<strong>der<\/strong> Website erfolgt auf eigenes Risiko des Nutzers. Das &#8222;Institut Oc\u00e9anographique &#8211; Fondation Albert Ier, Prince de Monaco&#8220; und\/oder seine Tochtergesellschaften haften in keinem Fall f\u00fcr indirekte oder zuf\u00e4llige Sch\u00e4den oder moralische Nachteile, die sich aus der Nutzung oder der Unm\u00f6glichkeit der Nutzung dieser Website oder ihres Inhalts ergeben oder damit in Zusammenhang stehen, selbst wenn das &#8222;Institut Oc\u00e9anographique &#8211; Fondation Albert Ier, Prince de Monaco&#8220; \u00fcber die M\u00f6glichkeit solcher Sch\u00e4den informiert wurde. Jede Klage eines Nutzers in Bezug auf diese Website muss innerhalb eines Jahres ab dem Datum, an dem die Schadensursache eingetreten ist, eingereicht werden.  <br \/>Diese Website kann Zugang zu anderen Websites geben, die nicht unter der Kontrolle des &#8222;Ozeanographischen Instituts &#8211; Stiftung Albert I. F\u00fcrst von Monaco&#8220; stehen. Das &#8222;Institut Oc\u00e9anographique &#8211; Fondation Albert I, Prince of Monaco&#8220; ist in keiner Weise f\u00fcr den Inhalt anderer Websites verantwortlich. Das &#8222;Institut Oc\u00e9anographique &#8211; Fondation Albert I, Prince de Monaco&#8220; bietet solche Links ausschlie\u00dflich aus Gr\u00fcnden der Bequemlichkeit f\u00fcr den Benutzer dieser Website an, und die Aufnahme eines Links zu einer anderen Website bedeutet nicht, dass das &#8222;Institut Oc\u00e9anographique &#8211; Fondation Albert I, Prince de Monaco&#8220; den Inhalt dieser Websites billigt.<\/p>\n\t\t\t\t\t\t\t\t<\/div>\n\t\t\t\t<\/div>\n\t\t\t\t\t<\/div>\n\t\t<\/div>\n\t\t\t\t\t<\/div>\n\t\t<\/section>\n\t\t\t\t<\/div>\n\t\t","protected":false},"excerpt":{"rendered":"<p>Bedingungen und Konditionen Verantwortung Mrotz der Sorgfalt, die das &#8222;Institut Oc\u00e9anographique &#8211; Fondation Albert I, Prince de Monaco&#8220; bei der Erstellung und Aktualisierung seiner Website im Hinblick auf die Richtigkeit, Genauigkeit und Vollst\u00e4ndigkeit der zur Verf\u00fcgung gestellten Informationen walten l\u00e4sst, kann das &#8222;Institut Oc\u00e9anographique &#8211; Fondation Albert I, Prince de Monaco&#8220; nicht f\u00fcr etwaige fehlerhafte [&hellip;]<\/p>\n","protected":false},"author":1,"featured_media":0,"parent":0,"menu_order":431,"comment_status":"closed","ping_status":"closed","template":"","meta":{"_acf_changed":false,"footnotes":""},"class_list":["post-30295","page","type-page","status-publish","hentry"],"acf":[],"yoast_head":"<!-- This site is optimized with the Yoast SEO plugin v27.2 - https:\/\/yoast.com\/product\/yoast-seo-wordpress\/ -->\n<title>Bedingungen und Konditionen - Mus\u00e9e Oc\u00e9anographique de Monaco<\/title>\n<meta name=\"description\" content=\"Siehe unsere allgemeinen Nutzungsbedingungen.\" \/>\n<meta name=\"robots\" content=\"index, follow, max-snippet:-1, max-image-preview:large, max-video-preview:-1\" \/>\n<link rel=\"canonical\" href=\"https:\/\/musee.oceano.org\/de\/bedingungen-und-konditionen\/\" \/>\n<meta property=\"og:locale\" content=\"de_DE\" \/>\n<meta property=\"og:type\" content=\"article\" \/>\n<meta property=\"og:title\" content=\"Bedingungen und Konditionen - Mus\u00e9e Oc\u00e9anographique de Monaco\" \/>\n<meta property=\"og:description\" content=\"Siehe unsere allgemeinen Nutzungsbedingungen.\" \/>\n<meta property=\"og:url\" content=\"https:\/\/musee.oceano.org\/de\/bedingungen-und-konditionen\/\" \/>\n<meta property=\"og:site_name\" content=\"Mus\u00e9e Oc\u00e9anographique de Monaco\" \/>\n<meta property=\"article:modified_time\" content=\"2021-07-07T09:43:30+00:00\" \/>\n<meta name=\"twitter:card\" content=\"summary_large_image\" \/>\n<meta name=\"twitter:label1\" content=\"Gesch\u00e4tzte Lesezeit\" \/>\n\t<meta name=\"twitter:data1\" content=\"4\u00a0Minuten\" \/>\n<script type=\"application\/ld+json\" class=\"yoast-schema-graph\">{\"@context\":\"https:\/\/schema.org\",\"@graph\":[{\"@type\":\"WebPage\",\"@id\":\"https:\/\/musee.oceano.org\/de\/bedingungen-und-konditionen\/\",\"url\":\"https:\/\/musee.oceano.org\/de\/bedingungen-und-konditionen\/\",\"name\":\"Bedingungen und Konditionen - Mus\u00e9e Oc\u00e9anographique de Monaco\",\"isPartOf\":{\"@id\":\"https:\/\/musee.oceano.org\/#website\"},\"datePublished\":\"2021-07-07T09:43:11+00:00\",\"dateModified\":\"2021-07-07T09:43:30+00:00\",\"description\":\"Siehe unsere allgemeinen Nutzungsbedingungen.\",\"breadcrumb\":{\"@id\":\"https:\/\/musee.oceano.org\/de\/bedingungen-und-konditionen\/#breadcrumb\"},\"inLanguage\":\"de\",\"potentialAction\":[{\"@type\":\"ReadAction\",\"target\":[\"https:\/\/musee.oceano.org\/de\/bedingungen-und-konditionen\/\"]}]},{\"@type\":\"BreadcrumbList\",\"@id\":\"https:\/\/musee.oceano.org\/de\/bedingungen-und-konditionen\/#breadcrumb\",\"itemListElement\":[{\"@type\":\"ListItem\",\"position\":1,\"name\":\"Home\",\"item\":\"https:\/\/musee.oceano.org\/de\/\"},{\"@type\":\"ListItem\",\"position\":2,\"name\":\"Bedingungen und Konditionen\"}]},{\"@type\":\"WebSite\",\"@id\":\"https:\/\/musee.oceano.org\/#website\",\"url\":\"https:\/\/musee.oceano.org\/\",\"name\":\"Mus\u00e9e Oc\u00e9anographique de Monaco\",\"description\":\"Faire conna\u00eetre, aimer et prot\u00e9ger les oc\u00e9ans\",\"potentialAction\":[{\"@type\":\"SearchAction\",\"target\":{\"@type\":\"EntryPoint\",\"urlTemplate\":\"https:\/\/musee.oceano.org\/?s={search_term_string}\"},\"query-input\":{\"@type\":\"PropertyValueSpecification\",\"valueRequired\":true,\"valueName\":\"search_term_string\"}}],\"inLanguage\":\"de\"}]}<\/script>\n<!-- \/ Yoast SEO plugin. -->","yoast_head_json":{"title":"Bedingungen und Konditionen - Mus\u00e9e Oc\u00e9anographique de Monaco","description":"Siehe unsere allgemeinen Nutzungsbedingungen.","robots":{"index":"index","follow":"follow","max-snippet":"max-snippet:-1","max-image-preview":"max-image-preview:large","max-video-preview":"max-video-preview:-1"},"canonical":"https:\/\/musee.oceano.org\/de\/bedingungen-und-konditionen\/","og_locale":"de_DE","og_type":"article","og_title":"Bedingungen und Konditionen - Mus\u00e9e Oc\u00e9anographique de Monaco","og_description":"Siehe unsere allgemeinen Nutzungsbedingungen.","og_url":"https:\/\/musee.oceano.org\/de\/bedingungen-und-konditionen\/","og_site_name":"Mus\u00e9e Oc\u00e9anographique de Monaco","article_modified_time":"2021-07-07T09:43:30+00:00","twitter_card":"summary_large_image","twitter_misc":{"Gesch\u00e4tzte Lesezeit":"4\u00a0Minuten"},"schema":{"@context":"https:\/\/schema.org","@graph":[{"@type":"WebPage","@id":"https:\/\/musee.oceano.org\/de\/bedingungen-und-konditionen\/","url":"https:\/\/musee.oceano.org\/de\/bedingungen-und-konditionen\/","name":"Bedingungen und Konditionen - Mus\u00e9e Oc\u00e9anographique de Monaco","isPartOf":{"@id":"https:\/\/musee.oceano.org\/#website"},"datePublished":"2021-07-07T09:43:11+00:00","dateModified":"2021-07-07T09:43:30+00:00","description":"Siehe unsere allgemeinen Nutzungsbedingungen.","breadcrumb":{"@id":"https:\/\/musee.oceano.org\/de\/bedingungen-und-konditionen\/#breadcrumb"},"inLanguage":"de","potentialAction":[{"@type":"ReadAction","target":["https:\/\/musee.oceano.org\/de\/bedingungen-und-konditionen\/"]}]},{"@type":"BreadcrumbList","@id":"https:\/\/musee.oceano.org\/de\/bedingungen-und-konditionen\/#breadcrumb","itemListElement":[{"@type":"ListItem","position":1,"name":"Home","item":"https:\/\/musee.oceano.org\/de\/"},{"@type":"ListItem","position":2,"name":"Bedingungen und Konditionen"}]},{"@type":"WebSite","@id":"https:\/\/musee.oceano.org\/#website","url":"https:\/\/musee.oceano.org\/","name":"Mus\u00e9e Oc\u00e9anographique de Monaco","description":"Faire conna\u00eetre, aimer et prot\u00e9ger les oc\u00e9ans","potentialAction":[{"@type":"SearchAction","target":{"@type":"EntryPoint","urlTemplate":"https:\/\/musee.oceano.org\/?s={search_term_string}"},"query-input":{"@type":"PropertyValueSpecification","valueRequired":true,"valueName":"search_term_string"}}],"inLanguage":"de"}]}},"_links":{"self":[{"href":"https:\/\/musee.oceano.org\/de\/wp-json\/wp\/v2\/pages\/30295","targetHints":{"allow":["GET"]}}],"collection":[{"href":"https:\/\/musee.oceano.org\/de\/wp-json\/wp\/v2\/pages"}],"about":[{"href":"https:\/\/musee.oceano.org\/de\/wp-json\/wp\/v2\/types\/page"}],"author":[{"embeddable":true,"href":"https:\/\/musee.oceano.org\/de\/wp-json\/wp\/v2\/users\/1"}],"replies":[{"embeddable":true,"href":"https:\/\/musee.oceano.org\/de\/wp-json\/wp\/v2\/comments?post=30295"}],"version-history":[{"count":5,"href":"https:\/\/musee.oceano.org\/de\/wp-json\/wp\/v2\/pages\/30295\/revisions"}],"predecessor-version":[{"id":30317,"href":"https:\/\/musee.oceano.org\/de\/wp-json\/wp\/v2\/pages\/30295\/revisions\/30317"}],"wp:attachment":[{"href":"https:\/\/musee.oceano.org\/de\/wp-json\/wp\/v2\/media?parent=30295"}],"curies":[{"name":"wp","href":"https:\/\/api.w.org\/{rel}","templated":true}]}}