{"id":10333,"date":"2019-09-05T14:48:07","date_gmt":"2019-09-05T12:48:07","guid":{"rendered":"https:\/\/musee.oceano.org\/credits\/"},"modified":"2021-07-07T11:41:37","modified_gmt":"2021-07-07T09:41:37","slug":"credits","status":"publish","type":"page","link":"https:\/\/musee.oceano.org\/en\/credits\/","title":{"rendered":"Credits"},"content":{"rendered":"\t\t<div data-elementor-type=\"wp-post\" data-elementor-id=\"10333\" class=\"elementor elementor-10333 elementor-4849\" data-elementor-post-type=\"page\">\n\t\t\t\t\t\t<section class=\"elementor-section elementor-top-section elementor-element elementor-element-117832aa elementor-section-full_width elementor-section-height-default elementor-section-height-default\" data-id=\"117832aa\" data-element_type=\"section\" data-e-type=\"section\">\n\t\t\t\t\t\t<div class=\"elementor-container elementor-column-gap-no\">\n\t\t\t\t\t<div class=\"elementor-column elementor-col-100 elementor-top-column elementor-element elementor-element-e90c5e9\" data-id=\"e90c5e9\" data-element_type=\"column\" data-e-type=\"column\">\n\t\t\t<div class=\"elementor-widget-wrap elementor-element-populated\">\n\t\t\t\t\t\t<div class=\"elementor-element elementor-element-1a5eacf9 elementor--h-position-center elementor--v-position-middle elementor-widget elementor-widget-slides\" data-id=\"1a5eacf9\" data-element_type=\"widget\" data-e-type=\"widget\" data-settings=\"{&quot;navigation&quot;:&quot;none&quot;,&quot;transition&quot;:&quot;slide&quot;,&quot;transition_speed&quot;:500}\" data-widget_type=\"slides.default\">\n\t\t\t\t<div class=\"elementor-widget-container\">\n\t\t\t\t\t\t\t\t\t<div class=\"elementor-swiper\">\n\t\t\t\t\t<div class=\"elementor-slides-wrapper elementor-main-swiper swiper\" role=\"region\" aria-roledescription=\"carousel\" aria-label=\"Slides\" dir=\"ltr\" data-animation=\"fadeInUp\">\n\t\t\t\t<div class=\"swiper-wrapper elementor-slides\">\n\t\t\t\t\t\t\t\t\t\t<div class=\"elementor-repeater-item-891be05 swiper-slide\" role=\"group\" aria-roledescription=\"slide\"><div class=\"swiper-slide-bg\" role=\"img\" aria-label=\"u2151\"><\/div><div class=\"swiper-slide-inner\" ><div class=\"swiper-slide-contents\"><h1 class=\"elementor-slide-heading\">Credits<\/h1><\/div><\/div><\/div>\t\t\t\t<\/div>\n\t\t\t\t\t\t\t<\/div>\n\t\t\t\t<\/div>\n\t\t\t\t\t\t\t\t<\/div>\n\t\t\t\t<\/div>\n\t\t\t\t\t<\/div>\n\t\t<\/div>\n\t\t\t\t\t<\/div>\n\t\t<\/section>\n\t\t\t\t<section class=\"elementor-section elementor-top-section elementor-element elementor-element-47bbdfe3 elementor-section-full_width elementor-section-height-default elementor-section-height-default\" data-id=\"47bbdfe3\" data-element_type=\"section\" data-e-type=\"section\">\n\t\t\t\t\t\t<div class=\"elementor-container elementor-column-gap-default\">\n\t\t\t\t\t<div class=\"elementor-column elementor-col-100 elementor-top-column elementor-element elementor-element-ebf7cf0\" data-id=\"ebf7cf0\" data-element_type=\"column\" data-e-type=\"column\">\n\t\t\t<div class=\"elementor-widget-wrap elementor-element-populated\">\n\t\t\t\t\t\t<div class=\"elementor-element elementor-element-1839d7dd elementor-widget elementor-widget-ee-breadcrumbs\" data-id=\"1839d7dd\" data-element_type=\"widget\" data-e-type=\"widget\" data-widget_type=\"ee-breadcrumbs.default\">\n\t\t\t\t<div class=\"elementor-widget-container\">\n\t\t\t\t\t<ul class=\"ee-breadcrumbs\" itemscope=\"\" itemtype=\"http:\/\/schema.org\/BreadcrumbList\"><\/ul>\t\t\t\t<\/div>\n\t\t\t\t<\/div>\n\t\t\t\t\t<\/div>\n\t\t<\/div>\n\t\t\t\t\t<\/div>\n\t\t<\/section>\n\t\t\t\t<section class=\"elementor-section elementor-top-section elementor-element elementor-element-1cd1134a elementor-section-full_width elementor-section-height-default elementor-section-height-default\" data-id=\"1cd1134a\" data-element_type=\"section\" data-e-type=\"section\">\n\t\t\t\t\t\t<div class=\"elementor-container elementor-column-gap-default\">\n\t\t\t\t\t<div class=\"elementor-column elementor-col-100 elementor-top-column elementor-element elementor-element-275ee04f\" data-id=\"275ee04f\" data-element_type=\"column\" data-e-type=\"column\">\n\t\t\t<div class=\"elementor-widget-wrap elementor-element-populated\">\n\t\t\t\t\t\t<div class=\"elementor-element elementor-element-42d4e778 elementor-widget elementor-widget-heading\" data-id=\"42d4e778\" data-element_type=\"widget\" data-e-type=\"widget\" data-widget_type=\"heading.default\">\n\t\t\t\t<div class=\"elementor-widget-container\">\n\t\t\t\t\t<h2 class=\"elementor-heading-title elementor-size-default\">Intellectual property and copyrights<\/h2>\t\t\t\t<\/div>\n\t\t\t\t<\/div>\n\t\t\t\t\t<\/div>\n\t\t<\/div>\n\t\t\t\t\t<\/div>\n\t\t<\/section>\n\t\t\t\t<section class=\"elementor-section elementor-top-section elementor-element elementor-element-15fd502d elementor-section-boxed elementor-section-height-default elementor-section-height-default\" data-id=\"15fd502d\" data-element_type=\"section\" data-e-type=\"section\">\n\t\t\t\t\t\t<div class=\"elementor-container elementor-column-gap-default\">\n\t\t\t\t\t<div class=\"elementor-column elementor-col-100 elementor-top-column elementor-element elementor-element-4895c3f3\" data-id=\"4895c3f3\" data-element_type=\"column\" data-e-type=\"column\">\n\t\t\t<div class=\"elementor-widget-wrap elementor-element-populated\">\n\t\t\t\t\t\t<div class=\"elementor-element elementor-element-37663506 elementor-widget elementor-widget-text-editor\" data-id=\"37663506\" data-element_type=\"widget\" data-e-type=\"widget\" data-widget_type=\"text-editor.default\">\n\t\t\t\t<div class=\"elementor-widget-container\">\n\t\t\t\t\t\t\t\t\t<p class=\"p1\"><a href=\"https:\/\/www.pix-associates.com\/\" target=\"_blank\" rel=\"noopener\">Pix &amp; Associates<\/a><br \/>16 Avenue Fragonard &#8211; 06100 Nice<br \/>Tel: +33 (0)4 93 87 03 19<\/p>\n\t\t\t\t\t\t\t\t<\/div>\n\t\t\t\t<\/div>\n\t\t\t\t\t<\/div>\n\t\t<\/div>\n\t\t\t\t\t<\/div>\n\t\t<\/section>\n\t\t\t\t<section class=\"elementor-section elementor-top-section elementor-element elementor-element-47fa8a3 elementor-section-full_width elementor-section-height-default elementor-section-height-default\" data-id=\"47fa8a3\" data-element_type=\"section\" data-e-type=\"section\">\n\t\t\t\t\t\t<div class=\"elementor-container elementor-column-gap-default\">\n\t\t\t\t\t<div class=\"elementor-column elementor-col-100 elementor-top-column elementor-element elementor-element-8f4e595\" data-id=\"8f4e595\" data-element_type=\"column\" data-e-type=\"column\">\n\t\t\t<div class=\"elementor-widget-wrap elementor-element-populated\">\n\t\t\t\t\t\t<div class=\"elementor-element elementor-element-28ffa3c elementor-widget elementor-widget-heading\" data-id=\"28ffa3c\" data-element_type=\"widget\" data-e-type=\"widget\" data-widget_type=\"heading.default\">\n\t\t\t\t<div class=\"elementor-widget-container\">\n\t\t\t\t\t<h2 class=\"elementor-heading-title elementor-size-default\">Intellectual property and copyrights<\/h2>\t\t\t\t<\/div>\n\t\t\t\t<\/div>\n\t\t\t\t\t<\/div>\n\t\t<\/div>\n\t\t\t\t\t<\/div>\n\t\t<\/section>\n\t\t\t\t<section class=\"elementor-section elementor-top-section elementor-element elementor-element-7b08d11 elementor-section-boxed elementor-section-height-default elementor-section-height-default\" data-id=\"7b08d11\" data-element_type=\"section\" data-e-type=\"section\">\n\t\t\t\t\t\t<div class=\"elementor-container elementor-column-gap-default\">\n\t\t\t\t\t<div class=\"elementor-column elementor-col-100 elementor-top-column elementor-element elementor-element-f59013c\" data-id=\"f59013c\" data-element_type=\"column\" data-e-type=\"column\">\n\t\t\t<div class=\"elementor-widget-wrap elementor-element-populated\">\n\t\t\t\t\t\t<div class=\"elementor-element elementor-element-63e24dd elementor-widget elementor-widget-text-editor\" data-id=\"63e24dd\" data-element_type=\"widget\" data-e-type=\"widget\" data-widget_type=\"text-editor.default\">\n\t\t\t\t<div class=\"elementor-widget-container\">\n\t\t\t\t\t\t\t\t\t<p>The &#8220;Institut Oc\u00e9anographique &#8211; Fondation Albert Ier, Prince of Monaco&#8221; website is protected by the provisions of the Intellectual Property Code, in particular by the provisions relating to literary and artistic property, copyright and the protection of databases.<\/p>\n<p>These rights are the exclusive property of the &#8220;Institut Oc\u00e9anographique &#8211; Fondation Albert Ier, Prince of Monaco&#8221;.<\/p>\n<p>The copyrights and other property titles relating to the Content (including, but not limited to, software, audio and video elements, texts and photographs) remain the exclusive property of &#8220;The Oceanographic Institute &#8211; Albert I Prince of Monaco Foundation&#8221; or its licensees. All rights to the Content not expressly granted are reserved. Unless otherwise stated, the content published on this site may be reproduced or distributed in unmodified form for private use only. Any other use of the Content, including, but not limited to, any distribution, reproduction, modification, translation, broadcasting or transmission without the prior written consent of &#8220;The Oceanographic Institute &#8211; Prince of Monaco Foundation&#8221; is strictly prohibited.<\/p>\n<p>All trademarks, processes and techniques on the &#8220;Institut Oc\u00e9anographique &#8211; Fondation Albert Ier, Prince de Monaco&#8221; website are protected by specific laws and may not be copied or used under any circumstances. Any copyright or other proprietary symbols must be retained on all reproductions.<\/p>\n<p>All texts, comments, works, illustrations and images reproduced on the &#8220;Institut Oc\u00e9anographique &#8211; Fondation Albert Ier, Prince de Monaco&#8221; website are reserved under copyright law and intellectual property law for the whole world.<\/p>\n<p>The Intellectual Property Code only authorises, on the one hand, copies or reproductions strictly reserved for the private use of the copier and not intended for collective use and, on the other hand, analyses and short quotations for the purposes of example and illustration.<\/p>\n<p>Consequently, any other use of the Content, including, but not limited to, any distribution, reproduction, representation, modification, translation, broadcasting or transmission without the prior written consent of the &#8220;Institut Oc\u00e9anographique &#8211; Fondation Albert Ier, Prince de Monaco&#8221; is strictly forbidden under penalty of legal proceedings.<\/p>\n<p>The offender is liable to civil and criminal penalties and in particular to the penalties provided for by the Intellectual Property Code.<\/p>\n<p><strong>Photographic credits of the website &#8220;The Oceanographic Institute &#8211; Albert I, Prince of Monaco Foundation&#8221; :<\/strong><\/p>\n<ul>\n<li>M. Dagnino &#8211; Monaco Oceanographic Museum<\/li>\n<li>F. Pacorel &#8211; Monaco Oceanographic Museum<\/li>\n<li>Cyril Henry &#8211; Paris Oceanographic Institute<\/li>\n<li>Institut Oc\u00e9anographique Paris<\/li>\n<li>Monaco Oceanographic Museum<\/li>\n<\/ul>\n<p>\n<strong>Video credits of the website &#8220;The Oceanographic Institute &#8211; Albert I, Prince of Monaco Foundation&#8221;:<\/strong><\/p>\n<ul>\n<li>F. Pacorel &#8211; Monaco Oceanographic Museum<\/li>\n<\/ul>\n<p>\n<strong>Text credits of the website &#8220;The Oceanographic Institute &#8211; Albert I, Prince of Monaco Foundation&#8221;:<\/strong><\/p>\n<ul>\n<li>F. Stagnaro &#8211; Oceanographic Institute<\/li>\n<li>M. Barisice &#8211; Oceanographic Institute<\/li>\n<li>\u00a9 A. Willm &#8211; Oceanographic Institute<\/li>\n<\/ul>\n\t\t\t\t\t\t\t\t<\/div>\n\t\t\t\t<\/div>\n\t\t\t\t\t<\/div>\n\t\t<\/div>\n\t\t\t\t\t<\/div>\n\t\t<\/section>\n\t\t\t\t<section class=\"elementor-section elementor-top-section elementor-element elementor-element-c8344e2 elementor-section-full_width elementor-section-height-default elementor-section-height-default\" data-id=\"c8344e2\" data-element_type=\"section\" data-e-type=\"section\">\n\t\t\t\t\t\t<div class=\"elementor-container elementor-column-gap-default\">\n\t\t\t\t\t<div class=\"elementor-column elementor-col-100 elementor-top-column elementor-element elementor-element-1114341\" data-id=\"1114341\" data-element_type=\"column\" data-e-type=\"column\">\n\t\t\t<div class=\"elementor-widget-wrap elementor-element-populated\">\n\t\t\t\t\t\t<div class=\"elementor-element elementor-element-4e8b412 elementor-widget elementor-widget-heading\" data-id=\"4e8b412\" data-element_type=\"widget\" data-e-type=\"widget\" data-widget_type=\"heading.default\">\n\t\t\t\t<div class=\"elementor-widget-container\">\n\t\t\t\t\t<h2 class=\"elementor-heading-title elementor-size-default\">Software programs and downloads<\/h2>\t\t\t\t<\/div>\n\t\t\t\t<\/div>\n\t\t\t\t\t<\/div>\n\t\t<\/div>\n\t\t\t\t\t<\/div>\n\t\t<\/section>\n\t\t\t\t<section class=\"elementor-section elementor-top-section elementor-element elementor-element-3e60c58 elementor-section-boxed elementor-section-height-default elementor-section-height-default\" data-id=\"3e60c58\" data-element_type=\"section\" data-e-type=\"section\">\n\t\t\t\t\t\t<div class=\"elementor-container elementor-column-gap-default\">\n\t\t\t\t\t<div class=\"elementor-column elementor-col-100 elementor-top-column elementor-element elementor-element-13f552a\" data-id=\"13f552a\" data-element_type=\"column\" data-e-type=\"column\">\n\t\t\t<div class=\"elementor-widget-wrap elementor-element-populated\">\n\t\t\t\t\t\t<div class=\"elementor-element elementor-element-cbd94bc elementor-widget elementor-widget-text-editor\" data-id=\"cbd94bc\" data-element_type=\"widget\" data-e-type=\"widget\" data-widget_type=\"text-editor.default\">\n\t\t\t\t<div class=\"elementor-widget-container\">\n\t\t\t\t\t\t\t\t\t<p>The software made available on this website is licensed under the terms of the applicable license agreement. Except as otherwise provided in the applicable license agreement, the software is made available only to end users and any other copying, reproduction or redistribution of the software is strictly prohibited. Where applicable, warranties with respect to the software shall apply only in accordance with the terms of the applicable license agreement. The &#8220;Institut Oc\u00e9anographique &#8211; Fondation Albert Ier, Prince de Monaco&#8221; does not provide any guarantee of any kind, express or implied, in particular that this software is of merchantable quality, suitable for a particular use or can be used without infringing the rights of a third party.<\/p>\n\t\t\t\t\t\t\t\t<\/div>\n\t\t\t\t<\/div>\n\t\t\t\t\t<\/div>\n\t\t<\/div>\n\t\t\t\t\t<\/div>\n\t\t<\/section>\n\t\t\t\t<\/div>\n\t\t","protected":false},"excerpt":{"rendered":"<p>Credits Intellectual property and copyrights Pix &amp; Associates16 Avenue Fragonard &#8211; 06100 NiceTel: +33 (0)4 93 87 03 19 Intellectual property and copyrights The &#8220;Institut Oc\u00e9anographique &#8211; Fondation Albert Ier, Prince of Monaco&#8221; website is protected by the provisions of the Intellectual Property Code, in particular by the provisions relating to literary and artistic property, [&hellip;]<\/p>\n","protected":false},"author":1,"featured_media":0,"parent":0,"menu_order":432,"comment_status":"closed","ping_status":"closed","template":"","meta":{"_acf_changed":false,"footnotes":""},"class_list":["post-10333","page","type-page","status-publish","hentry"],"acf":[],"yoast_head":"<!-- This site is optimized with the Yoast SEO plugin v27.2 - https:\/\/yoast.com\/product\/yoast-seo-wordpress\/ -->\n<title>Credits - Mus\u00e9e Oc\u00e9anographique de Monaco<\/title>\n<meta name=\"description\" content=\"Consult the provisions of the Intellectual Property Code, particularly those relating to literary and artistic property, copyright and the protection of databases.\" \/>\n<meta name=\"robots\" content=\"index, follow, max-snippet:-1, max-image-preview:large, max-video-preview:-1\" \/>\n<link rel=\"canonical\" href=\"https:\/\/musee.oceano.org\/en\/credits\/\" \/>\n<meta property=\"og:locale\" content=\"en_US\" \/>\n<meta property=\"og:type\" content=\"article\" \/>\n<meta property=\"og:title\" content=\"Credits - Mus\u00e9e Oc\u00e9anographique de Monaco\" \/>\n<meta property=\"og:description\" content=\"Consult the provisions of the Intellectual Property Code, particularly those relating to literary and artistic property, copyright and the protection of databases.\" \/>\n<meta property=\"og:url\" content=\"https:\/\/musee.oceano.org\/en\/credits\/\" \/>\n<meta property=\"og:site_name\" content=\"Mus\u00e9e Oc\u00e9anographique de Monaco\" \/>\n<meta property=\"article:modified_time\" content=\"2021-07-07T09:41:37+00:00\" \/>\n<meta name=\"twitter:card\" content=\"summary_large_image\" \/>\n<meta name=\"twitter:label1\" content=\"Est. reading time\" \/>\n\t<meta name=\"twitter:data1\" content=\"3 minutes\" \/>\n<script type=\"application\/ld+json\" class=\"yoast-schema-graph\">{\"@context\":\"https:\/\/schema.org\",\"@graph\":[{\"@type\":\"WebPage\",\"@id\":\"https:\/\/musee.oceano.org\/en\/credits\/\",\"url\":\"https:\/\/musee.oceano.org\/en\/credits\/\",\"name\":\"Credits - Mus\u00e9e Oc\u00e9anographique de Monaco\",\"isPartOf\":{\"@id\":\"https:\/\/musee.oceano.org\/#website\"},\"datePublished\":\"2019-09-05T12:48:07+00:00\",\"dateModified\":\"2021-07-07T09:41:37+00:00\",\"description\":\"Consult the provisions of the Intellectual Property Code, particularly those relating to literary and artistic property, copyright and the protection of databases.\",\"breadcrumb\":{\"@id\":\"https:\/\/musee.oceano.org\/en\/credits\/#breadcrumb\"},\"inLanguage\":\"en-US\",\"potentialAction\":[{\"@type\":\"ReadAction\",\"target\":[\"https:\/\/musee.oceano.org\/en\/credits\/\"]}]},{\"@type\":\"BreadcrumbList\",\"@id\":\"https:\/\/musee.oceano.org\/en\/credits\/#breadcrumb\",\"itemListElement\":[{\"@type\":\"ListItem\",\"position\":1,\"name\":\"Home\",\"item\":\"https:\/\/musee.oceano.org\/en\/\"},{\"@type\":\"ListItem\",\"position\":2,\"name\":\"Credits\"}]},{\"@type\":\"WebSite\",\"@id\":\"https:\/\/musee.oceano.org\/#website\",\"url\":\"https:\/\/musee.oceano.org\/\",\"name\":\"Mus\u00e9e Oc\u00e9anographique de Monaco\",\"description\":\"Faire conna\u00eetre, aimer et prot\u00e9ger les oc\u00e9ans\",\"potentialAction\":[{\"@type\":\"SearchAction\",\"target\":{\"@type\":\"EntryPoint\",\"urlTemplate\":\"https:\/\/musee.oceano.org\/?s={search_term_string}\"},\"query-input\":{\"@type\":\"PropertyValueSpecification\",\"valueRequired\":true,\"valueName\":\"search_term_string\"}}],\"inLanguage\":\"en-US\"}]}<\/script>\n<!-- \/ Yoast SEO plugin. -->","yoast_head_json":{"title":"Credits - Mus\u00e9e Oc\u00e9anographique de Monaco","description":"Consult the provisions of the Intellectual Property Code, particularly those relating to literary and artistic property, copyright and the protection of databases.","robots":{"index":"index","follow":"follow","max-snippet":"max-snippet:-1","max-image-preview":"max-image-preview:large","max-video-preview":"max-video-preview:-1"},"canonical":"https:\/\/musee.oceano.org\/en\/credits\/","og_locale":"en_US","og_type":"article","og_title":"Credits - Mus\u00e9e Oc\u00e9anographique de Monaco","og_description":"Consult the provisions of the Intellectual Property Code, particularly those relating to literary and artistic property, copyright and the protection of databases.","og_url":"https:\/\/musee.oceano.org\/en\/credits\/","og_site_name":"Mus\u00e9e Oc\u00e9anographique de Monaco","article_modified_time":"2021-07-07T09:41:37+00:00","twitter_card":"summary_large_image","twitter_misc":{"Est. reading time":"3 minutes"},"schema":{"@context":"https:\/\/schema.org","@graph":[{"@type":"WebPage","@id":"https:\/\/musee.oceano.org\/en\/credits\/","url":"https:\/\/musee.oceano.org\/en\/credits\/","name":"Credits - Mus\u00e9e Oc\u00e9anographique de Monaco","isPartOf":{"@id":"https:\/\/musee.oceano.org\/#website"},"datePublished":"2019-09-05T12:48:07+00:00","dateModified":"2021-07-07T09:41:37+00:00","description":"Consult the provisions of the Intellectual Property Code, particularly those relating to literary and artistic property, copyright and the protection of databases.","breadcrumb":{"@id":"https:\/\/musee.oceano.org\/en\/credits\/#breadcrumb"},"inLanguage":"en-US","potentialAction":[{"@type":"ReadAction","target":["https:\/\/musee.oceano.org\/en\/credits\/"]}]},{"@type":"BreadcrumbList","@id":"https:\/\/musee.oceano.org\/en\/credits\/#breadcrumb","itemListElement":[{"@type":"ListItem","position":1,"name":"Home","item":"https:\/\/musee.oceano.org\/en\/"},{"@type":"ListItem","position":2,"name":"Credits"}]},{"@type":"WebSite","@id":"https:\/\/musee.oceano.org\/#website","url":"https:\/\/musee.oceano.org\/","name":"Mus\u00e9e Oc\u00e9anographique de Monaco","description":"Faire conna\u00eetre, aimer et prot\u00e9ger les oc\u00e9ans","potentialAction":[{"@type":"SearchAction","target":{"@type":"EntryPoint","urlTemplate":"https:\/\/musee.oceano.org\/?s={search_term_string}"},"query-input":{"@type":"PropertyValueSpecification","valueRequired":true,"valueName":"search_term_string"}}],"inLanguage":"en-US"}]}},"_links":{"self":[{"href":"https:\/\/musee.oceano.org\/en\/wp-json\/wp\/v2\/pages\/10333","targetHints":{"allow":["GET"]}}],"collection":[{"href":"https:\/\/musee.oceano.org\/en\/wp-json\/wp\/v2\/pages"}],"about":[{"href":"https:\/\/musee.oceano.org\/en\/wp-json\/wp\/v2\/types\/page"}],"author":[{"embeddable":true,"href":"https:\/\/musee.oceano.org\/en\/wp-json\/wp\/v2\/users\/1"}],"replies":[{"embeddable":true,"href":"https:\/\/musee.oceano.org\/en\/wp-json\/wp\/v2\/comments?post=10333"}],"version-history":[{"count":4,"href":"https:\/\/musee.oceano.org\/en\/wp-json\/wp\/v2\/pages\/10333\/revisions"}],"predecessor-version":[{"id":30261,"href":"https:\/\/musee.oceano.org\/en\/wp-json\/wp\/v2\/pages\/10333\/revisions\/30261"}],"wp:attachment":[{"href":"https:\/\/musee.oceano.org\/en\/wp-json\/wp\/v2\/media?parent=10333"}],"curies":[{"name":"wp","href":"https:\/\/api.w.org\/{rel}","templated":true}]}}