{"id":30322,"date":"2021-07-07T11:44:47","date_gmt":"2021-07-07T09:44:47","guid":{"rendered":"https:\/\/musee.oceano.org\/map-of-the-oceanographic-museum-of-monaco\/"},"modified":"2021-07-07T11:44:47","modified_gmt":"2021-07-07T09:44:47","slug":"map-of-the-oceanographic-museum-of-monaco","status":"publish","type":"page","link":"https:\/\/musee.oceano.org\/en\/map-of-the-oceanographic-museum-of-monaco\/","title":{"rendered":"Map of the Oceanographic Museum of Monaco"},"content":{"rendered":"\t\t<div data-elementor-type=\"wp-post\" data-elementor-id=\"30322\" class=\"elementor elementor-30322 elementor-18903\" data-elementor-post-type=\"page\">\n\t\t\t\t\t\t<section class=\"elementor-section elementor-top-section elementor-element elementor-element-f12ac1f elementor-section-full_width elementor-section-height-default elementor-section-height-default\" data-id=\"f12ac1f\" data-element_type=\"section\" data-e-type=\"section\">\n\t\t\t\t\t\t<div class=\"elementor-container elementor-column-gap-no\">\n\t\t\t\t\t<div class=\"elementor-column elementor-col-100 elementor-top-column elementor-element elementor-element-6997c8b6\" data-id=\"6997c8b6\" data-element_type=\"column\" data-e-type=\"column\">\n\t\t\t<div class=\"elementor-widget-wrap elementor-element-populated\">\n\t\t\t\t\t\t<div class=\"elementor-element elementor-element-82f20c7 elementor-widget elementor-widget-spacer\" data-id=\"82f20c7\" data-element_type=\"widget\" data-e-type=\"widget\" data-widget_type=\"spacer.default\">\n\t\t\t\t<div class=\"elementor-widget-container\">\n\t\t\t\t\t\t\t<div class=\"elementor-spacer\">\n\t\t\t<div class=\"elementor-spacer-inner\"><\/div>\n\t\t<\/div>\n\t\t\t\t\t\t<\/div>\n\t\t\t\t<\/div>\n\t\t\t\t\t<\/div>\n\t\t<\/div>\n\t\t\t\t\t<\/div>\n\t\t<\/section>\n\t\t\t\t<section class=\"elementor-section elementor-top-section elementor-element elementor-element-23131c94 elementor-section-content-middle elementor-section-boxed elementor-section-height-default elementor-section-height-default\" data-id=\"23131c94\" data-element_type=\"section\" data-e-type=\"section\">\n\t\t\t\t\t\t<div class=\"elementor-container elementor-column-gap-no\">\n\t\t\t\t\t<div class=\"elementor-column elementor-col-100 elementor-top-column elementor-element elementor-element-351e39de\" data-id=\"351e39de\" data-element_type=\"column\" data-e-type=\"column\">\n\t\t\t<div class=\"elementor-widget-wrap elementor-element-populated\">\n\t\t\t\t\t\t<div class=\"elementor-element elementor-element-37f933c2 elementor-widget elementor-widget-heading\" data-id=\"37f933c2\" data-element_type=\"widget\" data-e-type=\"widget\" data-widget_type=\"heading.default\">\n\t\t\t\t<div class=\"elementor-widget-container\">\n\t\t\t\t\t<h4 class=\"elementor-heading-title elementor-size-default\">Map of the Museum<\/h4>\t\t\t\t<\/div>\n\t\t\t\t<\/div>\n\t\t\t\t<div class=\"elementor-element elementor-element-c448559 elementor-widget elementor-widget-image\" data-id=\"c448559\" data-element_type=\"widget\" data-e-type=\"widget\" data-widget_type=\"image.default\">\n\t\t\t\t<div class=\"elementor-widget-container\">\n\t\t\t\t\t\t\t\t\t\t\t\t\t\t\t\t<a href=\"https:\/\/musee.oceano.org\/wp-content\/uploads\/sites\/2\/2019\/08\/general.png\" data-elementor-open-lightbox=\"yes\" data-elementor-lightbox-title=\"general\" data-e-action-hash=\"#elementor-action%3Aaction%3Dlightbox%26settings%3DeyJpZCI6OTY5OCwidXJsIjoiaHR0cHM6XC9cL211c2VlLm9jZWFuby5vcmdcL3dwLWNvbnRlbnRcL3VwbG9hZHNcL3NpdGVzXC8yXC8yMDE5XC8wOFwvZ2VuZXJhbC5wbmcifQ%3D%3D\">\n\t\t\t\t\t\t\t<img fetchpriority=\"high\" decoding=\"async\" width=\"881\" height=\"1024\" src=\"https:\/\/musee.oceano.org\/wp-content\/uploads\/sites\/2\/2019\/08\/general-881x1024.png\" class=\"attachment-large size-large wp-image-9698\" alt=\"\" srcset=\"https:\/\/musee.oceano.org\/wp-content\/uploads\/sites\/2\/2019\/08\/general-881x1024.png 881w, https:\/\/musee.oceano.org\/wp-content\/uploads\/sites\/2\/2019\/08\/general-258x300.png 258w, https:\/\/musee.oceano.org\/wp-content\/uploads\/sites\/2\/2019\/08\/general-768x893.png 768w\" sizes=\"(max-width: 881px) 100vw, 881px\" \/>\t\t\t\t\t\t\t\t<\/a>\n\t\t\t\t\t\t\t\t\t\t\t\t\t\t\t<\/div>\n\t\t\t\t<\/div>\n\t\t\t\t<div class=\"elementor-element elementor-element-177c4e6 elementor-align-center elementor-widget elementor-widget-button\" data-id=\"177c4e6\" data-element_type=\"widget\" data-e-type=\"widget\" data-widget_type=\"button.default\">\n\t\t\t\t<div class=\"elementor-widget-container\">\n\t\t\t\t\t\t\t\t\t<div class=\"elementor-button-wrapper\">\n\t\t\t\t\t<a class=\"elementor-button elementor-button-link elementor-size-lg\" href=\"https:\/\/musee.oceano.org\/wp-content\/uploads\/sites\/2\/2019\/07\/GENERAL.png\">\n\t\t\t\t\t\t<span class=\"elementor-button-content-wrapper\">\n\t\t\t\t\t\t\t\t\t<span class=\"elementor-button-text\">Download the full map<\/span>\n\t\t\t\t\t<\/span>\n\t\t\t\t\t<\/a>\n\t\t\t\t<\/div>\n\t\t\t\t\t\t\t\t<\/div>\n\t\t\t\t<\/div>\n\t\t\t\t\t<\/div>\n\t\t<\/div>\n\t\t\t\t\t<\/div>\n\t\t<\/section>\n\t\t\t\t<section class=\"elementor-section elementor-top-section elementor-element elementor-element-e517dfb elementor-section-boxed elementor-section-height-default elementor-section-height-default\" data-id=\"e517dfb\" data-element_type=\"section\" data-e-type=\"section\">\n\t\t\t\t\t\t<div class=\"elementor-container elementor-column-gap-default\">\n\t\t\t\t\t<div class=\"elementor-column elementor-col-100 elementor-top-column elementor-element elementor-element-a252b9f\" data-id=\"a252b9f\" data-element_type=\"column\" data-e-type=\"column\">\n\t\t\t<div class=\"elementor-widget-wrap elementor-element-populated\">\n\t\t\t\t\t\t<div class=\"elementor-element elementor-element-ae8f378 elementor-widget elementor-widget-heading\" data-id=\"ae8f378\" data-element_type=\"widget\" data-e-type=\"widget\" data-widget_type=\"heading.default\">\n\t\t\t\t<div class=\"elementor-widget-container\">\n\t\t\t\t\t<h2 class=\"elementor-heading-title elementor-size-default\">Entrance - Ground floor, conference room, shop, exit<\/h2>\t\t\t\t<\/div>\n\t\t\t\t<\/div>\n\t\t\t\t<div class=\"elementor-element elementor-element-af0347d elementor-widget elementor-widget-image\" data-id=\"af0347d\" data-element_type=\"widget\" data-e-type=\"widget\" data-widget_type=\"image.default\">\n\t\t\t\t<div class=\"elementor-widget-container\">\n\t\t\t\t\t\t\t\t\t\t\t\t\t\t\t\t<a href=\"https:\/\/musee.oceano.org\/wp-content\/uploads\/sites\/2\/2019\/07\/RdC.png\" data-elementor-open-lightbox=\"yes\" data-elementor-lightbox-title=\"RdC\" data-elementor-lightbox-description=\"Plan Mus\u00e9e oc\u00e9anographique - Rez-de-chauss\u00e9e - Plan Mus\u00e9e oc\u00e9anographique - Rez-de-chauss\u00e9e - Rez-de-chauss\u00e9e et entr\u00e9e\" data-e-action-hash=\"#elementor-action%3Aaction%3Dlightbox%26settings%3DeyJpZCI6ODU5NiwidXJsIjoiaHR0cHM6XC9cL211c2VlLm9jZWFuby5vcmdcL3dwLWNvbnRlbnRcL3VwbG9hZHNcL3NpdGVzXC8yXC8yMDE5XC8wN1wvUmRDLnBuZyJ9\">\n\t\t\t\t\t\t\t<img decoding=\"async\" width=\"1024\" height=\"706\" src=\"https:\/\/musee.oceano.org\/wp-content\/uploads\/sites\/2\/2019\/07\/RdC-1024x706.png\" class=\"attachment-large size-large wp-image-8596\" alt=\"Plan Mus\u00e9e oc\u00e9anographique - Rez-de-chauss\u00e9e - Plan Mus\u00e9e oc\u00e9anographique - Rez-de-chauss\u00e9e - Rez-de-chauss\u00e9e et entr\u00e9e\" srcset=\"https:\/\/musee.oceano.org\/wp-content\/uploads\/sites\/2\/2019\/07\/RdC-1024x706.png 1024w, https:\/\/musee.oceano.org\/wp-content\/uploads\/sites\/2\/2019\/07\/RdC-300x207.png 300w, https:\/\/musee.oceano.org\/wp-content\/uploads\/sites\/2\/2019\/07\/RdC-768x529.png 768w, https:\/\/musee.oceano.org\/wp-content\/uploads\/sites\/2\/2019\/07\/RdC.png 1496w\" sizes=\"(max-width: 1024px) 100vw, 1024px\" \/>\t\t\t\t\t\t\t\t<\/a>\n\t\t\t\t\t\t\t\t\t\t\t\t\t\t\t<\/div>\n\t\t\t\t<\/div>\n\t\t\t\t\t<\/div>\n\t\t<\/div>\n\t\t\t\t\t<\/div>\n\t\t<\/section>\n\t\t\t\t<section class=\"elementor-section elementor-top-section elementor-element elementor-element-912aa96 elementor-section-boxed elementor-section-height-default elementor-section-height-default\" data-id=\"912aa96\" data-element_type=\"section\" data-e-type=\"section\">\n\t\t\t\t\t\t<div class=\"elementor-container elementor-column-gap-default\">\n\t\t\t\t\t<div class=\"elementor-column elementor-col-50 elementor-top-column elementor-element elementor-element-875bade\" data-id=\"875bade\" data-element_type=\"column\" data-e-type=\"column\">\n\t\t\t<div class=\"elementor-widget-wrap elementor-element-populated\">\n\t\t\t\t\t\t<div class=\"elementor-element elementor-element-75aaceb elementor-widget elementor-widget-image\" data-id=\"75aaceb\" data-element_type=\"widget\" data-e-type=\"widget\" data-widget_type=\"image.default\">\n\t\t\t\t<div class=\"elementor-widget-container\">\n\t\t\t\t\t\t\t\t\t\t\t\t\t\t\t\t<a href=\"https:\/\/musee.oceano.org\/wp-content\/uploads\/sites\/2\/2019\/08\/etage_-1.png\" data-elementor-open-lightbox=\"yes\" data-elementor-lightbox-title=\"etage_-1\" data-e-action-hash=\"#elementor-action%3Aaction%3Dlightbox%26settings%3DeyJpZCI6OTY5MCwidXJsIjoiaHR0cHM6XC9cL211c2VlLm9jZWFuby5vcmdcL3dwLWNvbnRlbnRcL3VwbG9hZHNcL3NpdGVzXC8yXC8yMDE5XC8wOFwvZXRhZ2VfLTEucG5nIn0%3D\">\n\t\t\t\t\t\t\t<img decoding=\"async\" width=\"1024\" height=\"706\" src=\"https:\/\/musee.oceano.org\/wp-content\/uploads\/sites\/2\/2019\/08\/etage_-1-1024x706.png\" class=\"attachment-large size-large wp-image-9690\" alt=\"\" srcset=\"https:\/\/musee.oceano.org\/wp-content\/uploads\/sites\/2\/2019\/08\/etage_-1-1024x706.png 1024w, https:\/\/musee.oceano.org\/wp-content\/uploads\/sites\/2\/2019\/08\/etage_-1-300x207.png 300w, https:\/\/musee.oceano.org\/wp-content\/uploads\/sites\/2\/2019\/08\/etage_-1-768x529.png 768w, https:\/\/musee.oceano.org\/wp-content\/uploads\/sites\/2\/2019\/08\/etage_-1.png 1496w\" sizes=\"(max-width: 1024px) 100vw, 1024px\" \/>\t\t\t\t\t\t\t\t<\/a>\n\t\t\t\t\t\t\t\t\t\t\t\t\t\t\t<\/div>\n\t\t\t\t<\/div>\n\t\t\t\t\t<\/div>\n\t\t<\/div>\n\t\t\t\t<div class=\"elementor-column elementor-col-50 elementor-top-column elementor-element elementor-element-bee51b5\" data-id=\"bee51b5\" data-element_type=\"column\" data-e-type=\"column\">\n\t\t\t<div class=\"elementor-widget-wrap elementor-element-populated\">\n\t\t\t\t\t\t<div class=\"elementor-element elementor-element-11be731 elementor-widget elementor-widget-image\" data-id=\"11be731\" data-element_type=\"widget\" data-e-type=\"widget\" data-widget_type=\"image.default\">\n\t\t\t\t<div class=\"elementor-widget-container\">\n\t\t\t\t\t\t\t\t\t\t\t\t\t\t\t\t<a href=\"https:\/\/musee.oceano.org\/wp-content\/uploads\/sites\/2\/2019\/02\/etage_-2_odyssee.png\" data-elementor-open-lightbox=\"yes\" data-elementor-lightbox-title=\"etage_-2_odyssee\" data-e-action-hash=\"#elementor-action%3Aaction%3Dlightbox%26settings%3DeyJpZCI6MTA2ODMsInVybCI6Imh0dHBzOlwvXC9tdXNlZS5vY2Vhbm8ub3JnXC93cC1jb250ZW50XC91cGxvYWRzXC9zaXRlc1wvMlwvMjAxOVwvMDJcL2V0YWdlXy0yX29keXNzZWUucG5nIn0%3D\">\n\t\t\t\t\t\t\t<img loading=\"lazy\" decoding=\"async\" width=\"1024\" height=\"427\" src=\"https:\/\/musee.oceano.org\/wp-content\/uploads\/sites\/2\/2019\/02\/etage_-2_odyssee-1024x427.png\" class=\"attachment-large size-large wp-image-10683\" alt=\"\" srcset=\"https:\/\/musee.oceano.org\/wp-content\/uploads\/sites\/2\/2019\/02\/etage_-2_odyssee-1024x427.png 1024w, https:\/\/musee.oceano.org\/wp-content\/uploads\/sites\/2\/2019\/02\/etage_-2_odyssee-300x125.png 300w, https:\/\/musee.oceano.org\/wp-content\/uploads\/sites\/2\/2019\/02\/etage_-2_odyssee-768x321.png 768w, https:\/\/musee.oceano.org\/wp-content\/uploads\/sites\/2\/2019\/02\/etage_-2_odyssee.png 1816w\" sizes=\"(max-width: 1024px) 100vw, 1024px\" \/>\t\t\t\t\t\t\t\t<\/a>\n\t\t\t\t\t\t\t\t\t\t\t\t\t\t\t<\/div>\n\t\t\t\t<\/div>\n\t\t\t\t\t<\/div>\n\t\t<\/div>\n\t\t\t\t\t<\/div>\n\t\t<\/section>\n\t\t\t\t<section class=\"elementor-section elementor-top-section elementor-element elementor-element-0c1effa elementor-section-boxed elementor-section-height-default elementor-section-height-default\" data-id=\"0c1effa\" data-element_type=\"section\" data-e-type=\"section\">\n\t\t\t\t\t\t<div class=\"elementor-container elementor-column-gap-default\">\n\t\t\t\t\t<div class=\"elementor-column elementor-col-100 elementor-top-column elementor-element elementor-element-e3c7d0e\" data-id=\"e3c7d0e\" data-element_type=\"column\" data-e-type=\"column\">\n\t\t\t<div class=\"elementor-widget-wrap elementor-element-populated\">\n\t\t\t\t\t\t<div class=\"elementor-element elementor-element-11e061f elementor-widget elementor-widget-heading\" data-id=\"11e061f\" data-element_type=\"widget\" data-e-type=\"widget\" data-widget_type=\"heading.default\">\n\t\t\t\t<div class=\"elementor-widget-container\">\n\t\t\t\t\t<h2 class=\"elementor-heading-title elementor-size-default\">1st floor: exhibition rooms, Monaco and the Ocean, Whale Room, Oceanomania...<\/h2>\t\t\t\t<\/div>\n\t\t\t\t<\/div>\n\t\t\t\t<div class=\"elementor-element elementor-element-34c5358 elementor-widget elementor-widget-image\" data-id=\"34c5358\" data-element_type=\"widget\" data-e-type=\"widget\" data-widget_type=\"image.default\">\n\t\t\t\t<div class=\"elementor-widget-container\">\n\t\t\t\t\t\t\t\t\t\t\t\t\t\t\t\t<a href=\"https:\/\/musee.oceano.org\/wp-content\/uploads\/sites\/2\/2019\/07\/1er-\u00e9tage.png\" data-elementor-open-lightbox=\"yes\" data-elementor-lightbox-title=\"1er \u00e9tage\" data-elementor-lightbox-description=\"Plan Mus\u00e9e oc\u00e9anographique - Rez-de-chauss\u00e9e - Plan Mus\u00e9e oc\u00e9anographique - Rez-de-chauss\u00e9e - Etage-1\" data-e-action-hash=\"#elementor-action%3Aaction%3Dlightbox%26settings%3DeyJpZCI6ODYwNCwidXJsIjoiaHR0cHM6XC9cL211c2VlLm9jZWFuby5vcmdcL3dwLWNvbnRlbnRcL3VwbG9hZHNcL3NpdGVzXC8yXC8yMDE5XC8wN1wvMWVyLVx1MDBlOXRhZ2UucG5nIn0%3D\">\n\t\t\t\t\t\t\t<img loading=\"lazy\" decoding=\"async\" width=\"1024\" height=\"705\" src=\"https:\/\/musee.oceano.org\/wp-content\/uploads\/sites\/2\/2019\/07\/1er-\u00e9tage-1024x705.png\" class=\"attachment-large size-large wp-image-8604\" alt=\"Plan Mus\u00e9e oc\u00e9anographique - Rez-de-chauss\u00e9e - Plan Mus\u00e9e oc\u00e9anographique - Rez-de-chauss\u00e9e - Etage-1\" srcset=\"https:\/\/musee.oceano.org\/wp-content\/uploads\/sites\/2\/2019\/07\/1er-\u00e9tage-1024x705.png 1024w, https:\/\/musee.oceano.org\/wp-content\/uploads\/sites\/2\/2019\/07\/1er-\u00e9tage-300x207.png 300w, https:\/\/musee.oceano.org\/wp-content\/uploads\/sites\/2\/2019\/07\/1er-\u00e9tage-768x529.png 768w, https:\/\/musee.oceano.org\/wp-content\/uploads\/sites\/2\/2019\/07\/1er-\u00e9tage.png 1496w\" sizes=\"(max-width: 1024px) 100vw, 1024px\" \/>\t\t\t\t\t\t\t\t<\/a>\n\t\t\t\t\t\t\t\t\t\t\t\t\t\t\t<\/div>\n\t\t\t\t<\/div>\n\t\t\t\t\t<\/div>\n\t\t<\/div>\n\t\t\t\t\t<\/div>\n\t\t<\/section>\n\t\t\t\t<section class=\"elementor-section elementor-top-section elementor-element elementor-element-1a2f305 elementor-section-boxed elementor-section-height-default elementor-section-height-default\" data-id=\"1a2f305\" data-element_type=\"section\" data-e-type=\"section\">\n\t\t\t\t\t\t<div class=\"elementor-container elementor-column-gap-default\">\n\t\t\t\t\t<div class=\"elementor-column elementor-col-100 elementor-top-column elementor-element elementor-element-2090d26\" data-id=\"2090d26\" data-element_type=\"column\" data-e-type=\"column\">\n\t\t\t<div class=\"elementor-widget-wrap elementor-element-populated\">\n\t\t\t\t\t\t<div class=\"elementor-element elementor-element-0b86c06 elementor-widget elementor-widget-heading\" data-id=\"0b86c06\" data-element_type=\"widget\" data-e-type=\"widget\" data-widget_type=\"heading.default\">\n\t\t\t\t<div class=\"elementor-widget-container\">\n\t\t\t\t\t<h2 class=\"elementor-heading-title elementor-size-default\">Terrace, restaurant, children's games, turtle island...<\/h2>\t\t\t\t<\/div>\n\t\t\t\t<\/div>\n\t\t\t\t<div class=\"elementor-element elementor-element-a3bbfd1 elementor-widget elementor-widget-image\" data-id=\"a3bbfd1\" data-element_type=\"widget\" data-e-type=\"widget\" data-widget_type=\"image.default\">\n\t\t\t\t<div class=\"elementor-widget-container\">\n\t\t\t\t\t\t\t\t\t\t\t\t\t\t\t\t<a href=\"https:\/\/musee.oceano.org\/wp-content\/uploads\/sites\/2\/2019\/07\/Terrasse.png\" data-elementor-open-lightbox=\"yes\" data-elementor-lightbox-title=\"Terrasse\" data-elementor-lightbox-description=\"Plan Mus\u00e9e oc\u00e9anographique - Rez-de-chauss\u00e9e - Plan Mus\u00e9e oc\u00e9anographique - Rez-de-chauss\u00e9e - Terrasse panoramique\" data-e-action-hash=\"#elementor-action%3Aaction%3Dlightbox%26settings%3DeyJpZCI6ODYwMCwidXJsIjoiaHR0cHM6XC9cL211c2VlLm9jZWFuby5vcmdcL3dwLWNvbnRlbnRcL3VwbG9hZHNcL3NpdGVzXC8yXC8yMDE5XC8wN1wvVGVycmFzc2UucG5nIn0%3D\">\n\t\t\t\t\t\t\t<img loading=\"lazy\" decoding=\"async\" width=\"1024\" height=\"706\" src=\"https:\/\/musee.oceano.org\/wp-content\/uploads\/sites\/2\/2019\/07\/Terrasse-1024x706.png\" class=\"attachment-large size-large wp-image-8600\" alt=\"Plan Mus\u00e9e oc\u00e9anographique - Rez-de-chauss\u00e9e - Plan Mus\u00e9e oc\u00e9anographique - Rez-de-chauss\u00e9e - Terrasse panoramique\" srcset=\"https:\/\/musee.oceano.org\/wp-content\/uploads\/sites\/2\/2019\/07\/Terrasse-1024x706.png 1024w, https:\/\/musee.oceano.org\/wp-content\/uploads\/sites\/2\/2019\/07\/Terrasse-300x207.png 300w, https:\/\/musee.oceano.org\/wp-content\/uploads\/sites\/2\/2019\/07\/Terrasse-768x529.png 768w, https:\/\/musee.oceano.org\/wp-content\/uploads\/sites\/2\/2019\/07\/Terrasse.png 1496w\" sizes=\"(max-width: 1024px) 100vw, 1024px\" \/>\t\t\t\t\t\t\t\t<\/a>\n\t\t\t\t\t\t\t\t\t\t\t\t\t\t\t<\/div>\n\t\t\t\t<\/div>\n\t\t\t\t\t<\/div>\n\t\t<\/div>\n\t\t\t\t\t<\/div>\n\t\t<\/section>\n\t\t\t\t<\/div>\n\t\t","protected":false},"excerpt":{"rendered":"<p>Map of the Museum Download the full map Entrance &#8211; Ground floor, conference room, shop, exit 1st floor: exhibition rooms, Monaco and the Ocean, Whale Room, Oceanomania&#8230; Terrace, restaurant, children&#8217;s games, turtle island&#8230;<\/p>\n","protected":false},"author":2,"featured_media":0,"parent":0,"menu_order":348,"comment_status":"closed","ping_status":"closed","template":"","meta":{"_acf_changed":false,"footnotes":""},"class_list":["post-30322","page","type-page","status-publish","hentry"],"acf":[],"yoast_head":"<!-- This site is optimized with the Yoast SEO plugin v27.2 - https:\/\/yoast.com\/product\/yoast-seo-wordpress\/ -->\n<title>Map of the Oceanographic Museum of Monaco - Mus\u00e9e Oc\u00e9anographique de Monaco<\/title>\n<meta name=\"description\" content=\"Consult the practical information to prepare your visit: prices, schedules, additional offers, etc.\" \/>\n<meta name=\"robots\" content=\"index, follow, max-snippet:-1, max-image-preview:large, max-video-preview:-1\" \/>\n<link rel=\"canonical\" href=\"https:\/\/musee.oceano.org\/en\/map-of-the-oceanographic-museum-of-monaco\/\" \/>\n<meta property=\"og:locale\" content=\"en_US\" \/>\n<meta property=\"og:type\" content=\"article\" \/>\n<meta property=\"og:title\" content=\"Map of the Oceanographic Museum of Monaco - Mus\u00e9e Oc\u00e9anographique de Monaco\" \/>\n<meta property=\"og:description\" content=\"Consult the practical information to prepare your visit: prices, schedules, additional offers, etc.\" \/>\n<meta property=\"og:url\" content=\"https:\/\/musee.oceano.org\/en\/map-of-the-oceanographic-museum-of-monaco\/\" \/>\n<meta property=\"og:site_name\" content=\"Mus\u00e9e Oc\u00e9anographique de Monaco\" \/>\n<meta property=\"og:image\" content=\"https:\/\/musee.oceano.org\/wp-content\/uploads\/sites\/2\/2019\/08\/general-881x1024.png\" \/>\n<meta name=\"twitter:card\" content=\"summary_large_image\" \/>\n<script type=\"application\/ld+json\" class=\"yoast-schema-graph\">{\"@context\":\"https:\/\/schema.org\",\"@graph\":[{\"@type\":\"WebPage\",\"@id\":\"https:\/\/musee.oceano.org\/en\/map-of-the-oceanographic-museum-of-monaco\/\",\"url\":\"https:\/\/musee.oceano.org\/en\/map-of-the-oceanographic-museum-of-monaco\/\",\"name\":\"Map of the Oceanographic Museum of Monaco - Mus\u00e9e Oc\u00e9anographique de Monaco\",\"isPartOf\":{\"@id\":\"https:\/\/musee.oceano.org\/#website\"},\"primaryImageOfPage\":{\"@id\":\"https:\/\/musee.oceano.org\/en\/map-of-the-oceanographic-museum-of-monaco\/#primaryimage\"},\"image\":{\"@id\":\"https:\/\/musee.oceano.org\/en\/map-of-the-oceanographic-museum-of-monaco\/#primaryimage\"},\"thumbnailUrl\":\"https:\/\/musee.oceano.org\/wp-content\/uploads\/sites\/2\/2019\/08\/general-881x1024.png\",\"datePublished\":\"2021-07-07T09:44:47+00:00\",\"description\":\"Consult the practical information to prepare your visit: prices, schedules, additional offers, etc.\",\"breadcrumb\":{\"@id\":\"https:\/\/musee.oceano.org\/en\/map-of-the-oceanographic-museum-of-monaco\/#breadcrumb\"},\"inLanguage\":\"en-US\",\"potentialAction\":[{\"@type\":\"ReadAction\",\"target\":[\"https:\/\/musee.oceano.org\/en\/map-of-the-oceanographic-museum-of-monaco\/\"]}]},{\"@type\":\"ImageObject\",\"inLanguage\":\"en-US\",\"@id\":\"https:\/\/musee.oceano.org\/en\/map-of-the-oceanographic-museum-of-monaco\/#primaryimage\",\"url\":\"https:\/\/musee.oceano.org\/wp-content\/uploads\/sites\/2\/2019\/08\/general-881x1024.png\",\"contentUrl\":\"https:\/\/musee.oceano.org\/wp-content\/uploads\/sites\/2\/2019\/08\/general-881x1024.png\"},{\"@type\":\"BreadcrumbList\",\"@id\":\"https:\/\/musee.oceano.org\/en\/map-of-the-oceanographic-museum-of-monaco\/#breadcrumb\",\"itemListElement\":[{\"@type\":\"ListItem\",\"position\":1,\"name\":\"Home\",\"item\":\"https:\/\/musee.oceano.org\/en\/\"},{\"@type\":\"ListItem\",\"position\":2,\"name\":\"Map of the Oceanographic Museum of Monaco\"}]},{\"@type\":\"WebSite\",\"@id\":\"https:\/\/musee.oceano.org\/#website\",\"url\":\"https:\/\/musee.oceano.org\/\",\"name\":\"Mus\u00e9e Oc\u00e9anographique de Monaco\",\"description\":\"Faire conna\u00eetre, aimer et prot\u00e9ger les oc\u00e9ans\",\"potentialAction\":[{\"@type\":\"SearchAction\",\"target\":{\"@type\":\"EntryPoint\",\"urlTemplate\":\"https:\/\/musee.oceano.org\/?s={search_term_string}\"},\"query-input\":{\"@type\":\"PropertyValueSpecification\",\"valueRequired\":true,\"valueName\":\"search_term_string\"}}],\"inLanguage\":\"en-US\"}]}<\/script>\n<!-- \/ Yoast SEO plugin. -->","yoast_head_json":{"title":"Map of the Oceanographic Museum of Monaco - Mus\u00e9e Oc\u00e9anographique de Monaco","description":"Consult the practical information to prepare your visit: prices, schedules, additional offers, etc.","robots":{"index":"index","follow":"follow","max-snippet":"max-snippet:-1","max-image-preview":"max-image-preview:large","max-video-preview":"max-video-preview:-1"},"canonical":"https:\/\/musee.oceano.org\/en\/map-of-the-oceanographic-museum-of-monaco\/","og_locale":"en_US","og_type":"article","og_title":"Map of the Oceanographic Museum of Monaco - Mus\u00e9e Oc\u00e9anographique de Monaco","og_description":"Consult the practical information to prepare your visit: prices, schedules, additional offers, etc.","og_url":"https:\/\/musee.oceano.org\/en\/map-of-the-oceanographic-museum-of-monaco\/","og_site_name":"Mus\u00e9e Oc\u00e9anographique de Monaco","og_image":[{"url":"https:\/\/musee.oceano.org\/wp-content\/uploads\/sites\/2\/2019\/08\/general-881x1024.png","type":"","width":"","height":""}],"twitter_card":"summary_large_image","schema":{"@context":"https:\/\/schema.org","@graph":[{"@type":"WebPage","@id":"https:\/\/musee.oceano.org\/en\/map-of-the-oceanographic-museum-of-monaco\/","url":"https:\/\/musee.oceano.org\/en\/map-of-the-oceanographic-museum-of-monaco\/","name":"Map of the Oceanographic Museum of Monaco - Mus\u00e9e Oc\u00e9anographique de Monaco","isPartOf":{"@id":"https:\/\/musee.oceano.org\/#website"},"primaryImageOfPage":{"@id":"https:\/\/musee.oceano.org\/en\/map-of-the-oceanographic-museum-of-monaco\/#primaryimage"},"image":{"@id":"https:\/\/musee.oceano.org\/en\/map-of-the-oceanographic-museum-of-monaco\/#primaryimage"},"thumbnailUrl":"https:\/\/musee.oceano.org\/wp-content\/uploads\/sites\/2\/2019\/08\/general-881x1024.png","datePublished":"2021-07-07T09:44:47+00:00","description":"Consult the practical information to prepare your visit: prices, schedules, additional offers, etc.","breadcrumb":{"@id":"https:\/\/musee.oceano.org\/en\/map-of-the-oceanographic-museum-of-monaco\/#breadcrumb"},"inLanguage":"en-US","potentialAction":[{"@type":"ReadAction","target":["https:\/\/musee.oceano.org\/en\/map-of-the-oceanographic-museum-of-monaco\/"]}]},{"@type":"ImageObject","inLanguage":"en-US","@id":"https:\/\/musee.oceano.org\/en\/map-of-the-oceanographic-museum-of-monaco\/#primaryimage","url":"https:\/\/musee.oceano.org\/wp-content\/uploads\/sites\/2\/2019\/08\/general-881x1024.png","contentUrl":"https:\/\/musee.oceano.org\/wp-content\/uploads\/sites\/2\/2019\/08\/general-881x1024.png"},{"@type":"BreadcrumbList","@id":"https:\/\/musee.oceano.org\/en\/map-of-the-oceanographic-museum-of-monaco\/#breadcrumb","itemListElement":[{"@type":"ListItem","position":1,"name":"Home","item":"https:\/\/musee.oceano.org\/en\/"},{"@type":"ListItem","position":2,"name":"Map of the Oceanographic Museum of Monaco"}]},{"@type":"WebSite","@id":"https:\/\/musee.oceano.org\/#website","url":"https:\/\/musee.oceano.org\/","name":"Mus\u00e9e Oc\u00e9anographique de Monaco","description":"Faire conna\u00eetre, aimer et prot\u00e9ger les oc\u00e9ans","potentialAction":[{"@type":"SearchAction","target":{"@type":"EntryPoint","urlTemplate":"https:\/\/musee.oceano.org\/?s={search_term_string}"},"query-input":{"@type":"PropertyValueSpecification","valueRequired":true,"valueName":"search_term_string"}}],"inLanguage":"en-US"}]}},"_links":{"self":[{"href":"https:\/\/musee.oceano.org\/en\/wp-json\/wp\/v2\/pages\/30322","targetHints":{"allow":["GET"]}}],"collection":[{"href":"https:\/\/musee.oceano.org\/en\/wp-json\/wp\/v2\/pages"}],"about":[{"href":"https:\/\/musee.oceano.org\/en\/wp-json\/wp\/v2\/types\/page"}],"author":[{"embeddable":true,"href":"https:\/\/musee.oceano.org\/en\/wp-json\/wp\/v2\/users\/2"}],"replies":[{"embeddable":true,"href":"https:\/\/musee.oceano.org\/en\/wp-json\/wp\/v2\/comments?post=30322"}],"version-history":[{"count":1,"href":"https:\/\/musee.oceano.org\/en\/wp-json\/wp\/v2\/pages\/30322\/revisions"}],"predecessor-version":[{"id":30323,"href":"https:\/\/musee.oceano.org\/en\/wp-json\/wp\/v2\/pages\/30322\/revisions\/30323"}],"wp:attachment":[{"href":"https:\/\/musee.oceano.org\/en\/wp-json\/wp\/v2\/media?parent=30322"}],"curies":[{"name":"wp","href":"https:\/\/api.w.org\/{rel}","templated":true}]}}