{"id":40975,"date":"2022-05-16T15:37:05","date_gmt":"2022-05-16T13:37:05","guid":{"rendered":"https:\/\/musee.oceano.org\/tribune-by-melanie-laurent\/"},"modified":"2022-05-18T10:54:33","modified_gmt":"2022-05-18T08:54:33","slug":"tribune-by-melanie-laurent","status":"publish","type":"page","link":"https:\/\/musee.oceano.org\/en\/tribune-by-melanie-laurent\/","title":{"rendered":"Tribune by M\u00e9lanie Laurent"},"content":{"rendered":"\t\t<div data-elementor-type=\"wp-page\" data-elementor-id=\"40975\" class=\"elementor elementor-40975 elementor-40360\" data-elementor-post-type=\"page\">\n\t\t\t\t\t\t<section class=\"elementor-section elementor-top-section elementor-element elementor-element-61429212 elementor-section-full_width elementor-section-height-default elementor-section-height-default\" data-id=\"61429212\" data-element_type=\"section\" data-e-type=\"section\">\n\t\t\t\t\t\t<div class=\"elementor-container elementor-column-gap-no\">\n\t\t\t\t\t<div class=\"elementor-column elementor-col-100 elementor-top-column elementor-element elementor-element-2db2a053\" data-id=\"2db2a053\" data-element_type=\"column\" data-e-type=\"column\">\n\t\t\t<div class=\"elementor-widget-wrap elementor-element-populated\">\n\t\t\t\t\t\t<div class=\"elementor-element elementor-element-309b68cd elementor--h-position-center elementor--v-position-middle elementor-widget elementor-widget-slides\" data-id=\"309b68cd\" data-element_type=\"widget\" data-e-type=\"widget\" data-settings=\"{&quot;navigation&quot;:&quot;none&quot;,&quot;transition&quot;:&quot;slide&quot;,&quot;transition_speed&quot;:500}\" data-widget_type=\"slides.default\">\n\t\t\t\t<div class=\"elementor-widget-container\">\n\t\t\t\t\t\t\t\t\t<div class=\"elementor-swiper\">\n\t\t\t\t\t<div class=\"elementor-slides-wrapper elementor-main-swiper swiper\" role=\"region\" aria-roledescription=\"carousel\" aria-label=\"Slides\" dir=\"ltr\" data-animation=\"fadeInUp\">\n\t\t\t\t<div class=\"swiper-wrapper elementor-slides\">\n\t\t\t\t\t\t\t\t\t\t<div class=\"elementor-repeater-item-8c27ebd swiper-slide\" role=\"group\" aria-roledescription=\"slide\"><div class=\"swiper-slide-bg\" role=\"img\" aria-label=\"wonderful night sky with northern lights over a beach with reflections, lofoten, norway\"><\/div><div class=\"elementor-background-overlay\"><\/div><div class=\"swiper-slide-inner\" ><div class=\"swiper-slide-contents\"><h1 class=\"elementor-slide-heading\">Tribune<br>by M\u00e9lanie Laurent<\/h1><\/div><\/div><\/div>\t\t\t\t<\/div>\n\t\t\t\t\t\t\t<\/div>\n\t\t\t\t<\/div>\n\t\t\t\t\t\t\t\t<\/div>\n\t\t\t\t<\/div>\n\t\t\t\t\t<\/div>\n\t\t<\/div>\n\t\t\t\t\t<\/div>\n\t\t<\/section>\n\t\t\t\t<section class=\"elementor-section elementor-top-section elementor-element elementor-element-6fafe57b elementor-section-full_width elementor-section-height-default elementor-section-height-default\" data-id=\"6fafe57b\" data-element_type=\"section\" data-e-type=\"section\">\n\t\t\t\t\t\t<div class=\"elementor-container elementor-column-gap-default\">\n\t\t\t\t\t<div class=\"elementor-column elementor-col-100 elementor-top-column elementor-element elementor-element-70326701\" data-id=\"70326701\" data-element_type=\"column\" data-e-type=\"column\">\n\t\t\t<div class=\"elementor-widget-wrap elementor-element-populated\">\n\t\t\t\t\t\t<div class=\"elementor-element elementor-element-6817fd58 elementor-widget elementor-widget-ee-breadcrumbs\" data-id=\"6817fd58\" data-element_type=\"widget\" data-e-type=\"widget\" data-widget_type=\"ee-breadcrumbs.default\">\n\t\t\t\t<div class=\"elementor-widget-container\">\n\t\t\t\t\t<ul class=\"ee-breadcrumbs\" itemscope=\"\" itemtype=\"http:\/\/schema.org\/BreadcrumbList\"><\/ul>\t\t\t\t<\/div>\n\t\t\t\t<\/div>\n\t\t\t\t\t<\/div>\n\t\t<\/div>\n\t\t\t\t\t<\/div>\n\t\t<\/section>\n\t\t\t\t<section class=\"elementor-section elementor-top-section elementor-element elementor-element-6f1e895f elementor-section-boxed elementor-section-height-default elementor-section-height-default\" data-id=\"6f1e895f\" data-element_type=\"section\" data-e-type=\"section\">\n\t\t\t\t\t\t<div class=\"elementor-container elementor-column-gap-default\">\n\t\t\t\t\t<div class=\"elementor-column elementor-col-50 elementor-top-column elementor-element elementor-element-609f22e7\" data-id=\"609f22e7\" data-element_type=\"column\" data-e-type=\"column\">\n\t\t\t<div class=\"elementor-widget-wrap elementor-element-populated\">\n\t\t\t\t\t\t<div class=\"elementor-element elementor-element-12d4703f elementor-widget elementor-widget-heading\" data-id=\"12d4703f\" data-element_type=\"widget\" data-e-type=\"widget\" data-widget_type=\"heading.default\">\n\t\t\t\t<div class=\"elementor-widget-container\">\n\t\t\t\t\t<div class=\"elementor-heading-title elementor-size-default\">Tribune of <br>M\u00e9lanie Laurent<\/div>\t\t\t\t<\/div>\n\t\t\t\t<\/div>\n\t\t\t\t\t<\/div>\n\t\t<\/div>\n\t\t\t\t<div class=\"elementor-column elementor-col-50 elementor-top-column elementor-element elementor-element-59efba9d\" data-id=\"59efba9d\" data-element_type=\"column\" data-e-type=\"column\">\n\t\t\t<div class=\"elementor-widget-wrap elementor-element-populated\">\n\t\t\t\t\t\t<div class=\"elementor-element elementor-element-52044381 elementor-widget elementor-widget-text-editor\" data-id=\"52044381\" data-element_type=\"widget\" data-e-type=\"widget\" data-widget_type=\"text-editor.default\">\n\t\t\t\t<div class=\"elementor-widget-container\">\n\t\t\t\t\t\t\t\t\t<p><em>\u201cThroughout this new exhibition, each and every one of us is invited to become a privileged observer of the incredible beauty of the polar worlds, but also an informed witness of their great fragility&#8230;\u201d<\/em><\/p>\n\t\t\t\t\t\t\t\t<\/div>\n\t\t\t\t<\/div>\n\t\t\t\t\t<\/div>\n\t\t<\/div>\n\t\t\t\t\t<\/div>\n\t\t<\/section>\n\t\t\t\t<section class=\"elementor-section elementor-top-section elementor-element elementor-element-d58bc2f elementor-section-boxed elementor-section-height-default elementor-section-height-default\" data-id=\"d58bc2f\" data-element_type=\"section\" data-e-type=\"section\" data-settings=\"{&quot;shape_divider_top&quot;:&quot;pyramids&quot;,&quot;background_background&quot;:&quot;classic&quot;,&quot;shape_divider_top_negative&quot;:&quot;yes&quot;}\">\n\t\t\t\t\t<div class=\"elementor-shape elementor-shape-top\" aria-hidden=\"true\" data-negative=\"true\">\n\t\t\t<svg xmlns=\"http:\/\/www.w3.org\/2000\/svg\" viewBox=\"0 0 1000 100\" preserveAspectRatio=\"none\">\n\t<path class=\"elementor-shape-fill\" d=\"M761.9,40.6L643.1,24L333.9,93.8L0.1,1H0v99h1000V1\"\/>\n<\/svg>\t\t<\/div>\n\t\t\t\t\t<div class=\"elementor-container elementor-column-gap-default\">\n\t\t\t\t\t<div class=\"elementor-column elementor-col-100 elementor-top-column elementor-element elementor-element-b9f2587\" data-id=\"b9f2587\" data-element_type=\"column\" data-e-type=\"column\">\n\t\t\t<div class=\"elementor-widget-wrap elementor-element-populated\">\n\t\t\t\t\t\t<div class=\"elementor-element elementor-element-5d0d9f4 elementor-widget elementor-widget-spacer\" data-id=\"5d0d9f4\" data-element_type=\"widget\" data-e-type=\"widget\" data-widget_type=\"spacer.default\">\n\t\t\t\t<div class=\"elementor-widget-container\">\n\t\t\t\t\t\t\t<div class=\"elementor-spacer\">\n\t\t\t<div class=\"elementor-spacer-inner\"><\/div>\n\t\t<\/div>\n\t\t\t\t\t\t<\/div>\n\t\t\t\t<\/div>\n\t\t\t\t<div class=\"elementor-element elementor-element-66e1a6ad elementor-widget elementor-widget-text-editor\" data-id=\"66e1a6ad\" data-element_type=\"widget\" data-e-type=\"widget\" data-widget_type=\"text-editor.default\">\n\t\t\t\t<div class=\"elementor-widget-container\">\n\t\t\t\t\t\t\t\t\t<p><img fetchpriority=\"high\" decoding=\"async\" src=\"https:\/\/musee.oceano.org\/wp-content\/uploads\/sites\/2\/2022\/05\/Portrait-Me%CC%81lanie-Laurent-3-%C2%A9-Marcel-Hartmann.jpeg\" alt=\"\" style=\"padding-right: 10px\" width=\"300\" height=\"186\" align=\"left\"><\/p>\n<p style=\"text-align: justify\"><span style=\"color: #ffffff;font-size: 35px;font-weight: bold;letter-spacing: 0.16px;text-align: left\"><strong>M\u00e9lanie Laurent,<\/strong><\/span><\/p>\n<h3 style=\"font-size: 20px;letter-spacing: 0.16px\" data-elementor-setting-key=\"title\" data-pen-placeholder=\"Type Here...\"><span style=\"color: #ffffff\"><strong>Ambassador of the &#8220;POLAR MISSION&#8221; <\/strong><\/span><\/h3>\n<p style=\"text-align: justify\"><span style=\"color: #ffffff;font-size: 14px;line-height: 5px\">To those who see ecology as punishment, I would answer that we must think in terms of solutions. I was lucky enough to discover this at a very young age, thanks to an upbringing based on common sense: limit waste, eat well&#8230; It is better to set an example than feel guilty, to educate than be contrite, to act than procrastinate. It is this vision that I wholeheartedly choose to anchor in my projects. <\/span><\/p>\n<p style=\"text-align: justify\"><span style=\"color: #ffffff;font-size: 14px;line-height: 5px\">The Ocean is a challenge. Even though the alarm has sounded, we must not let it paralyse us. Awakening people&#8217;s consciences, yes. Offering them solutions, even better! It is this enlightened optimism that I share with the Oceanographic Institute of Monaco, and I am particularly proud and happy to be associated with their exhibition &#8220;POLAR MISSION&#8221;, as ambassador. <\/span><\/p>\n<p style=\"text-align: justify\"><span style=\"color: #ffffff;font-size: 14px;line-height: 5px\">When Prince Albert I created this institute more than a hundred years ago, he gave it the mission to \u201cget to know, love and protect the Ocean\u201d, which he never stopped exploring to support science. On several occasions, this great visionary explorer went to the Arctic, already aware of the essential role that the poles play in the balance of our planet. Poles that, like the rest of the world, are threatened by climate change, which is responsible for the melting of glaciers at a dangerous rate, by pollution, overfishing and the extinction of species.<\/span><\/p>\n<p style=\"text-align: justify\"><span style=\"color: #ffffff;font-size: 14px;line-height: 5px\">Throughout this new exhibition, each and every one of us is invited to become a privileged observer of the incredible beauty of the polar worlds, but also an informed witness of their great fragility. By becoming true reporters, visitors of the exhibition will not only be able to understand the mechanisms involved in the uttermost parts of the Earth, but they will also be able to bear witness and get involved. We can all contribute at our level. An individual responsibility for a great collective mission: to re-enchant the world.<\/span><\/p>\n\t\t\t\t\t\t\t\t<\/div>\n\t\t\t\t<\/div>\n\t\t\t\t<div class=\"elementor-element elementor-element-6658d16 elementor-widget elementor-widget-spacer\" data-id=\"6658d16\" data-element_type=\"widget\" data-e-type=\"widget\" data-widget_type=\"spacer.default\">\n\t\t\t\t<div class=\"elementor-widget-container\">\n\t\t\t\t\t\t\t<div class=\"elementor-spacer\">\n\t\t\t<div class=\"elementor-spacer-inner\"><\/div>\n\t\t<\/div>\n\t\t\t\t\t\t<\/div>\n\t\t\t\t<\/div>\n\t\t\t\t<div class=\"elementor-element elementor-element-5a5e0f7 elementor-align-center elementor-widget elementor-widget-button\" data-id=\"5a5e0f7\" data-element_type=\"widget\" data-e-type=\"widget\" data-widget_type=\"button.default\">\n\t\t\t\t<div class=\"elementor-widget-container\">\n\t\t\t\t\t\t\t\t\t<div class=\"elementor-button-wrapper\">\n\t\t\t\t\t<a class=\"elementor-button elementor-button-link elementor-size-md\" href=\"https:\/\/musee.oceano.org\/en\/exhibitions\/polar-mission-the-immersion-exhibition\/\">\n\t\t\t\t\t\t<span class=\"elementor-button-content-wrapper\">\n\t\t\t\t\t\t\t\t\t<span class=\"elementor-button-text\">Discover the exhibition <br>\"Polar Worlds\"<\/span>\n\t\t\t\t\t<\/span>\n\t\t\t\t\t<\/a>\n\t\t\t\t<\/div>\n\t\t\t\t\t\t\t\t<\/div>\n\t\t\t\t<\/div>\n\t\t\t\t<div class=\"elementor-element elementor-element-cb06338 elementor-widget elementor-widget-spacer\" data-id=\"cb06338\" data-element_type=\"widget\" data-e-type=\"widget\" data-widget_type=\"spacer.default\">\n\t\t\t\t<div class=\"elementor-widget-container\">\n\t\t\t\t\t\t\t<div class=\"elementor-spacer\">\n\t\t\t<div class=\"elementor-spacer-inner\"><\/div>\n\t\t<\/div>\n\t\t\t\t\t\t<\/div>\n\t\t\t\t<\/div>\n\t\t\t\t\t<\/div>\n\t\t<\/div>\n\t\t\t\t\t<\/div>\n\t\t<\/section>\n\t\t\t\t<\/div>\n\t\t","protected":false},"excerpt":{"rendered":"<p>Tribuneby M\u00e9lanie Laurent Tribune of M\u00e9lanie Laurent \u201cThroughout this new exhibition, each and every one of us is invited to become a privileged observer of the incredible beauty of the polar worlds, but also an informed witness of their great fragility&#8230;\u201d M\u00e9lanie Laurent, Ambassador of the &#8220;POLAR MISSION&#8221; To those who see ecology as punishment, [&hellip;]<\/p>\n","protected":false},"author":32,"featured_media":40363,"parent":0,"menu_order":0,"comment_status":"closed","ping_status":"closed","template":"","meta":{"_acf_changed":false,"footnotes":""},"class_list":["post-40975","page","type-page","status-publish","has-post-thumbnail","hentry"],"acf":[],"yoast_head":"<!-- This site is optimized with the Yoast SEO plugin v27.2 - https:\/\/yoast.com\/product\/yoast-seo-wordpress\/ -->\n<title>Tribune by M\u00e9lanie Laurent - Mus\u00e9e Oc\u00e9anographique de Monaco<\/title>\n<meta name=\"robots\" content=\"index, follow, max-snippet:-1, max-image-preview:large, max-video-preview:-1\" \/>\n<link rel=\"canonical\" href=\"https:\/\/musee.oceano.org\/en\/tribune-by-melanie-laurent\/\" \/>\n<meta property=\"og:locale\" content=\"en_US\" \/>\n<meta property=\"og:type\" content=\"article\" \/>\n<meta property=\"og:title\" content=\"Tribune by M\u00e9lanie Laurent - Mus\u00e9e Oc\u00e9anographique de Monaco\" \/>\n<meta property=\"og:description\" content=\"Tribuneby M\u00e9lanie Laurent Tribune of M\u00e9lanie Laurent \u201cThroughout this new exhibition, each and every one of us is invited to become a privileged observer of the incredible beauty of the polar worlds, but also an informed witness of their great fragility&#8230;\u201d M\u00e9lanie Laurent, Ambassador of the &#8220;POLAR MISSION&#8221; To those who see ecology as punishment, [&hellip;]\" \/>\n<meta property=\"og:url\" content=\"https:\/\/musee.oceano.org\/en\/tribune-by-melanie-laurent\/\" \/>\n<meta property=\"og:site_name\" content=\"Mus\u00e9e Oc\u00e9anographique de Monaco\" \/>\n<meta property=\"article:modified_time\" content=\"2022-05-18T08:54:33+00:00\" \/>\n<meta property=\"og:image\" content=\"https:\/\/musee.oceano.org\/wp-content\/uploads\/sites\/2\/2022\/05\/Portrait-Me\u0301lanie-Laurent-3-\u00a9-Marcel-Hartmann.jpeg\" \/>\n\t<meta property=\"og:image:width\" content=\"1500\" \/>\n\t<meta property=\"og:image:height\" content=\"2000\" \/>\n\t<meta property=\"og:image:type\" content=\"image\/jpeg\" \/>\n<meta name=\"twitter:card\" content=\"summary_large_image\" \/>\n<meta name=\"twitter:label1\" content=\"Est. reading time\" \/>\n\t<meta name=\"twitter:data1\" content=\"2 minutes\" \/>\n<script type=\"application\/ld+json\" class=\"yoast-schema-graph\">{\"@context\":\"https:\/\/schema.org\",\"@graph\":[{\"@type\":\"WebPage\",\"@id\":\"https:\/\/musee.oceano.org\/en\/tribune-by-melanie-laurent\/\",\"url\":\"https:\/\/musee.oceano.org\/en\/tribune-by-melanie-laurent\/\",\"name\":\"Tribune by M\u00e9lanie Laurent - Mus\u00e9e Oc\u00e9anographique de Monaco\",\"isPartOf\":{\"@id\":\"https:\/\/musee.oceano.org\/#website\"},\"primaryImageOfPage\":{\"@id\":\"https:\/\/musee.oceano.org\/en\/tribune-by-melanie-laurent\/#primaryimage\"},\"image\":{\"@id\":\"https:\/\/musee.oceano.org\/en\/tribune-by-melanie-laurent\/#primaryimage\"},\"thumbnailUrl\":\"https:\/\/musee.oceano.org\/wp-content\/uploads\/sites\/2\/2022\/05\/Portrait-Me\u0301lanie-Laurent-3-\u00a9-Marcel-Hartmann.jpeg\",\"datePublished\":\"2022-05-16T13:37:05+00:00\",\"dateModified\":\"2022-05-18T08:54:33+00:00\",\"breadcrumb\":{\"@id\":\"https:\/\/musee.oceano.org\/en\/tribune-by-melanie-laurent\/#breadcrumb\"},\"inLanguage\":\"en-US\",\"potentialAction\":[{\"@type\":\"ReadAction\",\"target\":[\"https:\/\/musee.oceano.org\/en\/tribune-by-melanie-laurent\/\"]}]},{\"@type\":\"ImageObject\",\"inLanguage\":\"en-US\",\"@id\":\"https:\/\/musee.oceano.org\/en\/tribune-by-melanie-laurent\/#primaryimage\",\"url\":\"https:\/\/musee.oceano.org\/wp-content\/uploads\/sites\/2\/2022\/05\/Portrait-Me\u0301lanie-Laurent-3-\u00a9-Marcel-Hartmann.jpeg\",\"contentUrl\":\"https:\/\/musee.oceano.org\/wp-content\/uploads\/sites\/2\/2022\/05\/Portrait-Me\u0301lanie-Laurent-3-\u00a9-Marcel-Hartmann.jpeg\",\"width\":1500,\"height\":2000},{\"@type\":\"BreadcrumbList\",\"@id\":\"https:\/\/musee.oceano.org\/en\/tribune-by-melanie-laurent\/#breadcrumb\",\"itemListElement\":[{\"@type\":\"ListItem\",\"position\":1,\"name\":\"Home\",\"item\":\"https:\/\/musee.oceano.org\/en\/\"},{\"@type\":\"ListItem\",\"position\":2,\"name\":\"Tribune by M\u00e9lanie Laurent\"}]},{\"@type\":\"WebSite\",\"@id\":\"https:\/\/musee.oceano.org\/#website\",\"url\":\"https:\/\/musee.oceano.org\/\",\"name\":\"Mus\u00e9e Oc\u00e9anographique de Monaco\",\"description\":\"Faire conna\u00eetre, aimer et prot\u00e9ger les oc\u00e9ans\",\"potentialAction\":[{\"@type\":\"SearchAction\",\"target\":{\"@type\":\"EntryPoint\",\"urlTemplate\":\"https:\/\/musee.oceano.org\/?s={search_term_string}\"},\"query-input\":{\"@type\":\"PropertyValueSpecification\",\"valueRequired\":true,\"valueName\":\"search_term_string\"}}],\"inLanguage\":\"en-US\"}]}<\/script>\n<!-- \/ Yoast SEO plugin. -->","yoast_head_json":{"title":"Tribune by M\u00e9lanie Laurent - Mus\u00e9e Oc\u00e9anographique de Monaco","robots":{"index":"index","follow":"follow","max-snippet":"max-snippet:-1","max-image-preview":"max-image-preview:large","max-video-preview":"max-video-preview:-1"},"canonical":"https:\/\/musee.oceano.org\/en\/tribune-by-melanie-laurent\/","og_locale":"en_US","og_type":"article","og_title":"Tribune by M\u00e9lanie Laurent - Mus\u00e9e Oc\u00e9anographique de Monaco","og_description":"Tribuneby M\u00e9lanie Laurent Tribune of M\u00e9lanie Laurent \u201cThroughout this new exhibition, each and every one of us is invited to become a privileged observer of the incredible beauty of the polar worlds, but also an informed witness of their great fragility&#8230;\u201d M\u00e9lanie Laurent, Ambassador of the &#8220;POLAR MISSION&#8221; To those who see ecology as punishment, [&hellip;]","og_url":"https:\/\/musee.oceano.org\/en\/tribune-by-melanie-laurent\/","og_site_name":"Mus\u00e9e Oc\u00e9anographique de Monaco","article_modified_time":"2022-05-18T08:54:33+00:00","og_image":[{"width":1500,"height":2000,"url":"https:\/\/musee.oceano.org\/wp-content\/uploads\/sites\/2\/2022\/05\/Portrait-Me\u0301lanie-Laurent-3-\u00a9-Marcel-Hartmann.jpeg","type":"image\/jpeg"}],"twitter_card":"summary_large_image","twitter_misc":{"Est. reading time":"2 minutes"},"schema":{"@context":"https:\/\/schema.org","@graph":[{"@type":"WebPage","@id":"https:\/\/musee.oceano.org\/en\/tribune-by-melanie-laurent\/","url":"https:\/\/musee.oceano.org\/en\/tribune-by-melanie-laurent\/","name":"Tribune by M\u00e9lanie Laurent - Mus\u00e9e Oc\u00e9anographique de Monaco","isPartOf":{"@id":"https:\/\/musee.oceano.org\/#website"},"primaryImageOfPage":{"@id":"https:\/\/musee.oceano.org\/en\/tribune-by-melanie-laurent\/#primaryimage"},"image":{"@id":"https:\/\/musee.oceano.org\/en\/tribune-by-melanie-laurent\/#primaryimage"},"thumbnailUrl":"https:\/\/musee.oceano.org\/wp-content\/uploads\/sites\/2\/2022\/05\/Portrait-Me\u0301lanie-Laurent-3-\u00a9-Marcel-Hartmann.jpeg","datePublished":"2022-05-16T13:37:05+00:00","dateModified":"2022-05-18T08:54:33+00:00","breadcrumb":{"@id":"https:\/\/musee.oceano.org\/en\/tribune-by-melanie-laurent\/#breadcrumb"},"inLanguage":"en-US","potentialAction":[{"@type":"ReadAction","target":["https:\/\/musee.oceano.org\/en\/tribune-by-melanie-laurent\/"]}]},{"@type":"ImageObject","inLanguage":"en-US","@id":"https:\/\/musee.oceano.org\/en\/tribune-by-melanie-laurent\/#primaryimage","url":"https:\/\/musee.oceano.org\/wp-content\/uploads\/sites\/2\/2022\/05\/Portrait-Me\u0301lanie-Laurent-3-\u00a9-Marcel-Hartmann.jpeg","contentUrl":"https:\/\/musee.oceano.org\/wp-content\/uploads\/sites\/2\/2022\/05\/Portrait-Me\u0301lanie-Laurent-3-\u00a9-Marcel-Hartmann.jpeg","width":1500,"height":2000},{"@type":"BreadcrumbList","@id":"https:\/\/musee.oceano.org\/en\/tribune-by-melanie-laurent\/#breadcrumb","itemListElement":[{"@type":"ListItem","position":1,"name":"Home","item":"https:\/\/musee.oceano.org\/en\/"},{"@type":"ListItem","position":2,"name":"Tribune by M\u00e9lanie Laurent"}]},{"@type":"WebSite","@id":"https:\/\/musee.oceano.org\/#website","url":"https:\/\/musee.oceano.org\/","name":"Mus\u00e9e Oc\u00e9anographique de Monaco","description":"Faire conna\u00eetre, aimer et prot\u00e9ger les oc\u00e9ans","potentialAction":[{"@type":"SearchAction","target":{"@type":"EntryPoint","urlTemplate":"https:\/\/musee.oceano.org\/?s={search_term_string}"},"query-input":{"@type":"PropertyValueSpecification","valueRequired":true,"valueName":"search_term_string"}}],"inLanguage":"en-US"}]}},"_links":{"self":[{"href":"https:\/\/musee.oceano.org\/en\/wp-json\/wp\/v2\/pages\/40975","targetHints":{"allow":["GET"]}}],"collection":[{"href":"https:\/\/musee.oceano.org\/en\/wp-json\/wp\/v2\/pages"}],"about":[{"href":"https:\/\/musee.oceano.org\/en\/wp-json\/wp\/v2\/types\/page"}],"author":[{"embeddable":true,"href":"https:\/\/musee.oceano.org\/en\/wp-json\/wp\/v2\/users\/32"}],"replies":[{"embeddable":true,"href":"https:\/\/musee.oceano.org\/en\/wp-json\/wp\/v2\/comments?post=40975"}],"version-history":[{"count":5,"href":"https:\/\/musee.oceano.org\/en\/wp-json\/wp\/v2\/pages\/40975\/revisions"}],"predecessor-version":[{"id":41287,"href":"https:\/\/musee.oceano.org\/en\/wp-json\/wp\/v2\/pages\/40975\/revisions\/41287"}],"wp:featuredmedia":[{"embeddable":true,"href":"https:\/\/musee.oceano.org\/en\/wp-json\/wp\/v2\/media\/40363"}],"wp:attachment":[{"href":"https:\/\/musee.oceano.org\/en\/wp-json\/wp\/v2\/media?parent=40975"}],"curies":[{"name":"wp","href":"https:\/\/api.w.org\/{rel}","templated":true}]}}