{"id":23375,"date":"2021-06-24T16:08:44","date_gmt":"2021-06-24T14:08:44","guid":{"rendered":"https:\/\/musee.oceano.org\/preguntas-frecuentes\/"},"modified":"2021-06-24T16:13:17","modified_gmt":"2021-06-24T14:13:17","slug":"preguntas-frecuentes","status":"publish","type":"page","link":"https:\/\/musee.oceano.org\/es\/preguntas-frecuentes\/","title":{"rendered":"PREGUNTAS FRECUENTES"},"content":{"rendered":"\t\t<div data-elementor-type=\"wp-post\" data-elementor-id=\"23375\" class=\"elementor elementor-23375 elementor-1584\" data-elementor-post-type=\"page\">\n\t\t\t\t\t\t<section class=\"elementor-section elementor-top-section elementor-element elementor-element-701011c9 elementor-section-full_width elementor-section-height-default elementor-section-height-default\" data-id=\"701011c9\" data-element_type=\"section\" data-e-type=\"section\">\n\t\t\t\t\t\t<div class=\"elementor-container elementor-column-gap-no\">\n\t\t\t\t\t<div class=\"elementor-column elementor-col-100 elementor-top-column elementor-element elementor-element-63f1895f\" data-id=\"63f1895f\" data-element_type=\"column\" data-e-type=\"column\">\n\t\t\t<div class=\"elementor-widget-wrap elementor-element-populated\">\n\t\t\t\t\t\t<div class=\"elementor-element elementor-element-87ec4e7 elementor--h-position-center elementor--v-position-middle elementor-widget elementor-widget-slides\" data-id=\"87ec4e7\" data-element_type=\"widget\" data-e-type=\"widget\" data-settings=\"{&quot;navigation&quot;:&quot;none&quot;,&quot;transition&quot;:&quot;slide&quot;,&quot;transition_speed&quot;:500}\" data-widget_type=\"slides.default\">\n\t\t\t\t<div class=\"elementor-widget-container\">\n\t\t\t\t\t\t\t\t\t<div class=\"elementor-swiper\">\n\t\t\t\t\t<div class=\"elementor-slides-wrapper elementor-main-swiper swiper\" role=\"region\" aria-roledescription=\"carousel\" aria-label=\"Diapositivas\" dir=\"ltr\" data-animation=\"fadeInUp\">\n\t\t\t\t<div class=\"swiper-wrapper elementor-slides\">\n\t\t\t\t\t\t\t\t\t\t<div class=\"elementor-repeater-item-891be05 swiper-slide\" role=\"group\" aria-roledescription=\"slide\"><div class=\"swiper-slide-bg\" role=\"img\" aria-label=\"shutterstock_456309187\"><\/div><div class=\"elementor-background-overlay\"><\/div><div class=\"swiper-slide-inner\" ><div class=\"swiper-slide-contents\"><h1 class=\"elementor-slide-heading\">PREGUNTAS FRECUENTES<\/h1><\/div><\/div><\/div>\t\t\t\t<\/div>\n\t\t\t\t\t\t\t<\/div>\n\t\t\t\t<\/div>\n\t\t\t\t\t\t\t\t<\/div>\n\t\t\t\t<\/div>\n\t\t\t\t\t<\/div>\n\t\t<\/div>\n\t\t\t\t\t<\/div>\n\t\t<\/section>\n\t\t\t\t<section class=\"elementor-section elementor-top-section elementor-element elementor-element-515c58bb elementor-section-full_width elementor-section-height-default elementor-section-height-default\" data-id=\"515c58bb\" data-element_type=\"section\" data-e-type=\"section\">\n\t\t\t\t\t\t<div class=\"elementor-container elementor-column-gap-default\">\n\t\t\t\t\t<div class=\"elementor-column elementor-col-100 elementor-top-column elementor-element elementor-element-7ca6d743\" data-id=\"7ca6d743\" data-element_type=\"column\" data-e-type=\"column\">\n\t\t\t<div class=\"elementor-widget-wrap elementor-element-populated\">\n\t\t\t\t\t\t<div class=\"elementor-element elementor-element-29ef6853 elementor-widget elementor-widget-ee-breadcrumbs\" data-id=\"29ef6853\" data-element_type=\"widget\" data-e-type=\"widget\" data-widget_type=\"ee-breadcrumbs.default\">\n\t\t\t\t<div class=\"elementor-widget-container\">\n\t\t\t\t\t<ul class=\"ee-breadcrumbs\" itemscope=\"\" itemtype=\"http:\/\/schema.org\/BreadcrumbList\"><\/ul>\t\t\t\t<\/div>\n\t\t\t\t<\/div>\n\t\t\t\t\t<\/div>\n\t\t<\/div>\n\t\t\t\t\t<\/div>\n\t\t<\/section>\n\t\t\t\t<section class=\"elementor-section elementor-top-section elementor-element elementor-element-190daad1 elementor-section-boxed elementor-section-height-default elementor-section-height-default\" data-id=\"190daad1\" data-element_type=\"section\" data-e-type=\"section\">\n\t\t\t\t\t\t<div class=\"elementor-container elementor-column-gap-default\">\n\t\t\t\t\t<div class=\"elementor-column elementor-col-100 elementor-top-column elementor-element elementor-element-589ac229\" data-id=\"589ac229\" data-element_type=\"column\" data-e-type=\"column\">\n\t\t\t<div class=\"elementor-widget-wrap elementor-element-populated\">\n\t\t\t\t\t\t<div class=\"elementor-element elementor-element-76d75058 elementor-widget elementor-widget-heading\" data-id=\"76d75058\" data-element_type=\"widget\" data-e-type=\"widget\" data-widget_type=\"heading.default\">\n\t\t\t\t<div class=\"elementor-widget-container\">\n\t\t\t\t\t<h2 class=\"elementor-heading-title elementor-size-default\">Buscar por :<\/h2>\t\t\t\t<\/div>\n\t\t\t\t<\/div>\n\t\t\t\t\t<\/div>\n\t\t<\/div>\n\t\t\t\t\t<\/div>\n\t\t<\/section>\n\t\t\t\t<section class=\"elementor-section elementor-top-section elementor-element elementor-element-6e88614 formbgblue elementor-section-boxed elementor-section-height-default elementor-section-height-default\" data-id=\"6e88614\" data-element_type=\"section\" data-e-type=\"section\" data-settings=\"{&quot;background_background&quot;:&quot;classic&quot;}\">\n\t\t\t\t\t\t<div class=\"elementor-container elementor-column-gap-default\">\n\t\t\t\t\t<div class=\"elementor-column elementor-col-33 elementor-top-column elementor-element elementor-element-8bdcb0f\" data-id=\"8bdcb0f\" data-element_type=\"column\" data-e-type=\"column\">\n\t\t\t<div class=\"elementor-widget-wrap elementor-element-populated\">\n\t\t\t\t\t\t<div class=\"elementor-element elementor-element-ee33618 elementor-widget elementor-widget-shortcode\" data-id=\"ee33618\" data-element_type=\"widget\" data-e-type=\"widget\" data-widget_type=\"shortcode.default\">\n\t\t\t\t<div class=\"elementor-widget-container\">\n\t\t\t\t\t\t\t<div class=\"elementor-shortcode\"><div class=\"facetwp-facet facetwp-facet-search facetwp-type-search\" data-name=\"search\" data-type=\"search\"><\/div><\/div>\n\t\t\t\t\t\t<\/div>\n\t\t\t\t<\/div>\n\t\t\t\t\t<\/div>\n\t\t<\/div>\n\t\t\t\t<div class=\"elementor-column elementor-col-33 elementor-top-column elementor-element elementor-element-4605bb1\" data-id=\"4605bb1\" data-element_type=\"column\" data-e-type=\"column\">\n\t\t\t<div class=\"elementor-widget-wrap elementor-element-populated\">\n\t\t\t\t\t\t<div class=\"elementor-element elementor-element-221360f elementor-widget elementor-widget-shortcode\" data-id=\"221360f\" data-element_type=\"widget\" data-e-type=\"widget\" data-widget_type=\"shortcode.default\">\n\t\t\t\t<div class=\"elementor-widget-container\">\n\t\t\t\t\t\t\t<div class=\"elementor-shortcode\"><div class=\"facetwp-facet facetwp-facet-thmatiques_faq facetwp-type-dropdown\" data-name=\"thmatiques_faq\" data-type=\"dropdown\"><\/div><\/div>\n\t\t\t\t\t\t<\/div>\n\t\t\t\t<\/div>\n\t\t\t\t\t<\/div>\n\t\t<\/div>\n\t\t\t\t<div class=\"elementor-column elementor-col-33 elementor-top-column elementor-element elementor-element-fcc69df\" data-id=\"fcc69df\" data-element_type=\"column\" data-e-type=\"column\">\n\t\t\t<div class=\"elementor-widget-wrap\">\n\t\t\t\t\t\t\t<\/div>\n\t\t<\/div>\n\t\t\t\t\t<\/div>\n\t\t<\/section>\n\t\t\t\t<section class=\"elementor-section elementor-top-section elementor-element elementor-element-2521d05 elementor-section-boxed elementor-section-height-default elementor-section-height-default\" data-id=\"2521d05\" data-element_type=\"section\" data-e-type=\"section\" data-settings=\"{&quot;background_background&quot;:&quot;classic&quot;}\">\n\t\t\t\t\t\t<div class=\"elementor-container elementor-column-gap-default\">\n\t\t\t\t\t<div class=\"elementor-column elementor-col-100 elementor-top-column elementor-element elementor-element-7af4973\" data-id=\"7af4973\" data-element_type=\"column\" data-e-type=\"column\">\n\t\t\t<div class=\"elementor-widget-wrap elementor-element-populated\">\n\t\t\t\t\t\t<div class=\"elementor-element elementor-element-25c7121 elementor-widget elementor-widget-shortcode\" data-id=\"25c7121\" data-element_type=\"widget\" data-e-type=\"widget\" data-widget_type=\"shortcode.default\">\n\t\t\t\t<div class=\"elementor-widget-container\">\n\t\t\t\t\t\t\t<div class=\"elementor-shortcode\">        <div class=\"pbl ptl faqcontainer d-flex\">\n            <div class=\"faqcolumn\">\n                                    <div class=\"card-faq\">\n    <div class=\"top-content-faq\">\n        <div class=\"button-faq flex-container\">\n            <h4 class=\"flex-item-fluid prl\">\u00bfEst\u00e1 abierto el Museo los d\u00edas festivos?<\/h4>\n            <div class=\"plus-button-faq\"><\/div>\n        <\/div>\n    <\/div>\n    <div class=\"text-faq mtl txt-justify\">\n        &#13;\n<p>El Museo est\u00e1 cerrado s\u00f3lo el d\u00eda de Navidad y el fin de semana del Gran Premio en mayo.<\/p>&#13;\n    <\/div>\n<\/div>\n                                    <div class=\"card-faq\">\n    <div class=\"top-content-faq\">\n        <div class=\"button-faq flex-container\">\n            <h4 class=\"flex-item-fluid prl\">\u00bfC\u00f3mo puedo llevar mi cochecito?<\/h4>\n            <div class=\"plus-button-faq\"><\/div>\n        <\/div>\n    <\/div>\n    <div class=\"text-faq mtl txt-justify\">\n        \n<p>S\u00f3lo el nivel -1 es accesible por escaleras, las dem\u00e1s plantas y salas del Museo son accesibles por ascensores.<\/p>\n    <\/div>\n<\/div>\n                                    <div class=\"card-faq\">\n    <div class=\"top-content-faq\">\n        <div class=\"button-faq flex-container\">\n            <h4 class=\"flex-item-fluid prl\">\u00bfA partir de qu\u00e9 edad puede venir mi hijo al Museo?<\/h4>\n            <div class=\"plus-button-faq\"><\/div>\n        <\/div>\n    <\/div>\n    <div class=\"text-faq mtl txt-justify\">\n        \r\n<p>El museo es accesible a todas las edades.<br\/><\/p>\r\n    <\/div>\n<\/div>\n                                    <div class=\"card-faq\">\n    <div class=\"top-content-faq\">\n        <div class=\"button-faq flex-container\">\n            <h4 class=\"flex-item-fluid prl\">\u00bfEn qu\u00e9 aparcamiento debemos aparcar y cu\u00e1les son las tarifas?<\/h4>\n            <div class=\"plus-button-faq\"><\/div>\n        <\/div>\n    <\/div>\n    <div class=\"text-faq mtl txt-justify\">\n        \n<p>El aparcamiento de los pescadores es el m\u00e1s cercano (tome los ascensores) y las tarifas son flexibles seg\u00fan el d\u00eda.<\/p>\n    <\/div>\n<\/div>\n                                    <div class=\"card-faq\">\n    <div class=\"top-content-faq\">\n        <div class=\"button-faq flex-container\">\n            <h4 class=\"flex-item-fluid prl\">\u00bfEs el Museo accesible para las personas con movilidad reducida?<\/h4>\n            <div class=\"plus-button-faq\"><\/div>\n        <\/div>\n    <\/div>\n    <div class=\"text-faq mtl txt-justify\">\n        \n<p>A excepci\u00f3n del nivel -1 (por el que no pueden pasar las sillas de ruedas por el momento), el Museo es accesible para las personas con movilidad reducida. Sus acompa\u00f1antes tienen derecho a la entrada gratuita y deben presentarse en la taquilla o en la entrada para ser recogidos.<\/p>\n    <\/div>\n<\/div>\n                            <\/div>\n            <div class=\"container-btn w100\">\n                <button class=\"fwp-load-more btn btn-mom mrauto mlauto\"><span>Ver m\u00e1s<\/span><\/button>\n                <div class=\"ajax-loader spinner mrauto mlauto\">\n                    <div class=\"double-bounce1\"><\/div>\n                    <div class=\"double-bounce2\"><\/div>\n                <\/div>\n                <script>\n                    (function($) {\n                        $(document).on('click', '.fwp-load-more', function() {\n                            $(this).siblings('.ajax-loader').show();\n                            $(this).hide(); \n                        });\n\n                        $(document).on('facetwp-loaded', function() {\n                            $('.fwp-load-more').siblings('.ajax-loader').hide();        \n                        });  \n                    })(jQuery);\n                <\/script>\n            <\/div>\n        <\/div>\n    <\/div>\n\t\t\t\t\t\t<\/div>\n\t\t\t\t<\/div>\n\t\t\t\t\t<\/div>\n\t\t<\/div>\n\t\t\t\t\t<\/div>\n\t\t<\/section>\n\t\t\t\t<\/div>\n\t\t","protected":false},"excerpt":{"rendered":"<p>PREGUNTAS FRECUENTES Buscar por :<\/p>\n","protected":false},"author":1,"featured_media":0,"parent":0,"menu_order":448,"comment_status":"closed","ping_status":"closed","template":"","meta":{"_acf_changed":false,"footnotes":""},"class_list":["post-23375","page","type-page","status-publish","hentry"],"acf":[],"yoast_head":"<!-- This site is optimized with the Yoast SEO plugin v27.2 - https:\/\/yoast.com\/product\/yoast-seo-wordpress\/ -->\n<title>PREGUNTAS FRECUENTES - Mus\u00e9e Oc\u00e9anographique de Monaco<\/title>\n<meta name=\"description\" content=\"Preg\u00fantenos o consulte nuestras preguntas frecuentes, seguro que encontrar\u00e1 la respuesta a sus dudas.\" \/>\n<meta name=\"robots\" content=\"index, follow, max-snippet:-1, max-image-preview:large, max-video-preview:-1\" \/>\n<link rel=\"canonical\" href=\"https:\/\/musee.oceano.org\/es\/preguntas-frecuentes\/\" \/>\n<meta property=\"og:locale\" content=\"es_ES\" \/>\n<meta property=\"og:type\" content=\"article\" \/>\n<meta property=\"og:title\" content=\"PREGUNTAS FRECUENTES - Mus\u00e9e Oc\u00e9anographique de Monaco\" \/>\n<meta property=\"og:description\" content=\"Preg\u00fantenos o consulte nuestras preguntas frecuentes, seguro que encontrar\u00e1 la respuesta a sus dudas.\" \/>\n<meta property=\"og:url\" content=\"https:\/\/musee.oceano.org\/es\/preguntas-frecuentes\/\" \/>\n<meta property=\"og:site_name\" content=\"Mus\u00e9e Oc\u00e9anographique de Monaco\" \/>\n<meta property=\"article:modified_time\" content=\"2021-06-24T14:13:17+00:00\" \/>\n<meta name=\"twitter:card\" content=\"summary_large_image\" \/>\n<script type=\"application\/ld+json\" class=\"yoast-schema-graph\">{\"@context\":\"https:\/\/schema.org\",\"@graph\":[{\"@type\":\"WebPage\",\"@id\":\"https:\/\/musee.oceano.org\/es\/preguntas-frecuentes\/\",\"url\":\"https:\/\/musee.oceano.org\/es\/preguntas-frecuentes\/\",\"name\":\"PREGUNTAS FRECUENTES - Mus\u00e9e Oc\u00e9anographique de Monaco\",\"isPartOf\":{\"@id\":\"https:\/\/musee.oceano.org\/#website\"},\"datePublished\":\"2021-06-24T14:08:44+00:00\",\"dateModified\":\"2021-06-24T14:13:17+00:00\",\"description\":\"Preg\u00fantenos o consulte nuestras preguntas frecuentes, seguro que encontrar\u00e1 la respuesta a sus dudas.\",\"breadcrumb\":{\"@id\":\"https:\/\/musee.oceano.org\/es\/preguntas-frecuentes\/#breadcrumb\"},\"inLanguage\":\"es\",\"potentialAction\":[{\"@type\":\"ReadAction\",\"target\":[\"https:\/\/musee.oceano.org\/es\/preguntas-frecuentes\/\"]}]},{\"@type\":\"BreadcrumbList\",\"@id\":\"https:\/\/musee.oceano.org\/es\/preguntas-frecuentes\/#breadcrumb\",\"itemListElement\":[{\"@type\":\"ListItem\",\"position\":1,\"name\":\"Home\",\"item\":\"https:\/\/musee.oceano.org\/es\/\"},{\"@type\":\"ListItem\",\"position\":2,\"name\":\"PREGUNTAS FRECUENTES\"}]},{\"@type\":\"WebSite\",\"@id\":\"https:\/\/musee.oceano.org\/#website\",\"url\":\"https:\/\/musee.oceano.org\/\",\"name\":\"Mus\u00e9e Oc\u00e9anographique de Monaco\",\"description\":\"Faire conna\u00eetre, aimer et prot\u00e9ger les oc\u00e9ans\",\"potentialAction\":[{\"@type\":\"SearchAction\",\"target\":{\"@type\":\"EntryPoint\",\"urlTemplate\":\"https:\/\/musee.oceano.org\/?s={search_term_string}\"},\"query-input\":{\"@type\":\"PropertyValueSpecification\",\"valueRequired\":true,\"valueName\":\"search_term_string\"}}],\"inLanguage\":\"es\"}]}<\/script>\n<!-- \/ Yoast SEO plugin. -->","yoast_head_json":{"title":"PREGUNTAS FRECUENTES - Mus\u00e9e Oc\u00e9anographique de Monaco","description":"Preg\u00fantenos o consulte nuestras preguntas frecuentes, seguro que encontrar\u00e1 la respuesta a sus dudas.","robots":{"index":"index","follow":"follow","max-snippet":"max-snippet:-1","max-image-preview":"max-image-preview:large","max-video-preview":"max-video-preview:-1"},"canonical":"https:\/\/musee.oceano.org\/es\/preguntas-frecuentes\/","og_locale":"es_ES","og_type":"article","og_title":"PREGUNTAS FRECUENTES - Mus\u00e9e Oc\u00e9anographique de Monaco","og_description":"Preg\u00fantenos o consulte nuestras preguntas frecuentes, seguro que encontrar\u00e1 la respuesta a sus dudas.","og_url":"https:\/\/musee.oceano.org\/es\/preguntas-frecuentes\/","og_site_name":"Mus\u00e9e Oc\u00e9anographique de Monaco","article_modified_time":"2021-06-24T14:13:17+00:00","twitter_card":"summary_large_image","schema":{"@context":"https:\/\/schema.org","@graph":[{"@type":"WebPage","@id":"https:\/\/musee.oceano.org\/es\/preguntas-frecuentes\/","url":"https:\/\/musee.oceano.org\/es\/preguntas-frecuentes\/","name":"PREGUNTAS FRECUENTES - Mus\u00e9e Oc\u00e9anographique de Monaco","isPartOf":{"@id":"https:\/\/musee.oceano.org\/#website"},"datePublished":"2021-06-24T14:08:44+00:00","dateModified":"2021-06-24T14:13:17+00:00","description":"Preg\u00fantenos o consulte nuestras preguntas frecuentes, seguro que encontrar\u00e1 la respuesta a sus dudas.","breadcrumb":{"@id":"https:\/\/musee.oceano.org\/es\/preguntas-frecuentes\/#breadcrumb"},"inLanguage":"es","potentialAction":[{"@type":"ReadAction","target":["https:\/\/musee.oceano.org\/es\/preguntas-frecuentes\/"]}]},{"@type":"BreadcrumbList","@id":"https:\/\/musee.oceano.org\/es\/preguntas-frecuentes\/#breadcrumb","itemListElement":[{"@type":"ListItem","position":1,"name":"Home","item":"https:\/\/musee.oceano.org\/es\/"},{"@type":"ListItem","position":2,"name":"PREGUNTAS FRECUENTES"}]},{"@type":"WebSite","@id":"https:\/\/musee.oceano.org\/#website","url":"https:\/\/musee.oceano.org\/","name":"Mus\u00e9e Oc\u00e9anographique de Monaco","description":"Faire conna\u00eetre, aimer et prot\u00e9ger les oc\u00e9ans","potentialAction":[{"@type":"SearchAction","target":{"@type":"EntryPoint","urlTemplate":"https:\/\/musee.oceano.org\/?s={search_term_string}"},"query-input":{"@type":"PropertyValueSpecification","valueRequired":true,"valueName":"search_term_string"}}],"inLanguage":"es"}]}},"_links":{"self":[{"href":"https:\/\/musee.oceano.org\/es\/wp-json\/wp\/v2\/pages\/23375","targetHints":{"allow":["GET"]}}],"collection":[{"href":"https:\/\/musee.oceano.org\/es\/wp-json\/wp\/v2\/pages"}],"about":[{"href":"https:\/\/musee.oceano.org\/es\/wp-json\/wp\/v2\/types\/page"}],"author":[{"embeddable":true,"href":"https:\/\/musee.oceano.org\/es\/wp-json\/wp\/v2\/users\/1"}],"replies":[{"embeddable":true,"href":"https:\/\/musee.oceano.org\/es\/wp-json\/wp\/v2\/comments?post=23375"}],"version-history":[{"count":3,"href":"https:\/\/musee.oceano.org\/es\/wp-json\/wp\/v2\/pages\/23375\/revisions"}],"predecessor-version":[{"id":23405,"href":"https:\/\/musee.oceano.org\/es\/wp-json\/wp\/v2\/pages\/23375\/revisions\/23405"}],"wp:attachment":[{"href":"https:\/\/musee.oceano.org\/es\/wp-json\/wp\/v2\/media?parent=23375"}],"curies":[{"name":"wp","href":"https:\/\/api.w.org\/{rel}","templated":true}]}}