{"id":30259,"date":"2021-07-07T11:41:13","date_gmt":"2021-07-07T09:41:13","guid":{"rendered":"https:\/\/musee.oceano.org\/creditos\/"},"modified":"2021-07-07T11:41:58","modified_gmt":"2021-07-07T09:41:58","slug":"creditos","status":"publish","type":"page","link":"https:\/\/musee.oceano.org\/es\/creditos\/","title":{"rendered":"Cr\u00e9ditos"},"content":{"rendered":"\t\t<div data-elementor-type=\"wp-post\" data-elementor-id=\"30259\" class=\"elementor elementor-30259 elementor-4849\" data-elementor-post-type=\"page\">\n\t\t\t\t\t\t<section class=\"elementor-section elementor-top-section elementor-element elementor-element-117832aa elementor-section-full_width elementor-section-height-default elementor-section-height-default\" data-id=\"117832aa\" data-element_type=\"section\" data-e-type=\"section\">\n\t\t\t\t\t\t<div class=\"elementor-container elementor-column-gap-no\">\n\t\t\t\t\t<div class=\"elementor-column elementor-col-100 elementor-top-column elementor-element elementor-element-e90c5e9\" data-id=\"e90c5e9\" data-element_type=\"column\" data-e-type=\"column\">\n\t\t\t<div class=\"elementor-widget-wrap elementor-element-populated\">\n\t\t\t\t\t\t<div class=\"elementor-element elementor-element-1a5eacf9 elementor--h-position-center elementor--v-position-middle elementor-widget elementor-widget-slides\" data-id=\"1a5eacf9\" data-element_type=\"widget\" data-e-type=\"widget\" data-settings=\"{&quot;navigation&quot;:&quot;none&quot;,&quot;transition&quot;:&quot;slide&quot;,&quot;transition_speed&quot;:500}\" data-widget_type=\"slides.default\">\n\t\t\t\t<div class=\"elementor-widget-container\">\n\t\t\t\t\t\t\t\t\t<div class=\"elementor-swiper\">\n\t\t\t\t\t<div class=\"elementor-slides-wrapper elementor-main-swiper swiper\" role=\"region\" aria-roledescription=\"carousel\" aria-label=\"Diapositivas\" dir=\"ltr\" data-animation=\"fadeInUp\">\n\t\t\t\t<div class=\"swiper-wrapper elementor-slides\">\n\t\t\t\t\t\t\t\t\t\t<div class=\"elementor-repeater-item-891be05 swiper-slide\" role=\"group\" aria-roledescription=\"slide\"><div class=\"swiper-slide-bg\" role=\"img\" aria-label=\"u2151\"><\/div><div class=\"swiper-slide-inner\" ><div class=\"swiper-slide-contents\"><h1 class=\"elementor-slide-heading\">Cr\u00e9ditos<\/h1><\/div><\/div><\/div>\t\t\t\t<\/div>\n\t\t\t\t\t\t\t<\/div>\n\t\t\t\t<\/div>\n\t\t\t\t\t\t\t\t<\/div>\n\t\t\t\t<\/div>\n\t\t\t\t\t<\/div>\n\t\t<\/div>\n\t\t\t\t\t<\/div>\n\t\t<\/section>\n\t\t\t\t<section class=\"elementor-section elementor-top-section elementor-element elementor-element-47bbdfe3 elementor-section-full_width elementor-section-height-default elementor-section-height-default\" data-id=\"47bbdfe3\" data-element_type=\"section\" data-e-type=\"section\">\n\t\t\t\t\t\t<div class=\"elementor-container elementor-column-gap-default\">\n\t\t\t\t\t<div class=\"elementor-column elementor-col-100 elementor-top-column elementor-element elementor-element-ebf7cf0\" data-id=\"ebf7cf0\" data-element_type=\"column\" data-e-type=\"column\">\n\t\t\t<div class=\"elementor-widget-wrap elementor-element-populated\">\n\t\t\t\t\t\t<div class=\"elementor-element elementor-element-1839d7dd elementor-widget elementor-widget-ee-breadcrumbs\" data-id=\"1839d7dd\" data-element_type=\"widget\" data-e-type=\"widget\" data-widget_type=\"ee-breadcrumbs.default\">\n\t\t\t\t<div class=\"elementor-widget-container\">\n\t\t\t\t\t<ul class=\"ee-breadcrumbs\" itemscope=\"\" itemtype=\"http:\/\/schema.org\/BreadcrumbList\"><\/ul>\t\t\t\t<\/div>\n\t\t\t\t<\/div>\n\t\t\t\t\t<\/div>\n\t\t<\/div>\n\t\t\t\t\t<\/div>\n\t\t<\/section>\n\t\t\t\t<section class=\"elementor-section elementor-top-section elementor-element elementor-element-1cd1134a elementor-section-full_width elementor-section-height-default elementor-section-height-default\" data-id=\"1cd1134a\" data-element_type=\"section\" data-e-type=\"section\">\n\t\t\t\t\t\t<div class=\"elementor-container elementor-column-gap-default\">\n\t\t\t\t\t<div class=\"elementor-column elementor-col-100 elementor-top-column elementor-element elementor-element-275ee04f\" data-id=\"275ee04f\" data-element_type=\"column\" data-e-type=\"column\">\n\t\t\t<div class=\"elementor-widget-wrap elementor-element-populated\">\n\t\t\t\t\t\t<div class=\"elementor-element elementor-element-42d4e778 elementor-widget elementor-widget-heading\" data-id=\"42d4e778\" data-element_type=\"widget\" data-e-type=\"widget\" data-widget_type=\"heading.default\">\n\t\t\t\t<div class=\"elementor-widget-container\">\n\t\t\t\t\t<h2 class=\"elementor-heading-title elementor-size-default\">Dise\u00f1o del sitio<\/h2>\t\t\t\t<\/div>\n\t\t\t\t<\/div>\n\t\t\t\t\t<\/div>\n\t\t<\/div>\n\t\t\t\t\t<\/div>\n\t\t<\/section>\n\t\t\t\t<section class=\"elementor-section elementor-top-section elementor-element elementor-element-15fd502d elementor-section-boxed elementor-section-height-default elementor-section-height-default\" data-id=\"15fd502d\" data-element_type=\"section\" data-e-type=\"section\">\n\t\t\t\t\t\t<div class=\"elementor-container elementor-column-gap-default\">\n\t\t\t\t\t<div class=\"elementor-column elementor-col-100 elementor-top-column elementor-element elementor-element-4895c3f3\" data-id=\"4895c3f3\" data-element_type=\"column\" data-e-type=\"column\">\n\t\t\t<div class=\"elementor-widget-wrap elementor-element-populated\">\n\t\t\t\t\t\t<div class=\"elementor-element elementor-element-37663506 elementor-widget elementor-widget-text-editor\" data-id=\"37663506\" data-element_type=\"widget\" data-e-type=\"widget\" data-widget_type=\"text-editor.default\">\n\t\t\t\t<div class=\"elementor-widget-container\">\n\t\t\t\t\t\t\t\t\t<p class=\"p1\"><a href=\"https:\/\/www.pix-associates.com\/\" target=\"_blank\" rel=\"noopener\">Pix &amp; Associates<\/a><br \/>16 Avenue Fragonard &#8211; 06100 Niza<br \/>Tel: +33 (0)4 93 87 03 19<\/p>\n\t\t\t\t\t\t\t\t<\/div>\n\t\t\t\t<\/div>\n\t\t\t\t\t<\/div>\n\t\t<\/div>\n\t\t\t\t\t<\/div>\n\t\t<\/section>\n\t\t\t\t<section class=\"elementor-section elementor-top-section elementor-element elementor-element-47fa8a3 elementor-section-full_width elementor-section-height-default elementor-section-height-default\" data-id=\"47fa8a3\" data-element_type=\"section\" data-e-type=\"section\">\n\t\t\t\t\t\t<div class=\"elementor-container elementor-column-gap-default\">\n\t\t\t\t\t<div class=\"elementor-column elementor-col-100 elementor-top-column elementor-element elementor-element-8f4e595\" data-id=\"8f4e595\" data-element_type=\"column\" data-e-type=\"column\">\n\t\t\t<div class=\"elementor-widget-wrap elementor-element-populated\">\n\t\t\t\t\t\t<div class=\"elementor-element elementor-element-28ffa3c elementor-widget elementor-widget-heading\" data-id=\"28ffa3c\" data-element_type=\"widget\" data-e-type=\"widget\" data-widget_type=\"heading.default\">\n\t\t\t\t<div class=\"elementor-widget-container\">\n\t\t\t\t\t<h2 class=\"elementor-heading-title elementor-size-default\">Propiedad intelectual y derechos de autor<\/h2>\t\t\t\t<\/div>\n\t\t\t\t<\/div>\n\t\t\t\t\t<\/div>\n\t\t<\/div>\n\t\t\t\t\t<\/div>\n\t\t<\/section>\n\t\t\t\t<section class=\"elementor-section elementor-top-section elementor-element elementor-element-7b08d11 elementor-section-boxed elementor-section-height-default elementor-section-height-default\" data-id=\"7b08d11\" data-element_type=\"section\" data-e-type=\"section\">\n\t\t\t\t\t\t<div class=\"elementor-container elementor-column-gap-default\">\n\t\t\t\t\t<div class=\"elementor-column elementor-col-100 elementor-top-column elementor-element elementor-element-f59013c\" data-id=\"f59013c\" data-element_type=\"column\" data-e-type=\"column\">\n\t\t\t<div class=\"elementor-widget-wrap elementor-element-populated\">\n\t\t\t\t\t\t<div class=\"elementor-element elementor-element-63e24dd elementor-widget elementor-widget-text-editor\" data-id=\"63e24dd\" data-element_type=\"widget\" data-e-type=\"widget\" data-widget_type=\"text-editor.default\">\n\t\t\t\t<div class=\"elementor-widget-container\">\n\t\t\t\t\t\t\t\t\t<p>El sitio web del \u00abInstitut Oc\u00e9anographique &#8211; Fondation Albert Ier, Prince of Monaco\u00bb est\u00e1 protegido por las disposiciones del C\u00f3digo de la Propiedad Intelectual, en particular por las disposiciones relativas a la propiedad literaria y art\u00edstica, los derechos de autor y la protecci\u00f3n de las bases de datos.<\/p>\n<p>Estos derechos son propiedad exclusiva del \u00abInstitut Oc\u00e9anographique &#8211; Fondation Albert Ier, Prince of Monaco\u00bb.<\/p>\n<p>Los derechos de autor y otros t\u00edtulos de propiedad relativos al Contenido (incluyendo, pero sin limitarse a ello, el software, los elementos de audio y v\u00eddeo, los textos y las fotograf\u00edas) siguen siendo propiedad exclusiva del \u00abInstituto Oceanogr\u00e1fico &#8211; Fundaci\u00f3n Alberto I Pr\u00edncipe de M\u00f3naco\u00bb o de sus licenciatarios. Quedan reservados todos los derechos sobre el Contenido que no se hayan concedido expresamente. A menos que se indique lo contrario, el contenido publicado en este sitio puede ser reproducido o distribuido en forma no modificada s\u00f3lo para uso privado. Queda estrictamente prohibido cualquier otro uso del Contenido, incluyendo, pero sin limitarse a, cualquier distribuci\u00f3n, reproducci\u00f3n, modificaci\u00f3n, traducci\u00f3n, difusi\u00f3n o transmisi\u00f3n sin el consentimiento previo por escrito del \u00abInstituto Oceanogr\u00e1fico &#8211; Fundaci\u00f3n Pr\u00edncipe de M\u00f3naco\u00bb.<\/p>\n<p>Todas las marcas, procesos y t\u00e9cnicas del sitio web del \u00abInstitut Oc\u00e9anographique &#8211; Fondation Albert Ier, Prince de Monaco\u00bb est\u00e1n protegidas por leyes espec\u00edficas y no pueden ser copiadas o utilizadas bajo ninguna circunstancia. En todas las reproducciones debe mantenerse cualquier s\u00edmbolo de copyright o de propiedad.<\/p>\n<p>Todos los textos, comentarios, obras, ilustraciones e im\u00e1genes reproducidos en el sitio web del \u00abInstitut Oc\u00e9anographique &#8211; Fondation Albert Ier, Prince de Monaco\u00bb est\u00e1n reservados por la ley de derechos de autor y de propiedad intelectual para todo el mundo.<\/p>\n<p>El C\u00f3digo de la Propiedad Intelectual s\u00f3lo autoriza, por un lado, las copias o reproducciones estrictamente reservadas al uso privado del copiador y no destinadas a un uso colectivo y, por otro lado, los an\u00e1lisis y las citas breves con fines de ejemplo e ilustraci\u00f3n.<\/p>\n<p>Por lo tanto, cualquier otro uso del Contenido, incluyendo, pero sin limitarse a, cualquier distribuci\u00f3n, reproducci\u00f3n, representaci\u00f3n, modificaci\u00f3n, traducci\u00f3n, difusi\u00f3n o transmisi\u00f3n sin el consentimiento previo por escrito del \u00abInstitut Oc\u00e9anographique &#8211; Fondation Albert Ier, Prince de Monaco\u00bb est\u00e1 estrictamente prohibido bajo pena de acciones legales.<\/p>\n<p>El infractor se expone a sanciones civiles y penales y, en particular, a las sanciones previstas en el C\u00f3digo de la Propiedad Intelectual.<\/p>\n<p><strong>Cr\u00e9ditos fotogr\u00e1ficos de la p\u00e1gina web \u00abInstituto Oceanogr\u00e1fico &#8211; Fundaci\u00f3n Alberto I, Pr\u00edncipe de M\u00f3naco\u00bb :<\/strong><\/p>\n<ul>\n<li>M. Dagnino &#8211; Museo Oceanogr\u00e1fico de M\u00f3naco<\/li>\n<li>F. Pacorel &#8211; Museo Oceanogr\u00e1fico de M\u00f3naco<\/li>\n<li>Cyril Henry &#8211; Instituto Oceanogr\u00e1fico de Par\u00eds<\/li>\n<li>Instituto Oceanogr\u00e1fico de Par\u00eds<\/li>\n<li>Museo Oceanogr\u00e1fico de M\u00f3naco<\/li>\n<\/ul>\n<p>\n<strong>Cr\u00e9ditos del v\u00eddeo de la p\u00e1gina web \u00abInstituto Oceanogr\u00e1fico &#8211; Fundaci\u00f3n Alberto I, Pr\u00edncipe de M\u00f3naco\u00bb:<\/strong><\/p>\n<ul>\n<li>F. Pacorel &#8211; Museo Oceanogr\u00e1fico de M\u00f3naco<\/li>\n<\/ul>\n<p>\n<strong>Cr\u00e9ditos del sitio web \u00abInstituto Oceanogr\u00e1fico &#8211; Fundaci\u00f3n Alberto I, Pr\u00edncipe de M\u00f3naco\u00bb:<\/strong><\/p>\n<ul>\n<li>F. Stagnaro &#8211; Instituto Oceanogr\u00e1fico<\/li>\n<li>M. Barisice &#8211; Instituto Oceanogr\u00e1fico<\/li>\n<li>\u00a9 A. Willm &#8211; Instituto Oceanogr\u00e1fico<\/li>\n<\/ul>\n\t\t\t\t\t\t\t\t<\/div>\n\t\t\t\t<\/div>\n\t\t\t\t\t<\/div>\n\t\t<\/div>\n\t\t\t\t\t<\/div>\n\t\t<\/section>\n\t\t\t\t<section class=\"elementor-section elementor-top-section elementor-element elementor-element-c8344e2 elementor-section-full_width elementor-section-height-default elementor-section-height-default\" data-id=\"c8344e2\" data-element_type=\"section\" data-e-type=\"section\">\n\t\t\t\t\t\t<div class=\"elementor-container elementor-column-gap-default\">\n\t\t\t\t\t<div class=\"elementor-column elementor-col-100 elementor-top-column elementor-element elementor-element-1114341\" data-id=\"1114341\" data-element_type=\"column\" data-e-type=\"column\">\n\t\t\t<div class=\"elementor-widget-wrap elementor-element-populated\">\n\t\t\t\t\t\t<div class=\"elementor-element elementor-element-4e8b412 elementor-widget elementor-widget-heading\" data-id=\"4e8b412\" data-element_type=\"widget\" data-e-type=\"widget\" data-widget_type=\"heading.default\">\n\t\t\t\t<div class=\"elementor-widget-container\">\n\t\t\t\t\t<h2 class=\"elementor-heading-title elementor-size-default\">Software y descargas<\/h2>\t\t\t\t<\/div>\n\t\t\t\t<\/div>\n\t\t\t\t\t<\/div>\n\t\t<\/div>\n\t\t\t\t\t<\/div>\n\t\t<\/section>\n\t\t\t\t<section class=\"elementor-section elementor-top-section elementor-element elementor-element-3e60c58 elementor-section-boxed elementor-section-height-default elementor-section-height-default\" data-id=\"3e60c58\" data-element_type=\"section\" data-e-type=\"section\">\n\t\t\t\t\t\t<div class=\"elementor-container elementor-column-gap-default\">\n\t\t\t\t\t<div class=\"elementor-column elementor-col-100 elementor-top-column elementor-element elementor-element-13f552a\" data-id=\"13f552a\" data-element_type=\"column\" data-e-type=\"column\">\n\t\t\t<div class=\"elementor-widget-wrap elementor-element-populated\">\n\t\t\t\t\t\t<div class=\"elementor-element elementor-element-cbd94bc elementor-widget elementor-widget-text-editor\" data-id=\"cbd94bc\" data-element_type=\"widget\" data-e-type=\"widget\" data-widget_type=\"text-editor.default\">\n\t\t\t\t<div class=\"elementor-widget-container\">\n\t\t\t\t\t\t\t\t\t<p>El software disponible en este sitio web tiene licencia bajo los t\u00e9rminos del acuerdo de licencia aplicable. Salvo que se estipule lo contrario en el acuerdo de licencia aplicable, el software se pone a disposici\u00f3n \u00fanicamente de los usuarios finales y cualquier otra copia, reproducci\u00f3n o redistribuci\u00f3n del software est\u00e1 estrictamente prohibida. En su caso, las garant\u00edas con respecto al software se aplicar\u00e1n \u00fanicamente de acuerdo con los t\u00e9rminos del contrato de licencia aplicable. El \u00abInstitut Oc\u00e9anographique &#8211; Fondation Albert Ier, Prince de Monaco\u00bb no proporciona ninguna garant\u00eda de ning\u00fan tipo, expresa o impl\u00edcita, en particular que este software sea de calidad comercial, adecuado para un uso particular o que pueda utilizarse sin infringir los derechos de un tercero.<\/p>\n\t\t\t\t\t\t\t\t<\/div>\n\t\t\t\t<\/div>\n\t\t\t\t\t<\/div>\n\t\t<\/div>\n\t\t\t\t\t<\/div>\n\t\t<\/section>\n\t\t\t\t<\/div>\n\t\t","protected":false},"excerpt":{"rendered":"<p>Cr\u00e9ditos Dise\u00f1o del sitio Pix &amp; Associates16 Avenue Fragonard &#8211; 06100 NizaTel: +33 (0)4 93 87 03 19 Propiedad intelectual y derechos de autor El sitio web del \u00abInstitut Oc\u00e9anographique &#8211; Fondation Albert Ier, Prince of Monaco\u00bb est\u00e1 protegido por las disposiciones del C\u00f3digo de la Propiedad Intelectual, en particular por las disposiciones relativas a [&hellip;]<\/p>\n","protected":false},"author":1,"featured_media":0,"parent":0,"menu_order":432,"comment_status":"closed","ping_status":"closed","template":"","meta":{"_acf_changed":false,"footnotes":""},"class_list":["post-30259","page","type-page","status-publish","hentry"],"acf":[],"yoast_head":"<!-- This site is optimized with the Yoast SEO plugin v27.2 - https:\/\/yoast.com\/product\/yoast-seo-wordpress\/ -->\n<title>Cr\u00e9ditos - Mus\u00e9e Oc\u00e9anographique de Monaco<\/title>\n<meta name=\"description\" content=\"Consulte las disposiciones del C\u00f3digo de la Propiedad Intelectual, en particular las relativas a la propiedad literaria y art\u00edstica, los derechos de autor y la protecci\u00f3n de las bases de datos.\" \/>\n<meta name=\"robots\" content=\"index, follow, max-snippet:-1, max-image-preview:large, max-video-preview:-1\" \/>\n<link rel=\"canonical\" href=\"https:\/\/musee.oceano.org\/es\/creditos\/\" \/>\n<meta property=\"og:locale\" content=\"es_ES\" \/>\n<meta property=\"og:type\" content=\"article\" \/>\n<meta property=\"og:title\" content=\"Cr\u00e9ditos - Mus\u00e9e Oc\u00e9anographique de Monaco\" \/>\n<meta property=\"og:description\" content=\"Consulte las disposiciones del C\u00f3digo de la Propiedad Intelectual, en particular las relativas a la propiedad literaria y art\u00edstica, los derechos de autor y la protecci\u00f3n de las bases de datos.\" \/>\n<meta property=\"og:url\" content=\"https:\/\/musee.oceano.org\/es\/creditos\/\" \/>\n<meta property=\"og:site_name\" content=\"Mus\u00e9e Oc\u00e9anographique de Monaco\" \/>\n<meta property=\"article:modified_time\" content=\"2021-07-07T09:41:58+00:00\" \/>\n<meta name=\"twitter:card\" content=\"summary_large_image\" \/>\n<meta name=\"twitter:label1\" content=\"Tiempo de lectura\" \/>\n\t<meta name=\"twitter:data1\" content=\"4 minutos\" \/>\n<script type=\"application\/ld+json\" class=\"yoast-schema-graph\">{\"@context\":\"https:\/\/schema.org\",\"@graph\":[{\"@type\":\"WebPage\",\"@id\":\"https:\/\/musee.oceano.org\/es\/creditos\/\",\"url\":\"https:\/\/musee.oceano.org\/es\/creditos\/\",\"name\":\"Cr\u00e9ditos - Mus\u00e9e Oc\u00e9anographique de Monaco\",\"isPartOf\":{\"@id\":\"https:\/\/musee.oceano.org\/#website\"},\"datePublished\":\"2021-07-07T09:41:13+00:00\",\"dateModified\":\"2021-07-07T09:41:58+00:00\",\"description\":\"Consulte las disposiciones del C\u00f3digo de la Propiedad Intelectual, en particular las relativas a la propiedad literaria y art\u00edstica, los derechos de autor y la protecci\u00f3n de las bases de datos.\",\"breadcrumb\":{\"@id\":\"https:\/\/musee.oceano.org\/es\/creditos\/#breadcrumb\"},\"inLanguage\":\"es\",\"potentialAction\":[{\"@type\":\"ReadAction\",\"target\":[\"https:\/\/musee.oceano.org\/es\/creditos\/\"]}]},{\"@type\":\"BreadcrumbList\",\"@id\":\"https:\/\/musee.oceano.org\/es\/creditos\/#breadcrumb\",\"itemListElement\":[{\"@type\":\"ListItem\",\"position\":1,\"name\":\"Home\",\"item\":\"https:\/\/musee.oceano.org\/es\/\"},{\"@type\":\"ListItem\",\"position\":2,\"name\":\"Cr\u00e9ditos\"}]},{\"@type\":\"WebSite\",\"@id\":\"https:\/\/musee.oceano.org\/#website\",\"url\":\"https:\/\/musee.oceano.org\/\",\"name\":\"Mus\u00e9e Oc\u00e9anographique de Monaco\",\"description\":\"Faire conna\u00eetre, aimer et prot\u00e9ger les oc\u00e9ans\",\"potentialAction\":[{\"@type\":\"SearchAction\",\"target\":{\"@type\":\"EntryPoint\",\"urlTemplate\":\"https:\/\/musee.oceano.org\/?s={search_term_string}\"},\"query-input\":{\"@type\":\"PropertyValueSpecification\",\"valueRequired\":true,\"valueName\":\"search_term_string\"}}],\"inLanguage\":\"es\"}]}<\/script>\n<!-- \/ Yoast SEO plugin. -->","yoast_head_json":{"title":"Cr\u00e9ditos - Mus\u00e9e Oc\u00e9anographique de Monaco","description":"Consulte las disposiciones del C\u00f3digo de la Propiedad Intelectual, en particular las relativas a la propiedad literaria y art\u00edstica, los derechos de autor y la protecci\u00f3n de las bases de datos.","robots":{"index":"index","follow":"follow","max-snippet":"max-snippet:-1","max-image-preview":"max-image-preview:large","max-video-preview":"max-video-preview:-1"},"canonical":"https:\/\/musee.oceano.org\/es\/creditos\/","og_locale":"es_ES","og_type":"article","og_title":"Cr\u00e9ditos - Mus\u00e9e Oc\u00e9anographique de Monaco","og_description":"Consulte las disposiciones del C\u00f3digo de la Propiedad Intelectual, en particular las relativas a la propiedad literaria y art\u00edstica, los derechos de autor y la protecci\u00f3n de las bases de datos.","og_url":"https:\/\/musee.oceano.org\/es\/creditos\/","og_site_name":"Mus\u00e9e Oc\u00e9anographique de Monaco","article_modified_time":"2021-07-07T09:41:58+00:00","twitter_card":"summary_large_image","twitter_misc":{"Tiempo de lectura":"4 minutos"},"schema":{"@context":"https:\/\/schema.org","@graph":[{"@type":"WebPage","@id":"https:\/\/musee.oceano.org\/es\/creditos\/","url":"https:\/\/musee.oceano.org\/es\/creditos\/","name":"Cr\u00e9ditos - Mus\u00e9e Oc\u00e9anographique de Monaco","isPartOf":{"@id":"https:\/\/musee.oceano.org\/#website"},"datePublished":"2021-07-07T09:41:13+00:00","dateModified":"2021-07-07T09:41:58+00:00","description":"Consulte las disposiciones del C\u00f3digo de la Propiedad Intelectual, en particular las relativas a la propiedad literaria y art\u00edstica, los derechos de autor y la protecci\u00f3n de las bases de datos.","breadcrumb":{"@id":"https:\/\/musee.oceano.org\/es\/creditos\/#breadcrumb"},"inLanguage":"es","potentialAction":[{"@type":"ReadAction","target":["https:\/\/musee.oceano.org\/es\/creditos\/"]}]},{"@type":"BreadcrumbList","@id":"https:\/\/musee.oceano.org\/es\/creditos\/#breadcrumb","itemListElement":[{"@type":"ListItem","position":1,"name":"Home","item":"https:\/\/musee.oceano.org\/es\/"},{"@type":"ListItem","position":2,"name":"Cr\u00e9ditos"}]},{"@type":"WebSite","@id":"https:\/\/musee.oceano.org\/#website","url":"https:\/\/musee.oceano.org\/","name":"Mus\u00e9e Oc\u00e9anographique de Monaco","description":"Faire conna\u00eetre, aimer et prot\u00e9ger les oc\u00e9ans","potentialAction":[{"@type":"SearchAction","target":{"@type":"EntryPoint","urlTemplate":"https:\/\/musee.oceano.org\/?s={search_term_string}"},"query-input":{"@type":"PropertyValueSpecification","valueRequired":true,"valueName":"search_term_string"}}],"inLanguage":"es"}]}},"_links":{"self":[{"href":"https:\/\/musee.oceano.org\/es\/wp-json\/wp\/v2\/pages\/30259","targetHints":{"allow":["GET"]}}],"collection":[{"href":"https:\/\/musee.oceano.org\/es\/wp-json\/wp\/v2\/pages"}],"about":[{"href":"https:\/\/musee.oceano.org\/es\/wp-json\/wp\/v2\/types\/page"}],"author":[{"embeddable":true,"href":"https:\/\/musee.oceano.org\/es\/wp-json\/wp\/v2\/users\/1"}],"replies":[{"embeddable":true,"href":"https:\/\/musee.oceano.org\/es\/wp-json\/wp\/v2\/comments?post=30259"}],"version-history":[{"count":3,"href":"https:\/\/musee.oceano.org\/es\/wp-json\/wp\/v2\/pages\/30259\/revisions"}],"predecessor-version":[{"id":30269,"href":"https:\/\/musee.oceano.org\/es\/wp-json\/wp\/v2\/pages\/30259\/revisions\/30269"}],"wp:attachment":[{"href":"https:\/\/musee.oceano.org\/es\/wp-json\/wp\/v2\/media?parent=30259"}],"curies":[{"name":"wp","href":"https:\/\/api.w.org\/{rel}","templated":true}]}}