{"id":30431,"date":"2021-07-07T11:51:06","date_gmt":"2021-07-07T09:51:06","guid":{"rendered":"https:\/\/musee.oceano.org\/condiciones-de-uso\/"},"modified":"2021-07-07T11:51:07","modified_gmt":"2021-07-07T09:51:07","slug":"condiciones-de-uso","status":"publish","type":"page","link":"https:\/\/musee.oceano.org\/es\/condiciones-de-uso\/","title":{"rendered":"Condiciones de uso"},"content":{"rendered":"\t\t<div data-elementor-type=\"wp-post\" data-elementor-id=\"30431\" class=\"elementor elementor-30431 elementor-4844\" data-elementor-post-type=\"page\">\n\t\t\t\t\t\t<section class=\"elementor-section elementor-top-section elementor-element elementor-element-117832aa elementor-section-full_width elementor-section-height-default elementor-section-height-default\" data-id=\"117832aa\" data-element_type=\"section\" data-e-type=\"section\">\n\t\t\t\t\t\t<div class=\"elementor-container elementor-column-gap-no\">\n\t\t\t\t\t<div class=\"elementor-column elementor-col-100 elementor-top-column elementor-element elementor-element-e90c5e9\" data-id=\"e90c5e9\" data-element_type=\"column\" data-e-type=\"column\">\n\t\t\t<div class=\"elementor-widget-wrap elementor-element-populated\">\n\t\t\t\t\t\t<div class=\"elementor-element elementor-element-1a5eacf9 elementor--h-position-center elementor--v-position-middle elementor-widget elementor-widget-slides\" data-id=\"1a5eacf9\" data-element_type=\"widget\" data-e-type=\"widget\" data-settings=\"{&quot;navigation&quot;:&quot;none&quot;,&quot;transition&quot;:&quot;slide&quot;,&quot;transition_speed&quot;:500}\" data-widget_type=\"slides.default\">\n\t\t\t\t<div class=\"elementor-widget-container\">\n\t\t\t\t\t\t\t\t\t<div class=\"elementor-swiper\">\n\t\t\t\t\t<div class=\"elementor-slides-wrapper elementor-main-swiper swiper\" role=\"region\" aria-roledescription=\"carousel\" aria-label=\"Diapositivas\" dir=\"ltr\" data-animation=\"fadeInUp\">\n\t\t\t\t<div class=\"swiper-wrapper elementor-slides\">\n\t\t\t\t\t\t\t\t\t\t<div class=\"elementor-repeater-item-891be05 swiper-slide\" role=\"group\" aria-roledescription=\"slide\"><div class=\"swiper-slide-bg\" role=\"img\" aria-label=\"u2151\"><\/div><div class=\"swiper-slide-inner\" ><div class=\"swiper-slide-contents\"><h1 class=\"elementor-slide-heading\">Condiciones de uso<\/h1><\/div><\/div><\/div>\t\t\t\t<\/div>\n\t\t\t\t\t\t\t<\/div>\n\t\t\t\t<\/div>\n\t\t\t\t\t\t\t\t<\/div>\n\t\t\t\t<\/div>\n\t\t\t\t\t<\/div>\n\t\t<\/div>\n\t\t\t\t\t<\/div>\n\t\t<\/section>\n\t\t\t\t<section class=\"elementor-section elementor-top-section elementor-element elementor-element-47bbdfe3 elementor-section-full_width elementor-section-height-default elementor-section-height-default\" data-id=\"47bbdfe3\" data-element_type=\"section\" data-e-type=\"section\">\n\t\t\t\t\t\t<div class=\"elementor-container elementor-column-gap-default\">\n\t\t\t\t\t<div class=\"elementor-column elementor-col-100 elementor-top-column elementor-element elementor-element-ebf7cf0\" data-id=\"ebf7cf0\" data-element_type=\"column\" data-e-type=\"column\">\n\t\t\t<div class=\"elementor-widget-wrap elementor-element-populated\">\n\t\t\t\t\t\t<div class=\"elementor-element elementor-element-1839d7dd elementor-widget elementor-widget-ee-breadcrumbs\" data-id=\"1839d7dd\" data-element_type=\"widget\" data-e-type=\"widget\" data-widget_type=\"ee-breadcrumbs.default\">\n\t\t\t\t<div class=\"elementor-widget-container\">\n\t\t\t\t\t<ul class=\"ee-breadcrumbs\" itemscope=\"\" itemtype=\"http:\/\/schema.org\/BreadcrumbList\"><\/ul>\t\t\t\t<\/div>\n\t\t\t\t<\/div>\n\t\t\t\t\t<\/div>\n\t\t<\/div>\n\t\t\t\t\t<\/div>\n\t\t<\/section>\n\t\t\t\t<section class=\"elementor-section elementor-top-section elementor-element elementor-element-1cd1134a elementor-section-full_width elementor-section-height-default elementor-section-height-default\" data-id=\"1cd1134a\" data-element_type=\"section\" data-e-type=\"section\">\n\t\t\t\t\t\t<div class=\"elementor-container elementor-column-gap-default\">\n\t\t\t\t\t<div class=\"elementor-column elementor-col-100 elementor-top-column elementor-element elementor-element-275ee04f\" data-id=\"275ee04f\" data-element_type=\"column\" data-e-type=\"column\">\n\t\t\t<div class=\"elementor-widget-wrap elementor-element-populated\">\n\t\t\t\t\t\t<div class=\"elementor-element elementor-element-42d4e778 elementor-widget elementor-widget-heading\" data-id=\"42d4e778\" data-element_type=\"widget\" data-e-type=\"widget\" data-widget_type=\"heading.default\">\n\t\t\t\t<div class=\"elementor-widget-container\">\n\t\t\t\t\t<h2 class=\"elementor-heading-title elementor-size-default\">Responsabilidad<\/h2>\t\t\t\t<\/div>\n\t\t\t\t<\/div>\n\t\t\t\t\t<\/div>\n\t\t<\/div>\n\t\t\t\t\t<\/div>\n\t\t<\/section>\n\t\t\t\t<section class=\"elementor-section elementor-top-section elementor-element elementor-element-15fd502d elementor-section-boxed elementor-section-height-default elementor-section-height-default\" data-id=\"15fd502d\" data-element_type=\"section\" data-e-type=\"section\">\n\t\t\t\t\t\t<div class=\"elementor-container elementor-column-gap-default\">\n\t\t\t\t\t<div class=\"elementor-column elementor-col-100 elementor-top-column elementor-element elementor-element-4895c3f3\" data-id=\"4895c3f3\" data-element_type=\"column\" data-e-type=\"column\">\n\t\t\t<div class=\"elementor-widget-wrap elementor-element-populated\">\n\t\t\t\t\t\t<div class=\"elementor-element elementor-element-37663506 elementor-widget elementor-widget-text-editor\" data-id=\"37663506\" data-element_type=\"widget\" data-e-type=\"widget\" data-widget_type=\"text-editor.default\">\n\t\t\t\t<div class=\"elementor-widget-container\">\n\t\t\t\t\t\t\t\t\t<p><strong>M<\/strong>pesar del cuidado que el \u00abInstitut Oc\u00e9anographique &#8211; Fondation Albert I, Prince de Monaco\u00bb ha puesto en el desarrollo y la actualizaci\u00f3n de su sitio web con respecto a la exactitud, la precisi\u00f3n y la exhaustividad de la informaci\u00f3n proporcionada en \u00e9l, el \u00abInstitut Oc\u00e9anographique &#8211; Fondation Albert I, Prince de Monaco\u00bb no se hace responsable de ninguna informaci\u00f3n inexacta. El \u00abInstitut Oc\u00e9anographique &#8211; Fondation Albert I, Prince of Monaco\u00bb declina toda responsabilidad por cualquier error, inexactitud u omisi\u00f3n que afecte a esta informaci\u00f3n.<\/p>\n<p>La informaci\u00f3n y los datos contenidos en el Sitio se proporcionan \u00fanicamente con fines informativos. El \u00abInstitut Oc\u00e9anographique &#8211; Fondation Albert I, Prince of Monaco\u00bb declina toda responsabilidad por estos contenidos y su uso.  <br \/><strong>El \u00abInstitut Oc\u00e9anographique &#8211; Fondation Albert I, Prince of Monaco\u00bb<\/strong> se reserva el derecho de modificar, interrumpir temporal o definitivamente la totalidad o parte del sitio web sin previo aviso. Los cambios ser\u00e1n aplicables tan pronto como se publiquen en este sitio web.<\/p>\n<p>Todo el contenido se proporciona \u00abtal cual\u00bb y \u00abseg\u00fan disponibilidad\u00bb. El \u00abInstitut Oc\u00e9anographique &#8211; Fondation Albert I, Prince of Monaco\u00bb no proporciona ninguna garant\u00eda de ning\u00fan tipo, expresa o impl\u00edcita, incluyendo pero no limit\u00e1ndose a cualquier garant\u00eda de que todos los productos y servicios est\u00e1n disponibles, son de calidad comercial, son apropiados para un uso particular, pueden ser utilizados sin infringir los derechos de un tercero, ni ninguna garant\u00eda relativa al funcionamiento de este sitio en s\u00ed o su contenido.<\/p>\n<p>El \u00abInstitut Oc\u00e9anographique &#8211; Fondation Albert Ier, Prince of Monaco\u00bb no podr\u00e1 ser considerado responsable ante usted o ante terceros por cualquier modificaci\u00f3n, interrupci\u00f3n, suspensi\u00f3n o supresi\u00f3n del sitio web.  <br \/>El \u00abInstitut<strong> Oc\u00e9anographique<\/strong> &#8211; Fondation Albert Ier, Prince de Monaco\u00bb no garantiza la seguridad de este sitio, a menos que el \u00abInstitut Oc\u00e9anographique &#8211; Fondation Albert Ier, Prince de Monaco\u00bb haya especificado que una funci\u00f3n particular sea codificada. Aparte de este caso concreto, se advierte al usuario de que cualquier informaci\u00f3n que env\u00ede es susceptible de ser interceptada por un tercero. El \u00abInstitut Oc\u00e9anographique &#8211; Fondation Albert Ier, Prince de Monaco\u00bb no garantiza que este sitio o los servidores que dan acceso a este sitio o que las comunicaciones electr\u00f3nicas enviadas por el \u00abInstitut Oc\u00e9anographique &#8211; Fondation Albert Ier, Prince de Monaco\u00bb est\u00e9n libres de virus u otros elementos destructivos.<\/p>\n<p><strong>S<\/strong>A reserva de las disposiciones legales y reglamentarias aplicables, el \u00abInstitut Oc\u00e9anographique &#8211; Fondation Albert I, Prince of Monaco\u00bb no podr\u00e1 ser considerado responsable de cualquier da\u00f1o directo o indirecto, en particular, pero no exclusivamente, de la p\u00e9rdida de beneficios, de clientes, de datos o de activos inmateriales que pueda producirse como consecuencia de la utilizaci\u00f3n o de la imposibilidad de utilizaci\u00f3n del Sitio Web, y m\u00e1s generalmente, de cualquier acontecimiento vinculado al Sitio Web y\/o a cualquier sitio de terceros. En particular, el \u00abInstitut Oc\u00e9anographique &#8211; Fondation Albert I, Prince of Monaco\u00bb no ser\u00e1 responsable en caso de pirater\u00eda total o parcial del Sitio y de los da\u00f1os que esta pirater\u00eda pueda causar a un usuario o a un tercero.<\/p>\n<p>El<strong>uso<\/strong> del Sitio se realiza por cuenta y riesgo del usuario. En ning\u00fan caso, el \u00abInstitut Oc\u00e9anographique &#8211; Fondation Albert Ier, Prince de Monaco\u00bb y\/o sus filiales ser\u00e1n responsables de cualquier da\u00f1o indirecto, incidental o moral resultante, causado o vinculado al uso o a la imposibilidad de utilizar este sitio o su contenido, incluso si el \u00abInstitut Oc\u00e9anographique &#8211; Fondation Albert Ier, Prince de Monaco\u00bb ha sido informado de la posibilidad de tales da\u00f1os. Cualquier acci\u00f3n por parte de un usuario en relaci\u00f3n con este sitio deber\u00e1 presentarse en el plazo de un a\u00f1o a partir de la fecha en que se produjo la causa del da\u00f1o.  <br \/>Este sitio puede dar acceso a otros sitios web que no est\u00e1n bajo el control del \u00abInstituto Oceanogr\u00e1fico &#8211; Fundaci\u00f3n Alberto I Pr\u00edncipe de M\u00f3naco\u00bb. El \u00abInstitut Oc\u00e9anographique &#8211; Fondation Albert I, Prince of Monaco\u00bb no se hace responsable en modo alguno del contenido de otros sitios web. El \u00abInstitut Oc\u00e9anographique &#8211; Fondation Albert I, Prince de Monaco\u00bb propone dichos enlaces \u00fanicamente para la comodidad del usuario de este sitio y la inclusi\u00f3n de un enlace a cualquier otro sitio web no implica que el \u00abInstitut Oc\u00e9anographique &#8211; Fondation Albert I, Prince de Monaco\u00bb apruebe el contenido de estos sitios.<\/p>\n\t\t\t\t\t\t\t\t<\/div>\n\t\t\t\t<\/div>\n\t\t\t\t\t<\/div>\n\t\t<\/div>\n\t\t\t\t\t<\/div>\n\t\t<\/section>\n\t\t\t\t<\/div>\n\t\t","protected":false},"excerpt":{"rendered":"<p>Condiciones de uso Responsabilidad Mpesar del cuidado que el \u00abInstitut Oc\u00e9anographique &#8211; Fondation Albert I, Prince de Monaco\u00bb ha puesto en el desarrollo y la actualizaci\u00f3n de su sitio web con respecto a la exactitud, la precisi\u00f3n y la exhaustividad de la informaci\u00f3n proporcionada en \u00e9l, el \u00abInstitut Oc\u00e9anographique &#8211; Fondation Albert I, Prince de [&hellip;]<\/p>\n","protected":false},"author":1,"featured_media":0,"parent":0,"menu_order":431,"comment_status":"closed","ping_status":"closed","template":"","meta":{"_acf_changed":false,"footnotes":""},"class_list":["post-30431","page","type-page","status-publish","hentry"],"acf":[],"yoast_head":"<!-- This site is optimized with the Yoast SEO plugin v27.2 - https:\/\/yoast.com\/product\/yoast-seo-wordpress\/ -->\n<title>Condiciones de uso - Mus\u00e9e Oc\u00e9anographique de Monaco<\/title>\n<meta name=\"description\" content=\"Consulte nuestras condiciones generales de uso.\" \/>\n<meta name=\"robots\" content=\"index, follow, max-snippet:-1, max-image-preview:large, max-video-preview:-1\" \/>\n<link rel=\"canonical\" href=\"https:\/\/musee.oceano.org\/es\/condiciones-de-uso\/\" \/>\n<meta property=\"og:locale\" content=\"es_ES\" \/>\n<meta property=\"og:type\" content=\"article\" \/>\n<meta property=\"og:title\" content=\"Condiciones de uso - Mus\u00e9e Oc\u00e9anographique de Monaco\" \/>\n<meta property=\"og:description\" content=\"Consulte nuestras condiciones generales de uso.\" \/>\n<meta property=\"og:url\" content=\"https:\/\/musee.oceano.org\/es\/condiciones-de-uso\/\" \/>\n<meta property=\"og:site_name\" content=\"Mus\u00e9e Oc\u00e9anographique de Monaco\" \/>\n<meta property=\"article:modified_time\" content=\"2021-07-07T09:51:07+00:00\" \/>\n<meta name=\"twitter:card\" content=\"summary_large_image\" \/>\n<meta name=\"twitter:label1\" content=\"Tiempo de lectura\" \/>\n\t<meta name=\"twitter:data1\" content=\"4 minutos\" \/>\n<script type=\"application\/ld+json\" class=\"yoast-schema-graph\">{\"@context\":\"https:\/\/schema.org\",\"@graph\":[{\"@type\":\"WebPage\",\"@id\":\"https:\/\/musee.oceano.org\/es\/condiciones-de-uso\/\",\"url\":\"https:\/\/musee.oceano.org\/es\/condiciones-de-uso\/\",\"name\":\"Condiciones de uso - Mus\u00e9e Oc\u00e9anographique de Monaco\",\"isPartOf\":{\"@id\":\"https:\/\/musee.oceano.org\/#website\"},\"datePublished\":\"2021-07-07T09:51:06+00:00\",\"dateModified\":\"2021-07-07T09:51:07+00:00\",\"description\":\"Consulte nuestras condiciones generales de uso.\",\"breadcrumb\":{\"@id\":\"https:\/\/musee.oceano.org\/es\/condiciones-de-uso\/#breadcrumb\"},\"inLanguage\":\"es\",\"potentialAction\":[{\"@type\":\"ReadAction\",\"target\":[\"https:\/\/musee.oceano.org\/es\/condiciones-de-uso\/\"]}]},{\"@type\":\"BreadcrumbList\",\"@id\":\"https:\/\/musee.oceano.org\/es\/condiciones-de-uso\/#breadcrumb\",\"itemListElement\":[{\"@type\":\"ListItem\",\"position\":1,\"name\":\"Home\",\"item\":\"https:\/\/musee.oceano.org\/es\/\"},{\"@type\":\"ListItem\",\"position\":2,\"name\":\"Condiciones de uso\"}]},{\"@type\":\"WebSite\",\"@id\":\"https:\/\/musee.oceano.org\/#website\",\"url\":\"https:\/\/musee.oceano.org\/\",\"name\":\"Mus\u00e9e Oc\u00e9anographique de Monaco\",\"description\":\"Faire conna\u00eetre, aimer et prot\u00e9ger les oc\u00e9ans\",\"potentialAction\":[{\"@type\":\"SearchAction\",\"target\":{\"@type\":\"EntryPoint\",\"urlTemplate\":\"https:\/\/musee.oceano.org\/?s={search_term_string}\"},\"query-input\":{\"@type\":\"PropertyValueSpecification\",\"valueRequired\":true,\"valueName\":\"search_term_string\"}}],\"inLanguage\":\"es\"}]}<\/script>\n<!-- \/ Yoast SEO plugin. -->","yoast_head_json":{"title":"Condiciones de uso - Mus\u00e9e Oc\u00e9anographique de Monaco","description":"Consulte nuestras condiciones generales de uso.","robots":{"index":"index","follow":"follow","max-snippet":"max-snippet:-1","max-image-preview":"max-image-preview:large","max-video-preview":"max-video-preview:-1"},"canonical":"https:\/\/musee.oceano.org\/es\/condiciones-de-uso\/","og_locale":"es_ES","og_type":"article","og_title":"Condiciones de uso - Mus\u00e9e Oc\u00e9anographique de Monaco","og_description":"Consulte nuestras condiciones generales de uso.","og_url":"https:\/\/musee.oceano.org\/es\/condiciones-de-uso\/","og_site_name":"Mus\u00e9e Oc\u00e9anographique de Monaco","article_modified_time":"2021-07-07T09:51:07+00:00","twitter_card":"summary_large_image","twitter_misc":{"Tiempo de lectura":"4 minutos"},"schema":{"@context":"https:\/\/schema.org","@graph":[{"@type":"WebPage","@id":"https:\/\/musee.oceano.org\/es\/condiciones-de-uso\/","url":"https:\/\/musee.oceano.org\/es\/condiciones-de-uso\/","name":"Condiciones de uso - Mus\u00e9e Oc\u00e9anographique de Monaco","isPartOf":{"@id":"https:\/\/musee.oceano.org\/#website"},"datePublished":"2021-07-07T09:51:06+00:00","dateModified":"2021-07-07T09:51:07+00:00","description":"Consulte nuestras condiciones generales de uso.","breadcrumb":{"@id":"https:\/\/musee.oceano.org\/es\/condiciones-de-uso\/#breadcrumb"},"inLanguage":"es","potentialAction":[{"@type":"ReadAction","target":["https:\/\/musee.oceano.org\/es\/condiciones-de-uso\/"]}]},{"@type":"BreadcrumbList","@id":"https:\/\/musee.oceano.org\/es\/condiciones-de-uso\/#breadcrumb","itemListElement":[{"@type":"ListItem","position":1,"name":"Home","item":"https:\/\/musee.oceano.org\/es\/"},{"@type":"ListItem","position":2,"name":"Condiciones de uso"}]},{"@type":"WebSite","@id":"https:\/\/musee.oceano.org\/#website","url":"https:\/\/musee.oceano.org\/","name":"Mus\u00e9e Oc\u00e9anographique de Monaco","description":"Faire conna\u00eetre, aimer et prot\u00e9ger les oc\u00e9ans","potentialAction":[{"@type":"SearchAction","target":{"@type":"EntryPoint","urlTemplate":"https:\/\/musee.oceano.org\/?s={search_term_string}"},"query-input":{"@type":"PropertyValueSpecification","valueRequired":true,"valueName":"search_term_string"}}],"inLanguage":"es"}]}},"_links":{"self":[{"href":"https:\/\/musee.oceano.org\/es\/wp-json\/wp\/v2\/pages\/30431","targetHints":{"allow":["GET"]}}],"collection":[{"href":"https:\/\/musee.oceano.org\/es\/wp-json\/wp\/v2\/pages"}],"about":[{"href":"https:\/\/musee.oceano.org\/es\/wp-json\/wp\/v2\/types\/page"}],"author":[{"embeddable":true,"href":"https:\/\/musee.oceano.org\/es\/wp-json\/wp\/v2\/users\/1"}],"replies":[{"embeddable":true,"href":"https:\/\/musee.oceano.org\/es\/wp-json\/wp\/v2\/comments?post=30431"}],"version-history":[{"count":3,"href":"https:\/\/musee.oceano.org\/es\/wp-json\/wp\/v2\/pages\/30431\/revisions"}],"predecessor-version":[{"id":30434,"href":"https:\/\/musee.oceano.org\/es\/wp-json\/wp\/v2\/pages\/30431\/revisions\/30434"}],"wp:attachment":[{"href":"https:\/\/musee.oceano.org\/es\/wp-json\/wp\/v2\/media?parent=30431"}],"curies":[{"name":"wp","href":"https:\/\/api.w.org\/{rel}","templated":true}]}}