{"id":41170,"date":"2022-05-17T15:01:55","date_gmt":"2022-05-17T13:01:55","guid":{"rendered":"https:\/\/musee.oceano.org\/la-tribune-de-melanie-laurent\/"},"modified":"2022-05-18T11:21:44","modified_gmt":"2022-05-18T09:21:44","slug":"columna-de-melanie-laurent","status":"publish","type":"page","link":"https:\/\/musee.oceano.org\/es\/columna-de-melanie-laurent\/","title":{"rendered":"Columna de M\u00e9lanie Laurent"},"content":{"rendered":"\t\t<div data-elementor-type=\"wp-page\" data-elementor-id=\"41170\" class=\"elementor elementor-41170 elementor-40360\" data-elementor-post-type=\"page\">\n\t\t\t\t\t\t<section class=\"elementor-section elementor-top-section elementor-element elementor-element-61429212 elementor-section-full_width elementor-section-height-default elementor-section-height-default\" data-id=\"61429212\" data-element_type=\"section\" data-e-type=\"section\">\n\t\t\t\t\t\t<div class=\"elementor-container elementor-column-gap-no\">\n\t\t\t\t\t<div class=\"elementor-column elementor-col-100 elementor-top-column elementor-element elementor-element-2db2a053\" data-id=\"2db2a053\" data-element_type=\"column\" data-e-type=\"column\">\n\t\t\t<div class=\"elementor-widget-wrap elementor-element-populated\">\n\t\t\t\t\t\t<div class=\"elementor-element elementor-element-309b68cd elementor--h-position-center elementor--v-position-middle elementor-widget elementor-widget-slides\" data-id=\"309b68cd\" data-element_type=\"widget\" data-e-type=\"widget\" data-settings=\"{&quot;navigation&quot;:&quot;none&quot;,&quot;transition&quot;:&quot;slide&quot;,&quot;transition_speed&quot;:500}\" data-widget_type=\"slides.default\">\n\t\t\t\t<div class=\"elementor-widget-container\">\n\t\t\t\t\t\t\t\t\t<div class=\"elementor-swiper\">\n\t\t\t\t\t<div class=\"elementor-slides-wrapper elementor-main-swiper swiper\" role=\"region\" aria-roledescription=\"carousel\" aria-label=\"Diapositivas\" dir=\"ltr\" data-animation=\"fadeInUp\">\n\t\t\t\t<div class=\"swiper-wrapper elementor-slides\">\n\t\t\t\t\t\t\t\t\t\t<div class=\"elementor-repeater-item-8c27ebd swiper-slide\" role=\"group\" aria-roledescription=\"slide\"><div class=\"swiper-slide-bg\" role=\"img\" aria-label=\"wonderful night sky with northern lights over a beach with reflections, lofoten, norway\"><\/div><div class=\"elementor-background-overlay\"><\/div><div class=\"swiper-slide-inner\" ><div class=\"swiper-slide-contents\"><h1 class=\"elementor-slide-heading\">Columna de <br> M\u00e9lanie Laurent<\/h1><\/div><\/div><\/div>\t\t\t\t<\/div>\n\t\t\t\t\t\t\t<\/div>\n\t\t\t\t<\/div>\n\t\t\t\t\t\t\t\t<\/div>\n\t\t\t\t<\/div>\n\t\t\t\t\t<\/div>\n\t\t<\/div>\n\t\t\t\t\t<\/div>\n\t\t<\/section>\n\t\t\t\t<section class=\"elementor-section elementor-top-section elementor-element elementor-element-6fafe57b elementor-section-full_width elementor-section-height-default elementor-section-height-default\" data-id=\"6fafe57b\" data-element_type=\"section\" data-e-type=\"section\">\n\t\t\t\t\t\t<div class=\"elementor-container elementor-column-gap-default\">\n\t\t\t\t\t<div class=\"elementor-column elementor-col-100 elementor-top-column elementor-element elementor-element-70326701\" data-id=\"70326701\" data-element_type=\"column\" data-e-type=\"column\">\n\t\t\t<div class=\"elementor-widget-wrap elementor-element-populated\">\n\t\t\t\t\t\t<div class=\"elementor-element elementor-element-6817fd58 elementor-widget elementor-widget-ee-breadcrumbs\" data-id=\"6817fd58\" data-element_type=\"widget\" data-e-type=\"widget\" data-widget_type=\"ee-breadcrumbs.default\">\n\t\t\t\t<div class=\"elementor-widget-container\">\n\t\t\t\t\t<ul class=\"ee-breadcrumbs\" itemscope=\"\" itemtype=\"http:\/\/schema.org\/BreadcrumbList\"><\/ul>\t\t\t\t<\/div>\n\t\t\t\t<\/div>\n\t\t\t\t\t<\/div>\n\t\t<\/div>\n\t\t\t\t\t<\/div>\n\t\t<\/section>\n\t\t\t\t<section class=\"elementor-section elementor-top-section elementor-element elementor-element-6f1e895f elementor-section-boxed elementor-section-height-default elementor-section-height-default\" data-id=\"6f1e895f\" data-element_type=\"section\" data-e-type=\"section\">\n\t\t\t\t\t\t<div class=\"elementor-container elementor-column-gap-default\">\n\t\t\t\t\t<div class=\"elementor-column elementor-col-50 elementor-top-column elementor-element elementor-element-609f22e7\" data-id=\"609f22e7\" data-element_type=\"column\" data-e-type=\"column\">\n\t\t\t<div class=\"elementor-widget-wrap elementor-element-populated\">\n\t\t\t\t\t\t<div class=\"elementor-element elementor-element-12d4703f elementor-widget elementor-widget-heading\" data-id=\"12d4703f\" data-element_type=\"widget\" data-e-type=\"widget\" data-widget_type=\"heading.default\">\n\t\t\t\t<div class=\"elementor-widget-container\">\n\t\t\t\t\t<div class=\"elementor-heading-title elementor-size-default\">Columna de <br> M\u00e9lanie Laurent<\/div>\t\t\t\t<\/div>\n\t\t\t\t<\/div>\n\t\t\t\t\t<\/div>\n\t\t<\/div>\n\t\t\t\t<div class=\"elementor-column elementor-col-50 elementor-top-column elementor-element elementor-element-59efba9d\" data-id=\"59efba9d\" data-element_type=\"column\" data-e-type=\"column\">\n\t\t\t<div class=\"elementor-widget-wrap elementor-element-populated\">\n\t\t\t\t\t\t<div class=\"elementor-element elementor-element-52044381 elementor-widget elementor-widget-text-editor\" data-id=\"52044381\" data-element_type=\"widget\" data-e-type=\"widget\" data-widget_type=\"text-editor.default\">\n\t\t\t\t<div class=\"elementor-widget-container\">\n\t\t\t\t\t\t\t\t\t<em>\u00abA trav\u00e9s de esta nueva exposici\u00f3n, cada uno de nosotros est\u00e1 invitado a convertirse en un observador privilegiado de la incre\u00edble belleza de los mundos polares, pero tambi\u00e9n en un testigo informado de su gran fragilidad&#8230;\u00bb<\/em>\t\t\t\t\t\t\t\t<\/div>\n\t\t\t\t<\/div>\n\t\t\t\t\t<\/div>\n\t\t<\/div>\n\t\t\t\t\t<\/div>\n\t\t<\/section>\n\t\t\t\t<section class=\"elementor-section elementor-top-section elementor-element elementor-element-d58bc2f elementor-section-boxed elementor-section-height-default elementor-section-height-default\" data-id=\"d58bc2f\" data-element_type=\"section\" data-e-type=\"section\" data-settings=\"{&quot;shape_divider_top&quot;:&quot;pyramids&quot;,&quot;background_background&quot;:&quot;classic&quot;,&quot;shape_divider_top_negative&quot;:&quot;yes&quot;}\">\n\t\t\t\t\t<div class=\"elementor-shape elementor-shape-top\" aria-hidden=\"true\" data-negative=\"true\">\n\t\t\t<svg xmlns=\"http:\/\/www.w3.org\/2000\/svg\" viewBox=\"0 0 1000 100\" preserveAspectRatio=\"none\">\n\t<path class=\"elementor-shape-fill\" d=\"M761.9,40.6L643.1,24L333.9,93.8L0.1,1H0v99h1000V1\"\/>\n<\/svg>\t\t<\/div>\n\t\t\t\t\t<div class=\"elementor-container elementor-column-gap-default\">\n\t\t\t\t\t<div class=\"elementor-column elementor-col-100 elementor-top-column elementor-element elementor-element-b9f2587\" data-id=\"b9f2587\" data-element_type=\"column\" data-e-type=\"column\">\n\t\t\t<div class=\"elementor-widget-wrap elementor-element-populated\">\n\t\t\t\t\t\t<div class=\"elementor-element elementor-element-5d0d9f4 elementor-widget elementor-widget-spacer\" data-id=\"5d0d9f4\" data-element_type=\"widget\" data-e-type=\"widget\" data-widget_type=\"spacer.default\">\n\t\t\t\t<div class=\"elementor-widget-container\">\n\t\t\t\t\t\t\t<div class=\"elementor-spacer\">\n\t\t\t<div class=\"elementor-spacer-inner\"><\/div>\n\t\t<\/div>\n\t\t\t\t\t\t<\/div>\n\t\t\t\t<\/div>\n\t\t\t\t<div class=\"elementor-element elementor-element-66e1a6ad elementor-widget elementor-widget-text-editor\" data-id=\"66e1a6ad\" data-element_type=\"widget\" data-e-type=\"widget\" data-widget_type=\"text-editor.default\">\n\t\t\t\t<div class=\"elementor-widget-container\">\n\t\t\t\t\t\t\t\t\t<img fetchpriority=\"high\" decoding=\"async\" style=\"padding-right: 10px\" src=\"https:\/\/musee.oceano.org\/wp-content\/uploads\/sites\/2\/2022\/05\/Portrait-Me%CC%81lanie-Laurent-3-%C2%A9-Marcel-Hartmann.jpeg\" alt=\"\" width=\"300\" height=\"186\" align=\"left\" \/>\n<p style=\"text-align: justify\"><span style=\"color: #ffffff;font-size: 35px;font-weight: bold;letter-spacing: 0.16px;text-align: left\"><strong>M\u00e9lanie Laurent,<\/strong><\/span><\/p>\n\n<h3 style=\"font-size: 20px;letter-spacing: 0.16px\" data-elementor-setting-key=\"title\" data-pen-placeholder=\"Type Here...\"><span style=\"color: #ffffff\"><strong>Patrocinador de la exposici\u00f3n \u00abMission Polaire\u00bb <\/strong><\/span><\/h3>\n<p style=\"text-align: justify\"><span style=\"color: #ffffff;font-size: 14px;line-height: 5px\">A los que ven la ecolog\u00eda como un castigo, les digo que debemos pensar en t\u00e9rminos de soluciones. Tuve la suerte de descubrirlo a una edad muy temprana, a trav\u00e9s de una educaci\u00f3n familiar basada en el sentido com\u00fan: no desperdiciar, comer bien, limitar el despilfarro&#8230; Es mejor dar ejemplo que sentirse culpable, educar que arrepentirse, actuar que postergar. Es esta visi\u00f3n la que quiero anclar en mis proyectos. <\/span><\/p>\n<p style=\"text-align: justify\"><span style=\"color: #ffffff;font-size: 14px;line-height: 5px\">El oc\u00e9ano es un reto. Si la alarma ha sonado, no debemos dejar que nos frene. Alertar a las conciencias de la gente, s\u00ed. Ofrecerles soluciones, \u00a1a\u00fan mejor! Es este optimismo ilustrado el que comparto con el Instituto Oceanogr\u00e1fico de M\u00f3naco y estoy especialmente orgulloso y feliz de estar asociado a su exposici\u00f3n \u00abMISI\u00d3N POLAR\u00bb, como su mecenas. <\/span><\/p>\n<p style=\"text-align: justify\"><span style=\"color: #ffffff;font-size: 14px;line-height: 5px\">Cuando el Pr\u00edncipe Alberto I cre\u00f3 este instituto hace m\u00e1s de cien a\u00f1os, le encomend\u00f3 la misi\u00f3n de dar a conocer, amar y proteger los oc\u00e9anos. Este gran explorador visionario se desplaz\u00f3 en varias ocasiones al \u00c1rtico, consciente ya del papel esencial que desempe\u00f1an los polos en el equilibrio de nuestro planeta. Polos que, como el resto del mundo, est\u00e1n amenazados por el cambio clim\u00e1tico, responsable de un peligroso deshielo, por la contaminaci\u00f3n, la sobrepesca y la desaparici\u00f3n de especies.<\/span><\/p>\n<p style=\"text-align: justify\"><span style=\"color: #ffffff;font-size: 14px;line-height: 5px\">A trav\u00e9s de esta nueva exposici\u00f3n, cada uno de nosotros est\u00e1 invitado a convertirse en un observador privilegiado de la incre\u00edble belleza de los mundos polares, pero tambi\u00e9n en un testigo informado de su gran fragilidad. Al convertirse en verdaderos reporteros, los visitantes de la exposici\u00f3n no s\u00f3lo podr\u00e1n comprender los mecanismos que act\u00faan en los confines de la Tierra, sino que tambi\u00e9n podr\u00e1n ser testigos y participar. Todos podemos actuar a nuestro nivel. Una responsabilidad individual para una gran misi\u00f3n colectiva: reencantar el mundo.<\/span><\/p>\t\t\t\t\t\t\t\t<\/div>\n\t\t\t\t<\/div>\n\t\t\t\t<div class=\"elementor-element elementor-element-6658d16 elementor-widget elementor-widget-spacer\" data-id=\"6658d16\" data-element_type=\"widget\" data-e-type=\"widget\" data-widget_type=\"spacer.default\">\n\t\t\t\t<div class=\"elementor-widget-container\">\n\t\t\t\t\t\t\t<div class=\"elementor-spacer\">\n\t\t\t<div class=\"elementor-spacer-inner\"><\/div>\n\t\t<\/div>\n\t\t\t\t\t\t<\/div>\n\t\t\t\t<\/div>\n\t\t\t\t<div class=\"elementor-element elementor-element-5a5e0f7 elementor-align-center elementor-widget elementor-widget-button\" data-id=\"5a5e0f7\" data-element_type=\"widget\" data-e-type=\"widget\" data-widget_type=\"button.default\">\n\t\t\t\t<div class=\"elementor-widget-container\">\n\t\t\t\t\t\t\t\t\t<div class=\"elementor-button-wrapper\">\n\t\t\t\t\t<a class=\"elementor-button elementor-button-link elementor-size-md\" href=\"https:\/\/musee.oceano.org\/es\/exposiciones\/mision-polaire-la-exposicion-immersion\/\">\n\t\t\t\t\t\t<span class=\"elementor-button-content-wrapper\">\n\t\t\t\t\t\t\t\t\t<span class=\"elementor-button-text\">Descubra la exposici\u00f3n \"Mundos Polares\"<\/span>\n\t\t\t\t\t<\/span>\n\t\t\t\t\t<\/a>\n\t\t\t\t<\/div>\n\t\t\t\t\t\t\t\t<\/div>\n\t\t\t\t<\/div>\n\t\t\t\t<div class=\"elementor-element elementor-element-cb06338 elementor-widget elementor-widget-spacer\" data-id=\"cb06338\" data-element_type=\"widget\" data-e-type=\"widget\" data-widget_type=\"spacer.default\">\n\t\t\t\t<div class=\"elementor-widget-container\">\n\t\t\t\t\t\t\t<div class=\"elementor-spacer\">\n\t\t\t<div class=\"elementor-spacer-inner\"><\/div>\n\t\t<\/div>\n\t\t\t\t\t\t<\/div>\n\t\t\t\t<\/div>\n\t\t\t\t\t<\/div>\n\t\t<\/div>\n\t\t\t\t\t<\/div>\n\t\t<\/section>\n\t\t\t\t<\/div>\n\t\t","protected":false},"excerpt":{"rendered":"<p>Columna de M\u00e9lanie Laurent Columna de M\u00e9lanie Laurent \u00abA trav\u00e9s de esta nueva exposici\u00f3n, cada uno de nosotros est\u00e1 invitado a convertirse en un observador privilegiado de la incre\u00edble belleza de los mundos polares, pero tambi\u00e9n en un testigo informado de su gran fragilidad&#8230;\u00bb M\u00e9lanie Laurent, Patrocinador de la exposici\u00f3n \u00abMission Polaire\u00bb A los que [&hellip;]<\/p>\n","protected":false},"author":32,"featured_media":40368,"parent":0,"menu_order":0,"comment_status":"closed","ping_status":"closed","template":"","meta":{"_acf_changed":false,"footnotes":""},"class_list":["post-41170","page","type-page","status-publish","has-post-thumbnail","hentry"],"acf":[],"yoast_head":"<!-- This site is optimized with the Yoast SEO plugin v27.2 - https:\/\/yoast.com\/product\/yoast-seo-wordpress\/ -->\n<title>Columna de M\u00e9lanie Laurent - Mus\u00e9e Oc\u00e9anographique de Monaco<\/title>\n<meta name=\"robots\" content=\"index, follow, max-snippet:-1, max-image-preview:large, max-video-preview:-1\" \/>\n<link rel=\"canonical\" href=\"https:\/\/musee.oceano.org\/es\/columna-de-melanie-laurent\/\" \/>\n<meta property=\"og:locale\" content=\"es_ES\" \/>\n<meta property=\"og:type\" content=\"article\" \/>\n<meta property=\"og:title\" content=\"Columna de M\u00e9lanie Laurent - Mus\u00e9e Oc\u00e9anographique de Monaco\" \/>\n<meta property=\"og:description\" content=\"Columna de M\u00e9lanie Laurent Columna de M\u00e9lanie Laurent \u00abA trav\u00e9s de esta nueva exposici\u00f3n, cada uno de nosotros est\u00e1 invitado a convertirse en un observador privilegiado de la incre\u00edble belleza de los mundos polares, pero tambi\u00e9n en un testigo informado de su gran fragilidad&#8230;\u00bb M\u00e9lanie Laurent, Patrocinador de la exposici\u00f3n \u00abMission Polaire\u00bb A los que [&hellip;]\" \/>\n<meta property=\"og:url\" content=\"https:\/\/musee.oceano.org\/es\/columna-de-melanie-laurent\/\" \/>\n<meta property=\"og:site_name\" content=\"Mus\u00e9e Oc\u00e9anographique de Monaco\" \/>\n<meta property=\"article:modified_time\" content=\"2022-05-18T09:21:44+00:00\" \/>\n<meta property=\"og:image\" content=\"https:\/\/musee.oceano.org\/wp-content\/uploads\/sites\/2\/2022\/05\/Portrait-Me\u0301lanie-Laurent-3-\u00a9-Marcel-Hartmann.jpeg\" \/>\n\t<meta property=\"og:image:width\" content=\"1500\" \/>\n\t<meta property=\"og:image:height\" content=\"2000\" \/>\n\t<meta property=\"og:image:type\" content=\"image\/jpeg\" \/>\n<meta name=\"twitter:card\" content=\"summary_large_image\" \/>\n<meta name=\"twitter:label1\" content=\"Tiempo de lectura\" \/>\n\t<meta name=\"twitter:data1\" content=\"2 minutos\" \/>\n<script type=\"application\/ld+json\" class=\"yoast-schema-graph\">{\"@context\":\"https:\/\/schema.org\",\"@graph\":[{\"@type\":\"WebPage\",\"@id\":\"https:\/\/musee.oceano.org\/es\/columna-de-melanie-laurent\/\",\"url\":\"https:\/\/musee.oceano.org\/es\/columna-de-melanie-laurent\/\",\"name\":\"Columna de M\u00e9lanie Laurent - Mus\u00e9e Oc\u00e9anographique de Monaco\",\"isPartOf\":{\"@id\":\"https:\/\/musee.oceano.org\/#website\"},\"primaryImageOfPage\":{\"@id\":\"https:\/\/musee.oceano.org\/es\/columna-de-melanie-laurent\/#primaryimage\"},\"image\":{\"@id\":\"https:\/\/musee.oceano.org\/es\/columna-de-melanie-laurent\/#primaryimage\"},\"thumbnailUrl\":\"https:\/\/musee.oceano.org\/wp-content\/uploads\/sites\/2\/2022\/05\/Portrait-Me\u0301lanie-Laurent-3-\u00a9-Marcel-Hartmann.jpeg\",\"datePublished\":\"2022-05-17T13:01:55+00:00\",\"dateModified\":\"2022-05-18T09:21:44+00:00\",\"breadcrumb\":{\"@id\":\"https:\/\/musee.oceano.org\/es\/columna-de-melanie-laurent\/#breadcrumb\"},\"inLanguage\":\"es\",\"potentialAction\":[{\"@type\":\"ReadAction\",\"target\":[\"https:\/\/musee.oceano.org\/es\/columna-de-melanie-laurent\/\"]}]},{\"@type\":\"ImageObject\",\"inLanguage\":\"es\",\"@id\":\"https:\/\/musee.oceano.org\/es\/columna-de-melanie-laurent\/#primaryimage\",\"url\":\"https:\/\/musee.oceano.org\/wp-content\/uploads\/sites\/2\/2022\/05\/Portrait-Me\u0301lanie-Laurent-3-\u00a9-Marcel-Hartmann.jpeg\",\"contentUrl\":\"https:\/\/musee.oceano.org\/wp-content\/uploads\/sites\/2\/2022\/05\/Portrait-Me\u0301lanie-Laurent-3-\u00a9-Marcel-Hartmann.jpeg\",\"width\":1500,\"height\":2000},{\"@type\":\"BreadcrumbList\",\"@id\":\"https:\/\/musee.oceano.org\/es\/columna-de-melanie-laurent\/#breadcrumb\",\"itemListElement\":[{\"@type\":\"ListItem\",\"position\":1,\"name\":\"Home\",\"item\":\"https:\/\/musee.oceano.org\/es\/\"},{\"@type\":\"ListItem\",\"position\":2,\"name\":\"Columna de M\u00e9lanie Laurent\"}]},{\"@type\":\"WebSite\",\"@id\":\"https:\/\/musee.oceano.org\/#website\",\"url\":\"https:\/\/musee.oceano.org\/\",\"name\":\"Mus\u00e9e Oc\u00e9anographique de Monaco\",\"description\":\"Faire conna\u00eetre, aimer et prot\u00e9ger les oc\u00e9ans\",\"potentialAction\":[{\"@type\":\"SearchAction\",\"target\":{\"@type\":\"EntryPoint\",\"urlTemplate\":\"https:\/\/musee.oceano.org\/?s={search_term_string}\"},\"query-input\":{\"@type\":\"PropertyValueSpecification\",\"valueRequired\":true,\"valueName\":\"search_term_string\"}}],\"inLanguage\":\"es\"}]}<\/script>\n<!-- \/ Yoast SEO plugin. -->","yoast_head_json":{"title":"Columna de M\u00e9lanie Laurent - Mus\u00e9e Oc\u00e9anographique de Monaco","robots":{"index":"index","follow":"follow","max-snippet":"max-snippet:-1","max-image-preview":"max-image-preview:large","max-video-preview":"max-video-preview:-1"},"canonical":"https:\/\/musee.oceano.org\/es\/columna-de-melanie-laurent\/","og_locale":"es_ES","og_type":"article","og_title":"Columna de M\u00e9lanie Laurent - Mus\u00e9e Oc\u00e9anographique de Monaco","og_description":"Columna de M\u00e9lanie Laurent Columna de M\u00e9lanie Laurent \u00abA trav\u00e9s de esta nueva exposici\u00f3n, cada uno de nosotros est\u00e1 invitado a convertirse en un observador privilegiado de la incre\u00edble belleza de los mundos polares, pero tambi\u00e9n en un testigo informado de su gran fragilidad&#8230;\u00bb M\u00e9lanie Laurent, Patrocinador de la exposici\u00f3n \u00abMission Polaire\u00bb A los que [&hellip;]","og_url":"https:\/\/musee.oceano.org\/es\/columna-de-melanie-laurent\/","og_site_name":"Mus\u00e9e Oc\u00e9anographique de Monaco","article_modified_time":"2022-05-18T09:21:44+00:00","og_image":[{"width":1500,"height":2000,"url":"https:\/\/musee.oceano.org\/wp-content\/uploads\/sites\/2\/2022\/05\/Portrait-Me\u0301lanie-Laurent-3-\u00a9-Marcel-Hartmann.jpeg","type":"image\/jpeg"}],"twitter_card":"summary_large_image","twitter_misc":{"Tiempo de lectura":"2 minutos"},"schema":{"@context":"https:\/\/schema.org","@graph":[{"@type":"WebPage","@id":"https:\/\/musee.oceano.org\/es\/columna-de-melanie-laurent\/","url":"https:\/\/musee.oceano.org\/es\/columna-de-melanie-laurent\/","name":"Columna de M\u00e9lanie Laurent - Mus\u00e9e Oc\u00e9anographique de Monaco","isPartOf":{"@id":"https:\/\/musee.oceano.org\/#website"},"primaryImageOfPage":{"@id":"https:\/\/musee.oceano.org\/es\/columna-de-melanie-laurent\/#primaryimage"},"image":{"@id":"https:\/\/musee.oceano.org\/es\/columna-de-melanie-laurent\/#primaryimage"},"thumbnailUrl":"https:\/\/musee.oceano.org\/wp-content\/uploads\/sites\/2\/2022\/05\/Portrait-Me\u0301lanie-Laurent-3-\u00a9-Marcel-Hartmann.jpeg","datePublished":"2022-05-17T13:01:55+00:00","dateModified":"2022-05-18T09:21:44+00:00","breadcrumb":{"@id":"https:\/\/musee.oceano.org\/es\/columna-de-melanie-laurent\/#breadcrumb"},"inLanguage":"es","potentialAction":[{"@type":"ReadAction","target":["https:\/\/musee.oceano.org\/es\/columna-de-melanie-laurent\/"]}]},{"@type":"ImageObject","inLanguage":"es","@id":"https:\/\/musee.oceano.org\/es\/columna-de-melanie-laurent\/#primaryimage","url":"https:\/\/musee.oceano.org\/wp-content\/uploads\/sites\/2\/2022\/05\/Portrait-Me\u0301lanie-Laurent-3-\u00a9-Marcel-Hartmann.jpeg","contentUrl":"https:\/\/musee.oceano.org\/wp-content\/uploads\/sites\/2\/2022\/05\/Portrait-Me\u0301lanie-Laurent-3-\u00a9-Marcel-Hartmann.jpeg","width":1500,"height":2000},{"@type":"BreadcrumbList","@id":"https:\/\/musee.oceano.org\/es\/columna-de-melanie-laurent\/#breadcrumb","itemListElement":[{"@type":"ListItem","position":1,"name":"Home","item":"https:\/\/musee.oceano.org\/es\/"},{"@type":"ListItem","position":2,"name":"Columna de M\u00e9lanie Laurent"}]},{"@type":"WebSite","@id":"https:\/\/musee.oceano.org\/#website","url":"https:\/\/musee.oceano.org\/","name":"Mus\u00e9e Oc\u00e9anographique de Monaco","description":"Faire conna\u00eetre, aimer et prot\u00e9ger les oc\u00e9ans","potentialAction":[{"@type":"SearchAction","target":{"@type":"EntryPoint","urlTemplate":"https:\/\/musee.oceano.org\/?s={search_term_string}"},"query-input":{"@type":"PropertyValueSpecification","valueRequired":true,"valueName":"search_term_string"}}],"inLanguage":"es"}]}},"_links":{"self":[{"href":"https:\/\/musee.oceano.org\/es\/wp-json\/wp\/v2\/pages\/41170","targetHints":{"allow":["GET"]}}],"collection":[{"href":"https:\/\/musee.oceano.org\/es\/wp-json\/wp\/v2\/pages"}],"about":[{"href":"https:\/\/musee.oceano.org\/es\/wp-json\/wp\/v2\/types\/page"}],"author":[{"embeddable":true,"href":"https:\/\/musee.oceano.org\/es\/wp-json\/wp\/v2\/users\/32"}],"replies":[{"embeddable":true,"href":"https:\/\/musee.oceano.org\/es\/wp-json\/wp\/v2\/comments?post=41170"}],"version-history":[{"count":10,"href":"https:\/\/musee.oceano.org\/es\/wp-json\/wp\/v2\/pages\/41170\/revisions"}],"predecessor-version":[{"id":41332,"href":"https:\/\/musee.oceano.org\/es\/wp-json\/wp\/v2\/pages\/41170\/revisions\/41332"}],"wp:featuredmedia":[{"embeddable":true,"href":"https:\/\/musee.oceano.org\/es\/wp-json\/wp\/v2\/media\/40368"}],"wp:attachment":[{"href":"https:\/\/musee.oceano.org\/es\/wp-json\/wp\/v2\/media?parent=41170"}],"curies":[{"name":"wp","href":"https:\/\/api.w.org\/{rel}","templated":true}]}}