{"id":23157,"date":"2021-06-24T15:38:48","date_gmt":"2021-06-24T13:38:48","guid":{"rendered":"https:\/\/musee.oceano.org\/negozio\/"},"modified":"2021-06-24T15:43:19","modified_gmt":"2021-06-24T13:43:19","slug":"negozio","status":"publish","type":"page","link":"https:\/\/musee.oceano.org\/it\/negozio\/","title":{"rendered":"Negozio"},"content":{"rendered":"\t\t<div data-elementor-type=\"wp-post\" data-elementor-id=\"23157\" class=\"elementor elementor-23157 elementor-10528\" data-elementor-post-type=\"page\">\n\t\t\t\t\t\t<section class=\"elementor-section elementor-top-section elementor-element elementor-element-7c6dfb90 elementor-section-full_width elementor-section-height-default elementor-section-height-default\" data-id=\"7c6dfb90\" data-element_type=\"section\" data-e-type=\"section\">\n\t\t\t\t\t\t<div class=\"elementor-container elementor-column-gap-no\">\n\t\t\t\t\t<div class=\"elementor-column elementor-col-100 elementor-top-column elementor-element elementor-element-2e5fcf9b\" data-id=\"2e5fcf9b\" data-element_type=\"column\" data-e-type=\"column\">\n\t\t\t<div class=\"elementor-widget-wrap elementor-element-populated\">\n\t\t\t\t\t\t<div class=\"elementor-element elementor-element-1b3bcea8 elementor--h-position-center elementor--v-position-middle elementor-widget elementor-widget-slides\" data-id=\"1b3bcea8\" data-element_type=\"widget\" data-e-type=\"widget\" data-settings=\"{&quot;navigation&quot;:&quot;none&quot;,&quot;transition&quot;:&quot;slide&quot;,&quot;transition_speed&quot;:500}\" data-widget_type=\"slides.default\">\n\t\t\t\t<div class=\"elementor-widget-container\">\n\t\t\t\t\t\t\t\t\t<div class=\"elementor-swiper\">\n\t\t\t\t\t<div class=\"elementor-slides-wrapper elementor-main-swiper swiper\" role=\"region\" aria-roledescription=\"carousel\" aria-label=\"Slides\" dir=\"ltr\" data-animation=\"fadeInUp\">\n\t\t\t\t<div class=\"swiper-wrapper elementor-slides\">\n\t\t\t\t\t\t\t\t\t\t<div class=\"elementor-repeater-item-891be05 swiper-slide\" role=\"group\" aria-roledescription=\"slide\"><div class=\"swiper-slide-bg\" role=\"img\" aria-label=\"boutique voilier\"><\/div><div class=\"elementor-background-overlay\"><\/div><div class=\"swiper-slide-inner\" ><div class=\"swiper-slide-contents\"><h1 class=\"elementor-slide-heading\">un negozio<\/h1><div class=\"elementor-slide-description\"><p>dedicato all'Oceano<\/p>\n<\/div><\/div><\/div><\/div>\t\t\t\t<\/div>\n\t\t\t\t\t\t\t<\/div>\n\t\t\t\t<\/div>\n\t\t\t\t\t\t\t\t<\/div>\n\t\t\t\t<\/div>\n\t\t\t\t\t<\/div>\n\t\t<\/div>\n\t\t\t\t\t<\/div>\n\t\t<\/section>\n\t\t\t\t<section class=\"elementor-section elementor-top-section elementor-element elementor-element-7c8f2e09 elementor-section-full_width breadcrumb-basuc elementor-section-height-default elementor-section-height-default\" data-id=\"7c8f2e09\" data-element_type=\"section\" data-e-type=\"section\" data-settings=\"{&quot;background_background&quot;:&quot;classic&quot;}\">\n\t\t\t\t\t\t<div class=\"elementor-container elementor-column-gap-default\">\n\t\t\t\t\t<div class=\"elementor-column elementor-col-100 elementor-top-column elementor-element elementor-element-738d7dfa\" data-id=\"738d7dfa\" data-element_type=\"column\" data-e-type=\"column\">\n\t\t\t<div class=\"elementor-widget-wrap elementor-element-populated\">\n\t\t\t\t\t\t<div class=\"elementor-element elementor-element-648ced0d elementor-widget elementor-widget-ee-breadcrumbs\" data-id=\"648ced0d\" data-element_type=\"widget\" data-e-type=\"widget\" data-widget_type=\"ee-breadcrumbs.default\">\n\t\t\t\t<div class=\"elementor-widget-container\">\n\t\t\t\t\t<ul class=\"ee-breadcrumbs\" itemscope=\"\" itemtype=\"http:\/\/schema.org\/BreadcrumbList\"><\/ul>\t\t\t\t<\/div>\n\t\t\t\t<\/div>\n\t\t\t\t\t<\/div>\n\t\t<\/div>\n\t\t\t\t\t<\/div>\n\t\t<\/section>\n\t\t\t\t<section class=\"elementor-section elementor-top-section elementor-element elementor-element-28a192d elementor-section-boxed elementor-section-height-default elementor-section-height-default\" data-id=\"28a192d\" data-element_type=\"section\" data-e-type=\"section\" data-settings=\"{&quot;background_background&quot;:&quot;classic&quot;}\">\n\t\t\t\t\t\t<div class=\"elementor-container elementor-column-gap-default\">\n\t\t\t\t\t<div class=\"elementor-column elementor-col-100 elementor-top-column elementor-element elementor-element-670a5f8\" data-id=\"670a5f8\" data-element_type=\"column\" data-e-type=\"column\">\n\t\t\t<div class=\"elementor-widget-wrap elementor-element-populated\">\n\t\t\t\t\t\t<div class=\"elementor-element elementor-element-b1947ca elementor-widget elementor-widget-text-editor\" data-id=\"b1947ca\" data-element_type=\"widget\" data-e-type=\"widget\" data-widget_type=\"text-editor.default\">\n\t\t\t\t<div class=\"elementor-widget-container\">\n\t\t\t\t\t\t\t\t\t<p>Il negozio del Museo Oceanografico offre, in una posizione eccezionale, un ulteriore modo per concludere la vostra visita: regali, souvenir, documentazione sull&#8217;oceano e i suoi numerosi abitanti sono in programma, per grandi e piccini!<\/p>\n\t\t\t\t\t\t\t\t<\/div>\n\t\t\t\t<\/div>\n\t\t\t\t<section class=\"elementor-section elementor-inner-section elementor-element elementor-element-1d40da5 elementor-section-boxed elementor-section-height-default elementor-section-height-default\" data-id=\"1d40da5\" data-element_type=\"section\" data-e-type=\"section\" data-settings=\"{&quot;background_background&quot;:&quot;classic&quot;}\">\n\t\t\t\t\t\t<div class=\"elementor-container elementor-column-gap-default\">\n\t\t\t\t\t<div class=\"elementor-column elementor-col-50 elementor-inner-column elementor-element elementor-element-3c90e32\" data-id=\"3c90e32\" data-element_type=\"column\" data-e-type=\"column\">\n\t\t\t<div class=\"elementor-widget-wrap elementor-element-populated\">\n\t\t\t\t\t\t<div class=\"elementor-element elementor-element-04b56a4 elementor-widget elementor-widget-heading\" data-id=\"04b56a4\" data-element_type=\"widget\" data-e-type=\"widget\" data-widget_type=\"heading.default\">\n\t\t\t\t<div class=\"elementor-widget-container\">\n\t\t\t\t\t<h2 class=\"elementor-heading-title elementor-size-default\">Per compiacere se stessi, per offrire e coltivare se stessi<\/h2>\t\t\t\t<\/div>\n\t\t\t\t<\/div>\n\t\t\t\t<div class=\"elementor-element elementor-element-255c363 elementor-widget elementor-widget-text-editor\" data-id=\"255c363\" data-element_type=\"widget\" data-e-type=\"widget\" data-widget_type=\"text-editor.default\">\n\t\t\t\t<div class=\"elementor-widget-container\">\n\t\t\t\t\t\t\t\t\t<p>Scopri i prodotti personalizzati disegnati e selezionati per te dal Museo Oceanografico:<\/p>\n<ul>\n<li>una gamma eco-responsabile<\/li>\n<li>editoria (bei libri, fumetti, libri tematici)<\/li>\n<li>giocattoli e animali di peluche<\/li>\n<li>tessili (magliette, polo, ecc.)<\/li>\n<li>oggetti per tutti: casa, gioielli, tazze &#8230;<\/li>\n<\/ul>\n\t\t\t\t\t\t\t\t<\/div>\n\t\t\t\t<\/div>\n\t\t\t\t\t<\/div>\n\t\t<\/div>\n\t\t\t\t<div class=\"elementor-column elementor-col-50 elementor-inner-column elementor-element elementor-element-f12dc9a\" data-id=\"f12dc9a\" data-element_type=\"column\" data-e-type=\"column\">\n\t\t\t<div class=\"elementor-widget-wrap elementor-element-populated\">\n\t\t\t\t\t\t<div class=\"elementor-element elementor-element-49612d3 elementor-zoom elementor-widget elementor-widget-image\" data-id=\"49612d3\" data-element_type=\"widget\" data-e-type=\"widget\" data-widget_type=\"image.default\">\n\t\t\t\t<div class=\"elementor-widget-container\">\n\t\t\t\t\t\t\t\t\t\t\t\t\t\t\t<img fetchpriority=\"high\" decoding=\"async\" width=\"762\" height=\"578\" src=\"https:\/\/musee.oceano.org\/wp-content\/uploads\/sites\/2\/2019\/07\/boutique-torutes-peluches-762x578.jpg\" class=\"attachment-img-actu-section size-img-actu-section wp-image-8671\" alt=\"\" \/>\t\t\t\t\t\t\t\t\t\t\t\t\t\t\t<\/div>\n\t\t\t\t<\/div>\n\t\t\t\t\t<\/div>\n\t\t<\/div>\n\t\t\t\t\t<\/div>\n\t\t<\/section>\n\t\t\t\t\t<\/div>\n\t\t<\/div>\n\t\t\t\t\t<\/div>\n\t\t<\/section>\n\t\t\t\t<section class=\"elementor-section elementor-top-section elementor-element elementor-element-b401b76 elementor-section-boxed elementor-section-height-default elementor-section-height-default\" data-id=\"b401b76\" data-element_type=\"section\" data-e-type=\"section\" id=\"engage\" data-settings=\"{&quot;background_background&quot;:&quot;classic&quot;}\">\n\t\t\t\t\t\t<div class=\"elementor-container elementor-column-gap-default\">\n\t\t\t\t\t<div class=\"elementor-column elementor-col-100 elementor-top-column elementor-element elementor-element-35bfc79d\" data-id=\"35bfc79d\" data-element_type=\"column\" data-e-type=\"column\">\n\t\t\t<div class=\"elementor-widget-wrap elementor-element-populated\">\n\t\t\t\t\t\t<section class=\"elementor-section elementor-inner-section elementor-element elementor-element-3961fc7b elementor-section-boxed elementor-section-height-default elementor-section-height-default\" data-id=\"3961fc7b\" data-element_type=\"section\" data-e-type=\"section\" data-settings=\"{&quot;background_background&quot;:&quot;classic&quot;}\">\n\t\t\t\t\t\t<div class=\"elementor-container elementor-column-gap-default\">\n\t\t\t\t\t<div class=\"elementor-column elementor-col-50 elementor-inner-column elementor-element elementor-element-5d76443f\" data-id=\"5d76443f\" data-element_type=\"column\" data-e-type=\"column\">\n\t\t\t<div class=\"elementor-widget-wrap elementor-element-populated\">\n\t\t\t\t\t\t<div class=\"elementor-element elementor-element-67fc3779 elementor-zoom elementor-widget elementor-widget-image\" data-id=\"67fc3779\" data-element_type=\"widget\" data-e-type=\"widget\" data-widget_type=\"image.default\">\n\t\t\t\t<div class=\"elementor-widget-container\">\n\t\t\t\t\t\t\t\t\t\t\t\t\t\t\t<img decoding=\"async\" width=\"762\" height=\"578\" src=\"https:\/\/musee.oceano.org\/wp-content\/uploads\/sites\/2\/2019\/09\/Boutique-bio-762x578.jpg\" class=\"attachment-img-actu-section size-img-actu-section wp-image-10775\" alt=\"\" \/>\t\t\t\t\t\t\t\t\t\t\t\t\t\t\t<\/div>\n\t\t\t\t<\/div>\n\t\t\t\t\t<\/div>\n\t\t<\/div>\n\t\t\t\t<div class=\"elementor-column elementor-col-50 elementor-inner-column elementor-element elementor-element-2ad4ac1c\" data-id=\"2ad4ac1c\" data-element_type=\"column\" data-e-type=\"column\">\n\t\t\t<div class=\"elementor-widget-wrap elementor-element-populated\">\n\t\t\t\t\t\t<div class=\"elementor-element elementor-element-a901a9a elementor-widget elementor-widget-heading\" data-id=\"a901a9a\" data-element_type=\"widget\" data-e-type=\"widget\" data-widget_type=\"heading.default\">\n\t\t\t\t<div class=\"elementor-widget-container\">\n\t\t\t\t\t<h2 class=\"elementor-heading-title elementor-size-default\">Un negozio impegnato<\/h2>\t\t\t\t<\/div>\n\t\t\t\t<\/div>\n\t\t\t\t<div class=\"elementor-element elementor-element-7aaccf82 elementor-widget elementor-widget-text-editor\" data-id=\"7aaccf82\" data-element_type=\"widget\" data-e-type=\"widget\" data-widget_type=\"text-editor.default\">\n\t\t\t\t<div class=\"elementor-widget-container\">\n\t\t\t\t\t\t\t\t\t<p>Dal 2017 il negozio del Museo fa parte del programma &#8220;Committed Trade&#8221; avviato dal governo di Monaco.<br \/>In questo modo, contribuiamo alla protezione degli oceani attraverso azioni concrete.<\/p>\n<ul>\n<li>Riduzione della distribuzione di sacchetti di carta<\/li>\n<li>Riduzione e selezione dei rifiuti<\/li>\n<li>Formazione di tutto il team nella selezione selettiva<\/li>\n<li>Riutilizzo degli imballaggi<\/li>\n<li>Ottimizzazione dell&#8217;illuminazione (attrezzature a bassa energia)<\/li>\n<li>Evidenziare i prodotti eco-responsabili<\/li>\n<li>Evidenziare i prodotti che promuovono l&#8217;economia circolare<\/li>\n<\/ul>\n\t\t\t\t\t\t\t\t<\/div>\n\t\t\t\t<\/div>\n\t\t\t\t\t<\/div>\n\t\t<\/div>\n\t\t\t\t\t<\/div>\n\t\t<\/section>\n\t\t\t\t\t<\/div>\n\t\t<\/div>\n\t\t\t\t\t<\/div>\n\t\t<\/section>\n\t\t\t\t<\/div>\n\t\t","protected":false},"excerpt":{"rendered":"<p>un negozio dedicato all&#8217;Oceano Il negozio del Museo Oceanografico offre, in una posizione eccezionale, un ulteriore modo per concludere la vostra visita: regali, souvenir, documentazione sull&#8217;oceano e i suoi numerosi abitanti sono in programma, per grandi e piccini! Per compiacere se stessi, per offrire e coltivare se stessi Scopri i prodotti personalizzati disegnati e selezionati [&hellip;]<\/p>\n","protected":false},"author":12,"featured_media":0,"parent":0,"menu_order":389,"comment_status":"closed","ping_status":"closed","template":"","meta":{"_acf_changed":false,"footnotes":""},"class_list":["post-23157","page","type-page","status-publish","hentry"],"acf":[],"yoast_head":"<!-- This site is optimized with the Yoast SEO plugin v27.2 - https:\/\/yoast.com\/product\/yoast-seo-wordpress\/ -->\n<title>Negozio - Mus\u00e9e Oc\u00e9anographique de Monaco<\/title>\n<meta name=\"description\" content=\"Visita il negozio del museo per regali, souvenir, letteratura sull&#039;oceano e i suoi molti abitanti.\" \/>\n<meta name=\"robots\" content=\"index, follow, max-snippet:-1, max-image-preview:large, max-video-preview:-1\" \/>\n<link rel=\"canonical\" href=\"https:\/\/musee.oceano.org\/it\/negozio\/\" \/>\n<meta property=\"og:locale\" content=\"it_IT\" \/>\n<meta property=\"og:type\" content=\"article\" \/>\n<meta property=\"og:title\" content=\"Negozio - Mus\u00e9e Oc\u00e9anographique de Monaco\" \/>\n<meta property=\"og:description\" content=\"Visita il negozio del museo per regali, souvenir, letteratura sull&#039;oceano e i suoi molti abitanti.\" \/>\n<meta property=\"og:url\" content=\"https:\/\/musee.oceano.org\/it\/negozio\/\" \/>\n<meta property=\"og:site_name\" content=\"Mus\u00e9e Oc\u00e9anographique de Monaco\" \/>\n<meta property=\"article:modified_time\" content=\"2021-06-24T13:43:19+00:00\" \/>\n<meta property=\"og:image\" content=\"https:\/\/musee.oceano.org\/wp-content\/uploads\/sites\/2\/2019\/07\/boutique-torutes-peluches-762x578.jpg\" \/>\n<meta name=\"twitter:card\" content=\"summary_large_image\" \/>\n<meta name=\"twitter:label1\" content=\"Tempo di lettura stimato\" \/>\n\t<meta name=\"twitter:data1\" content=\"1 minuto\" \/>\n<script type=\"application\/ld+json\" class=\"yoast-schema-graph\">{\"@context\":\"https:\/\/schema.org\",\"@graph\":[{\"@type\":\"WebPage\",\"@id\":\"https:\/\/musee.oceano.org\/it\/negozio\/\",\"url\":\"https:\/\/musee.oceano.org\/it\/negozio\/\",\"name\":\"Negozio - Mus\u00e9e Oc\u00e9anographique de Monaco\",\"isPartOf\":{\"@id\":\"https:\/\/musee.oceano.org\/#website\"},\"primaryImageOfPage\":{\"@id\":\"https:\/\/musee.oceano.org\/it\/negozio\/#primaryimage\"},\"image\":{\"@id\":\"https:\/\/musee.oceano.org\/it\/negozio\/#primaryimage\"},\"thumbnailUrl\":\"https:\/\/musee.oceano.org\/wp-content\/uploads\/sites\/2\/2019\/07\/boutique-torutes-peluches-762x578.jpg\",\"datePublished\":\"2021-06-24T13:38:48+00:00\",\"dateModified\":\"2021-06-24T13:43:19+00:00\",\"description\":\"Visita il negozio del museo per regali, souvenir, letteratura sull'oceano e i suoi molti abitanti.\",\"breadcrumb\":{\"@id\":\"https:\/\/musee.oceano.org\/it\/negozio\/#breadcrumb\"},\"inLanguage\":\"it-IT\",\"potentialAction\":[{\"@type\":\"ReadAction\",\"target\":[\"https:\/\/musee.oceano.org\/it\/negozio\/\"]}]},{\"@type\":\"ImageObject\",\"inLanguage\":\"it-IT\",\"@id\":\"https:\/\/musee.oceano.org\/it\/negozio\/#primaryimage\",\"url\":\"https:\/\/musee.oceano.org\/wp-content\/uploads\/sites\/2\/2019\/07\/boutique-torutes-peluches-762x578.jpg\",\"contentUrl\":\"https:\/\/musee.oceano.org\/wp-content\/uploads\/sites\/2\/2019\/07\/boutique-torutes-peluches-762x578.jpg\"},{\"@type\":\"BreadcrumbList\",\"@id\":\"https:\/\/musee.oceano.org\/it\/negozio\/#breadcrumb\",\"itemListElement\":[{\"@type\":\"ListItem\",\"position\":1,\"name\":\"Home\",\"item\":\"https:\/\/musee.oceano.org\/it\/\"},{\"@type\":\"ListItem\",\"position\":2,\"name\":\"Negozio\"}]},{\"@type\":\"WebSite\",\"@id\":\"https:\/\/musee.oceano.org\/#website\",\"url\":\"https:\/\/musee.oceano.org\/\",\"name\":\"Mus\u00e9e Oc\u00e9anographique de Monaco\",\"description\":\"Faire conna\u00eetre, aimer et prot\u00e9ger les oc\u00e9ans\",\"potentialAction\":[{\"@type\":\"SearchAction\",\"target\":{\"@type\":\"EntryPoint\",\"urlTemplate\":\"https:\/\/musee.oceano.org\/?s={search_term_string}\"},\"query-input\":{\"@type\":\"PropertyValueSpecification\",\"valueRequired\":true,\"valueName\":\"search_term_string\"}}],\"inLanguage\":\"it-IT\"}]}<\/script>\n<!-- \/ Yoast SEO plugin. -->","yoast_head_json":{"title":"Negozio - Mus\u00e9e Oc\u00e9anographique de Monaco","description":"Visita il negozio del museo per regali, souvenir, letteratura sull'oceano e i suoi molti abitanti.","robots":{"index":"index","follow":"follow","max-snippet":"max-snippet:-1","max-image-preview":"max-image-preview:large","max-video-preview":"max-video-preview:-1"},"canonical":"https:\/\/musee.oceano.org\/it\/negozio\/","og_locale":"it_IT","og_type":"article","og_title":"Negozio - Mus\u00e9e Oc\u00e9anographique de Monaco","og_description":"Visita il negozio del museo per regali, souvenir, letteratura sull'oceano e i suoi molti abitanti.","og_url":"https:\/\/musee.oceano.org\/it\/negozio\/","og_site_name":"Mus\u00e9e Oc\u00e9anographique de Monaco","article_modified_time":"2021-06-24T13:43:19+00:00","og_image":[{"url":"https:\/\/musee.oceano.org\/wp-content\/uploads\/sites\/2\/2019\/07\/boutique-torutes-peluches-762x578.jpg","type":"","width":"","height":""}],"twitter_card":"summary_large_image","twitter_misc":{"Tempo di lettura stimato":"1 minuto"},"schema":{"@context":"https:\/\/schema.org","@graph":[{"@type":"WebPage","@id":"https:\/\/musee.oceano.org\/it\/negozio\/","url":"https:\/\/musee.oceano.org\/it\/negozio\/","name":"Negozio - Mus\u00e9e Oc\u00e9anographique de Monaco","isPartOf":{"@id":"https:\/\/musee.oceano.org\/#website"},"primaryImageOfPage":{"@id":"https:\/\/musee.oceano.org\/it\/negozio\/#primaryimage"},"image":{"@id":"https:\/\/musee.oceano.org\/it\/negozio\/#primaryimage"},"thumbnailUrl":"https:\/\/musee.oceano.org\/wp-content\/uploads\/sites\/2\/2019\/07\/boutique-torutes-peluches-762x578.jpg","datePublished":"2021-06-24T13:38:48+00:00","dateModified":"2021-06-24T13:43:19+00:00","description":"Visita il negozio del museo per regali, souvenir, letteratura sull'oceano e i suoi molti abitanti.","breadcrumb":{"@id":"https:\/\/musee.oceano.org\/it\/negozio\/#breadcrumb"},"inLanguage":"it-IT","potentialAction":[{"@type":"ReadAction","target":["https:\/\/musee.oceano.org\/it\/negozio\/"]}]},{"@type":"ImageObject","inLanguage":"it-IT","@id":"https:\/\/musee.oceano.org\/it\/negozio\/#primaryimage","url":"https:\/\/musee.oceano.org\/wp-content\/uploads\/sites\/2\/2019\/07\/boutique-torutes-peluches-762x578.jpg","contentUrl":"https:\/\/musee.oceano.org\/wp-content\/uploads\/sites\/2\/2019\/07\/boutique-torutes-peluches-762x578.jpg"},{"@type":"BreadcrumbList","@id":"https:\/\/musee.oceano.org\/it\/negozio\/#breadcrumb","itemListElement":[{"@type":"ListItem","position":1,"name":"Home","item":"https:\/\/musee.oceano.org\/it\/"},{"@type":"ListItem","position":2,"name":"Negozio"}]},{"@type":"WebSite","@id":"https:\/\/musee.oceano.org\/#website","url":"https:\/\/musee.oceano.org\/","name":"Mus\u00e9e Oc\u00e9anographique de Monaco","description":"Faire conna\u00eetre, aimer et prot\u00e9ger les oc\u00e9ans","potentialAction":[{"@type":"SearchAction","target":{"@type":"EntryPoint","urlTemplate":"https:\/\/musee.oceano.org\/?s={search_term_string}"},"query-input":{"@type":"PropertyValueSpecification","valueRequired":true,"valueName":"search_term_string"}}],"inLanguage":"it-IT"}]}},"_links":{"self":[{"href":"https:\/\/musee.oceano.org\/it\/wp-json\/wp\/v2\/pages\/23157","targetHints":{"allow":["GET"]}}],"collection":[{"href":"https:\/\/musee.oceano.org\/it\/wp-json\/wp\/v2\/pages"}],"about":[{"href":"https:\/\/musee.oceano.org\/it\/wp-json\/wp\/v2\/types\/page"}],"author":[{"embeddable":true,"href":"https:\/\/musee.oceano.org\/it\/wp-json\/wp\/v2\/users\/12"}],"replies":[{"embeddable":true,"href":"https:\/\/musee.oceano.org\/it\/wp-json\/wp\/v2\/comments?post=23157"}],"version-history":[{"count":6,"href":"https:\/\/musee.oceano.org\/it\/wp-json\/wp\/v2\/pages\/23157\/revisions"}],"predecessor-version":[{"id":23212,"href":"https:\/\/musee.oceano.org\/it\/wp-json\/wp\/v2\/pages\/23157\/revisions\/23212"}],"wp:attachment":[{"href":"https:\/\/musee.oceano.org\/it\/wp-json\/wp\/v2\/media?parent=23157"}],"curies":[{"name":"wp","href":"https:\/\/api.w.org\/{rel}","templated":true}]}}