{"id":30242,"date":"2019-04-01T16:11:27","date_gmt":"2019-04-01T14:11:27","guid":{"rendered":"https:\/\/musee.oceano.org\/casa\/"},"modified":"2025-12-04T08:12:36","modified_gmt":"2025-12-04T07:12:36","slug":"accueil-2","status":"publish","type":"page","link":"https:\/\/musee.oceano.org\/it\/","title":{"rendered":"Casa"},"content":{"rendered":"\r\n<p>Mus\u00e9e Oc\u00e9ano<\/p>\r\n","protected":false},"excerpt":{"rendered":"<p>Mus\u00e9e Oc\u00e9ano<\/p>\n","protected":false},"author":1,"featured_media":0,"parent":0,"menu_order":467,"comment_status":"closed","ping_status":"closed","template":"content-home.php","meta":{"_acf_changed":false,"footnotes":""},"class_list":["post-30242","page","type-page","status-publish","hentry"],"acf":[],"yoast_head":"<!-- This site is optimized with the Yoast SEO plugin v27.2 - https:\/\/yoast.com\/product\/yoast-seo-wordpress\/ -->\n<title>Casa - Mus\u00e9e Oc\u00e9anographique de Monaco<\/title>\n<meta name=\"description\" content=\"Aquariums, expositions, jeux et d\u00e9tente, le Mus\u00e9e oc\u00e9anographique de Monaco vous ouvre les portes du monde marin. Des aquariums aux exp\u00e9riences int\u00e9ractives\" \/>\n<meta name=\"robots\" content=\"index, follow, max-snippet:-1, max-image-preview:large, max-video-preview:-1\" \/>\n<link rel=\"canonical\" href=\"https:\/\/musee.oceano.org\/it\/\" \/>\n<meta property=\"og:locale\" content=\"it_IT\" \/>\n<meta property=\"og:type\" content=\"article\" \/>\n<meta property=\"og:title\" content=\"Casa - Mus\u00e9e Oc\u00e9anographique de Monaco\" \/>\n<meta property=\"og:description\" content=\"Aquariums, expositions, jeux et d\u00e9tente, le Mus\u00e9e oc\u00e9anographique de Monaco vous ouvre les portes du monde marin. Des aquariums aux exp\u00e9riences int\u00e9ractives\" \/>\n<meta property=\"og:url\" content=\"https:\/\/musee.oceano.org\/it\/\" \/>\n<meta property=\"og:site_name\" content=\"Mus\u00e9e Oc\u00e9anographique de Monaco\" \/>\n<meta property=\"article:modified_time\" content=\"2025-12-04T07:12:36+00:00\" \/>\n<meta name=\"twitter:card\" content=\"summary_large_image\" \/>\n<meta name=\"twitter:label1\" content=\"Tempo di lettura stimato\" \/>\n\t<meta name=\"twitter:data1\" content=\"1 minuto\" \/>\n<script type=\"application\/ld+json\" class=\"yoast-schema-graph\">{\"@context\":\"https:\/\/schema.org\",\"@graph\":[{\"@type\":\"WebPage\",\"@id\":\"https:\/\/musee.oceano.org\/it\/\",\"url\":\"https:\/\/musee.oceano.org\/it\/\",\"name\":\"Casa - Mus\u00e9e Oc\u00e9anographique de Monaco\",\"isPartOf\":{\"@id\":\"https:\/\/musee.oceano.org\/#website\"},\"datePublished\":\"2019-04-01T14:11:27+00:00\",\"dateModified\":\"2025-12-04T07:12:36+00:00\",\"description\":\"Aquariums, expositions, jeux et d\u00e9tente, le Mus\u00e9e oc\u00e9anographique de Monaco vous ouvre les portes du monde marin. Des aquariums aux exp\u00e9riences int\u00e9ractives\",\"breadcrumb\":{\"@id\":\"https:\/\/musee.oceano.org\/it\/#breadcrumb\"},\"inLanguage\":\"it-IT\",\"potentialAction\":[{\"@type\":\"ReadAction\",\"target\":[\"https:\/\/musee.oceano.org\/it\/\"]}]},{\"@type\":\"BreadcrumbList\",\"@id\":\"https:\/\/musee.oceano.org\/it\/#breadcrumb\",\"itemListElement\":[{\"@type\":\"ListItem\",\"position\":1,\"name\":\"Home\",\"item\":\"https:\/\/musee.oceano.org\/it\/\"},{\"@type\":\"ListItem\",\"position\":2,\"name\":\"Casa\"}]},{\"@type\":\"WebSite\",\"@id\":\"https:\/\/musee.oceano.org\/#website\",\"url\":\"https:\/\/musee.oceano.org\/\",\"name\":\"Mus\u00e9e Oc\u00e9anographique de Monaco\",\"description\":\"Faire conna\u00eetre, aimer et prot\u00e9ger les oc\u00e9ans\",\"potentialAction\":[{\"@type\":\"SearchAction\",\"target\":{\"@type\":\"EntryPoint\",\"urlTemplate\":\"https:\/\/musee.oceano.org\/?s={search_term_string}\"},\"query-input\":{\"@type\":\"PropertyValueSpecification\",\"valueRequired\":true,\"valueName\":\"search_term_string\"}}],\"inLanguage\":\"it-IT\"}]}<\/script>\n<!-- \/ Yoast SEO plugin. -->","yoast_head_json":{"title":"Casa - Mus\u00e9e Oc\u00e9anographique de Monaco","description":"Aquariums, expositions, jeux et d\u00e9tente, le Mus\u00e9e oc\u00e9anographique de Monaco vous ouvre les portes du monde marin. Des aquariums aux exp\u00e9riences int\u00e9ractives","robots":{"index":"index","follow":"follow","max-snippet":"max-snippet:-1","max-image-preview":"max-image-preview:large","max-video-preview":"max-video-preview:-1"},"canonical":"https:\/\/musee.oceano.org\/it\/","og_locale":"it_IT","og_type":"article","og_title":"Casa - Mus\u00e9e Oc\u00e9anographique de Monaco","og_description":"Aquariums, expositions, jeux et d\u00e9tente, le Mus\u00e9e oc\u00e9anographique de Monaco vous ouvre les portes du monde marin. Des aquariums aux exp\u00e9riences int\u00e9ractives","og_url":"https:\/\/musee.oceano.org\/it\/","og_site_name":"Mus\u00e9e Oc\u00e9anographique de Monaco","article_modified_time":"2025-12-04T07:12:36+00:00","twitter_card":"summary_large_image","twitter_misc":{"Tempo di lettura stimato":"1 minuto"},"schema":{"@context":"https:\/\/schema.org","@graph":[{"@type":"WebPage","@id":"https:\/\/musee.oceano.org\/it\/","url":"https:\/\/musee.oceano.org\/it\/","name":"Casa - Mus\u00e9e Oc\u00e9anographique de Monaco","isPartOf":{"@id":"https:\/\/musee.oceano.org\/#website"},"datePublished":"2019-04-01T14:11:27+00:00","dateModified":"2025-12-04T07:12:36+00:00","description":"Aquariums, expositions, jeux et d\u00e9tente, le Mus\u00e9e oc\u00e9anographique de Monaco vous ouvre les portes du monde marin. Des aquariums aux exp\u00e9riences int\u00e9ractives","breadcrumb":{"@id":"https:\/\/musee.oceano.org\/it\/#breadcrumb"},"inLanguage":"it-IT","potentialAction":[{"@type":"ReadAction","target":["https:\/\/musee.oceano.org\/it\/"]}]},{"@type":"BreadcrumbList","@id":"https:\/\/musee.oceano.org\/it\/#breadcrumb","itemListElement":[{"@type":"ListItem","position":1,"name":"Home","item":"https:\/\/musee.oceano.org\/it\/"},{"@type":"ListItem","position":2,"name":"Casa"}]},{"@type":"WebSite","@id":"https:\/\/musee.oceano.org\/#website","url":"https:\/\/musee.oceano.org\/","name":"Mus\u00e9e Oc\u00e9anographique de Monaco","description":"Faire conna\u00eetre, aimer et prot\u00e9ger les oc\u00e9ans","potentialAction":[{"@type":"SearchAction","target":{"@type":"EntryPoint","urlTemplate":"https:\/\/musee.oceano.org\/?s={search_term_string}"},"query-input":{"@type":"PropertyValueSpecification","valueRequired":true,"valueName":"search_term_string"}}],"inLanguage":"it-IT"}]}},"_links":{"self":[{"href":"https:\/\/musee.oceano.org\/it\/wp-json\/wp\/v2\/pages\/30242","targetHints":{"allow":["GET"]}}],"collection":[{"href":"https:\/\/musee.oceano.org\/it\/wp-json\/wp\/v2\/pages"}],"about":[{"href":"https:\/\/musee.oceano.org\/it\/wp-json\/wp\/v2\/types\/page"}],"author":[{"embeddable":true,"href":"https:\/\/musee.oceano.org\/it\/wp-json\/wp\/v2\/users\/1"}],"replies":[{"embeddable":true,"href":"https:\/\/musee.oceano.org\/it\/wp-json\/wp\/v2\/comments?post=30242"}],"version-history":[{"count":20,"href":"https:\/\/musee.oceano.org\/it\/wp-json\/wp\/v2\/pages\/30242\/revisions"}],"predecessor-version":[{"id":53796,"href":"https:\/\/musee.oceano.org\/it\/wp-json\/wp\/v2\/pages\/30242\/revisions\/53796"}],"wp:attachment":[{"href":"https:\/\/musee.oceano.org\/it\/wp-json\/wp\/v2\/media?parent=30242"}],"curies":[{"name":"wp","href":"https:\/\/api.w.org\/{rel}","templated":true}]}}