{"id":30251,"date":"2021-07-07T11:41:06","date_gmt":"2021-07-07T09:41:06","guid":{"rendered":"https:\/\/musee.oceano.org\/crediti\/"},"modified":"2021-07-07T11:41:43","modified_gmt":"2021-07-07T09:41:43","slug":"crediti","status":"publish","type":"page","link":"https:\/\/musee.oceano.org\/it\/crediti\/","title":{"rendered":"Crediti"},"content":{"rendered":"\t\t<div data-elementor-type=\"wp-post\" data-elementor-id=\"30251\" class=\"elementor elementor-30251 elementor-4849\" data-elementor-post-type=\"page\">\n\t\t\t\t\t\t<section class=\"elementor-section elementor-top-section elementor-element elementor-element-117832aa elementor-section-full_width elementor-section-height-default elementor-section-height-default\" data-id=\"117832aa\" data-element_type=\"section\" data-e-type=\"section\">\n\t\t\t\t\t\t<div class=\"elementor-container elementor-column-gap-no\">\n\t\t\t\t\t<div class=\"elementor-column elementor-col-100 elementor-top-column elementor-element elementor-element-e90c5e9\" data-id=\"e90c5e9\" data-element_type=\"column\" data-e-type=\"column\">\n\t\t\t<div class=\"elementor-widget-wrap elementor-element-populated\">\n\t\t\t\t\t\t<div class=\"elementor-element elementor-element-1a5eacf9 elementor--h-position-center elementor--v-position-middle elementor-widget elementor-widget-slides\" data-id=\"1a5eacf9\" data-element_type=\"widget\" data-e-type=\"widget\" data-settings=\"{&quot;navigation&quot;:&quot;none&quot;,&quot;transition&quot;:&quot;slide&quot;,&quot;transition_speed&quot;:500}\" data-widget_type=\"slides.default\">\n\t\t\t\t<div class=\"elementor-widget-container\">\n\t\t\t\t\t\t\t\t\t<div class=\"elementor-swiper\">\n\t\t\t\t\t<div class=\"elementor-slides-wrapper elementor-main-swiper swiper\" role=\"region\" aria-roledescription=\"carousel\" aria-label=\"Slides\" dir=\"ltr\" data-animation=\"fadeInUp\">\n\t\t\t\t<div class=\"swiper-wrapper elementor-slides\">\n\t\t\t\t\t\t\t\t\t\t<div class=\"elementor-repeater-item-891be05 swiper-slide\" role=\"group\" aria-roledescription=\"slide\"><div class=\"swiper-slide-bg\" role=\"img\" aria-label=\"u2151\"><\/div><div class=\"swiper-slide-inner\" ><div class=\"swiper-slide-contents\"><h1 class=\"elementor-slide-heading\">Crediti<\/h1><\/div><\/div><\/div>\t\t\t\t<\/div>\n\t\t\t\t\t\t\t<\/div>\n\t\t\t\t<\/div>\n\t\t\t\t\t\t\t\t<\/div>\n\t\t\t\t<\/div>\n\t\t\t\t\t<\/div>\n\t\t<\/div>\n\t\t\t\t\t<\/div>\n\t\t<\/section>\n\t\t\t\t<section class=\"elementor-section elementor-top-section elementor-element elementor-element-47bbdfe3 elementor-section-full_width elementor-section-height-default elementor-section-height-default\" data-id=\"47bbdfe3\" data-element_type=\"section\" data-e-type=\"section\">\n\t\t\t\t\t\t<div class=\"elementor-container elementor-column-gap-default\">\n\t\t\t\t\t<div class=\"elementor-column elementor-col-100 elementor-top-column elementor-element elementor-element-ebf7cf0\" data-id=\"ebf7cf0\" data-element_type=\"column\" data-e-type=\"column\">\n\t\t\t<div class=\"elementor-widget-wrap elementor-element-populated\">\n\t\t\t\t\t\t<div class=\"elementor-element elementor-element-1839d7dd elementor-widget elementor-widget-ee-breadcrumbs\" data-id=\"1839d7dd\" data-element_type=\"widget\" data-e-type=\"widget\" data-widget_type=\"ee-breadcrumbs.default\">\n\t\t\t\t<div class=\"elementor-widget-container\">\n\t\t\t\t\t<ul class=\"ee-breadcrumbs\" itemscope=\"\" itemtype=\"http:\/\/schema.org\/BreadcrumbList\"><\/ul>\t\t\t\t<\/div>\n\t\t\t\t<\/div>\n\t\t\t\t\t<\/div>\n\t\t<\/div>\n\t\t\t\t\t<\/div>\n\t\t<\/section>\n\t\t\t\t<section class=\"elementor-section elementor-top-section elementor-element elementor-element-1cd1134a elementor-section-full_width elementor-section-height-default elementor-section-height-default\" data-id=\"1cd1134a\" data-element_type=\"section\" data-e-type=\"section\">\n\t\t\t\t\t\t<div class=\"elementor-container elementor-column-gap-default\">\n\t\t\t\t\t<div class=\"elementor-column elementor-col-100 elementor-top-column elementor-element elementor-element-275ee04f\" data-id=\"275ee04f\" data-element_type=\"column\" data-e-type=\"column\">\n\t\t\t<div class=\"elementor-widget-wrap elementor-element-populated\">\n\t\t\t\t\t\t<div class=\"elementor-element elementor-element-42d4e778 elementor-widget elementor-widget-heading\" data-id=\"42d4e778\" data-element_type=\"widget\" data-e-type=\"widget\" data-widget_type=\"heading.default\">\n\t\t\t\t<div class=\"elementor-widget-container\">\n\t\t\t\t\t<h2 class=\"elementor-heading-title elementor-size-default\">Design del sito<\/h2>\t\t\t\t<\/div>\n\t\t\t\t<\/div>\n\t\t\t\t\t<\/div>\n\t\t<\/div>\n\t\t\t\t\t<\/div>\n\t\t<\/section>\n\t\t\t\t<section class=\"elementor-section elementor-top-section elementor-element elementor-element-15fd502d elementor-section-boxed elementor-section-height-default elementor-section-height-default\" data-id=\"15fd502d\" data-element_type=\"section\" data-e-type=\"section\">\n\t\t\t\t\t\t<div class=\"elementor-container elementor-column-gap-default\">\n\t\t\t\t\t<div class=\"elementor-column elementor-col-100 elementor-top-column elementor-element elementor-element-4895c3f3\" data-id=\"4895c3f3\" data-element_type=\"column\" data-e-type=\"column\">\n\t\t\t<div class=\"elementor-widget-wrap elementor-element-populated\">\n\t\t\t\t\t\t<div class=\"elementor-element elementor-element-37663506 elementor-widget elementor-widget-text-editor\" data-id=\"37663506\" data-element_type=\"widget\" data-e-type=\"widget\" data-widget_type=\"text-editor.default\">\n\t\t\t\t<div class=\"elementor-widget-container\">\n\t\t\t\t\t\t\t\t\t<p class=\"p1\"><a href=\"https:\/\/www.pix-associates.com\/\" target=\"_blank\" rel=\"noopener\">Pix &amp; Associati<\/a><br \/>16 Avenue Fragonard &#8211; 06100 Nizza<br \/>Tel: +33 (0)4 93 87 03 19<\/p>\n\t\t\t\t\t\t\t\t<\/div>\n\t\t\t\t<\/div>\n\t\t\t\t\t<\/div>\n\t\t<\/div>\n\t\t\t\t\t<\/div>\n\t\t<\/section>\n\t\t\t\t<section class=\"elementor-section elementor-top-section elementor-element elementor-element-47fa8a3 elementor-section-full_width elementor-section-height-default elementor-section-height-default\" data-id=\"47fa8a3\" data-element_type=\"section\" data-e-type=\"section\">\n\t\t\t\t\t\t<div class=\"elementor-container elementor-column-gap-default\">\n\t\t\t\t\t<div class=\"elementor-column elementor-col-100 elementor-top-column elementor-element elementor-element-8f4e595\" data-id=\"8f4e595\" data-element_type=\"column\" data-e-type=\"column\">\n\t\t\t<div class=\"elementor-widget-wrap elementor-element-populated\">\n\t\t\t\t\t\t<div class=\"elementor-element elementor-element-28ffa3c elementor-widget elementor-widget-heading\" data-id=\"28ffa3c\" data-element_type=\"widget\" data-e-type=\"widget\" data-widget_type=\"heading.default\">\n\t\t\t\t<div class=\"elementor-widget-container\">\n\t\t\t\t\t<h2 class=\"elementor-heading-title elementor-size-default\">Propriet\u00e0 intellettuale e copyright<\/h2>\t\t\t\t<\/div>\n\t\t\t\t<\/div>\n\t\t\t\t\t<\/div>\n\t\t<\/div>\n\t\t\t\t\t<\/div>\n\t\t<\/section>\n\t\t\t\t<section class=\"elementor-section elementor-top-section elementor-element elementor-element-7b08d11 elementor-section-boxed elementor-section-height-default elementor-section-height-default\" data-id=\"7b08d11\" data-element_type=\"section\" data-e-type=\"section\">\n\t\t\t\t\t\t<div class=\"elementor-container elementor-column-gap-default\">\n\t\t\t\t\t<div class=\"elementor-column elementor-col-100 elementor-top-column elementor-element elementor-element-f59013c\" data-id=\"f59013c\" data-element_type=\"column\" data-e-type=\"column\">\n\t\t\t<div class=\"elementor-widget-wrap elementor-element-populated\">\n\t\t\t\t\t\t<div class=\"elementor-element elementor-element-63e24dd elementor-widget elementor-widget-text-editor\" data-id=\"63e24dd\" data-element_type=\"widget\" data-e-type=\"widget\" data-widget_type=\"text-editor.default\">\n\t\t\t\t<div class=\"elementor-widget-container\">\n\t\t\t\t\t\t\t\t\t<p>Il sito &#8220;Institut Oc\u00e9anographique &#8211; Fondation Albert Ier, Prince of Monaco&#8221; \u00e8 protetto dalle disposizioni del Codice della propriet\u00e0 intellettuale, in particolare dalle disposizioni relative alla propriet\u00e0 letteraria e artistica, al diritto d&#8217;autore e alla protezione delle banche dati.<\/p>\n<p>Questi diritti sono di propriet\u00e0 esclusiva dell'&#8221;Institut Oc\u00e9anographique &#8211; Fondation Albert Ier, Principe di Monaco&#8221;.<\/p>\n<p>I diritti d&#8217;autore e gli altri titoli di propriet\u00e0 relativi al Contenuto (inclusi, ma non limitati a, software, elementi audio e video, testi e fotografie) rimangono di propriet\u00e0 esclusiva di &#8220;Istituto Oceanografico &#8211; Fondazione Alberto I Principe di Monaco&#8221; o dei suoi licenziatari. Tutti i diritti sul Contenuto non espressamente concessi sono riservati. Se non diversamente specificato, il contenuto pubblicato su questo sito pu\u00f2 essere riprodotto o distribuito in forma non modificata solo per uso privato. Qualsiasi altro uso del Contenuto, incluso, ma non limitato a, qualsiasi distribuzione, riproduzione, modifica, traduzione, trasmissione o trasmissione senza il previo consenso scritto di &#8220;The Oceanographic Institute &#8211; Prince of Monaco Foundation&#8221; \u00e8 strettamente proibito.<\/p>\n<p>Tutti i marchi, i processi e le tecniche presenti sul sito dell'&#8221;Institut Oc\u00e9anographique &#8211; Fondation Albert Ier, Prince de Monaco&#8221; sono protetti da leggi specifiche e non possono essere copiati o utilizzati in nessun caso. Tutti i simboli di copyright o altri simboli di propriet\u00e0 devono essere mantenuti su tutte le riproduzioni.<\/p>\n<p>Tutti i testi, i commenti, le opere, le illustrazioni e le immagini riprodotte sul sito &#8220;Institut Oc\u00e9anographique &#8211; Fondation Albert Ier, Prince de Monaco&#8221; sono riservati ai sensi della legge sul diritto d&#8217;autore e sulla propriet\u00e0 intellettuale per tutto il mondo.<\/p>\n<p>Il Codice della Propriet\u00e0 Intellettuale autorizza soltanto, da un lato, le copie o riproduzioni strettamente riservate all&#8217;uso privato del copista e non destinate all&#8217;uso collettivo e, dall&#8217;altro, le analisi e le brevi citazioni a scopo di esempio e di illustrazione.<\/p>\n<p>Di conseguenza, qualsiasi altro uso del Contenuto, incluso, ma non limitato a, qualsiasi distribuzione, riproduzione, rappresentazione, modifica, traduzione, diffusione o trasmissione senza il previo consenso scritto dell'&#8221;Institut Oc\u00e9anographique &#8211; Fondation Albert Ier, Prince de Monaco&#8221; \u00e8 severamente vietato sotto pena di azioni legali.<\/p>\n<p>Il trasgressore \u00e8 passibile di sanzioni civili e penali e in particolare delle sanzioni previste dal Codice della Propriet\u00e0 Intellettuale.<\/p>\n<p><strong>Crediti fotografici del sito &#8220;L&#8217;Istituto Oceanografico &#8211; Fondazione Alberto I, Principe di Monaco&#8221; :<\/strong><\/p>\n<ul>\n<li>M. Dagnino &#8211; Museo Oceanografico di Monaco<\/li>\n<li>F. Pacorel &#8211; Museo Oceanografico di Monaco<\/li>\n<li>Cyril Henry &#8211; Istituto Oceanografico di Parigi<\/li>\n<li>Istituto Oceanografico di Parigi<\/li>\n<li>Museo Oceanografico di Monaco<\/li>\n<\/ul>\n<p>\n<strong>Crediti video del sito &#8220;Istituto Oceanografico &#8211; Fondazione Alberto I, Principe di Monaco&#8221;:<\/strong><\/p>\n<ul>\n<li>F. Pacorel &#8211; Museo Oceanografico di Monaco<\/li>\n<\/ul>\n<p>\n<strong>Crediti di testo del sito &#8220;L&#8217;Istituto Oceanografico &#8211; Fondazione Alberto I, Principe di Monaco&#8221;:<\/strong><\/p>\n<ul>\n<li>F. Stagnaro &#8211; Istituto Oceanografico<\/li>\n<li>M. Barisice &#8211; Istituto Oceanografico<\/li>\n<li>\u00a9 A. Willm &#8211; Istituto Oceanografico<\/li>\n<\/ul>\n\t\t\t\t\t\t\t\t<\/div>\n\t\t\t\t<\/div>\n\t\t\t\t\t<\/div>\n\t\t<\/div>\n\t\t\t\t\t<\/div>\n\t\t<\/section>\n\t\t\t\t<section class=\"elementor-section elementor-top-section elementor-element elementor-element-c8344e2 elementor-section-full_width elementor-section-height-default elementor-section-height-default\" data-id=\"c8344e2\" data-element_type=\"section\" data-e-type=\"section\">\n\t\t\t\t\t\t<div class=\"elementor-container elementor-column-gap-default\">\n\t\t\t\t\t<div class=\"elementor-column elementor-col-100 elementor-top-column elementor-element elementor-element-1114341\" data-id=\"1114341\" data-element_type=\"column\" data-e-type=\"column\">\n\t\t\t<div class=\"elementor-widget-wrap elementor-element-populated\">\n\t\t\t\t\t\t<div class=\"elementor-element elementor-element-4e8b412 elementor-widget elementor-widget-heading\" data-id=\"4e8b412\" data-element_type=\"widget\" data-e-type=\"widget\" data-widget_type=\"heading.default\">\n\t\t\t\t<div class=\"elementor-widget-container\">\n\t\t\t\t\t<h2 class=\"elementor-heading-title elementor-size-default\">Software e download<\/h2>\t\t\t\t<\/div>\n\t\t\t\t<\/div>\n\t\t\t\t\t<\/div>\n\t\t<\/div>\n\t\t\t\t\t<\/div>\n\t\t<\/section>\n\t\t\t\t<section class=\"elementor-section elementor-top-section elementor-element elementor-element-3e60c58 elementor-section-boxed elementor-section-height-default elementor-section-height-default\" data-id=\"3e60c58\" data-element_type=\"section\" data-e-type=\"section\">\n\t\t\t\t\t\t<div class=\"elementor-container elementor-column-gap-default\">\n\t\t\t\t\t<div class=\"elementor-column elementor-col-100 elementor-top-column elementor-element elementor-element-13f552a\" data-id=\"13f552a\" data-element_type=\"column\" data-e-type=\"column\">\n\t\t\t<div class=\"elementor-widget-wrap elementor-element-populated\">\n\t\t\t\t\t\t<div class=\"elementor-element elementor-element-cbd94bc elementor-widget elementor-widget-text-editor\" data-id=\"cbd94bc\" data-element_type=\"widget\" data-e-type=\"widget\" data-widget_type=\"text-editor.default\">\n\t\t\t\t<div class=\"elementor-widget-container\">\n\t\t\t\t\t\t\t\t\t<p>Il software reso disponibile su questo sito web \u00e8 concesso in licenza secondo i termini del contratto di licenza applicabile. Ad eccezione di quanto diversamente previsto dal contratto di licenza applicabile, il software \u00e8 reso disponibile solo agli utenti finali e qualsiasi altra copia, riproduzione o ridistribuzione del software \u00e8 severamente vietata. Dove applicabile, le garanzie rispetto al software si applicano solo in conformit\u00e0 con i termini del contratto di licenza applicabile. L'&#8221;Institut Oc\u00e9anographique &#8211; Fondation Albert Ier, Prince de Monaco&#8221; non fornisce alcuna garanzia di alcun tipo, espressa o implicita, in particolare che questo software sia di qualit\u00e0 commerciabile, adatto ad un uso particolare o possa essere utilizzato senza violare i diritti di terzi.<\/p>\n\t\t\t\t\t\t\t\t<\/div>\n\t\t\t\t<\/div>\n\t\t\t\t\t<\/div>\n\t\t<\/div>\n\t\t\t\t\t<\/div>\n\t\t<\/section>\n\t\t\t\t<\/div>\n\t\t","protected":false},"excerpt":{"rendered":"<p>Crediti Design del sito Pix &amp; Associati16 Avenue Fragonard &#8211; 06100 NizzaTel: +33 (0)4 93 87 03 19 Propriet\u00e0 intellettuale e copyright Il sito &#8220;Institut Oc\u00e9anographique &#8211; Fondation Albert Ier, Prince of Monaco&#8221; \u00e8 protetto dalle disposizioni del Codice della propriet\u00e0 intellettuale, in particolare dalle disposizioni relative alla propriet\u00e0 letteraria e artistica, al diritto d&#8217;autore [&hellip;]<\/p>\n","protected":false},"author":1,"featured_media":0,"parent":0,"menu_order":432,"comment_status":"closed","ping_status":"closed","template":"","meta":{"_acf_changed":false,"footnotes":""},"class_list":["post-30251","page","type-page","status-publish","hentry"],"acf":[],"yoast_head":"<!-- This site is optimized with the Yoast SEO plugin v27.2 - https:\/\/yoast.com\/product\/yoast-seo-wordpress\/ -->\n<title>Crediti - Mus\u00e9e Oc\u00e9anographique de Monaco<\/title>\n<meta name=\"description\" content=\"Consultare le disposizioni del Codice della Propriet\u00e0 Intellettuale, in particolare quelle relative alla propriet\u00e0 letteraria e artistica, al diritto d&#039;autore e alla protezione delle banche dati.\" \/>\n<meta name=\"robots\" content=\"index, follow, max-snippet:-1, max-image-preview:large, max-video-preview:-1\" \/>\n<link rel=\"canonical\" href=\"https:\/\/musee.oceano.org\/it\/crediti\/\" \/>\n<meta property=\"og:locale\" content=\"it_IT\" \/>\n<meta property=\"og:type\" content=\"article\" \/>\n<meta property=\"og:title\" content=\"Crediti - Mus\u00e9e Oc\u00e9anographique de Monaco\" \/>\n<meta property=\"og:description\" content=\"Consultare le disposizioni del Codice della Propriet\u00e0 Intellettuale, in particolare quelle relative alla propriet\u00e0 letteraria e artistica, al diritto d&#039;autore e alla protezione delle banche dati.\" \/>\n<meta property=\"og:url\" content=\"https:\/\/musee.oceano.org\/it\/crediti\/\" \/>\n<meta property=\"og:site_name\" content=\"Mus\u00e9e Oc\u00e9anographique de Monaco\" \/>\n<meta property=\"article:modified_time\" content=\"2021-07-07T09:41:43+00:00\" \/>\n<meta name=\"twitter:card\" content=\"summary_large_image\" \/>\n<meta name=\"twitter:label1\" content=\"Tempo di lettura stimato\" \/>\n\t<meta name=\"twitter:data1\" content=\"3 minuti\" \/>\n<script type=\"application\/ld+json\" class=\"yoast-schema-graph\">{\"@context\":\"https:\/\/schema.org\",\"@graph\":[{\"@type\":\"WebPage\",\"@id\":\"https:\/\/musee.oceano.org\/it\/crediti\/\",\"url\":\"https:\/\/musee.oceano.org\/it\/crediti\/\",\"name\":\"Crediti - Mus\u00e9e Oc\u00e9anographique de Monaco\",\"isPartOf\":{\"@id\":\"https:\/\/musee.oceano.org\/#website\"},\"datePublished\":\"2021-07-07T09:41:06+00:00\",\"dateModified\":\"2021-07-07T09:41:43+00:00\",\"description\":\"Consultare le disposizioni del Codice della Propriet\u00e0 Intellettuale, in particolare quelle relative alla propriet\u00e0 letteraria e artistica, al diritto d'autore e alla protezione delle banche dati.\",\"breadcrumb\":{\"@id\":\"https:\/\/musee.oceano.org\/it\/crediti\/#breadcrumb\"},\"inLanguage\":\"it-IT\",\"potentialAction\":[{\"@type\":\"ReadAction\",\"target\":[\"https:\/\/musee.oceano.org\/it\/crediti\/\"]}]},{\"@type\":\"BreadcrumbList\",\"@id\":\"https:\/\/musee.oceano.org\/it\/crediti\/#breadcrumb\",\"itemListElement\":[{\"@type\":\"ListItem\",\"position\":1,\"name\":\"Home\",\"item\":\"https:\/\/musee.oceano.org\/it\/\"},{\"@type\":\"ListItem\",\"position\":2,\"name\":\"Crediti\"}]},{\"@type\":\"WebSite\",\"@id\":\"https:\/\/musee.oceano.org\/#website\",\"url\":\"https:\/\/musee.oceano.org\/\",\"name\":\"Mus\u00e9e Oc\u00e9anographique de Monaco\",\"description\":\"Faire conna\u00eetre, aimer et prot\u00e9ger les oc\u00e9ans\",\"potentialAction\":[{\"@type\":\"SearchAction\",\"target\":{\"@type\":\"EntryPoint\",\"urlTemplate\":\"https:\/\/musee.oceano.org\/?s={search_term_string}\"},\"query-input\":{\"@type\":\"PropertyValueSpecification\",\"valueRequired\":true,\"valueName\":\"search_term_string\"}}],\"inLanguage\":\"it-IT\"}]}<\/script>\n<!-- \/ Yoast SEO plugin. -->","yoast_head_json":{"title":"Crediti - Mus\u00e9e Oc\u00e9anographique de Monaco","description":"Consultare le disposizioni del Codice della Propriet\u00e0 Intellettuale, in particolare quelle relative alla propriet\u00e0 letteraria e artistica, al diritto d'autore e alla protezione delle banche dati.","robots":{"index":"index","follow":"follow","max-snippet":"max-snippet:-1","max-image-preview":"max-image-preview:large","max-video-preview":"max-video-preview:-1"},"canonical":"https:\/\/musee.oceano.org\/it\/crediti\/","og_locale":"it_IT","og_type":"article","og_title":"Crediti - Mus\u00e9e Oc\u00e9anographique de Monaco","og_description":"Consultare le disposizioni del Codice della Propriet\u00e0 Intellettuale, in particolare quelle relative alla propriet\u00e0 letteraria e artistica, al diritto d'autore e alla protezione delle banche dati.","og_url":"https:\/\/musee.oceano.org\/it\/crediti\/","og_site_name":"Mus\u00e9e Oc\u00e9anographique de Monaco","article_modified_time":"2021-07-07T09:41:43+00:00","twitter_card":"summary_large_image","twitter_misc":{"Tempo di lettura stimato":"3 minuti"},"schema":{"@context":"https:\/\/schema.org","@graph":[{"@type":"WebPage","@id":"https:\/\/musee.oceano.org\/it\/crediti\/","url":"https:\/\/musee.oceano.org\/it\/crediti\/","name":"Crediti - Mus\u00e9e Oc\u00e9anographique de Monaco","isPartOf":{"@id":"https:\/\/musee.oceano.org\/#website"},"datePublished":"2021-07-07T09:41:06+00:00","dateModified":"2021-07-07T09:41:43+00:00","description":"Consultare le disposizioni del Codice della Propriet\u00e0 Intellettuale, in particolare quelle relative alla propriet\u00e0 letteraria e artistica, al diritto d'autore e alla protezione delle banche dati.","breadcrumb":{"@id":"https:\/\/musee.oceano.org\/it\/crediti\/#breadcrumb"},"inLanguage":"it-IT","potentialAction":[{"@type":"ReadAction","target":["https:\/\/musee.oceano.org\/it\/crediti\/"]}]},{"@type":"BreadcrumbList","@id":"https:\/\/musee.oceano.org\/it\/crediti\/#breadcrumb","itemListElement":[{"@type":"ListItem","position":1,"name":"Home","item":"https:\/\/musee.oceano.org\/it\/"},{"@type":"ListItem","position":2,"name":"Crediti"}]},{"@type":"WebSite","@id":"https:\/\/musee.oceano.org\/#website","url":"https:\/\/musee.oceano.org\/","name":"Mus\u00e9e Oc\u00e9anographique de Monaco","description":"Faire conna\u00eetre, aimer et prot\u00e9ger les oc\u00e9ans","potentialAction":[{"@type":"SearchAction","target":{"@type":"EntryPoint","urlTemplate":"https:\/\/musee.oceano.org\/?s={search_term_string}"},"query-input":{"@type":"PropertyValueSpecification","valueRequired":true,"valueName":"search_term_string"}}],"inLanguage":"it-IT"}]}},"_links":{"self":[{"href":"https:\/\/musee.oceano.org\/it\/wp-json\/wp\/v2\/pages\/30251","targetHints":{"allow":["GET"]}}],"collection":[{"href":"https:\/\/musee.oceano.org\/it\/wp-json\/wp\/v2\/pages"}],"about":[{"href":"https:\/\/musee.oceano.org\/it\/wp-json\/wp\/v2\/types\/page"}],"author":[{"embeddable":true,"href":"https:\/\/musee.oceano.org\/it\/wp-json\/wp\/v2\/users\/1"}],"replies":[{"embeddable":true,"href":"https:\/\/musee.oceano.org\/it\/wp-json\/wp\/v2\/comments?post=30251"}],"version-history":[{"count":3,"href":"https:\/\/musee.oceano.org\/it\/wp-json\/wp\/v2\/pages\/30251\/revisions"}],"predecessor-version":[{"id":30263,"href":"https:\/\/musee.oceano.org\/it\/wp-json\/wp\/v2\/pages\/30251\/revisions\/30263"}],"wp:attachment":[{"href":"https:\/\/musee.oceano.org\/it\/wp-json\/wp\/v2\/media?parent=30251"}],"curies":[{"name":"wp","href":"https:\/\/api.w.org\/{rel}","templated":true}]}}