{"id":30298,"date":"2021-07-07T11:43:12","date_gmt":"2021-07-07T09:43:12","guid":{"rendered":"https:\/\/musee.oceano.org\/termini-e-condizioni-duso\/"},"modified":"2021-07-07T11:43:22","modified_gmt":"2021-07-07T09:43:22","slug":"termini-e-condizioni-duso","status":"publish","type":"page","link":"https:\/\/musee.oceano.org\/it\/termini-e-condizioni-duso\/","title":{"rendered":"Termini e condizioni d&#8217;uso"},"content":{"rendered":"\t\t<div data-elementor-type=\"wp-post\" data-elementor-id=\"30298\" class=\"elementor elementor-30298 elementor-4844\" data-elementor-post-type=\"page\">\n\t\t\t\t\t\t<section class=\"elementor-section elementor-top-section elementor-element elementor-element-117832aa elementor-section-full_width elementor-section-height-default elementor-section-height-default\" data-id=\"117832aa\" data-element_type=\"section\" data-e-type=\"section\">\n\t\t\t\t\t\t<div class=\"elementor-container elementor-column-gap-no\">\n\t\t\t\t\t<div class=\"elementor-column elementor-col-100 elementor-top-column elementor-element elementor-element-e90c5e9\" data-id=\"e90c5e9\" data-element_type=\"column\" data-e-type=\"column\">\n\t\t\t<div class=\"elementor-widget-wrap elementor-element-populated\">\n\t\t\t\t\t\t<div class=\"elementor-element elementor-element-1a5eacf9 elementor--h-position-center elementor--v-position-middle elementor-widget elementor-widget-slides\" data-id=\"1a5eacf9\" data-element_type=\"widget\" data-e-type=\"widget\" data-settings=\"{&quot;navigation&quot;:&quot;none&quot;,&quot;transition&quot;:&quot;slide&quot;,&quot;transition_speed&quot;:500}\" data-widget_type=\"slides.default\">\n\t\t\t\t<div class=\"elementor-widget-container\">\n\t\t\t\t\t\t\t\t\t<div class=\"elementor-swiper\">\n\t\t\t\t\t<div class=\"elementor-slides-wrapper elementor-main-swiper swiper\" role=\"region\" aria-roledescription=\"carousel\" aria-label=\"Slides\" dir=\"ltr\" data-animation=\"fadeInUp\">\n\t\t\t\t<div class=\"swiper-wrapper elementor-slides\">\n\t\t\t\t\t\t\t\t\t\t<div class=\"elementor-repeater-item-891be05 swiper-slide\" role=\"group\" aria-roledescription=\"slide\"><div class=\"swiper-slide-bg\" role=\"img\" aria-label=\"u2151\"><\/div><div class=\"swiper-slide-inner\" ><div class=\"swiper-slide-contents\"><h1 class=\"elementor-slide-heading\">Termini e condizioni d'uso<\/h1><\/div><\/div><\/div>\t\t\t\t<\/div>\n\t\t\t\t\t\t\t<\/div>\n\t\t\t\t<\/div>\n\t\t\t\t\t\t\t\t<\/div>\n\t\t\t\t<\/div>\n\t\t\t\t\t<\/div>\n\t\t<\/div>\n\t\t\t\t\t<\/div>\n\t\t<\/section>\n\t\t\t\t<section class=\"elementor-section elementor-top-section elementor-element elementor-element-47bbdfe3 elementor-section-full_width elementor-section-height-default elementor-section-height-default\" data-id=\"47bbdfe3\" data-element_type=\"section\" data-e-type=\"section\">\n\t\t\t\t\t\t<div class=\"elementor-container elementor-column-gap-default\">\n\t\t\t\t\t<div class=\"elementor-column elementor-col-100 elementor-top-column elementor-element elementor-element-ebf7cf0\" data-id=\"ebf7cf0\" data-element_type=\"column\" data-e-type=\"column\">\n\t\t\t<div class=\"elementor-widget-wrap elementor-element-populated\">\n\t\t\t\t\t\t<div class=\"elementor-element elementor-element-1839d7dd elementor-widget elementor-widget-ee-breadcrumbs\" data-id=\"1839d7dd\" data-element_type=\"widget\" data-e-type=\"widget\" data-widget_type=\"ee-breadcrumbs.default\">\n\t\t\t\t<div class=\"elementor-widget-container\">\n\t\t\t\t\t<ul class=\"ee-breadcrumbs\" itemscope=\"\" itemtype=\"http:\/\/schema.org\/BreadcrumbList\"><\/ul>\t\t\t\t<\/div>\n\t\t\t\t<\/div>\n\t\t\t\t\t<\/div>\n\t\t<\/div>\n\t\t\t\t\t<\/div>\n\t\t<\/section>\n\t\t\t\t<section class=\"elementor-section elementor-top-section elementor-element elementor-element-1cd1134a elementor-section-full_width elementor-section-height-default elementor-section-height-default\" data-id=\"1cd1134a\" data-element_type=\"section\" data-e-type=\"section\">\n\t\t\t\t\t\t<div class=\"elementor-container elementor-column-gap-default\">\n\t\t\t\t\t<div class=\"elementor-column elementor-col-100 elementor-top-column elementor-element elementor-element-275ee04f\" data-id=\"275ee04f\" data-element_type=\"column\" data-e-type=\"column\">\n\t\t\t<div class=\"elementor-widget-wrap elementor-element-populated\">\n\t\t\t\t\t\t<div class=\"elementor-element elementor-element-42d4e778 elementor-widget elementor-widget-heading\" data-id=\"42d4e778\" data-element_type=\"widget\" data-e-type=\"widget\" data-widget_type=\"heading.default\">\n\t\t\t\t<div class=\"elementor-widget-container\">\n\t\t\t\t\t<h2 class=\"elementor-heading-title elementor-size-default\">Responsabilit\u00e0<\/h2>\t\t\t\t<\/div>\n\t\t\t\t<\/div>\n\t\t\t\t\t<\/div>\n\t\t<\/div>\n\t\t\t\t\t<\/div>\n\t\t<\/section>\n\t\t\t\t<section class=\"elementor-section elementor-top-section elementor-element elementor-element-15fd502d elementor-section-boxed elementor-section-height-default elementor-section-height-default\" data-id=\"15fd502d\" data-element_type=\"section\" data-e-type=\"section\">\n\t\t\t\t\t\t<div class=\"elementor-container elementor-column-gap-default\">\n\t\t\t\t\t<div class=\"elementor-column elementor-col-100 elementor-top-column elementor-element elementor-element-4895c3f3\" data-id=\"4895c3f3\" data-element_type=\"column\" data-e-type=\"column\">\n\t\t\t<div class=\"elementor-widget-wrap elementor-element-populated\">\n\t\t\t\t\t\t<div class=\"elementor-element elementor-element-37663506 elementor-widget elementor-widget-text-editor\" data-id=\"37663506\" data-element_type=\"widget\" data-e-type=\"widget\" data-widget_type=\"text-editor.default\">\n\t\t\t\t<div class=\"elementor-widget-container\">\n\t\t\t\t\t\t\t\t\t<p><strong>M<\/strong>Nonostante la cura che l'&#8221;Institut Oc\u00e9anographique &#8211; Fondation Albert I, Prince de Monaco&#8221; ha posto nello sviluppo e nell&#8217;aggiornamento del suo sito per quanto riguarda l&#8217;esattezza, la precisione e la completezza delle informazioni in esso fornite, l'&#8221;Institut Oc\u00e9anographique &#8211; Fondation Albert I, Prince de Monaco&#8221; non pu\u00f2 essere ritenuto responsabile di eventuali informazioni inesatte. L'&#8221;Institut Oc\u00e9anographique &#8211; Fondation Albert I, Prince of Monaco&#8221; declina ogni responsabilit\u00e0 per qualsiasi errore, imprecisione o omissione riguardante queste informazioni.<\/p>\n<p>Le informazioni e i dati contenuti nel sito sono forniti solo a scopo informativo. L'&#8221;Institut Oc\u00e9anographique &#8211; Fondation Albert I, Prince of Monaco&#8221; declina ogni responsabilit\u00e0 su questi contenuti e sul loro utilizzo.  <br \/><strong>L'&#8221;Institut Oc\u00e9anographique &#8211; Fondation Albert I, Prince of Monaco&#8221;<\/strong> si riserva il diritto di modificare, interrompere temporaneamente o definitivamente tutto o parte del sito senza preavviso. Le modifiche saranno applicabili non appena saranno pubblicate su questo sito web.<\/p>\n<p>Tutti i contenuti sono forniti &#8220;cos\u00ec come sono&#8221; e &#8220;come disponibili&#8221;. L'&#8221;Institut Oc\u00e9anographique &#8211; Fondation Albert I, Prince of Monaco&#8221; non fornisce alcuna garanzia di alcun tipo, esplicita o implicita, compresa, ma non solo, qualsiasi garanzia che tutti i prodotti e servizi siano disponibili, siano di qualit\u00e0 commerciabile, siano adatti ad un uso particolare, possano essere utilizzati senza violare i diritti di terzi, n\u00e9 alcuna garanzia relativa al funzionamento di questo sito stesso o al suo contenuto.<\/p>\n<p>L'&#8221;Institut Oc\u00e9anographique &#8211; Fondation Albert Ier, Principe di Monaco&#8221; non potr\u00e0 essere ritenuto responsabile nei vostri confronti o nei confronti di terzi per qualsiasi modifica, interruzione, sospensione o soppressione del sito.  <br \/>L&#8217;<strong>Institut Oc\u00e9anographique &#8211; Fondation Albert Ier, Prince<\/strong> de Monaco non garantisce la sicurezza di questo sito a meno che l&#8217;Institut Oc\u00e9anographique &#8211; Fondation Albert Ier, Prince de Monaco non abbia specificato che una determinata funzione sia criptata. A parte questo caso specifico, l&#8217;utente \u00e8 avvertito che qualsiasi informazione che invia pu\u00f2 essere intercettata da terzi. L'&#8221;Institut Oc\u00e9anographique &#8211; Fondation Albert Ier, Prince de Monaco&#8221; non garantisce che questo sito o i server che danno accesso a questo sito o che le comunicazioni elettroniche inviate dall'&#8221;Institut Oc\u00e9anographique &#8211; Fondation Albert Ier, Prince de Monaco&#8221; siano esenti da virus o da altri elementi distruttivi.<\/p>\n<p><strong>S<\/strong>Con riserva delle disposizioni legali e regolamentari applicabili, l'&#8221;Institut Oc\u00e9anographique &#8211; Fondation Albert I, Prince of Monaco&#8221; non potr\u00e0 essere ritenuto responsabile di alcun danno diretto o indiretto, in particolare, ma non esclusivamente, della perdita di profitti, di clienti, di dati o di beni immateriali che possa verificarsi a seguito dell&#8217;utilizzo o dell&#8217;impossibilit\u00e0 di utilizzo del Sito, e pi\u00f9 in generale, di qualsiasi evento collegato al Sito e\/o a qualsiasi sito terzo. In particolare, l'&#8221;Institut Oc\u00e9anographique &#8211; Fondation Albert I, Prince of Monaco&#8221; non potr\u00e0 essere ritenuto responsabile in caso di pirateria totale o parziale del Sito e di qualsiasi danno che tale pirateria possa causare a un utente o a terzi.<\/p>\n<p>L&#8217;uso<strong>del<\/strong> sito \u00e8 a rischio esclusivo dell&#8217;utente. In nessun caso l'&#8221;Institut Oc\u00e9anographique &#8211; Fondation Albert Ier, Prince de Monaco&#8221; e\/o le sue filiali saranno responsabili di qualsiasi danno indiretto, incidentale o morale risultante, causato o legato all&#8217;uso o all&#8217;impossibilit\u00e0 di usare questo sito o il suo contenuto, anche se l'&#8221;Institut Oc\u00e9anographique &#8211; Fondation Albert Ier, Prince de Monaco&#8221; \u00e8 stato informato della possibilit\u00e0 di tali danni. Qualsiasi azione da parte di un utente in relazione a questo sito deve essere presentata entro un anno dalla data in cui \u00e8 sorta la causa del danno.  <br \/>Questo sito pu\u00f2 dare accesso ad altri siti web che non sono sotto il controllo dell'&#8221;Istituto Oceanografico &#8211; Fondazione Alberto I Principe di Monaco&#8221;. L'&#8221;Institut Oc\u00e9anographique &#8211; Fondation Albert I, Prince of Monaco&#8221; non pu\u00f2 essere ritenuto in alcun modo responsabile del contenuto di altri siti web. L'&#8221;Institut Oc\u00e9anographique &#8211; Fondation Albert I, Prince de Monaco&#8221; propone tali link unicamente per la comodit\u00e0 dell&#8217;utente di questo sito e l&#8217;inclusione di un link verso qualsiasi altro sito non implica che l'&#8221;Institut Oc\u00e9anographique &#8211; Fondation Albert I, Prince de Monaco&#8221; approvi il contenuto di questi siti.<\/p>\n\t\t\t\t\t\t\t\t<\/div>\n\t\t\t\t<\/div>\n\t\t\t\t\t<\/div>\n\t\t<\/div>\n\t\t\t\t\t<\/div>\n\t\t<\/section>\n\t\t\t\t<\/div>\n\t\t","protected":false},"excerpt":{"rendered":"<p>Termini e condizioni d&#8217;uso Responsabilit\u00e0 MNonostante la cura che l&#8217;&#8221;Institut Oc\u00e9anographique &#8211; Fondation Albert I, Prince de Monaco&#8221; ha posto nello sviluppo e nell&#8217;aggiornamento del suo sito per quanto riguarda l&#8217;esattezza, la precisione e la completezza delle informazioni in esso fornite, l&#8217;&#8221;Institut Oc\u00e9anographique &#8211; Fondation Albert I, Prince de Monaco&#8221; non pu\u00f2 essere ritenuto responsabile [&hellip;]<\/p>\n","protected":false},"author":1,"featured_media":0,"parent":0,"menu_order":431,"comment_status":"closed","ping_status":"closed","template":"","meta":{"_acf_changed":false,"footnotes":""},"class_list":["post-30298","page","type-page","status-publish","hentry"],"acf":[],"yoast_head":"<!-- This site is optimized with the Yoast SEO plugin v27.2 - https:\/\/yoast.com\/product\/yoast-seo-wordpress\/ -->\n<title>Termini e condizioni d&#039;uso - Mus\u00e9e Oc\u00e9anographique de Monaco<\/title>\n<meta name=\"description\" content=\"Vedi le nostre condizioni generali di utilizzo.\" \/>\n<meta name=\"robots\" content=\"index, follow, max-snippet:-1, max-image-preview:large, max-video-preview:-1\" \/>\n<link rel=\"canonical\" href=\"https:\/\/musee.oceano.org\/it\/termini-e-condizioni-duso\/\" \/>\n<meta property=\"og:locale\" content=\"it_IT\" \/>\n<meta property=\"og:type\" content=\"article\" \/>\n<meta property=\"og:title\" content=\"Termini e condizioni d&#039;uso - Mus\u00e9e Oc\u00e9anographique de Monaco\" \/>\n<meta property=\"og:description\" content=\"Vedi le nostre condizioni generali di utilizzo.\" \/>\n<meta property=\"og:url\" content=\"https:\/\/musee.oceano.org\/it\/termini-e-condizioni-duso\/\" \/>\n<meta property=\"og:site_name\" content=\"Mus\u00e9e Oc\u00e9anographique de Monaco\" \/>\n<meta property=\"article:modified_time\" content=\"2021-07-07T09:43:22+00:00\" \/>\n<meta name=\"twitter:card\" content=\"summary_large_image\" \/>\n<meta name=\"twitter:label1\" content=\"Tempo di lettura stimato\" \/>\n\t<meta name=\"twitter:data1\" content=\"3 minuti\" \/>\n<script type=\"application\/ld+json\" class=\"yoast-schema-graph\">{\"@context\":\"https:\/\/schema.org\",\"@graph\":[{\"@type\":\"WebPage\",\"@id\":\"https:\/\/musee.oceano.org\/it\/termini-e-condizioni-duso\/\",\"url\":\"https:\/\/musee.oceano.org\/it\/termini-e-condizioni-duso\/\",\"name\":\"Termini e condizioni d'uso - Mus\u00e9e Oc\u00e9anographique de Monaco\",\"isPartOf\":{\"@id\":\"https:\/\/musee.oceano.org\/#website\"},\"datePublished\":\"2021-07-07T09:43:12+00:00\",\"dateModified\":\"2021-07-07T09:43:22+00:00\",\"description\":\"Vedi le nostre condizioni generali di utilizzo.\",\"breadcrumb\":{\"@id\":\"https:\/\/musee.oceano.org\/it\/termini-e-condizioni-duso\/#breadcrumb\"},\"inLanguage\":\"it-IT\",\"potentialAction\":[{\"@type\":\"ReadAction\",\"target\":[\"https:\/\/musee.oceano.org\/it\/termini-e-condizioni-duso\/\"]}]},{\"@type\":\"BreadcrumbList\",\"@id\":\"https:\/\/musee.oceano.org\/it\/termini-e-condizioni-duso\/#breadcrumb\",\"itemListElement\":[{\"@type\":\"ListItem\",\"position\":1,\"name\":\"Home\",\"item\":\"https:\/\/musee.oceano.org\/it\/\"},{\"@type\":\"ListItem\",\"position\":2,\"name\":\"Termini e condizioni d&#8217;uso\"}]},{\"@type\":\"WebSite\",\"@id\":\"https:\/\/musee.oceano.org\/#website\",\"url\":\"https:\/\/musee.oceano.org\/\",\"name\":\"Mus\u00e9e Oc\u00e9anographique de Monaco\",\"description\":\"Faire conna\u00eetre, aimer et prot\u00e9ger les oc\u00e9ans\",\"potentialAction\":[{\"@type\":\"SearchAction\",\"target\":{\"@type\":\"EntryPoint\",\"urlTemplate\":\"https:\/\/musee.oceano.org\/?s={search_term_string}\"},\"query-input\":{\"@type\":\"PropertyValueSpecification\",\"valueRequired\":true,\"valueName\":\"search_term_string\"}}],\"inLanguage\":\"it-IT\"}]}<\/script>\n<!-- \/ Yoast SEO plugin. -->","yoast_head_json":{"title":"Termini e condizioni d'uso - Mus\u00e9e Oc\u00e9anographique de Monaco","description":"Vedi le nostre condizioni generali di utilizzo.","robots":{"index":"index","follow":"follow","max-snippet":"max-snippet:-1","max-image-preview":"max-image-preview:large","max-video-preview":"max-video-preview:-1"},"canonical":"https:\/\/musee.oceano.org\/it\/termini-e-condizioni-duso\/","og_locale":"it_IT","og_type":"article","og_title":"Termini e condizioni d'uso - Mus\u00e9e Oc\u00e9anographique de Monaco","og_description":"Vedi le nostre condizioni generali di utilizzo.","og_url":"https:\/\/musee.oceano.org\/it\/termini-e-condizioni-duso\/","og_site_name":"Mus\u00e9e Oc\u00e9anographique de Monaco","article_modified_time":"2021-07-07T09:43:22+00:00","twitter_card":"summary_large_image","twitter_misc":{"Tempo di lettura stimato":"3 minuti"},"schema":{"@context":"https:\/\/schema.org","@graph":[{"@type":"WebPage","@id":"https:\/\/musee.oceano.org\/it\/termini-e-condizioni-duso\/","url":"https:\/\/musee.oceano.org\/it\/termini-e-condizioni-duso\/","name":"Termini e condizioni d'uso - Mus\u00e9e Oc\u00e9anographique de Monaco","isPartOf":{"@id":"https:\/\/musee.oceano.org\/#website"},"datePublished":"2021-07-07T09:43:12+00:00","dateModified":"2021-07-07T09:43:22+00:00","description":"Vedi le nostre condizioni generali di utilizzo.","breadcrumb":{"@id":"https:\/\/musee.oceano.org\/it\/termini-e-condizioni-duso\/#breadcrumb"},"inLanguage":"it-IT","potentialAction":[{"@type":"ReadAction","target":["https:\/\/musee.oceano.org\/it\/termini-e-condizioni-duso\/"]}]},{"@type":"BreadcrumbList","@id":"https:\/\/musee.oceano.org\/it\/termini-e-condizioni-duso\/#breadcrumb","itemListElement":[{"@type":"ListItem","position":1,"name":"Home","item":"https:\/\/musee.oceano.org\/it\/"},{"@type":"ListItem","position":2,"name":"Termini e condizioni d&#8217;uso"}]},{"@type":"WebSite","@id":"https:\/\/musee.oceano.org\/#website","url":"https:\/\/musee.oceano.org\/","name":"Mus\u00e9e Oc\u00e9anographique de Monaco","description":"Faire conna\u00eetre, aimer et prot\u00e9ger les oc\u00e9ans","potentialAction":[{"@type":"SearchAction","target":{"@type":"EntryPoint","urlTemplate":"https:\/\/musee.oceano.org\/?s={search_term_string}"},"query-input":{"@type":"PropertyValueSpecification","valueRequired":true,"valueName":"search_term_string"}}],"inLanguage":"it-IT"}]}},"_links":{"self":[{"href":"https:\/\/musee.oceano.org\/it\/wp-json\/wp\/v2\/pages\/30298","targetHints":{"allow":["GET"]}}],"collection":[{"href":"https:\/\/musee.oceano.org\/it\/wp-json\/wp\/v2\/pages"}],"about":[{"href":"https:\/\/musee.oceano.org\/it\/wp-json\/wp\/v2\/types\/page"}],"author":[{"embeddable":true,"href":"https:\/\/musee.oceano.org\/it\/wp-json\/wp\/v2\/users\/1"}],"replies":[{"embeddable":true,"href":"https:\/\/musee.oceano.org\/it\/wp-json\/wp\/v2\/comments?post=30298"}],"version-history":[{"count":5,"href":"https:\/\/musee.oceano.org\/it\/wp-json\/wp\/v2\/pages\/30298\/revisions"}],"predecessor-version":[{"id":30311,"href":"https:\/\/musee.oceano.org\/it\/wp-json\/wp\/v2\/pages\/30298\/revisions\/30311"}],"wp:attachment":[{"href":"https:\/\/musee.oceano.org\/it\/wp-json\/wp\/v2\/media?parent=30298"}],"curies":[{"name":"wp","href":"https:\/\/api.w.org\/{rel}","templated":true}]}}