{"id":41058,"date":"2022-05-17T10:53:41","date_gmt":"2022-05-17T08:53:41","guid":{"rendered":"https:\/\/musee.oceano.org\/la-tribune-de-melanie-laurent\/"},"modified":"2022-05-18T11:10:37","modified_gmt":"2022-05-18T09:10:37","slug":"la-rubrica-di-melanie-laurent","status":"publish","type":"page","link":"https:\/\/musee.oceano.org\/it\/la-rubrica-di-melanie-laurent\/","title":{"rendered":"La rubrica di M\u00e9lanie Laurent"},"content":{"rendered":"\t\t<div data-elementor-type=\"wp-page\" data-elementor-id=\"41058\" class=\"elementor elementor-41058 elementor-40360\" data-elementor-post-type=\"page\">\n\t\t\t\t\t\t<section class=\"elementor-section elementor-top-section elementor-element elementor-element-61429212 elementor-section-full_width elementor-section-height-default elementor-section-height-default\" data-id=\"61429212\" data-element_type=\"section\" data-e-type=\"section\">\n\t\t\t\t\t\t<div class=\"elementor-container elementor-column-gap-no\">\n\t\t\t\t\t<div class=\"elementor-column elementor-col-100 elementor-top-column elementor-element elementor-element-2db2a053\" data-id=\"2db2a053\" data-element_type=\"column\" data-e-type=\"column\">\n\t\t\t<div class=\"elementor-widget-wrap elementor-element-populated\">\n\t\t\t\t\t\t<div class=\"elementor-element elementor-element-309b68cd elementor--h-position-center elementor--v-position-middle elementor-widget elementor-widget-slides\" data-id=\"309b68cd\" data-element_type=\"widget\" data-e-type=\"widget\" data-settings=\"{&quot;navigation&quot;:&quot;none&quot;,&quot;transition&quot;:&quot;slide&quot;,&quot;transition_speed&quot;:500}\" data-widget_type=\"slides.default\">\n\t\t\t\t<div class=\"elementor-widget-container\">\n\t\t\t\t\t\t\t\t\t<div class=\"elementor-swiper\">\n\t\t\t\t\t<div class=\"elementor-slides-wrapper elementor-main-swiper swiper\" role=\"region\" aria-roledescription=\"carousel\" aria-label=\"Slides\" dir=\"ltr\" data-animation=\"fadeInUp\">\n\t\t\t\t<div class=\"swiper-wrapper elementor-slides\">\n\t\t\t\t\t\t\t\t\t\t<div class=\"elementor-repeater-item-8c27ebd swiper-slide\" role=\"group\" aria-roledescription=\"slide\"><div class=\"swiper-slide-bg\" role=\"img\" aria-label=\"wonderful night sky with northern lights over a beach with reflections, lofoten, norway\"><\/div><div class=\"elementor-background-overlay\"><\/div><div class=\"swiper-slide-inner\" ><div class=\"swiper-slide-contents\"><h1 class=\"elementor-slide-heading\">La rubrica di<br>M\u00e9lanie Laurent<\/h1><\/div><\/div><\/div>\t\t\t\t<\/div>\n\t\t\t\t\t\t\t<\/div>\n\t\t\t\t<\/div>\n\t\t\t\t\t\t\t\t<\/div>\n\t\t\t\t<\/div>\n\t\t\t\t\t<\/div>\n\t\t<\/div>\n\t\t\t\t\t<\/div>\n\t\t<\/section>\n\t\t\t\t<section class=\"elementor-section elementor-top-section elementor-element elementor-element-6fafe57b elementor-section-full_width elementor-section-height-default elementor-section-height-default\" data-id=\"6fafe57b\" data-element_type=\"section\" data-e-type=\"section\">\n\t\t\t\t\t\t<div class=\"elementor-container elementor-column-gap-default\">\n\t\t\t\t\t<div class=\"elementor-column elementor-col-100 elementor-top-column elementor-element elementor-element-70326701\" data-id=\"70326701\" data-element_type=\"column\" data-e-type=\"column\">\n\t\t\t<div class=\"elementor-widget-wrap elementor-element-populated\">\n\t\t\t\t\t\t<div class=\"elementor-element elementor-element-6817fd58 elementor-widget elementor-widget-ee-breadcrumbs\" data-id=\"6817fd58\" data-element_type=\"widget\" data-e-type=\"widget\" data-widget_type=\"ee-breadcrumbs.default\">\n\t\t\t\t<div class=\"elementor-widget-container\">\n\t\t\t\t\t<ul class=\"ee-breadcrumbs\" itemscope=\"\" itemtype=\"http:\/\/schema.org\/BreadcrumbList\"><\/ul>\t\t\t\t<\/div>\n\t\t\t\t<\/div>\n\t\t\t\t\t<\/div>\n\t\t<\/div>\n\t\t\t\t\t<\/div>\n\t\t<\/section>\n\t\t\t\t<section class=\"elementor-section elementor-top-section elementor-element elementor-element-6f1e895f elementor-section-boxed elementor-section-height-default elementor-section-height-default\" data-id=\"6f1e895f\" data-element_type=\"section\" data-e-type=\"section\">\n\t\t\t\t\t\t<div class=\"elementor-container elementor-column-gap-default\">\n\t\t\t\t\t<div class=\"elementor-column elementor-col-50 elementor-top-column elementor-element elementor-element-609f22e7\" data-id=\"609f22e7\" data-element_type=\"column\" data-e-type=\"column\">\n\t\t\t<div class=\"elementor-widget-wrap elementor-element-populated\">\n\t\t\t\t\t\t<div class=\"elementor-element elementor-element-12d4703f elementor-widget elementor-widget-heading\" data-id=\"12d4703f\" data-element_type=\"widget\" data-e-type=\"widget\" data-widget_type=\"heading.default\">\n\t\t\t\t<div class=\"elementor-widget-container\">\n\t\t\t\t\t<div class=\"elementor-heading-title elementor-size-default\">La rubrica di<br>M\u00e9lanie Laurent<\/div>\t\t\t\t<\/div>\n\t\t\t\t<\/div>\n\t\t\t\t\t<\/div>\n\t\t<\/div>\n\t\t\t\t<div class=\"elementor-column elementor-col-50 elementor-top-column elementor-element elementor-element-59efba9d\" data-id=\"59efba9d\" data-element_type=\"column\" data-e-type=\"column\">\n\t\t\t<div class=\"elementor-widget-wrap elementor-element-populated\">\n\t\t\t\t\t\t<div class=\"elementor-element elementor-element-52044381 elementor-widget elementor-widget-text-editor\" data-id=\"52044381\" data-element_type=\"widget\" data-e-type=\"widget\" data-widget_type=\"text-editor.default\">\n\t\t\t\t<div class=\"elementor-widget-container\">\n\t\t\t\t\t\t\t\t\t<em>&#8220;Attraverso questa nuova mostra, ognuno di noi \u00e8 invitato a diventare un osservatore privilegiato dell&#8217;incredibile bellezza dei mondi polari, ma anche un testimone informato della loro grande fragilit\u00e0&#8230;&#8221;<\/em>\t\t\t\t\t\t\t\t<\/div>\n\t\t\t\t<\/div>\n\t\t\t\t\t<\/div>\n\t\t<\/div>\n\t\t\t\t\t<\/div>\n\t\t<\/section>\n\t\t\t\t<section class=\"elementor-section elementor-top-section elementor-element elementor-element-d58bc2f elementor-section-boxed elementor-section-height-default elementor-section-height-default\" data-id=\"d58bc2f\" data-element_type=\"section\" data-e-type=\"section\" data-settings=\"{&quot;shape_divider_top&quot;:&quot;pyramids&quot;,&quot;background_background&quot;:&quot;classic&quot;,&quot;shape_divider_top_negative&quot;:&quot;yes&quot;}\">\n\t\t\t\t\t<div class=\"elementor-shape elementor-shape-top\" aria-hidden=\"true\" data-negative=\"true\">\n\t\t\t<svg xmlns=\"http:\/\/www.w3.org\/2000\/svg\" viewBox=\"0 0 1000 100\" preserveAspectRatio=\"none\">\n\t<path class=\"elementor-shape-fill\" d=\"M761.9,40.6L643.1,24L333.9,93.8L0.1,1H0v99h1000V1\"\/>\n<\/svg>\t\t<\/div>\n\t\t\t\t\t<div class=\"elementor-container elementor-column-gap-default\">\n\t\t\t\t\t<div class=\"elementor-column elementor-col-100 elementor-top-column elementor-element elementor-element-b9f2587\" data-id=\"b9f2587\" data-element_type=\"column\" data-e-type=\"column\">\n\t\t\t<div class=\"elementor-widget-wrap elementor-element-populated\">\n\t\t\t\t\t\t<div class=\"elementor-element elementor-element-5d0d9f4 elementor-widget elementor-widget-spacer\" data-id=\"5d0d9f4\" data-element_type=\"widget\" data-e-type=\"widget\" data-widget_type=\"spacer.default\">\n\t\t\t\t<div class=\"elementor-widget-container\">\n\t\t\t\t\t\t\t<div class=\"elementor-spacer\">\n\t\t\t<div class=\"elementor-spacer-inner\"><\/div>\n\t\t<\/div>\n\t\t\t\t\t\t<\/div>\n\t\t\t\t<\/div>\n\t\t\t\t<div class=\"elementor-element elementor-element-66e1a6ad elementor-widget elementor-widget-text-editor\" data-id=\"66e1a6ad\" data-element_type=\"widget\" data-e-type=\"widget\" data-widget_type=\"text-editor.default\">\n\t\t\t\t<div class=\"elementor-widget-container\">\n\t\t\t\t\t\t\t\t\t<img fetchpriority=\"high\" decoding=\"async\" style=\"padding-right: 10px\" src=\"https:\/\/musee.oceano.org\/wp-content\/uploads\/sites\/2\/2022\/05\/Portrait-Me%CC%81lanie-Laurent-3-%C2%A9-Marcel-Hartmann.jpeg\" alt=\"\" width=\"300\" height=\"186\" align=\"left\" \/>\n<p style=\"text-align: justify\"><span style=\"color: #ffffff;font-size: 35px;font-weight: bold;letter-spacing: 0.16px;text-align: left\"><strong>M\u00e9lanie Laurent,<\/strong><\/span><\/p>\n\n<h3 style=\"font-size: 20px;letter-spacing: 0.16px\" data-elementor-setting-key=\"title\" data-pen-placeholder=\"Type Here...\"><span style=\"color: #ffffff\"><strong>Madrina della mostra &#8220;Mission Polaire&#8221; <\/strong><\/span><\/h3>\n<p style=\"text-align: justify\"><span style=\"color: #ffffff;font-size: 14px;line-height: 5px\">A coloro che vedono l&#8217;ecologia come una punizione, dico che dobbiamo pensare in termini di soluzioni. Ho avuto la fortuna di scoprirlo da giovanissimo, attraverso un&#8217;educazione familiare basata sul buon senso: non sprecare, mangiare bene, limitare gli sprechi&#8230; \u00c8 meglio dare l&#8217;esempio che sentirsi in colpa, educare che essere contriti, agire che procrastinare. \u00c8 questa visione che voglio radicare nei miei progetti. <\/span><\/p>\n<p style=\"text-align: justify\"><span style=\"color: #ffffff;font-size: 14px;line-height: 5px\">L&#8217;Oceano \u00e8 una sfida. Se l&#8217;allarme \u00e8 stato lanciato, non dobbiamo lasciarci abbattere. Allarmare le coscienze, s\u00ec. Offrire loro soluzioni, ancora meglio! \u00c8 questo ottimismo illuminato che condivido con l&#8217;Istituto Oceanografico di Monaco e sono particolarmente orgoglioso e felice di essere associato alla loro mostra &#8220;MISSIONE POLARE&#8221;, in qualit\u00e0 di loro madrina. <\/span><\/p>\n<p style=\"text-align: justify\"><span style=\"color: #ffffff;font-size: 14px;line-height: 5px\">Quando il Principe Alberto I cre\u00f2 questo istituto pi\u00f9 di cento anni fa, gli affid\u00f2 la missione di far conoscere, amare e proteggere gli oceani, che non ha mai smesso di percorrere per sostenere la scienza. In diverse occasioni, questo grande esploratore visionario si rec\u00f2 nell&#8217;Artico, gi\u00e0 consapevole del ruolo essenziale che i poli svolgono nell&#8217;equilibrio del nostro pianeta. Poli che, come il resto del mondo, sono minacciati dai cambiamenti climatici, responsabili di un pericoloso scioglimento dei ghiacci, dall&#8217;inquinamento, dalla pesca eccessiva e dalla scomparsa di specie.<\/span><\/p>\n<span style=\"color: #ffffff;font-size: 14px;line-height: 5px\"> Attraverso questa nuova mostra, ognuno di noi \u00e8 invitato a diventare un osservatore privilegiato dell&#8217;incredibile bellezza dei mondi polari, ma anche un testimone informato della loro grande fragilit\u00e0. Diventando veri e propri reporter, i visitatori della mostra non solo potranno comprendere i meccanismi in atto ai confini della Terra, ma potranno anche essere testimoni e coinvolti. Ognuno di noi pu\u00f2 agire al proprio livello. Una responsabilit\u00e0 individuale per una grande missione collettiva: ri-incantare il mondo.<\/span>\t\t\t\t\t\t\t\t<\/div>\n\t\t\t\t<\/div>\n\t\t\t\t<div class=\"elementor-element elementor-element-6658d16 elementor-widget elementor-widget-spacer\" data-id=\"6658d16\" data-element_type=\"widget\" data-e-type=\"widget\" data-widget_type=\"spacer.default\">\n\t\t\t\t<div class=\"elementor-widget-container\">\n\t\t\t\t\t\t\t<div class=\"elementor-spacer\">\n\t\t\t<div class=\"elementor-spacer-inner\"><\/div>\n\t\t<\/div>\n\t\t\t\t\t\t<\/div>\n\t\t\t\t<\/div>\n\t\t\t\t<div class=\"elementor-element elementor-element-5a5e0f7 elementor-align-center elementor-widget elementor-widget-button\" data-id=\"5a5e0f7\" data-element_type=\"widget\" data-e-type=\"widget\" data-widget_type=\"button.default\">\n\t\t\t\t<div class=\"elementor-widget-container\">\n\t\t\t\t\t\t\t\t\t<div class=\"elementor-button-wrapper\">\n\t\t\t\t\t<a class=\"elementor-button elementor-button-link elementor-size-md\" href=\"https:\/\/musee.oceano.org\/it\/esposizioni\/mission-polaire-la-mostra-immersione\/\">\n\t\t\t\t\t\t<span class=\"elementor-button-content-wrapper\">\n\t\t\t\t\t\t\t\t\t<span class=\"elementor-button-text\">Scoprite la mostra<br>\"Mondi polari\"<\/span>\n\t\t\t\t\t<\/span>\n\t\t\t\t\t<\/a>\n\t\t\t\t<\/div>\n\t\t\t\t\t\t\t\t<\/div>\n\t\t\t\t<\/div>\n\t\t\t\t<div class=\"elementor-element elementor-element-cb06338 elementor-widget elementor-widget-spacer\" data-id=\"cb06338\" data-element_type=\"widget\" data-e-type=\"widget\" data-widget_type=\"spacer.default\">\n\t\t\t\t<div class=\"elementor-widget-container\">\n\t\t\t\t\t\t\t<div class=\"elementor-spacer\">\n\t\t\t<div class=\"elementor-spacer-inner\"><\/div>\n\t\t<\/div>\n\t\t\t\t\t\t<\/div>\n\t\t\t\t<\/div>\n\t\t\t\t\t<\/div>\n\t\t<\/div>\n\t\t\t\t\t<\/div>\n\t\t<\/section>\n\t\t\t\t<\/div>\n\t\t","protected":false},"excerpt":{"rendered":"<p>La rubrica diM\u00e9lanie Laurent La rubrica diM\u00e9lanie Laurent &#8220;Attraverso questa nuova mostra, ognuno di noi \u00e8 invitato a diventare un osservatore privilegiato dell&#8217;incredibile bellezza dei mondi polari, ma anche un testimone informato della loro grande fragilit\u00e0&#8230;&#8221; M\u00e9lanie Laurent, Madrina della mostra &#8220;Mission Polaire&#8221; A coloro che vedono l&#8217;ecologia come una punizione, dico che dobbiamo pensare [&hellip;]<\/p>\n","protected":false},"author":32,"featured_media":40365,"parent":0,"menu_order":0,"comment_status":"closed","ping_status":"closed","template":"","meta":{"_acf_changed":false,"footnotes":""},"class_list":["post-41058","page","type-page","status-publish","has-post-thumbnail","hentry"],"acf":[],"yoast_head":"<!-- This site is optimized with the Yoast SEO plugin v27.2 - https:\/\/yoast.com\/product\/yoast-seo-wordpress\/ -->\n<title>La rubrica di M\u00e9lanie Laurent - Mus\u00e9e Oc\u00e9anographique de Monaco<\/title>\n<meta name=\"robots\" content=\"index, follow, max-snippet:-1, max-image-preview:large, max-video-preview:-1\" \/>\n<link rel=\"canonical\" href=\"https:\/\/musee.oceano.org\/it\/la-rubrica-di-melanie-laurent\/\" \/>\n<meta property=\"og:locale\" content=\"it_IT\" \/>\n<meta property=\"og:type\" content=\"article\" \/>\n<meta property=\"og:title\" content=\"La rubrica di M\u00e9lanie Laurent - Mus\u00e9e Oc\u00e9anographique de Monaco\" \/>\n<meta property=\"og:description\" content=\"La rubrica diM\u00e9lanie Laurent La rubrica diM\u00e9lanie Laurent &#8220;Attraverso questa nuova mostra, ognuno di noi \u00e8 invitato a diventare un osservatore privilegiato dell&#8217;incredibile bellezza dei mondi polari, ma anche un testimone informato della loro grande fragilit\u00e0&#8230;&#8221; M\u00e9lanie Laurent, Madrina della mostra &#8220;Mission Polaire&#8221; A coloro che vedono l&#8217;ecologia come una punizione, dico che dobbiamo pensare [&hellip;]\" \/>\n<meta property=\"og:url\" content=\"https:\/\/musee.oceano.org\/it\/la-rubrica-di-melanie-laurent\/\" \/>\n<meta property=\"og:site_name\" content=\"Mus\u00e9e Oc\u00e9anographique de Monaco\" \/>\n<meta property=\"article:modified_time\" content=\"2022-05-18T09:10:37+00:00\" \/>\n<meta property=\"og:image\" content=\"https:\/\/musee.oceano.org\/wp-content\/uploads\/sites\/2\/2022\/05\/Portrait-Me\u0301lanie-Laurent-3-\u00a9-Marcel-Hartmann.jpeg\" \/>\n\t<meta property=\"og:image:width\" content=\"1500\" \/>\n\t<meta property=\"og:image:height\" content=\"2000\" \/>\n\t<meta property=\"og:image:type\" content=\"image\/jpeg\" \/>\n<meta name=\"twitter:card\" content=\"summary_large_image\" \/>\n<meta name=\"twitter:label1\" content=\"Tempo di lettura stimato\" \/>\n\t<meta name=\"twitter:data1\" content=\"2 minuti\" \/>\n<script type=\"application\/ld+json\" class=\"yoast-schema-graph\">{\"@context\":\"https:\/\/schema.org\",\"@graph\":[{\"@type\":\"WebPage\",\"@id\":\"https:\/\/musee.oceano.org\/it\/la-rubrica-di-melanie-laurent\/\",\"url\":\"https:\/\/musee.oceano.org\/it\/la-rubrica-di-melanie-laurent\/\",\"name\":\"La rubrica di M\u00e9lanie Laurent - Mus\u00e9e Oc\u00e9anographique de Monaco\",\"isPartOf\":{\"@id\":\"https:\/\/musee.oceano.org\/#website\"},\"primaryImageOfPage\":{\"@id\":\"https:\/\/musee.oceano.org\/it\/la-rubrica-di-melanie-laurent\/#primaryimage\"},\"image\":{\"@id\":\"https:\/\/musee.oceano.org\/it\/la-rubrica-di-melanie-laurent\/#primaryimage\"},\"thumbnailUrl\":\"https:\/\/musee.oceano.org\/wp-content\/uploads\/sites\/2\/2022\/05\/Portrait-Me\u0301lanie-Laurent-3-\u00a9-Marcel-Hartmann.jpeg\",\"datePublished\":\"2022-05-17T08:53:41+00:00\",\"dateModified\":\"2022-05-18T09:10:37+00:00\",\"breadcrumb\":{\"@id\":\"https:\/\/musee.oceano.org\/it\/la-rubrica-di-melanie-laurent\/#breadcrumb\"},\"inLanguage\":\"it-IT\",\"potentialAction\":[{\"@type\":\"ReadAction\",\"target\":[\"https:\/\/musee.oceano.org\/it\/la-rubrica-di-melanie-laurent\/\"]}]},{\"@type\":\"ImageObject\",\"inLanguage\":\"it-IT\",\"@id\":\"https:\/\/musee.oceano.org\/it\/la-rubrica-di-melanie-laurent\/#primaryimage\",\"url\":\"https:\/\/musee.oceano.org\/wp-content\/uploads\/sites\/2\/2022\/05\/Portrait-Me\u0301lanie-Laurent-3-\u00a9-Marcel-Hartmann.jpeg\",\"contentUrl\":\"https:\/\/musee.oceano.org\/wp-content\/uploads\/sites\/2\/2022\/05\/Portrait-Me\u0301lanie-Laurent-3-\u00a9-Marcel-Hartmann.jpeg\",\"width\":1500,\"height\":2000},{\"@type\":\"BreadcrumbList\",\"@id\":\"https:\/\/musee.oceano.org\/it\/la-rubrica-di-melanie-laurent\/#breadcrumb\",\"itemListElement\":[{\"@type\":\"ListItem\",\"position\":1,\"name\":\"Home\",\"item\":\"https:\/\/musee.oceano.org\/it\/\"},{\"@type\":\"ListItem\",\"position\":2,\"name\":\"La rubrica di M\u00e9lanie Laurent\"}]},{\"@type\":\"WebSite\",\"@id\":\"https:\/\/musee.oceano.org\/#website\",\"url\":\"https:\/\/musee.oceano.org\/\",\"name\":\"Mus\u00e9e Oc\u00e9anographique de Monaco\",\"description\":\"Faire conna\u00eetre, aimer et prot\u00e9ger les oc\u00e9ans\",\"potentialAction\":[{\"@type\":\"SearchAction\",\"target\":{\"@type\":\"EntryPoint\",\"urlTemplate\":\"https:\/\/musee.oceano.org\/?s={search_term_string}\"},\"query-input\":{\"@type\":\"PropertyValueSpecification\",\"valueRequired\":true,\"valueName\":\"search_term_string\"}}],\"inLanguage\":\"it-IT\"}]}<\/script>\n<!-- \/ Yoast SEO plugin. -->","yoast_head_json":{"title":"La rubrica di M\u00e9lanie Laurent - Mus\u00e9e Oc\u00e9anographique de Monaco","robots":{"index":"index","follow":"follow","max-snippet":"max-snippet:-1","max-image-preview":"max-image-preview:large","max-video-preview":"max-video-preview:-1"},"canonical":"https:\/\/musee.oceano.org\/it\/la-rubrica-di-melanie-laurent\/","og_locale":"it_IT","og_type":"article","og_title":"La rubrica di M\u00e9lanie Laurent - Mus\u00e9e Oc\u00e9anographique de Monaco","og_description":"La rubrica diM\u00e9lanie Laurent La rubrica diM\u00e9lanie Laurent &#8220;Attraverso questa nuova mostra, ognuno di noi \u00e8 invitato a diventare un osservatore privilegiato dell&#8217;incredibile bellezza dei mondi polari, ma anche un testimone informato della loro grande fragilit\u00e0&#8230;&#8221; M\u00e9lanie Laurent, Madrina della mostra &#8220;Mission Polaire&#8221; A coloro che vedono l&#8217;ecologia come una punizione, dico che dobbiamo pensare [&hellip;]","og_url":"https:\/\/musee.oceano.org\/it\/la-rubrica-di-melanie-laurent\/","og_site_name":"Mus\u00e9e Oc\u00e9anographique de Monaco","article_modified_time":"2022-05-18T09:10:37+00:00","og_image":[{"width":1500,"height":2000,"url":"https:\/\/musee.oceano.org\/wp-content\/uploads\/sites\/2\/2022\/05\/Portrait-Me\u0301lanie-Laurent-3-\u00a9-Marcel-Hartmann.jpeg","type":"image\/jpeg"}],"twitter_card":"summary_large_image","twitter_misc":{"Tempo di lettura stimato":"2 minuti"},"schema":{"@context":"https:\/\/schema.org","@graph":[{"@type":"WebPage","@id":"https:\/\/musee.oceano.org\/it\/la-rubrica-di-melanie-laurent\/","url":"https:\/\/musee.oceano.org\/it\/la-rubrica-di-melanie-laurent\/","name":"La rubrica di M\u00e9lanie Laurent - Mus\u00e9e Oc\u00e9anographique de Monaco","isPartOf":{"@id":"https:\/\/musee.oceano.org\/#website"},"primaryImageOfPage":{"@id":"https:\/\/musee.oceano.org\/it\/la-rubrica-di-melanie-laurent\/#primaryimage"},"image":{"@id":"https:\/\/musee.oceano.org\/it\/la-rubrica-di-melanie-laurent\/#primaryimage"},"thumbnailUrl":"https:\/\/musee.oceano.org\/wp-content\/uploads\/sites\/2\/2022\/05\/Portrait-Me\u0301lanie-Laurent-3-\u00a9-Marcel-Hartmann.jpeg","datePublished":"2022-05-17T08:53:41+00:00","dateModified":"2022-05-18T09:10:37+00:00","breadcrumb":{"@id":"https:\/\/musee.oceano.org\/it\/la-rubrica-di-melanie-laurent\/#breadcrumb"},"inLanguage":"it-IT","potentialAction":[{"@type":"ReadAction","target":["https:\/\/musee.oceano.org\/it\/la-rubrica-di-melanie-laurent\/"]}]},{"@type":"ImageObject","inLanguage":"it-IT","@id":"https:\/\/musee.oceano.org\/it\/la-rubrica-di-melanie-laurent\/#primaryimage","url":"https:\/\/musee.oceano.org\/wp-content\/uploads\/sites\/2\/2022\/05\/Portrait-Me\u0301lanie-Laurent-3-\u00a9-Marcel-Hartmann.jpeg","contentUrl":"https:\/\/musee.oceano.org\/wp-content\/uploads\/sites\/2\/2022\/05\/Portrait-Me\u0301lanie-Laurent-3-\u00a9-Marcel-Hartmann.jpeg","width":1500,"height":2000},{"@type":"BreadcrumbList","@id":"https:\/\/musee.oceano.org\/it\/la-rubrica-di-melanie-laurent\/#breadcrumb","itemListElement":[{"@type":"ListItem","position":1,"name":"Home","item":"https:\/\/musee.oceano.org\/it\/"},{"@type":"ListItem","position":2,"name":"La rubrica di M\u00e9lanie Laurent"}]},{"@type":"WebSite","@id":"https:\/\/musee.oceano.org\/#website","url":"https:\/\/musee.oceano.org\/","name":"Mus\u00e9e Oc\u00e9anographique de Monaco","description":"Faire conna\u00eetre, aimer et prot\u00e9ger les oc\u00e9ans","potentialAction":[{"@type":"SearchAction","target":{"@type":"EntryPoint","urlTemplate":"https:\/\/musee.oceano.org\/?s={search_term_string}"},"query-input":{"@type":"PropertyValueSpecification","valueRequired":true,"valueName":"search_term_string"}}],"inLanguage":"it-IT"}]}},"_links":{"self":[{"href":"https:\/\/musee.oceano.org\/it\/wp-json\/wp\/v2\/pages\/41058","targetHints":{"allow":["GET"]}}],"collection":[{"href":"https:\/\/musee.oceano.org\/it\/wp-json\/wp\/v2\/pages"}],"about":[{"href":"https:\/\/musee.oceano.org\/it\/wp-json\/wp\/v2\/types\/page"}],"author":[{"embeddable":true,"href":"https:\/\/musee.oceano.org\/it\/wp-json\/wp\/v2\/users\/32"}],"replies":[{"embeddable":true,"href":"https:\/\/musee.oceano.org\/it\/wp-json\/wp\/v2\/comments?post=41058"}],"version-history":[{"count":19,"href":"https:\/\/musee.oceano.org\/it\/wp-json\/wp\/v2\/pages\/41058\/revisions"}],"predecessor-version":[{"id":41313,"href":"https:\/\/musee.oceano.org\/it\/wp-json\/wp\/v2\/pages\/41058\/revisions\/41313"}],"wp:featuredmedia":[{"embeddable":true,"href":"https:\/\/musee.oceano.org\/it\/wp-json\/wp\/v2\/media\/40365"}],"wp:attachment":[{"href":"https:\/\/musee.oceano.org\/it\/wp-json\/wp\/v2\/media?parent=41058"}],"curies":[{"name":"wp","href":"https:\/\/api.w.org\/{rel}","templated":true}]}}