{"id":30246,"date":"2021-07-07T11:41:01","date_gmt":"2021-07-07T09:41:01","guid":{"rendered":"https:\/\/musee.oceano.org\/kredieten\/"},"modified":"2021-07-07T11:41:53","modified_gmt":"2021-07-07T09:41:53","slug":"kredieten","status":"publish","type":"page","link":"https:\/\/musee.oceano.org\/nl\/kredieten\/","title":{"rendered":"Kredieten"},"content":{"rendered":"\t\t<div data-elementor-type=\"wp-post\" data-elementor-id=\"30246\" class=\"elementor elementor-30246 elementor-4849\" data-elementor-post-type=\"page\">\n\t\t\t\t\t\t<section class=\"elementor-section elementor-top-section elementor-element elementor-element-117832aa elementor-section-full_width elementor-section-height-default elementor-section-height-default\" data-id=\"117832aa\" data-element_type=\"section\" data-e-type=\"section\">\n\t\t\t\t\t\t<div class=\"elementor-container elementor-column-gap-no\">\n\t\t\t\t\t<div class=\"elementor-column elementor-col-100 elementor-top-column elementor-element elementor-element-e90c5e9\" data-id=\"e90c5e9\" data-element_type=\"column\" data-e-type=\"column\">\n\t\t\t<div class=\"elementor-widget-wrap elementor-element-populated\">\n\t\t\t\t\t\t<div class=\"elementor-element elementor-element-1a5eacf9 elementor--h-position-center elementor--v-position-middle elementor-widget elementor-widget-slides\" data-id=\"1a5eacf9\" data-element_type=\"widget\" data-e-type=\"widget\" data-settings=\"{&quot;navigation&quot;:&quot;none&quot;,&quot;transition&quot;:&quot;slide&quot;,&quot;transition_speed&quot;:500}\" data-widget_type=\"slides.default\">\n\t\t\t\t<div class=\"elementor-widget-container\">\n\t\t\t\t\t\t\t\t\t<div class=\"elementor-swiper\">\n\t\t\t\t\t<div class=\"elementor-slides-wrapper elementor-main-swiper swiper\" role=\"region\" aria-roledescription=\"carousel\" aria-label=\"Slides\" dir=\"ltr\" data-animation=\"fadeInUp\">\n\t\t\t\t<div class=\"swiper-wrapper elementor-slides\">\n\t\t\t\t\t\t\t\t\t\t<div class=\"elementor-repeater-item-891be05 swiper-slide\" role=\"group\" aria-roledescription=\"slide\"><div class=\"swiper-slide-bg\" role=\"img\" aria-label=\"u2151\"><\/div><div class=\"swiper-slide-inner\" ><div class=\"swiper-slide-contents\"><h1 class=\"elementor-slide-heading\">Kredieten<\/h1><\/div><\/div><\/div>\t\t\t\t<\/div>\n\t\t\t\t\t\t\t<\/div>\n\t\t\t\t<\/div>\n\t\t\t\t\t\t\t\t<\/div>\n\t\t\t\t<\/div>\n\t\t\t\t\t<\/div>\n\t\t<\/div>\n\t\t\t\t\t<\/div>\n\t\t<\/section>\n\t\t\t\t<section class=\"elementor-section elementor-top-section elementor-element elementor-element-47bbdfe3 elementor-section-full_width elementor-section-height-default elementor-section-height-default\" data-id=\"47bbdfe3\" data-element_type=\"section\" data-e-type=\"section\">\n\t\t\t\t\t\t<div class=\"elementor-container elementor-column-gap-default\">\n\t\t\t\t\t<div class=\"elementor-column elementor-col-100 elementor-top-column elementor-element elementor-element-ebf7cf0\" data-id=\"ebf7cf0\" data-element_type=\"column\" data-e-type=\"column\">\n\t\t\t<div class=\"elementor-widget-wrap elementor-element-populated\">\n\t\t\t\t\t\t<div class=\"elementor-element elementor-element-1839d7dd elementor-widget elementor-widget-ee-breadcrumbs\" data-id=\"1839d7dd\" data-element_type=\"widget\" data-e-type=\"widget\" data-widget_type=\"ee-breadcrumbs.default\">\n\t\t\t\t<div class=\"elementor-widget-container\">\n\t\t\t\t\t<ul class=\"ee-breadcrumbs\" itemscope=\"\" itemtype=\"http:\/\/schema.org\/BreadcrumbList\"><\/ul>\t\t\t\t<\/div>\n\t\t\t\t<\/div>\n\t\t\t\t\t<\/div>\n\t\t<\/div>\n\t\t\t\t\t<\/div>\n\t\t<\/section>\n\t\t\t\t<section class=\"elementor-section elementor-top-section elementor-element elementor-element-1cd1134a elementor-section-full_width elementor-section-height-default elementor-section-height-default\" data-id=\"1cd1134a\" data-element_type=\"section\" data-e-type=\"section\">\n\t\t\t\t\t\t<div class=\"elementor-container elementor-column-gap-default\">\n\t\t\t\t\t<div class=\"elementor-column elementor-col-100 elementor-top-column elementor-element elementor-element-275ee04f\" data-id=\"275ee04f\" data-element_type=\"column\" data-e-type=\"column\">\n\t\t\t<div class=\"elementor-widget-wrap elementor-element-populated\">\n\t\t\t\t\t\t<div class=\"elementor-element elementor-element-42d4e778 elementor-widget elementor-widget-heading\" data-id=\"42d4e778\" data-element_type=\"widget\" data-e-type=\"widget\" data-widget_type=\"heading.default\">\n\t\t\t\t<div class=\"elementor-widget-container\">\n\t\t\t\t\t<h2 class=\"elementor-heading-title elementor-size-default\">Site-ontwerp<\/h2>\t\t\t\t<\/div>\n\t\t\t\t<\/div>\n\t\t\t\t\t<\/div>\n\t\t<\/div>\n\t\t\t\t\t<\/div>\n\t\t<\/section>\n\t\t\t\t<section class=\"elementor-section elementor-top-section elementor-element elementor-element-15fd502d elementor-section-boxed elementor-section-height-default elementor-section-height-default\" data-id=\"15fd502d\" data-element_type=\"section\" data-e-type=\"section\">\n\t\t\t\t\t\t<div class=\"elementor-container elementor-column-gap-default\">\n\t\t\t\t\t<div class=\"elementor-column elementor-col-100 elementor-top-column elementor-element elementor-element-4895c3f3\" data-id=\"4895c3f3\" data-element_type=\"column\" data-e-type=\"column\">\n\t\t\t<div class=\"elementor-widget-wrap elementor-element-populated\">\n\t\t\t\t\t\t<div class=\"elementor-element elementor-element-37663506 elementor-widget elementor-widget-text-editor\" data-id=\"37663506\" data-element_type=\"widget\" data-e-type=\"widget\" data-widget_type=\"text-editor.default\">\n\t\t\t\t<div class=\"elementor-widget-container\">\n\t\t\t\t\t\t\t\t\t<p class=\"p1\"><a href=\"https:\/\/www.pix-associates.com\/\" target=\"_blank\" rel=\"noopener\">Pix &amp; Vennoten<\/a><br \/>16 Avenue Fragonard &#8211; 06100 Nice<br \/>Tel: +33 (0)4 93 87 03 19<\/p>\n\t\t\t\t\t\t\t\t<\/div>\n\t\t\t\t<\/div>\n\t\t\t\t\t<\/div>\n\t\t<\/div>\n\t\t\t\t\t<\/div>\n\t\t<\/section>\n\t\t\t\t<section class=\"elementor-section elementor-top-section elementor-element elementor-element-47fa8a3 elementor-section-full_width elementor-section-height-default elementor-section-height-default\" data-id=\"47fa8a3\" data-element_type=\"section\" data-e-type=\"section\">\n\t\t\t\t\t\t<div class=\"elementor-container elementor-column-gap-default\">\n\t\t\t\t\t<div class=\"elementor-column elementor-col-100 elementor-top-column elementor-element elementor-element-8f4e595\" data-id=\"8f4e595\" data-element_type=\"column\" data-e-type=\"column\">\n\t\t\t<div class=\"elementor-widget-wrap elementor-element-populated\">\n\t\t\t\t\t\t<div class=\"elementor-element elementor-element-28ffa3c elementor-widget elementor-widget-heading\" data-id=\"28ffa3c\" data-element_type=\"widget\" data-e-type=\"widget\" data-widget_type=\"heading.default\">\n\t\t\t\t<div class=\"elementor-widget-container\">\n\t\t\t\t\t<h2 class=\"elementor-heading-title elementor-size-default\">Intellectuele eigendom en auteursrechten<\/h2>\t\t\t\t<\/div>\n\t\t\t\t<\/div>\n\t\t\t\t\t<\/div>\n\t\t<\/div>\n\t\t\t\t\t<\/div>\n\t\t<\/section>\n\t\t\t\t<section class=\"elementor-section elementor-top-section elementor-element elementor-element-7b08d11 elementor-section-boxed elementor-section-height-default elementor-section-height-default\" data-id=\"7b08d11\" data-element_type=\"section\" data-e-type=\"section\">\n\t\t\t\t\t\t<div class=\"elementor-container elementor-column-gap-default\">\n\t\t\t\t\t<div class=\"elementor-column elementor-col-100 elementor-top-column elementor-element elementor-element-f59013c\" data-id=\"f59013c\" data-element_type=\"column\" data-e-type=\"column\">\n\t\t\t<div class=\"elementor-widget-wrap elementor-element-populated\">\n\t\t\t\t\t\t<div class=\"elementor-element elementor-element-63e24dd elementor-widget elementor-widget-text-editor\" data-id=\"63e24dd\" data-element_type=\"widget\" data-e-type=\"widget\" data-widget_type=\"text-editor.default\">\n\t\t\t\t<div class=\"elementor-widget-container\">\n\t\t\t\t\t\t\t\t\t<p>De website van het &#8220;Institut Oc\u00e9anographique &#8211; Fondation Albert Ier, Prince of Monaco&#8221; wordt beschermd door de bepalingen van de Code de la Propri\u00e9t\u00e9 Intellectuelle, in het bijzonder door de bepalingen betreffende de literaire en artistieke eigendom, het auteursrecht en de bescherming van databanken.<\/p>\n<p>Deze rechten zijn het exclusieve eigendom van het &#8220;Institut Oc\u00e9anographique &#8211; Fondation Albert Ier, Prince of Monaco&#8221;.<\/p>\n<p>De auteursrechten en andere eigendomstitels met betrekking tot de Inhoud (met inbegrip van, maar niet beperkt tot, software, audio- en video-elementen, teksten en foto&#8217;s) blijven het exclusieve eigendom van &#8220;Het Oceanografisch Instituut &#8211; Stichting Albert I Prins van Monaco&#8221; of zijn licentiehouders. Alle rechten op de Inhoud die niet uitdrukkelijk worden verleend, zijn voorbehouden. Tenzij anders vermeld, mag de op deze site gepubliceerde inhoud alleen in ongewijzigde vorm voor priv\u00e9-gebruik worden gereproduceerd of gedistribueerd. Elk ander gebruik van de inhoud, met inbegrip van, maar niet beperkt tot, distributie, reproductie, wijziging, vertaling, uitzending of verzending zonder voorafgaande schriftelijke toestemming van &#8220;Het Oceanografisch Instituut &#8211; Stichting Prins van Monaco&#8221; is strikt verboden.<\/p>\n<p>Alle handelsmerken, proc\u00e9d\u00e9s en technieken op de website van het &#8220;Institut Oc\u00e9anographique &#8211; Fondation Albert Ier, Prince de Monaco&#8221; zijn beschermd door specifieke wetten en mogen in geen geval worden gekopieerd of gebruikt. Elk copyright of ander eigendomsrechtelijk symbool moet op alle reproducties behouden blijven.<\/p>\n<p>Alle teksten, commentaren, werken, illustraties en beelden die op de website van het &#8220;Institut Oc\u00e9anographique &#8211; Fondation Albert Ier, Prince de Monaco&#8221; worden gereproduceerd, zijn voorbehouden aan het auteursrecht en het intellectuele eigendomsrecht voor de hele wereld.<\/p>\n<p>De Code de la Propri\u00e9t\u00e9 Intellectuelle staat enerzijds alleen kopie\u00ebn of reproducties toe die strikt voorbehouden zijn voor het priv\u00e9-gebruik van de kopieerder en niet bestemd zijn voor collectief gebruik, en anderzijds analyses en korte citaten bij wijze van voorbeeld en ter illustratie.<\/p>\n<p>Bijgevolg is elk ander gebruik van de Inhoud, met inbegrip van maar niet beperkt tot distributie, reproductie, weergave, wijziging, vertaling, uitzending of overdracht zonder voorafgaande schriftelijke toestemming van het &#8220;Institut Oc\u00e9anographique &#8211; Fondation Albert Ier, Prince de Monaco&#8221; strikt verboden op straffe van gerechtelijke vervolging.<\/p>\n<p>De overtreder kan civiel- en strafrechtelijk worden vervolgd, en met name met de sancties waarin de wet op de intellectuele eigendom voorziet.<\/p>\n<p><strong>Fotografische kredieten van de website &#8220;Het Oceanografisch Instituut &#8211; Albert I, Prins van Monaco Stichting&#8221; :<\/strong><\/p>\n<ul>\n<li>M. Dagnino &#8211; Monaco Oceanografisch Museum<\/li>\n<li>F. Pacorel &#8211; Monaco Oceanografisch Museum<\/li>\n<li>Cyril Henry &#8211; Institut Oceanographique de Paris<\/li>\n<li>Institut Oc\u00e9anographique Parijs<\/li>\n<li>Monaco Oceanografisch Museum<\/li>\n<\/ul>\n<p>\n<strong>Videocredits van de website &#8220;Het Oceanografisch Instituut &#8211; Albert I, Prins van Monaco Stichting&#8221;:<\/strong><\/p>\n<ul>\n<li>F. Pacorel &#8211; Monaco Oceanografisch Museum<\/li>\n<\/ul>\n<p>\n<strong>Tekstcredits van de website &#8220;Het Oceanografisch Instituut &#8211; Albert I, Prins van Monaco Stichting&#8221;:<\/strong><\/p>\n<ul>\n<li>F. Stagnaro &#8211; Oceanografisch Instituut<\/li>\n<li>M. Barisice &#8211; Oceanografisch Instituut<\/li>\n<li>\u00a9 A. Willm &#8211; Oceanografisch Instituut<\/li>\n<\/ul>\n\t\t\t\t\t\t\t\t<\/div>\n\t\t\t\t<\/div>\n\t\t\t\t\t<\/div>\n\t\t<\/div>\n\t\t\t\t\t<\/div>\n\t\t<\/section>\n\t\t\t\t<section class=\"elementor-section elementor-top-section elementor-element elementor-element-c8344e2 elementor-section-full_width elementor-section-height-default elementor-section-height-default\" data-id=\"c8344e2\" data-element_type=\"section\" data-e-type=\"section\">\n\t\t\t\t\t\t<div class=\"elementor-container elementor-column-gap-default\">\n\t\t\t\t\t<div class=\"elementor-column elementor-col-100 elementor-top-column elementor-element elementor-element-1114341\" data-id=\"1114341\" data-element_type=\"column\" data-e-type=\"column\">\n\t\t\t<div class=\"elementor-widget-wrap elementor-element-populated\">\n\t\t\t\t\t\t<div class=\"elementor-element elementor-element-4e8b412 elementor-widget elementor-widget-heading\" data-id=\"4e8b412\" data-element_type=\"widget\" data-e-type=\"widget\" data-widget_type=\"heading.default\">\n\t\t\t\t<div class=\"elementor-widget-container\">\n\t\t\t\t\t<h2 class=\"elementor-heading-title elementor-size-default\">Software en downloads<\/h2>\t\t\t\t<\/div>\n\t\t\t\t<\/div>\n\t\t\t\t\t<\/div>\n\t\t<\/div>\n\t\t\t\t\t<\/div>\n\t\t<\/section>\n\t\t\t\t<section class=\"elementor-section elementor-top-section elementor-element elementor-element-3e60c58 elementor-section-boxed elementor-section-height-default elementor-section-height-default\" data-id=\"3e60c58\" data-element_type=\"section\" data-e-type=\"section\">\n\t\t\t\t\t\t<div class=\"elementor-container elementor-column-gap-default\">\n\t\t\t\t\t<div class=\"elementor-column elementor-col-100 elementor-top-column elementor-element elementor-element-13f552a\" data-id=\"13f552a\" data-element_type=\"column\" data-e-type=\"column\">\n\t\t\t<div class=\"elementor-widget-wrap elementor-element-populated\">\n\t\t\t\t\t\t<div class=\"elementor-element elementor-element-cbd94bc elementor-widget elementor-widget-text-editor\" data-id=\"cbd94bc\" data-element_type=\"widget\" data-e-type=\"widget\" data-widget_type=\"text-editor.default\">\n\t\t\t\t<div class=\"elementor-widget-container\">\n\t\t\t\t\t\t\t\t\t<p>De software die op deze website ter beschikking wordt gesteld, is in licentie gegeven onder de voorwaarden van de toepasselijke licentieovereenkomst. Tenzij anders bepaald in de toepasselijke licentieovereenkomst, wordt de software alleen ter beschikking gesteld van eindgebruikers en is het op andere wijze kopi\u00ebren, reproduceren of herdistribueren van de software ten strengste verboden. Waar van toepassing zijn garanties met betrekking tot de software alleen van toepassing in overeenstemming met de voorwaarden van de toepasselijke licentieovereenkomst. Het &#8220;Institut Oc\u00e9anographique &#8211; Fondation Albert Ier, Prince de Monaco&#8221; geeft geen enkele garantie, uitdrukkelijk of impliciet, in het bijzonder dat deze software van verhandelbare kwaliteit is, geschikt is voor een bepaald gebruik of kan worden gebruikt zonder inbreuk te maken op de rechten van derden.<\/p>\n\t\t\t\t\t\t\t\t<\/div>\n\t\t\t\t<\/div>\n\t\t\t\t\t<\/div>\n\t\t<\/div>\n\t\t\t\t\t<\/div>\n\t\t<\/section>\n\t\t\t\t<\/div>\n\t\t","protected":false},"excerpt":{"rendered":"<p>Kredieten Site-ontwerp Pix &amp; Vennoten16 Avenue Fragonard &#8211; 06100 NiceTel: +33 (0)4 93 87 03 19 Intellectuele eigendom en auteursrechten De website van het &#8220;Institut Oc\u00e9anographique &#8211; Fondation Albert Ier, Prince of Monaco&#8221; wordt beschermd door de bepalingen van de Code de la Propri\u00e9t\u00e9 Intellectuelle, in het bijzonder door de bepalingen betreffende de literaire en [&hellip;]<\/p>\n","protected":false},"author":1,"featured_media":0,"parent":0,"menu_order":432,"comment_status":"closed","ping_status":"closed","template":"","meta":{"_acf_changed":false,"footnotes":""},"class_list":["post-30246","page","type-page","status-publish","hentry"],"acf":[],"yoast_head":"<!-- This site is optimized with the Yoast SEO plugin v27.2 - https:\/\/yoast.com\/product\/yoast-seo-wordpress\/ -->\n<title>Kredieten - Mus\u00e9e Oc\u00e9anographique de Monaco<\/title>\n<meta name=\"description\" content=\"Raadpleeg de bepalingen van de wet op de intellectuele eigendom, met name die betreffende de literaire en artistieke eigendom, het auteursrecht en de bescherming van databanken.\" \/>\n<meta name=\"robots\" content=\"index, follow, max-snippet:-1, max-image-preview:large, max-video-preview:-1\" \/>\n<link rel=\"canonical\" href=\"https:\/\/musee.oceano.org\/nl\/kredieten\/\" \/>\n<meta property=\"og:locale\" content=\"nl_NL\" \/>\n<meta property=\"og:type\" content=\"article\" \/>\n<meta property=\"og:title\" content=\"Kredieten - Mus\u00e9e Oc\u00e9anographique de Monaco\" \/>\n<meta property=\"og:description\" content=\"Raadpleeg de bepalingen van de wet op de intellectuele eigendom, met name die betreffende de literaire en artistieke eigendom, het auteursrecht en de bescherming van databanken.\" \/>\n<meta property=\"og:url\" content=\"https:\/\/musee.oceano.org\/nl\/kredieten\/\" \/>\n<meta property=\"og:site_name\" content=\"Mus\u00e9e Oc\u00e9anographique de Monaco\" \/>\n<meta property=\"article:modified_time\" content=\"2021-07-07T09:41:53+00:00\" \/>\n<meta name=\"twitter:card\" content=\"summary_large_image\" \/>\n<meta name=\"twitter:label1\" content=\"Geschatte leestijd\" \/>\n\t<meta name=\"twitter:data1\" content=\"3 minuten\" \/>\n<script type=\"application\/ld+json\" class=\"yoast-schema-graph\">{\"@context\":\"https:\/\/schema.org\",\"@graph\":[{\"@type\":\"WebPage\",\"@id\":\"https:\/\/musee.oceano.org\/nl\/kredieten\/\",\"url\":\"https:\/\/musee.oceano.org\/nl\/kredieten\/\",\"name\":\"Kredieten - Mus\u00e9e Oc\u00e9anographique de Monaco\",\"isPartOf\":{\"@id\":\"https:\/\/musee.oceano.org\/#website\"},\"datePublished\":\"2021-07-07T09:41:01+00:00\",\"dateModified\":\"2021-07-07T09:41:53+00:00\",\"description\":\"Raadpleeg de bepalingen van de wet op de intellectuele eigendom, met name die betreffende de literaire en artistieke eigendom, het auteursrecht en de bescherming van databanken.\",\"breadcrumb\":{\"@id\":\"https:\/\/musee.oceano.org\/nl\/kredieten\/#breadcrumb\"},\"inLanguage\":\"nl-NL\",\"potentialAction\":[{\"@type\":\"ReadAction\",\"target\":[\"https:\/\/musee.oceano.org\/nl\/kredieten\/\"]}]},{\"@type\":\"BreadcrumbList\",\"@id\":\"https:\/\/musee.oceano.org\/nl\/kredieten\/#breadcrumb\",\"itemListElement\":[{\"@type\":\"ListItem\",\"position\":1,\"name\":\"Home\",\"item\":\"https:\/\/musee.oceano.org\/nl\/\"},{\"@type\":\"ListItem\",\"position\":2,\"name\":\"Kredieten\"}]},{\"@type\":\"WebSite\",\"@id\":\"https:\/\/musee.oceano.org\/#website\",\"url\":\"https:\/\/musee.oceano.org\/\",\"name\":\"Mus\u00e9e Oc\u00e9anographique de Monaco\",\"description\":\"Faire conna\u00eetre, aimer et prot\u00e9ger les oc\u00e9ans\",\"potentialAction\":[{\"@type\":\"SearchAction\",\"target\":{\"@type\":\"EntryPoint\",\"urlTemplate\":\"https:\/\/musee.oceano.org\/?s={search_term_string}\"},\"query-input\":{\"@type\":\"PropertyValueSpecification\",\"valueRequired\":true,\"valueName\":\"search_term_string\"}}],\"inLanguage\":\"nl-NL\"}]}<\/script>\n<!-- \/ Yoast SEO plugin. -->","yoast_head_json":{"title":"Kredieten - Mus\u00e9e Oc\u00e9anographique de Monaco","description":"Raadpleeg de bepalingen van de wet op de intellectuele eigendom, met name die betreffende de literaire en artistieke eigendom, het auteursrecht en de bescherming van databanken.","robots":{"index":"index","follow":"follow","max-snippet":"max-snippet:-1","max-image-preview":"max-image-preview:large","max-video-preview":"max-video-preview:-1"},"canonical":"https:\/\/musee.oceano.org\/nl\/kredieten\/","og_locale":"nl_NL","og_type":"article","og_title":"Kredieten - Mus\u00e9e Oc\u00e9anographique de Monaco","og_description":"Raadpleeg de bepalingen van de wet op de intellectuele eigendom, met name die betreffende de literaire en artistieke eigendom, het auteursrecht en de bescherming van databanken.","og_url":"https:\/\/musee.oceano.org\/nl\/kredieten\/","og_site_name":"Mus\u00e9e Oc\u00e9anographique de Monaco","article_modified_time":"2021-07-07T09:41:53+00:00","twitter_card":"summary_large_image","twitter_misc":{"Geschatte leestijd":"3 minuten"},"schema":{"@context":"https:\/\/schema.org","@graph":[{"@type":"WebPage","@id":"https:\/\/musee.oceano.org\/nl\/kredieten\/","url":"https:\/\/musee.oceano.org\/nl\/kredieten\/","name":"Kredieten - Mus\u00e9e Oc\u00e9anographique de Monaco","isPartOf":{"@id":"https:\/\/musee.oceano.org\/#website"},"datePublished":"2021-07-07T09:41:01+00:00","dateModified":"2021-07-07T09:41:53+00:00","description":"Raadpleeg de bepalingen van de wet op de intellectuele eigendom, met name die betreffende de literaire en artistieke eigendom, het auteursrecht en de bescherming van databanken.","breadcrumb":{"@id":"https:\/\/musee.oceano.org\/nl\/kredieten\/#breadcrumb"},"inLanguage":"nl-NL","potentialAction":[{"@type":"ReadAction","target":["https:\/\/musee.oceano.org\/nl\/kredieten\/"]}]},{"@type":"BreadcrumbList","@id":"https:\/\/musee.oceano.org\/nl\/kredieten\/#breadcrumb","itemListElement":[{"@type":"ListItem","position":1,"name":"Home","item":"https:\/\/musee.oceano.org\/nl\/"},{"@type":"ListItem","position":2,"name":"Kredieten"}]},{"@type":"WebSite","@id":"https:\/\/musee.oceano.org\/#website","url":"https:\/\/musee.oceano.org\/","name":"Mus\u00e9e Oc\u00e9anographique de Monaco","description":"Faire conna\u00eetre, aimer et prot\u00e9ger les oc\u00e9ans","potentialAction":[{"@type":"SearchAction","target":{"@type":"EntryPoint","urlTemplate":"https:\/\/musee.oceano.org\/?s={search_term_string}"},"query-input":{"@type":"PropertyValueSpecification","valueRequired":true,"valueName":"search_term_string"}}],"inLanguage":"nl-NL"}]}},"_links":{"self":[{"href":"https:\/\/musee.oceano.org\/nl\/wp-json\/wp\/v2\/pages\/30246","targetHints":{"allow":["GET"]}}],"collection":[{"href":"https:\/\/musee.oceano.org\/nl\/wp-json\/wp\/v2\/pages"}],"about":[{"href":"https:\/\/musee.oceano.org\/nl\/wp-json\/wp\/v2\/types\/page"}],"author":[{"embeddable":true,"href":"https:\/\/musee.oceano.org\/nl\/wp-json\/wp\/v2\/users\/1"}],"replies":[{"embeddable":true,"href":"https:\/\/musee.oceano.org\/nl\/wp-json\/wp\/v2\/comments?post=30246"}],"version-history":[{"count":3,"href":"https:\/\/musee.oceano.org\/nl\/wp-json\/wp\/v2\/pages\/30246\/revisions"}],"predecessor-version":[{"id":30267,"href":"https:\/\/musee.oceano.org\/nl\/wp-json\/wp\/v2\/pages\/30246\/revisions\/30267"}],"wp:attachment":[{"href":"https:\/\/musee.oceano.org\/nl\/wp-json\/wp\/v2\/media?parent=30246"}],"curies":[{"name":"wp","href":"https:\/\/api.w.org\/{rel}","templated":true}]}}