{"id":30292,"date":"2021-07-07T11:43:09","date_gmt":"2021-07-07T09:43:09","guid":{"rendered":"https:\/\/musee.oceano.org\/voorwaarden-voor-gebruik\/"},"modified":"2021-07-07T11:43:25","modified_gmt":"2021-07-07T09:43:25","slug":"voorwaarden-voor-gebruik","status":"publish","type":"page","link":"https:\/\/musee.oceano.org\/nl\/voorwaarden-voor-gebruik\/","title":{"rendered":"Voorwaarden voor gebruik"},"content":{"rendered":"\t\t<div data-elementor-type=\"wp-post\" data-elementor-id=\"30292\" class=\"elementor elementor-30292 elementor-4844\" data-elementor-post-type=\"page\">\n\t\t\t\t\t\t<section class=\"elementor-section elementor-top-section elementor-element elementor-element-117832aa elementor-section-full_width elementor-section-height-default elementor-section-height-default\" data-id=\"117832aa\" data-element_type=\"section\" data-e-type=\"section\">\n\t\t\t\t\t\t<div class=\"elementor-container elementor-column-gap-no\">\n\t\t\t\t\t<div class=\"elementor-column elementor-col-100 elementor-top-column elementor-element elementor-element-e90c5e9\" data-id=\"e90c5e9\" data-element_type=\"column\" data-e-type=\"column\">\n\t\t\t<div class=\"elementor-widget-wrap elementor-element-populated\">\n\t\t\t\t\t\t<div class=\"elementor-element elementor-element-1a5eacf9 elementor--h-position-center elementor--v-position-middle elementor-widget elementor-widget-slides\" data-id=\"1a5eacf9\" data-element_type=\"widget\" data-e-type=\"widget\" data-settings=\"{&quot;navigation&quot;:&quot;none&quot;,&quot;transition&quot;:&quot;slide&quot;,&quot;transition_speed&quot;:500}\" data-widget_type=\"slides.default\">\n\t\t\t\t<div class=\"elementor-widget-container\">\n\t\t\t\t\t\t\t\t\t<div class=\"elementor-swiper\">\n\t\t\t\t\t<div class=\"elementor-slides-wrapper elementor-main-swiper swiper\" role=\"region\" aria-roledescription=\"carousel\" aria-label=\"Slides\" dir=\"ltr\" data-animation=\"fadeInUp\">\n\t\t\t\t<div class=\"swiper-wrapper elementor-slides\">\n\t\t\t\t\t\t\t\t\t\t<div class=\"elementor-repeater-item-891be05 swiper-slide\" role=\"group\" aria-roledescription=\"slide\"><div class=\"swiper-slide-bg\" role=\"img\" aria-label=\"u2151\"><\/div><div class=\"swiper-slide-inner\" ><div class=\"swiper-slide-contents\"><h1 class=\"elementor-slide-heading\">Voorwaarden voor gebruik<\/h1><\/div><\/div><\/div>\t\t\t\t<\/div>\n\t\t\t\t\t\t\t<\/div>\n\t\t\t\t<\/div>\n\t\t\t\t\t\t\t\t<\/div>\n\t\t\t\t<\/div>\n\t\t\t\t\t<\/div>\n\t\t<\/div>\n\t\t\t\t\t<\/div>\n\t\t<\/section>\n\t\t\t\t<section class=\"elementor-section elementor-top-section elementor-element elementor-element-47bbdfe3 elementor-section-full_width elementor-section-height-default elementor-section-height-default\" data-id=\"47bbdfe3\" data-element_type=\"section\" data-e-type=\"section\">\n\t\t\t\t\t\t<div class=\"elementor-container elementor-column-gap-default\">\n\t\t\t\t\t<div class=\"elementor-column elementor-col-100 elementor-top-column elementor-element elementor-element-ebf7cf0\" data-id=\"ebf7cf0\" data-element_type=\"column\" data-e-type=\"column\">\n\t\t\t<div class=\"elementor-widget-wrap elementor-element-populated\">\n\t\t\t\t\t\t<div class=\"elementor-element elementor-element-1839d7dd elementor-widget elementor-widget-ee-breadcrumbs\" data-id=\"1839d7dd\" data-element_type=\"widget\" data-e-type=\"widget\" data-widget_type=\"ee-breadcrumbs.default\">\n\t\t\t\t<div class=\"elementor-widget-container\">\n\t\t\t\t\t<ul class=\"ee-breadcrumbs\" itemscope=\"\" itemtype=\"http:\/\/schema.org\/BreadcrumbList\"><\/ul>\t\t\t\t<\/div>\n\t\t\t\t<\/div>\n\t\t\t\t\t<\/div>\n\t\t<\/div>\n\t\t\t\t\t<\/div>\n\t\t<\/section>\n\t\t\t\t<section class=\"elementor-section elementor-top-section elementor-element elementor-element-1cd1134a elementor-section-full_width elementor-section-height-default elementor-section-height-default\" data-id=\"1cd1134a\" data-element_type=\"section\" data-e-type=\"section\">\n\t\t\t\t\t\t<div class=\"elementor-container elementor-column-gap-default\">\n\t\t\t\t\t<div class=\"elementor-column elementor-col-100 elementor-top-column elementor-element elementor-element-275ee04f\" data-id=\"275ee04f\" data-element_type=\"column\" data-e-type=\"column\">\n\t\t\t<div class=\"elementor-widget-wrap elementor-element-populated\">\n\t\t\t\t\t\t<div class=\"elementor-element elementor-element-42d4e778 elementor-widget elementor-widget-heading\" data-id=\"42d4e778\" data-element_type=\"widget\" data-e-type=\"widget\" data-widget_type=\"heading.default\">\n\t\t\t\t<div class=\"elementor-widget-container\">\n\t\t\t\t\t<h2 class=\"elementor-heading-title elementor-size-default\">Verantwoordelijkheid<\/h2>\t\t\t\t<\/div>\n\t\t\t\t<\/div>\n\t\t\t\t\t<\/div>\n\t\t<\/div>\n\t\t\t\t\t<\/div>\n\t\t<\/section>\n\t\t\t\t<section class=\"elementor-section elementor-top-section elementor-element elementor-element-15fd502d elementor-section-boxed elementor-section-height-default elementor-section-height-default\" data-id=\"15fd502d\" data-element_type=\"section\" data-e-type=\"section\">\n\t\t\t\t\t\t<div class=\"elementor-container elementor-column-gap-default\">\n\t\t\t\t\t<div class=\"elementor-column elementor-col-100 elementor-top-column elementor-element elementor-element-4895c3f3\" data-id=\"4895c3f3\" data-element_type=\"column\" data-e-type=\"column\">\n\t\t\t<div class=\"elementor-widget-wrap elementor-element-populated\">\n\t\t\t\t\t\t<div class=\"elementor-element elementor-element-37663506 elementor-widget elementor-widget-text-editor\" data-id=\"37663506\" data-element_type=\"widget\" data-e-type=\"widget\" data-widget_type=\"text-editor.default\">\n\t\t\t\t<div class=\"elementor-widget-container\">\n\t\t\t\t\t\t\t\t\t<p><strong>M<\/strong>Ondanks de zorg die het &#8220;Institut Oc\u00e9anographique &#8211; Fondation Albert I, Prince de Monaco&#8221; besteedt aan de ontwikkeling en bijwerking van zijn website met betrekking tot de nauwkeurigheid, precisie en volledigheid van de informatie die erop wordt verstrekt, kan het &#8220;Institut Oc\u00e9anographique &#8211; Fondation Albert I, Prince de Monaco&#8221; niet aansprakelijk worden gesteld voor eventuele onjuiste informatie. Het &#8220;Institut Oc\u00e9anographique &#8211; Fondation Albert I, Prince of Monaco&#8221; wijst alle verantwoordelijkheid af voor eventuele fouten, onnauwkeurigheden of weglatingen in verband met deze informatie.<\/p>\n<p>De informatie en gegevens op de Site worden uitsluitend voor informatieve doeleinden verstrekt. Het &#8220;Institut Oc\u00e9anographique &#8211; Fondation Albert I, Prince of Monaco&#8221; wijst alle verantwoordelijkheid voor deze inhoud en het gebruik ervan af.  <br \/><strong>Het &#8220;Institut Oc\u00e9anographique &#8211; Fondation Albert I, Prince of Monaco&#8221;<\/strong> behoudt zich het recht voor om de website geheel of gedeeltelijk te wijzigen, tijdelijk of permanent te onderbreken zonder voorafgaande kennisgeving. De wijzigingen zullen van toepassing zijn zodra zij op deze website zijn bekendgemaakt.<\/p>\n<p>Alle inhoud wordt verstrekt op een &#8220;as is&#8221; en &#8220;zoals beschikbaar&#8221; basis. Het &#8220;Institut Oc\u00e9anographique &#8211; Fondation Albert I, Prince of Monaco&#8221; biedt geen enkele garantie, expliciet noch impliciet, met inbegrip van maar niet beperkt tot enige garantie dat alle producten en diensten beschikbaar zijn, van verhandelbare kwaliteit zijn, geschikt zijn voor een bepaald gebruik, kunnen worden gebruikt zonder inbreuk te maken op de rechten van derden, noch enige garantie met betrekking tot de werking van deze site zelf of de inhoud ervan.<\/p>\n<p>Het &#8220;Institut Oc\u00e9anographique &#8211; Fondation Albert Ier, Prince of Monaco&#8221; kan noch ten opzichte van u, noch ten opzichte van een derde aansprakelijk worden gesteld voor de wijziging, onderbreking, opschorting of schrapping van de Website.  <br \/>Het<strong>&#8220;Institut Oc\u00e9anographique &#8211; Fondation Albert Ier, Prince de Monaco&#8221;<\/strong> garandeert de veiligheid van deze site niet, tenzij het &#8220;Institut Oc\u00e9anographique &#8211; Fondation Albert Ier, Prince de Monaco&#8221; heeft aangegeven dat een bepaalde functie gecodeerd moet worden. Afgezien van dit specifieke geval wordt de gebruiker gewaarschuwd dat alle informatie die hij verstuurt, door een derde kan worden onderschept. Het &#8220;Institut Oc\u00e9anographique &#8211; Fondation Albert Ier, Prince de Monaco&#8221; garandeert niet dat deze site of de servers die toegang verlenen tot deze site, noch dat de elektronische communicatie die door het &#8220;Institut Oc\u00e9anographique &#8211; Fondation Albert Ier, Prince de Monaco&#8221; wordt verstuurd, vrij is van virussen of andere destructieve elementen.<\/p>\n<p><strong>S<\/strong>Onder voorbehoud van de geldende wettelijke en reglementaire bepalingen kan het &#8220;Institut Oc\u00e9anographique &#8211; Fondation Albert Ier, Prince de Monaco&#8221; niet aansprakelijk worden gesteld voor directe of indirecte schade, in het bijzonder maar niet uitsluitend, verlies van winst, cli\u00ebnteel, gegevens of immateri\u00eble activa die zou kunnen voortvloeien uit het gebruik of de onmogelijkheid tot gebruik van de website, en meer in het algemeen, elke gebeurtenis die verband houdt met de website en\/of elke site van derden. In het bijzonder kan het &#8220;Institut Oc\u00e9anographique &#8211; Fondation Albert I, Prince of Monaco&#8221; niet aansprakelijk worden gesteld in geval van volledige of gedeeltelijke piraterij van de site en voor de schade die deze piraterij kan berokkenen aan een gebruiker of aan een derde.<\/p>\n<p>Het gebruik<strong>van<\/strong> de Site geschiedt op eigen risico van de gebruiker. Het &#8220;Institut Oc\u00e9anographique &#8211; Fondation Albert Ier, Prince de Monaco&#8221; en\/of zijn filialen kunnen in geen geval aansprakelijk gesteld worden voor onrechtstreekse of incidentele schade of morele schade die voortvloeit uit, veroorzaakt wordt door of verband houdt met het gebruik of de onmogelijkheid tot gebruik van deze site of zijn inhoud, zelfs indien het &#8220;Institut Oc\u00e9anographique &#8211; Fondation Albert Ier, Prince de Monaco&#8221; op de hoogte werd gebracht van de mogelijkheid van dergelijke schade. Elke rechtsvordering van een gebruiker met betrekking tot deze site moet worden ingesteld binnen \u00e9\u00e9n jaar na de datum waarop de oorzaak van de schade zich heeft voorgedaan.  <br \/>Deze site kan toegang geven tot andere websites die niet onder de controle van het &#8220;Oceanografisch Instituut &#8211; Stichting Albert I Prins van Monaco&#8221; vallen. Het &#8220;Institut Oc\u00e9anographique &#8211; Fondation Albert I, Prince of Monaco&#8221; kan op geen enkele wijze aansprakelijk worden gesteld voor de inhoud van andere websites. Het &#8220;Institut Oc\u00e9anographique &#8211; Fondation Albert I, Prince de Monaco&#8221; stelt dergelijke links enkel voor het gemak van de gebruiker van deze site voor en het opnemen van een link naar enige andere website impliceert niet dat het &#8220;Institut Oc\u00e9anographique &#8211; Fondation Albert I, Prince de Monaco&#8221; de inhoud van deze sites goedkeurt.<\/p>\n\t\t\t\t\t\t\t\t<\/div>\n\t\t\t\t<\/div>\n\t\t\t\t\t<\/div>\n\t\t<\/div>\n\t\t\t\t\t<\/div>\n\t\t<\/section>\n\t\t\t\t<\/div>\n\t\t","protected":false},"excerpt":{"rendered":"<p>Voorwaarden voor gebruik Verantwoordelijkheid MOndanks de zorg die het &#8220;Institut Oc\u00e9anographique &#8211; Fondation Albert I, Prince de Monaco&#8221; besteedt aan de ontwikkeling en bijwerking van zijn website met betrekking tot de nauwkeurigheid, precisie en volledigheid van de informatie die erop wordt verstrekt, kan het &#8220;Institut Oc\u00e9anographique &#8211; Fondation Albert I, Prince de Monaco&#8221; niet aansprakelijk [&hellip;]<\/p>\n","protected":false},"author":1,"featured_media":0,"parent":0,"menu_order":431,"comment_status":"closed","ping_status":"closed","template":"","meta":{"_acf_changed":false,"footnotes":""},"class_list":["post-30292","page","type-page","status-publish","hentry"],"acf":[],"yoast_head":"<!-- This site is optimized with the Yoast SEO plugin v27.2 - https:\/\/yoast.com\/product\/yoast-seo-wordpress\/ -->\n<title>Voorwaarden voor gebruik - Mus\u00e9e Oc\u00e9anographique de Monaco<\/title>\n<meta name=\"description\" content=\"Zie onze algemene gebruiksvoorwaarden.\" \/>\n<meta name=\"robots\" content=\"index, follow, max-snippet:-1, max-image-preview:large, max-video-preview:-1\" \/>\n<link rel=\"canonical\" href=\"https:\/\/musee.oceano.org\/nl\/voorwaarden-voor-gebruik\/\" \/>\n<meta property=\"og:locale\" content=\"nl_NL\" \/>\n<meta property=\"og:type\" content=\"article\" \/>\n<meta property=\"og:title\" content=\"Voorwaarden voor gebruik - Mus\u00e9e Oc\u00e9anographique de Monaco\" \/>\n<meta property=\"og:description\" content=\"Zie onze algemene gebruiksvoorwaarden.\" \/>\n<meta property=\"og:url\" content=\"https:\/\/musee.oceano.org\/nl\/voorwaarden-voor-gebruik\/\" \/>\n<meta property=\"og:site_name\" content=\"Mus\u00e9e Oc\u00e9anographique de Monaco\" \/>\n<meta property=\"article:modified_time\" content=\"2021-07-07T09:43:25+00:00\" \/>\n<meta name=\"twitter:card\" content=\"summary_large_image\" \/>\n<meta name=\"twitter:label1\" content=\"Geschatte leestijd\" \/>\n\t<meta name=\"twitter:data1\" content=\"4 minuten\" \/>\n<script type=\"application\/ld+json\" class=\"yoast-schema-graph\">{\"@context\":\"https:\/\/schema.org\",\"@graph\":[{\"@type\":\"WebPage\",\"@id\":\"https:\/\/musee.oceano.org\/nl\/voorwaarden-voor-gebruik\/\",\"url\":\"https:\/\/musee.oceano.org\/nl\/voorwaarden-voor-gebruik\/\",\"name\":\"Voorwaarden voor gebruik - Mus\u00e9e Oc\u00e9anographique de Monaco\",\"isPartOf\":{\"@id\":\"https:\/\/musee.oceano.org\/#website\"},\"datePublished\":\"2021-07-07T09:43:09+00:00\",\"dateModified\":\"2021-07-07T09:43:25+00:00\",\"description\":\"Zie onze algemene gebruiksvoorwaarden.\",\"breadcrumb\":{\"@id\":\"https:\/\/musee.oceano.org\/nl\/voorwaarden-voor-gebruik\/#breadcrumb\"},\"inLanguage\":\"nl-NL\",\"potentialAction\":[{\"@type\":\"ReadAction\",\"target\":[\"https:\/\/musee.oceano.org\/nl\/voorwaarden-voor-gebruik\/\"]}]},{\"@type\":\"BreadcrumbList\",\"@id\":\"https:\/\/musee.oceano.org\/nl\/voorwaarden-voor-gebruik\/#breadcrumb\",\"itemListElement\":[{\"@type\":\"ListItem\",\"position\":1,\"name\":\"Home\",\"item\":\"https:\/\/musee.oceano.org\/nl\/\"},{\"@type\":\"ListItem\",\"position\":2,\"name\":\"Voorwaarden voor gebruik\"}]},{\"@type\":\"WebSite\",\"@id\":\"https:\/\/musee.oceano.org\/#website\",\"url\":\"https:\/\/musee.oceano.org\/\",\"name\":\"Mus\u00e9e Oc\u00e9anographique de Monaco\",\"description\":\"Faire conna\u00eetre, aimer et prot\u00e9ger les oc\u00e9ans\",\"potentialAction\":[{\"@type\":\"SearchAction\",\"target\":{\"@type\":\"EntryPoint\",\"urlTemplate\":\"https:\/\/musee.oceano.org\/?s={search_term_string}\"},\"query-input\":{\"@type\":\"PropertyValueSpecification\",\"valueRequired\":true,\"valueName\":\"search_term_string\"}}],\"inLanguage\":\"nl-NL\"}]}<\/script>\n<!-- \/ Yoast SEO plugin. -->","yoast_head_json":{"title":"Voorwaarden voor gebruik - Mus\u00e9e Oc\u00e9anographique de Monaco","description":"Zie onze algemene gebruiksvoorwaarden.","robots":{"index":"index","follow":"follow","max-snippet":"max-snippet:-1","max-image-preview":"max-image-preview:large","max-video-preview":"max-video-preview:-1"},"canonical":"https:\/\/musee.oceano.org\/nl\/voorwaarden-voor-gebruik\/","og_locale":"nl_NL","og_type":"article","og_title":"Voorwaarden voor gebruik - Mus\u00e9e Oc\u00e9anographique de Monaco","og_description":"Zie onze algemene gebruiksvoorwaarden.","og_url":"https:\/\/musee.oceano.org\/nl\/voorwaarden-voor-gebruik\/","og_site_name":"Mus\u00e9e Oc\u00e9anographique de Monaco","article_modified_time":"2021-07-07T09:43:25+00:00","twitter_card":"summary_large_image","twitter_misc":{"Geschatte leestijd":"4 minuten"},"schema":{"@context":"https:\/\/schema.org","@graph":[{"@type":"WebPage","@id":"https:\/\/musee.oceano.org\/nl\/voorwaarden-voor-gebruik\/","url":"https:\/\/musee.oceano.org\/nl\/voorwaarden-voor-gebruik\/","name":"Voorwaarden voor gebruik - Mus\u00e9e Oc\u00e9anographique de Monaco","isPartOf":{"@id":"https:\/\/musee.oceano.org\/#website"},"datePublished":"2021-07-07T09:43:09+00:00","dateModified":"2021-07-07T09:43:25+00:00","description":"Zie onze algemene gebruiksvoorwaarden.","breadcrumb":{"@id":"https:\/\/musee.oceano.org\/nl\/voorwaarden-voor-gebruik\/#breadcrumb"},"inLanguage":"nl-NL","potentialAction":[{"@type":"ReadAction","target":["https:\/\/musee.oceano.org\/nl\/voorwaarden-voor-gebruik\/"]}]},{"@type":"BreadcrumbList","@id":"https:\/\/musee.oceano.org\/nl\/voorwaarden-voor-gebruik\/#breadcrumb","itemListElement":[{"@type":"ListItem","position":1,"name":"Home","item":"https:\/\/musee.oceano.org\/nl\/"},{"@type":"ListItem","position":2,"name":"Voorwaarden voor gebruik"}]},{"@type":"WebSite","@id":"https:\/\/musee.oceano.org\/#website","url":"https:\/\/musee.oceano.org\/","name":"Mus\u00e9e Oc\u00e9anographique de Monaco","description":"Faire conna\u00eetre, aimer et prot\u00e9ger les oc\u00e9ans","potentialAction":[{"@type":"SearchAction","target":{"@type":"EntryPoint","urlTemplate":"https:\/\/musee.oceano.org\/?s={search_term_string}"},"query-input":{"@type":"PropertyValueSpecification","valueRequired":true,"valueName":"search_term_string"}}],"inLanguage":"nl-NL"}]}},"_links":{"self":[{"href":"https:\/\/musee.oceano.org\/nl\/wp-json\/wp\/v2\/pages\/30292","targetHints":{"allow":["GET"]}}],"collection":[{"href":"https:\/\/musee.oceano.org\/nl\/wp-json\/wp\/v2\/pages"}],"about":[{"href":"https:\/\/musee.oceano.org\/nl\/wp-json\/wp\/v2\/types\/page"}],"author":[{"embeddable":true,"href":"https:\/\/musee.oceano.org\/nl\/wp-json\/wp\/v2\/users\/1"}],"replies":[{"embeddable":true,"href":"https:\/\/musee.oceano.org\/nl\/wp-json\/wp\/v2\/comments?post=30292"}],"version-history":[{"count":5,"href":"https:\/\/musee.oceano.org\/nl\/wp-json\/wp\/v2\/pages\/30292\/revisions"}],"predecessor-version":[{"id":30315,"href":"https:\/\/musee.oceano.org\/nl\/wp-json\/wp\/v2\/pages\/30292\/revisions\/30315"}],"wp:attachment":[{"href":"https:\/\/musee.oceano.org\/nl\/wp-json\/wp\/v2\/media?parent=30292"}],"curies":[{"name":"wp","href":"https:\/\/api.w.org\/{rel}","templated":true}]}}