{"id":24570,"date":"2021-06-25T10:55:51","date_gmt":"2021-06-25T08:55:51","guid":{"rendered":"https:\/\/musee.oceano.org\/perguntas-frequentes\/"},"modified":"2021-06-25T10:56:10","modified_gmt":"2021-06-25T08:56:10","slug":"perguntas-frequentes","status":"publish","type":"page","link":"https:\/\/musee.oceano.org\/pt-pt\/perguntas-frequentes\/","title":{"rendered":"Perguntas Frequentes"},"content":{"rendered":"\t\t<div data-elementor-type=\"wp-post\" data-elementor-id=\"24570\" class=\"elementor elementor-24570 elementor-1584\" data-elementor-post-type=\"page\">\n\t\t\t\t\t\t<section class=\"elementor-section elementor-top-section elementor-element elementor-element-701011c9 elementor-section-full_width elementor-section-height-default elementor-section-height-default\" data-id=\"701011c9\" data-element_type=\"section\" data-e-type=\"section\">\n\t\t\t\t\t\t<div class=\"elementor-container elementor-column-gap-no\">\n\t\t\t\t\t<div class=\"elementor-column elementor-col-100 elementor-top-column elementor-element elementor-element-63f1895f\" data-id=\"63f1895f\" data-element_type=\"column\" data-e-type=\"column\">\n\t\t\t<div class=\"elementor-widget-wrap elementor-element-populated\">\n\t\t\t\t\t\t<div class=\"elementor-element elementor-element-87ec4e7 elementor--h-position-center elementor--v-position-middle elementor-widget elementor-widget-slides\" data-id=\"87ec4e7\" data-element_type=\"widget\" data-e-type=\"widget\" data-settings=\"{&quot;navigation&quot;:&quot;none&quot;,&quot;transition&quot;:&quot;slide&quot;,&quot;transition_speed&quot;:500}\" data-widget_type=\"slides.default\">\n\t\t\t\t<div class=\"elementor-widget-container\">\n\t\t\t\t\t\t\t\t\t<div class=\"elementor-swiper\">\n\t\t\t\t\t<div class=\"elementor-slides-wrapper elementor-main-swiper swiper\" role=\"region\" aria-roledescription=\"carousel\" aria-label=\"Slides\" dir=\"ltr\" data-animation=\"fadeInUp\">\n\t\t\t\t<div class=\"swiper-wrapper elementor-slides\">\n\t\t\t\t\t\t\t\t\t\t<div class=\"elementor-repeater-item-891be05 swiper-slide\" role=\"group\" aria-roledescription=\"slide\"><div class=\"swiper-slide-bg\" role=\"img\" aria-label=\"shutterstock_456309187\"><\/div><div class=\"elementor-background-overlay\"><\/div><div class=\"swiper-slide-inner\" ><div class=\"swiper-slide-contents\"><h1 class=\"elementor-slide-heading\">PERGUNTAS FREQUENTES<\/h1><\/div><\/div><\/div>\t\t\t\t<\/div>\n\t\t\t\t\t\t\t<\/div>\n\t\t\t\t<\/div>\n\t\t\t\t\t\t\t\t<\/div>\n\t\t\t\t<\/div>\n\t\t\t\t\t<\/div>\n\t\t<\/div>\n\t\t\t\t\t<\/div>\n\t\t<\/section>\n\t\t\t\t<section class=\"elementor-section elementor-top-section elementor-element elementor-element-515c58bb elementor-section-full_width elementor-section-height-default elementor-section-height-default\" data-id=\"515c58bb\" data-element_type=\"section\" data-e-type=\"section\">\n\t\t\t\t\t\t<div class=\"elementor-container elementor-column-gap-default\">\n\t\t\t\t\t<div class=\"elementor-column elementor-col-100 elementor-top-column elementor-element elementor-element-7ca6d743\" data-id=\"7ca6d743\" data-element_type=\"column\" data-e-type=\"column\">\n\t\t\t<div class=\"elementor-widget-wrap elementor-element-populated\">\n\t\t\t\t\t\t<div class=\"elementor-element elementor-element-29ef6853 elementor-widget elementor-widget-ee-breadcrumbs\" data-id=\"29ef6853\" data-element_type=\"widget\" data-e-type=\"widget\" data-widget_type=\"ee-breadcrumbs.default\">\n\t\t\t\t<div class=\"elementor-widget-container\">\n\t\t\t\t\t<ul class=\"ee-breadcrumbs\" itemscope=\"\" itemtype=\"http:\/\/schema.org\/BreadcrumbList\"><\/ul>\t\t\t\t<\/div>\n\t\t\t\t<\/div>\n\t\t\t\t\t<\/div>\n\t\t<\/div>\n\t\t\t\t\t<\/div>\n\t\t<\/section>\n\t\t\t\t<section class=\"elementor-section elementor-top-section elementor-element elementor-element-190daad1 elementor-section-boxed elementor-section-height-default elementor-section-height-default\" data-id=\"190daad1\" data-element_type=\"section\" data-e-type=\"section\">\n\t\t\t\t\t\t<div class=\"elementor-container elementor-column-gap-default\">\n\t\t\t\t\t<div class=\"elementor-column elementor-col-100 elementor-top-column elementor-element elementor-element-589ac229\" data-id=\"589ac229\" data-element_type=\"column\" data-e-type=\"column\">\n\t\t\t<div class=\"elementor-widget-wrap elementor-element-populated\">\n\t\t\t\t\t\t<div class=\"elementor-element elementor-element-76d75058 elementor-widget elementor-widget-heading\" data-id=\"76d75058\" data-element_type=\"widget\" data-e-type=\"widget\" data-widget_type=\"heading.default\">\n\t\t\t\t<div class=\"elementor-widget-container\">\n\t\t\t\t\t<h2 class=\"elementor-heading-title elementor-size-default\">Pesquisar por:<\/h2>\t\t\t\t<\/div>\n\t\t\t\t<\/div>\n\t\t\t\t\t<\/div>\n\t\t<\/div>\n\t\t\t\t\t<\/div>\n\t\t<\/section>\n\t\t\t\t<section class=\"elementor-section elementor-top-section elementor-element elementor-element-6e88614 formbgblue elementor-section-boxed elementor-section-height-default elementor-section-height-default\" data-id=\"6e88614\" data-element_type=\"section\" data-e-type=\"section\" data-settings=\"{&quot;background_background&quot;:&quot;classic&quot;}\">\n\t\t\t\t\t\t<div class=\"elementor-container elementor-column-gap-default\">\n\t\t\t\t\t<div class=\"elementor-column elementor-col-33 elementor-top-column elementor-element elementor-element-8bdcb0f\" data-id=\"8bdcb0f\" data-element_type=\"column\" data-e-type=\"column\">\n\t\t\t<div class=\"elementor-widget-wrap elementor-element-populated\">\n\t\t\t\t\t\t<div class=\"elementor-element elementor-element-ee33618 elementor-widget elementor-widget-shortcode\" data-id=\"ee33618\" data-element_type=\"widget\" data-e-type=\"widget\" data-widget_type=\"shortcode.default\">\n\t\t\t\t<div class=\"elementor-widget-container\">\n\t\t\t\t\t\t\t<div class=\"elementor-shortcode\"><div class=\"facetwp-facet facetwp-facet-search facetwp-type-search\" data-name=\"search\" data-type=\"search\"><\/div><\/div>\n\t\t\t\t\t\t<\/div>\n\t\t\t\t<\/div>\n\t\t\t\t\t<\/div>\n\t\t<\/div>\n\t\t\t\t<div class=\"elementor-column elementor-col-33 elementor-top-column elementor-element elementor-element-4605bb1\" data-id=\"4605bb1\" data-element_type=\"column\" data-e-type=\"column\">\n\t\t\t<div class=\"elementor-widget-wrap elementor-element-populated\">\n\t\t\t\t\t\t<div class=\"elementor-element elementor-element-221360f elementor-widget elementor-widget-shortcode\" data-id=\"221360f\" data-element_type=\"widget\" data-e-type=\"widget\" data-widget_type=\"shortcode.default\">\n\t\t\t\t<div class=\"elementor-widget-container\">\n\t\t\t\t\t\t\t<div class=\"elementor-shortcode\"><div class=\"facetwp-facet facetwp-facet-thmatiques_faq facetwp-type-dropdown\" data-name=\"thmatiques_faq\" data-type=\"dropdown\"><\/div><\/div>\n\t\t\t\t\t\t<\/div>\n\t\t\t\t<\/div>\n\t\t\t\t\t<\/div>\n\t\t<\/div>\n\t\t\t\t<div class=\"elementor-column elementor-col-33 elementor-top-column elementor-element elementor-element-fcc69df\" data-id=\"fcc69df\" data-element_type=\"column\" data-e-type=\"column\">\n\t\t\t<div class=\"elementor-widget-wrap\">\n\t\t\t\t\t\t\t<\/div>\n\t\t<\/div>\n\t\t\t\t\t<\/div>\n\t\t<\/section>\n\t\t\t\t<section class=\"elementor-section elementor-top-section elementor-element elementor-element-2521d05 elementor-section-boxed elementor-section-height-default elementor-section-height-default\" data-id=\"2521d05\" data-element_type=\"section\" data-e-type=\"section\" data-settings=\"{&quot;background_background&quot;:&quot;classic&quot;}\">\n\t\t\t\t\t\t<div class=\"elementor-container elementor-column-gap-default\">\n\t\t\t\t\t<div class=\"elementor-column elementor-col-100 elementor-top-column elementor-element elementor-element-7af4973\" data-id=\"7af4973\" data-element_type=\"column\" data-e-type=\"column\">\n\t\t\t<div class=\"elementor-widget-wrap elementor-element-populated\">\n\t\t\t\t\t\t<div class=\"elementor-element elementor-element-25c7121 elementor-widget elementor-widget-shortcode\" data-id=\"25c7121\" data-element_type=\"widget\" data-e-type=\"widget\" data-widget_type=\"shortcode.default\">\n\t\t\t\t<div class=\"elementor-widget-container\">\n\t\t\t\t\t\t\t<div class=\"elementor-shortcode\">        <div class=\"pbl ptl faqcontainer d-flex\">\n            <div class=\"faqcolumn\">\n                                    <div class=\"card-faq\">\n    <div class=\"top-content-faq\">\n        <div class=\"button-faq flex-container\">\n            <h4 class=\"flex-item-fluid prl\">Como venho com o meu carrinho?<\/h4>\n            <div class=\"plus-button-faq\"><\/div>\n        <\/div>\n    <\/div>\n    <div class=\"text-faq mtl txt-justify\">\n        \n<p>Apenas o n\u00edvel -1 \u00e9 acess\u00edvel por escadas, os outros andares e quartos do Museu s\u00e3o acess\u00edveis por elevadores.<\/p>\n    <\/div>\n<\/div>\n                                    <div class=\"card-faq\">\n    <div class=\"top-content-faq\">\n        <div class=\"button-faq flex-container\">\n            <h4 class=\"flex-item-fluid prl\">Com que idade o meu filho pode vir ao Museu?<\/h4>\n            <div class=\"plus-button-faq\"><\/div>\n        <\/div>\n    <\/div>\n    <div class=\"text-faq mtl txt-justify\">\n        \r\n<p>o museu \u00e9 acess\u00edvel a todas as idades<br\/><\/p>\r\n    <\/div>\n<\/div>\n                                    <div class=\"card-faq\">\n    <div class=\"top-content-faq\">\n        <div class=\"button-faq flex-container\">\n            <h4 class=\"flex-item-fluid prl\">Em que parque de estacionamento temos que estacionar e quais s\u00e3o as suas tarifas?<\/h4>\n            <div class=\"plus-button-faq\"><\/div>\n        <\/div>\n    <\/div>\n    <div class=\"text-faq mtl txt-justify\">\n        \n<p>O estacionamento dos pescadores e o mais pr\u00f3ximo (pegue os elevadores) as tarifas s\u00e3o ajust\u00e1veis de acordo com o dia.<\/p>\n    <\/div>\n<\/div>\n                                    <div class=\"card-faq\">\n    <div class=\"top-content-faq\">\n        <div class=\"button-faq flex-container\">\n            <h4 class=\"flex-item-fluid prl\">O Museu \u00e9 acess\u00edvel a pessoas com mobilidade reduzida?<\/h4>\n            <div class=\"plus-button-faq\"><\/div>\n        <\/div>\n    <\/div>\n    <div class=\"text-faq mtl txt-justify\">\n        \n<p>Com exce\u00e7\u00e3o do n\u00edvel -1 (onde as cadeiras de rodas n\u00e3o podem ir neste momento), o Museu \u00e9 acess\u00edvel a pessoas com mobilidade reduzida. Os seus acompanhantes beneficiam de entrada gratuita e devem apresentar-se nas caixas registadoras ou \u00e0 entrada para a sua recolha.<\/p>\n    <\/div>\n<\/div>\n                                    <div class=\"card-faq\">\n    <div class=\"top-content-faq\">\n        <div class=\"button-faq flex-container\">\n            <h4 class=\"flex-item-fluid prl\">S\u00e3o permitidos c\u00e3es?<\/h4>\n            <div class=\"plus-button-faq\"><\/div>\n        <\/div>\n    <\/div>\n    <div class=\"text-faq mtl txt-justify\">\n        &#13;\n<p>Os c\u00e3es-guia , bem como qualquer animal de assist\u00eancia m\u00e9dica que acompanhe os titulares de um cart\u00e3o de deficiente ou qualquer outro documento equivalente, s\u00e3o bem-vindos nos nossos estabelecimentos. Os c\u00e3es-guia, bem como qualquer animal de assist\u00eancia m\u00e9dica que acompanhe os portadores de cart\u00e3o de deficiente ou qualquer outro documento equivalente s\u00e3o bem-vindos nos nossos estabelecimentos. Os c\u00e3es sem documenta\u00e7\u00e3o adequada n\u00e3o s\u00e3o autorizados a entrar no Museu.  No entanto, n\u00e3o dispomos de um canil, existe um para o seu animal de estima\u00e7\u00e3o a poucos metros do Museu. Para mais informa\u00e7\u00f5es , contactar o n\u00famero 00 377 93 30 63 76.<\/p>&#13;\n    <\/div>\n<\/div>\n                            <\/div>\n            <div class=\"container-btn w100\">\n                <button class=\"fwp-load-more btn btn-mom mrauto mlauto\"><span>Ver mais<\/span><\/button>\n                <div class=\"ajax-loader spinner mrauto mlauto\">\n                    <div class=\"double-bounce1\"><\/div>\n                    <div class=\"double-bounce2\"><\/div>\n                <\/div>\n                <script>\n                    (function($) {\n                        $(document).on('click', '.fwp-load-more', function() {\n                            $(this).siblings('.ajax-loader').show();\n                            $(this).hide(); \n                        });\n\n                        $(document).on('facetwp-loaded', function() {\n                            $('.fwp-load-more').siblings('.ajax-loader').hide();        \n                        });  \n                    })(jQuery);\n                <\/script>\n            <\/div>\n        <\/div>\n    <\/div>\n\t\t\t\t\t\t<\/div>\n\t\t\t\t<\/div>\n\t\t\t\t\t<\/div>\n\t\t<\/div>\n\t\t\t\t\t<\/div>\n\t\t<\/section>\n\t\t\t\t<\/div>\n\t\t","protected":false},"excerpt":{"rendered":"<p>PERGUNTAS FREQUENTES Pesquisar por:<\/p>\n","protected":false},"author":1,"featured_media":0,"parent":0,"menu_order":448,"comment_status":"closed","ping_status":"closed","template":"","meta":{"_acf_changed":false,"footnotes":""},"class_list":["post-24570","page","type-page","status-publish","hentry"],"acf":[],"yoast_head":"<!-- This site is optimized with the Yoast SEO plugin v27.2 - https:\/\/yoast.com\/product\/yoast-seo-wordpress\/ -->\n<title>Perguntas Frequentes - Mus\u00e9e Oc\u00e9anographique de Monaco<\/title>\n<meta name=\"description\" content=\"Fa\u00e7a-nos perguntas ou consulte as nossas FAQ, certamente encontrar\u00e1 a resposta \u00e0s suas perguntas.\" \/>\n<meta name=\"robots\" content=\"index, follow, max-snippet:-1, max-image-preview:large, max-video-preview:-1\" \/>\n<link rel=\"canonical\" href=\"https:\/\/musee.oceano.org\/pt-pt\/perguntas-frequentes\/\" \/>\n<meta property=\"og:locale\" content=\"pt_PT\" \/>\n<meta property=\"og:type\" content=\"article\" \/>\n<meta property=\"og:title\" content=\"Perguntas Frequentes - Mus\u00e9e Oc\u00e9anographique de Monaco\" \/>\n<meta property=\"og:description\" content=\"Fa\u00e7a-nos perguntas ou consulte as nossas FAQ, certamente encontrar\u00e1 a resposta \u00e0s suas perguntas.\" \/>\n<meta property=\"og:url\" content=\"https:\/\/musee.oceano.org\/pt-pt\/perguntas-frequentes\/\" \/>\n<meta property=\"og:site_name\" content=\"Mus\u00e9e Oc\u00e9anographique de Monaco\" \/>\n<meta property=\"article:modified_time\" content=\"2021-06-25T08:56:10+00:00\" \/>\n<meta name=\"twitter:card\" content=\"summary_large_image\" \/>\n<script type=\"application\/ld+json\" class=\"yoast-schema-graph\">{\"@context\":\"https:\/\/schema.org\",\"@graph\":[{\"@type\":\"WebPage\",\"@id\":\"https:\/\/musee.oceano.org\/pt-pt\/perguntas-frequentes\/\",\"url\":\"https:\/\/musee.oceano.org\/pt-pt\/perguntas-frequentes\/\",\"name\":\"Perguntas Frequentes - Mus\u00e9e Oc\u00e9anographique de Monaco\",\"isPartOf\":{\"@id\":\"https:\/\/musee.oceano.org\/#website\"},\"datePublished\":\"2021-06-25T08:55:51+00:00\",\"dateModified\":\"2021-06-25T08:56:10+00:00\",\"description\":\"Fa\u00e7a-nos perguntas ou consulte as nossas FAQ, certamente encontrar\u00e1 a resposta \u00e0s suas perguntas.\",\"breadcrumb\":{\"@id\":\"https:\/\/musee.oceano.org\/pt-pt\/perguntas-frequentes\/#breadcrumb\"},\"inLanguage\":\"pt-PT\",\"potentialAction\":[{\"@type\":\"ReadAction\",\"target\":[\"https:\/\/musee.oceano.org\/pt-pt\/perguntas-frequentes\/\"]}]},{\"@type\":\"BreadcrumbList\",\"@id\":\"https:\/\/musee.oceano.org\/pt-pt\/perguntas-frequentes\/#breadcrumb\",\"itemListElement\":[{\"@type\":\"ListItem\",\"position\":1,\"name\":\"Home\",\"item\":\"https:\/\/musee.oceano.org\/pt-pt\/\"},{\"@type\":\"ListItem\",\"position\":2,\"name\":\"Perguntas Frequentes\"}]},{\"@type\":\"WebSite\",\"@id\":\"https:\/\/musee.oceano.org\/#website\",\"url\":\"https:\/\/musee.oceano.org\/\",\"name\":\"Mus\u00e9e Oc\u00e9anographique de Monaco\",\"description\":\"Faire conna\u00eetre, aimer et prot\u00e9ger les oc\u00e9ans\",\"potentialAction\":[{\"@type\":\"SearchAction\",\"target\":{\"@type\":\"EntryPoint\",\"urlTemplate\":\"https:\/\/musee.oceano.org\/?s={search_term_string}\"},\"query-input\":{\"@type\":\"PropertyValueSpecification\",\"valueRequired\":true,\"valueName\":\"search_term_string\"}}],\"inLanguage\":\"pt-PT\"}]}<\/script>\n<!-- \/ Yoast SEO plugin. -->","yoast_head_json":{"title":"Perguntas Frequentes - Mus\u00e9e Oc\u00e9anographique de Monaco","description":"Fa\u00e7a-nos perguntas ou consulte as nossas FAQ, certamente encontrar\u00e1 a resposta \u00e0s suas perguntas.","robots":{"index":"index","follow":"follow","max-snippet":"max-snippet:-1","max-image-preview":"max-image-preview:large","max-video-preview":"max-video-preview:-1"},"canonical":"https:\/\/musee.oceano.org\/pt-pt\/perguntas-frequentes\/","og_locale":"pt_PT","og_type":"article","og_title":"Perguntas Frequentes - Mus\u00e9e Oc\u00e9anographique de Monaco","og_description":"Fa\u00e7a-nos perguntas ou consulte as nossas FAQ, certamente encontrar\u00e1 a resposta \u00e0s suas perguntas.","og_url":"https:\/\/musee.oceano.org\/pt-pt\/perguntas-frequentes\/","og_site_name":"Mus\u00e9e Oc\u00e9anographique de Monaco","article_modified_time":"2021-06-25T08:56:10+00:00","twitter_card":"summary_large_image","schema":{"@context":"https:\/\/schema.org","@graph":[{"@type":"WebPage","@id":"https:\/\/musee.oceano.org\/pt-pt\/perguntas-frequentes\/","url":"https:\/\/musee.oceano.org\/pt-pt\/perguntas-frequentes\/","name":"Perguntas Frequentes - Mus\u00e9e Oc\u00e9anographique de Monaco","isPartOf":{"@id":"https:\/\/musee.oceano.org\/#website"},"datePublished":"2021-06-25T08:55:51+00:00","dateModified":"2021-06-25T08:56:10+00:00","description":"Fa\u00e7a-nos perguntas ou consulte as nossas FAQ, certamente encontrar\u00e1 a resposta \u00e0s suas perguntas.","breadcrumb":{"@id":"https:\/\/musee.oceano.org\/pt-pt\/perguntas-frequentes\/#breadcrumb"},"inLanguage":"pt-PT","potentialAction":[{"@type":"ReadAction","target":["https:\/\/musee.oceano.org\/pt-pt\/perguntas-frequentes\/"]}]},{"@type":"BreadcrumbList","@id":"https:\/\/musee.oceano.org\/pt-pt\/perguntas-frequentes\/#breadcrumb","itemListElement":[{"@type":"ListItem","position":1,"name":"Home","item":"https:\/\/musee.oceano.org\/pt-pt\/"},{"@type":"ListItem","position":2,"name":"Perguntas Frequentes"}]},{"@type":"WebSite","@id":"https:\/\/musee.oceano.org\/#website","url":"https:\/\/musee.oceano.org\/","name":"Mus\u00e9e Oc\u00e9anographique de Monaco","description":"Faire conna\u00eetre, aimer et prot\u00e9ger les oc\u00e9ans","potentialAction":[{"@type":"SearchAction","target":{"@type":"EntryPoint","urlTemplate":"https:\/\/musee.oceano.org\/?s={search_term_string}"},"query-input":{"@type":"PropertyValueSpecification","valueRequired":true,"valueName":"search_term_string"}}],"inLanguage":"pt-PT"}]}},"_links":{"self":[{"href":"https:\/\/musee.oceano.org\/pt-pt\/wp-json\/wp\/v2\/pages\/24570","targetHints":{"allow":["GET"]}}],"collection":[{"href":"https:\/\/musee.oceano.org\/pt-pt\/wp-json\/wp\/v2\/pages"}],"about":[{"href":"https:\/\/musee.oceano.org\/pt-pt\/wp-json\/wp\/v2\/types\/page"}],"author":[{"embeddable":true,"href":"https:\/\/musee.oceano.org\/pt-pt\/wp-json\/wp\/v2\/users\/1"}],"replies":[{"embeddable":true,"href":"https:\/\/musee.oceano.org\/pt-pt\/wp-json\/wp\/v2\/comments?post=24570"}],"version-history":[{"count":5,"href":"https:\/\/musee.oceano.org\/pt-pt\/wp-json\/wp\/v2\/pages\/24570\/revisions"}],"predecessor-version":[{"id":24631,"href":"https:\/\/musee.oceano.org\/pt-pt\/wp-json\/wp\/v2\/pages\/24570\/revisions\/24631"}],"wp:attachment":[{"href":"https:\/\/musee.oceano.org\/pt-pt\/wp-json\/wp\/v2\/media?parent=24570"}],"curies":[{"name":"wp","href":"https:\/\/api.w.org\/{rel}","templated":true}]}}