{"id":30253,"date":"2021-07-07T11:41:08","date_gmt":"2021-07-07T09:41:08","guid":{"rendered":"https:\/\/musee.oceano.org\/creditos\/"},"modified":"2021-07-07T11:41:11","modified_gmt":"2021-07-07T09:41:11","slug":"creditos","status":"publish","type":"page","link":"https:\/\/musee.oceano.org\/pt-pt\/creditos\/","title":{"rendered":"cr\u00e9ditos"},"content":{"rendered":"\t\t<div data-elementor-type=\"wp-post\" data-elementor-id=\"30253\" class=\"elementor elementor-30253 elementor-4849\" data-elementor-post-type=\"page\">\n\t\t\t\t\t\t<section class=\"elementor-section elementor-top-section elementor-element elementor-element-117832aa elementor-section-full_width elementor-section-height-default elementor-section-height-default\" data-id=\"117832aa\" data-element_type=\"section\" data-e-type=\"section\">\n\t\t\t\t\t\t<div class=\"elementor-container elementor-column-gap-no\">\n\t\t\t\t\t<div class=\"elementor-column elementor-col-100 elementor-top-column elementor-element elementor-element-e90c5e9\" data-id=\"e90c5e9\" data-element_type=\"column\" data-e-type=\"column\">\n\t\t\t<div class=\"elementor-widget-wrap elementor-element-populated\">\n\t\t\t\t\t\t<div class=\"elementor-element elementor-element-1a5eacf9 elementor--h-position-center elementor--v-position-middle elementor-widget elementor-widget-slides\" data-id=\"1a5eacf9\" data-element_type=\"widget\" data-e-type=\"widget\" data-settings=\"{&quot;navigation&quot;:&quot;none&quot;,&quot;transition&quot;:&quot;slide&quot;,&quot;transition_speed&quot;:500}\" data-widget_type=\"slides.default\">\n\t\t\t\t<div class=\"elementor-widget-container\">\n\t\t\t\t\t\t\t\t\t<div class=\"elementor-swiper\">\n\t\t\t\t\t<div class=\"elementor-slides-wrapper elementor-main-swiper swiper\" role=\"region\" aria-roledescription=\"carousel\" aria-label=\"Slides\" dir=\"ltr\" data-animation=\"fadeInUp\">\n\t\t\t\t<div class=\"swiper-wrapper elementor-slides\">\n\t\t\t\t\t\t\t\t\t\t<div class=\"elementor-repeater-item-891be05 swiper-slide\" role=\"group\" aria-roledescription=\"slide\"><div class=\"swiper-slide-bg\" role=\"img\" aria-label=\"u2151\"><\/div><div class=\"swiper-slide-inner\" ><div class=\"swiper-slide-contents\"><h1 class=\"elementor-slide-heading\">cr\u00e9ditos<\/h1><\/div><\/div><\/div>\t\t\t\t<\/div>\n\t\t\t\t\t\t\t<\/div>\n\t\t\t\t<\/div>\n\t\t\t\t\t\t\t\t<\/div>\n\t\t\t\t<\/div>\n\t\t\t\t\t<\/div>\n\t\t<\/div>\n\t\t\t\t\t<\/div>\n\t\t<\/section>\n\t\t\t\t<section class=\"elementor-section elementor-top-section elementor-element elementor-element-47bbdfe3 elementor-section-full_width elementor-section-height-default elementor-section-height-default\" data-id=\"47bbdfe3\" data-element_type=\"section\" data-e-type=\"section\">\n\t\t\t\t\t\t<div class=\"elementor-container elementor-column-gap-default\">\n\t\t\t\t\t<div class=\"elementor-column elementor-col-100 elementor-top-column elementor-element elementor-element-ebf7cf0\" data-id=\"ebf7cf0\" data-element_type=\"column\" data-e-type=\"column\">\n\t\t\t<div class=\"elementor-widget-wrap elementor-element-populated\">\n\t\t\t\t\t\t<div class=\"elementor-element elementor-element-1839d7dd elementor-widget elementor-widget-ee-breadcrumbs\" data-id=\"1839d7dd\" data-element_type=\"widget\" data-e-type=\"widget\" data-widget_type=\"ee-breadcrumbs.default\">\n\t\t\t\t<div class=\"elementor-widget-container\">\n\t\t\t\t\t<ul class=\"ee-breadcrumbs\" itemscope=\"\" itemtype=\"http:\/\/schema.org\/BreadcrumbList\"><\/ul>\t\t\t\t<\/div>\n\t\t\t\t<\/div>\n\t\t\t\t\t<\/div>\n\t\t<\/div>\n\t\t\t\t\t<\/div>\n\t\t<\/section>\n\t\t\t\t<section class=\"elementor-section elementor-top-section elementor-element elementor-element-1cd1134a elementor-section-full_width elementor-section-height-default elementor-section-height-default\" data-id=\"1cd1134a\" data-element_type=\"section\" data-e-type=\"section\">\n\t\t\t\t\t\t<div class=\"elementor-container elementor-column-gap-default\">\n\t\t\t\t\t<div class=\"elementor-column elementor-col-100 elementor-top-column elementor-element elementor-element-275ee04f\" data-id=\"275ee04f\" data-element_type=\"column\" data-e-type=\"column\">\n\t\t\t<div class=\"elementor-widget-wrap elementor-element-populated\">\n\t\t\t\t\t\t<div class=\"elementor-element elementor-element-42d4e778 elementor-widget elementor-widget-heading\" data-id=\"42d4e778\" data-element_type=\"widget\" data-e-type=\"widget\" data-widget_type=\"heading.default\">\n\t\t\t\t<div class=\"elementor-widget-container\">\n\t\t\t\t\t<h2 class=\"elementor-heading-title elementor-size-default\">Design do site<\/h2>\t\t\t\t<\/div>\n\t\t\t\t<\/div>\n\t\t\t\t\t<\/div>\n\t\t<\/div>\n\t\t\t\t\t<\/div>\n\t\t<\/section>\n\t\t\t\t<section class=\"elementor-section elementor-top-section elementor-element elementor-element-15fd502d elementor-section-boxed elementor-section-height-default elementor-section-height-default\" data-id=\"15fd502d\" data-element_type=\"section\" data-e-type=\"section\">\n\t\t\t\t\t\t<div class=\"elementor-container elementor-column-gap-default\">\n\t\t\t\t\t<div class=\"elementor-column elementor-col-100 elementor-top-column elementor-element elementor-element-4895c3f3\" data-id=\"4895c3f3\" data-element_type=\"column\" data-e-type=\"column\">\n\t\t\t<div class=\"elementor-widget-wrap elementor-element-populated\">\n\t\t\t\t\t\t<div class=\"elementor-element elementor-element-37663506 elementor-widget elementor-widget-text-editor\" data-id=\"37663506\" data-element_type=\"widget\" data-e-type=\"widget\" data-widget_type=\"text-editor.default\">\n\t\t\t\t<div class=\"elementor-widget-container\">\n\t\t\t\t\t\t\t\t\t<p class=\"p1\"><a href=\"https:\/\/www.pix-associates.com\/\" target=\"_blank\" rel=\"noopener\">Pix &amp; Associados<\/a><br \/>Avenida Fragonard 16 &#8211; 06100 Nice<br \/>Telefone: +33 (0)4 93 87 03 19<\/p>\n\t\t\t\t\t\t\t\t<\/div>\n\t\t\t\t<\/div>\n\t\t\t\t\t<\/div>\n\t\t<\/div>\n\t\t\t\t\t<\/div>\n\t\t<\/section>\n\t\t\t\t<section class=\"elementor-section elementor-top-section elementor-element elementor-element-47fa8a3 elementor-section-full_width elementor-section-height-default elementor-section-height-default\" data-id=\"47fa8a3\" data-element_type=\"section\" data-e-type=\"section\">\n\t\t\t\t\t\t<div class=\"elementor-container elementor-column-gap-default\">\n\t\t\t\t\t<div class=\"elementor-column elementor-col-100 elementor-top-column elementor-element elementor-element-8f4e595\" data-id=\"8f4e595\" data-element_type=\"column\" data-e-type=\"column\">\n\t\t\t<div class=\"elementor-widget-wrap elementor-element-populated\">\n\t\t\t\t\t\t<div class=\"elementor-element elementor-element-28ffa3c elementor-widget elementor-widget-heading\" data-id=\"28ffa3c\" data-element_type=\"widget\" data-e-type=\"widget\" data-widget_type=\"heading.default\">\n\t\t\t\t<div class=\"elementor-widget-container\">\n\t\t\t\t\t<h2 class=\"elementor-heading-title elementor-size-default\">Propriedade intelectual e direitos de autor<\/h2>\t\t\t\t<\/div>\n\t\t\t\t<\/div>\n\t\t\t\t\t<\/div>\n\t\t<\/div>\n\t\t\t\t\t<\/div>\n\t\t<\/section>\n\t\t\t\t<section class=\"elementor-section elementor-top-section elementor-element elementor-element-7b08d11 elementor-section-boxed elementor-section-height-default elementor-section-height-default\" data-id=\"7b08d11\" data-element_type=\"section\" data-e-type=\"section\">\n\t\t\t\t\t\t<div class=\"elementor-container elementor-column-gap-default\">\n\t\t\t\t\t<div class=\"elementor-column elementor-col-100 elementor-top-column elementor-element elementor-element-f59013c\" data-id=\"f59013c\" data-element_type=\"column\" data-e-type=\"column\">\n\t\t\t<div class=\"elementor-widget-wrap elementor-element-populated\">\n\t\t\t\t\t\t<div class=\"elementor-element elementor-element-63e24dd elementor-widget elementor-widget-text-editor\" data-id=\"63e24dd\" data-element_type=\"widget\" data-e-type=\"widget\" data-widget_type=\"text-editor.default\">\n\t\t\t\t<div class=\"elementor-widget-container\">\n\t\t\t\t\t\t\t\t\t<p>O site &#8220;L&#8217;Institut Oc\u00e9anographique &#8211; Fondation Albert Ier, Prince de M\u00f3naco&#8221; est\u00e1 protegido pelas disposi\u00e7\u00f5es do C\u00f3digo da Propriedade Intelectual, nomeadamente pelas disposi\u00e7\u00f5es relativas \u00e0 propriedade liter\u00e1ria e art\u00edstica, aos direitos de autor e \u00e0 prote\u00e7\u00e3o das bases de dados.<\/p>\n<p>Estes direitos s\u00e3o propriedade exclusiva de &#8220;L&#8217;Institut Oc\u00e9anographique &#8211; Fondation Albert Ier, Pr\u00edncipe do M\u00f3naco&#8221;.<\/p>\n<p>Os direitos de autor e outros direitos de propriedade relativos ao Conte\u00fado (incluindo, mas n\u00e3o se limitando a, elementos de software, \u00e1udio e v\u00eddeo, textos e fotografias) continuam a ser propriedade exclusiva de &#8220;L&#8217;Institut Oc\u00e9anographique &#8211; Fondation Albert Ier, Prince de M\u00f3naco&#8221; ou seus licenciados. Todos os direitos dentro e no Conte\u00fado n\u00e3o expressamente concedidos s\u00e3o reservados. Salvo indica\u00e7\u00e3o em contr\u00e1rio, o conte\u00fado publicado neste site pode ser reproduzido ou distribu\u00eddo de forma n\u00e3o modificada apenas para uso privado. Qualquer outra utiliza\u00e7\u00e3o do Conte\u00fado, incluindo, mas n\u00e3o se limitando a, qualquer distribui\u00e7\u00e3o, reprodu\u00e7\u00e3o, modifica\u00e7\u00e3o, tradu\u00e7\u00e3o, divulga\u00e7\u00e3o ou transmiss\u00e3o sem o consentimento pr\u00e9vio por escrito de &#8220;L&#8217;Institut Oc\u00e9anographique &#8211; Fondation Albert Ier, Prince de M\u00f3naco&#8221; \u00e9 estritamente proibida.<\/p>\n<p>Todas as marcas, processos e t\u00e9cnicas no site &#8220;L&#8217;Institut Oc\u00e9anographique &#8211; Fondation Albert Ier, Prince de M\u00f3naco&#8221; est\u00e3o protegidas por leis espec\u00edficas e n\u00e3o podem ser copiadas ou utilizadas em nenhuma circunst\u00e2ncia. Todos os direitos de autor ou outro s\u00edmbolo de propriedade devem ser conservados em todas as reprodu\u00e7\u00f5es.<\/p>\n<p>Todos os textos, coment\u00e1rios, trabalhos, ilustra\u00e7\u00f5es e imagens reproduzidos no site &#8220;L&#8217;Institut Oc\u00e9anographique &#8211; Fondation Albert Ier, Prince de M\u00f3naco&#8221; s\u00e3o reservados sob direitos de autor, bem como sob propriedade intelectual e para todo o mundo.<\/p>\n<p>O C\u00f3digo da Propriedade Intelectual autoriza, por um lado, apenas c\u00f3pias ou reprodu\u00e7\u00f5es estritamente reservadas \u00e0 utiliza\u00e7\u00e3o privada do copyist e n\u00e3o destinadas \u00e0 utiliza\u00e7\u00e3o coletiva e, por outro lado, apenas an\u00e1lises e cita\u00e7\u00f5es curtas para fins de exemplo e ilustra\u00e7\u00e3o.<\/p>\n<p>Por conseguinte, qualquer outra utiliza\u00e7\u00e3o do Conte\u00fado, incluindo, mas n\u00e3o se limitando a, qualquer distribui\u00e7\u00e3o, reprodu\u00e7\u00e3o, representa\u00e7\u00e3o, modifica\u00e7\u00e3o, tradu\u00e7\u00e3o, divulga\u00e7\u00e3o ou transmiss\u00e3o sem o consentimento pr\u00e9vio por escrito de &#8220;L&#8217;Institut Oc\u00e9anographique &#8211; Fondation Albert Ier, Pr\u00edncipe do M\u00f3naco&#8221; \u00e9 estritamente proibida sob pena de processo judicial.<\/p>\n<p>O infrator \u00e9 pass\u00edvel de san\u00e7\u00f5es civis e penais e, em particular, das san\u00e7\u00f5es previstas no C\u00f3digo da Propriedade Intelectual.<\/p>\n<p><strong>Cr\u00e9ditos fotogr\u00e1ficos do site &#8220;The Oceangraphic Institute &#8211; Albert I, Prince of M\u00f3naco Foundation&#8221;:<\/strong><\/p>\n<ul>\n<li>\u00a9 M. Dagnino &#8211; Museu Oceanogr\u00e1fico do M\u00f3naco<\/li>\n<li>\u00a9 F. Pacorel &#8211; Mus\u00e9e Oc\u00e9anographique M\u00f3naco<\/li>\n<li>\u00a9 Cyril Henry &#8211; Institut Oc\u00e9anographique Paris<\/li>\n<li>\u00a9 Institut Oc\u00e9anographique Paris<\/li>\n<li>Museu Oceanogr\u00e1fico \u00a9 Do M\u00f3naco<\/li>\n<\/ul>\n<p>\n<strong>Cr\u00e9ditos em v\u00eddeo do site &#8220;The Oceangraphic Institute &#8211; Albert I, Prince of M\u00f3naco Foundation&#8221;:<\/strong><\/p>\n<ul>\n<li>\u00a9 F. Pacorel &#8211; Mus\u00e9e Oc\u00e9anographique M\u00f3naco<\/li>\n<\/ul>\n<p>\n<strong>Cr\u00e9ditos de texto do site &#8220;The Oceangraphic Institute &#8211; Albert I, Prince of M\u00f3naco Foundation&#8221;:<\/strong><\/p>\n<ul>\n<li>\u00a9 F. Stagnaro &#8211; Instituto Oceanogr\u00e1fico<\/li>\n<li>\u00a9 M. Barisice &#8211; Instituto Oceanogr\u00e1fico<\/li>\n<li>\u00a9 A. Willm &#8211; Instituto Oceanogr\u00e1fico<\/li>\n<\/ul>\n\t\t\t\t\t\t\t\t<\/div>\n\t\t\t\t<\/div>\n\t\t\t\t\t<\/div>\n\t\t<\/div>\n\t\t\t\t\t<\/div>\n\t\t<\/section>\n\t\t\t\t<section class=\"elementor-section elementor-top-section elementor-element elementor-element-c8344e2 elementor-section-full_width elementor-section-height-default elementor-section-height-default\" data-id=\"c8344e2\" data-element_type=\"section\" data-e-type=\"section\">\n\t\t\t\t\t\t<div class=\"elementor-container elementor-column-gap-default\">\n\t\t\t\t\t<div class=\"elementor-column elementor-col-100 elementor-top-column elementor-element elementor-element-1114341\" data-id=\"1114341\" data-element_type=\"column\" data-e-type=\"column\">\n\t\t\t<div class=\"elementor-widget-wrap elementor-element-populated\">\n\t\t\t\t\t\t<div class=\"elementor-element elementor-element-4e8b412 elementor-widget elementor-widget-heading\" data-id=\"4e8b412\" data-element_type=\"widget\" data-e-type=\"widget\" data-widget_type=\"heading.default\">\n\t\t\t\t<div class=\"elementor-widget-container\">\n\t\t\t\t\t<h2 class=\"elementor-heading-title elementor-size-default\">Software e downloads<\/h2>\t\t\t\t<\/div>\n\t\t\t\t<\/div>\n\t\t\t\t\t<\/div>\n\t\t<\/div>\n\t\t\t\t\t<\/div>\n\t\t<\/section>\n\t\t\t\t<section class=\"elementor-section elementor-top-section elementor-element elementor-element-3e60c58 elementor-section-boxed elementor-section-height-default elementor-section-height-default\" data-id=\"3e60c58\" data-element_type=\"section\" data-e-type=\"section\">\n\t\t\t\t\t\t<div class=\"elementor-container elementor-column-gap-default\">\n\t\t\t\t\t<div class=\"elementor-column elementor-col-100 elementor-top-column elementor-element elementor-element-13f552a\" data-id=\"13f552a\" data-element_type=\"column\" data-e-type=\"column\">\n\t\t\t<div class=\"elementor-widget-wrap elementor-element-populated\">\n\t\t\t\t\t\t<div class=\"elementor-element elementor-element-cbd94bc elementor-widget elementor-widget-text-editor\" data-id=\"cbd94bc\" data-element_type=\"widget\" data-e-type=\"widget\" data-widget_type=\"text-editor.default\">\n\t\t\t\t<div class=\"elementor-widget-container\">\n\t\t\t\t\t\t\t\t\t<p>O software disponibilizado neste website est\u00e1 sujeito a uma licen\u00e7a sujeita aos termos do contrato de licen\u00e7a aplic\u00e1vel aos mesmos. Salvo disposi\u00e7\u00e3o em contr\u00e1rio no contrato de licen\u00e7a aplic\u00e1vel, o software \u00e9 disponibilizado apenas aos utilizadores finais e qualquer outra c\u00f3pia, reprodu\u00e7\u00e3o ou redistribui\u00e7\u00e3o do software \u00e9 estritamente proibida. Se for caso disso, as garantias de software s\u00f3 ser\u00e3o aplicadas nos termos do contrato de licen\u00e7a aplic\u00e1vel. &#8220;L&#8217;Institut Oc\u00e9anographique &#8211; Fondation Albert Ier, Prince de M\u00f3naco&#8221; n\u00e3o fornece qualquer garantia de qualquer tipo, expressa ou impl\u00edcita, nomeadamente que tal software \u00e9 de qualidade comercializ\u00e1vel, adequado para uma utiliza\u00e7\u00e3o espec\u00edfica ou pode ser usado sem infringir os direitos de terceiros.<\/p>\n\t\t\t\t\t\t\t\t<\/div>\n\t\t\t\t<\/div>\n\t\t\t\t\t<\/div>\n\t\t<\/div>\n\t\t\t\t\t<\/div>\n\t\t<\/section>\n\t\t\t\t<\/div>\n\t\t","protected":false},"excerpt":{"rendered":"<p>cr\u00e9ditos Design do site Pix &amp; AssociadosAvenida Fragonard 16 &#8211; 06100 NiceTelefone: +33 (0)4 93 87 03 19 Propriedade intelectual e direitos de autor O site &#8220;L&#8217;Institut Oc\u00e9anographique &#8211; Fondation Albert Ier, Prince de M\u00f3naco&#8221; est\u00e1 protegido pelas disposi\u00e7\u00f5es do C\u00f3digo da Propriedade Intelectual, nomeadamente pelas disposi\u00e7\u00f5es relativas \u00e0 propriedade liter\u00e1ria e art\u00edstica, aos direitos [&hellip;]<\/p>\n","protected":false},"author":1,"featured_media":0,"parent":0,"menu_order":432,"comment_status":"closed","ping_status":"closed","template":"","meta":{"_acf_changed":false,"footnotes":""},"class_list":["post-30253","page","type-page","status-publish","hentry"],"acf":[],"yoast_head":"<!-- This site is optimized with the Yoast SEO plugin v27.2 - https:\/\/yoast.com\/product\/yoast-seo-wordpress\/ -->\n<title>cr\u00e9ditos - Mus\u00e9e Oc\u00e9anographique de Monaco<\/title>\n<meta name=\"description\" content=\"Consulte as disposi\u00e7\u00f5es do C\u00f3digo da Propriedade Intelectual, nomeadamente as relativas \u00e0 propriedade liter\u00e1ria e art\u00edstica, aos direitos de autor e \u00e0 prote\u00e7\u00e3o das bases de dados.\" \/>\n<meta name=\"robots\" content=\"index, follow, max-snippet:-1, max-image-preview:large, max-video-preview:-1\" \/>\n<link rel=\"canonical\" href=\"https:\/\/musee.oceano.org\/pt-pt\/creditos\/\" \/>\n<meta property=\"og:locale\" content=\"pt_PT\" \/>\n<meta property=\"og:type\" content=\"article\" \/>\n<meta property=\"og:title\" content=\"cr\u00e9ditos - Mus\u00e9e Oc\u00e9anographique de Monaco\" \/>\n<meta property=\"og:description\" content=\"Consulte as disposi\u00e7\u00f5es do C\u00f3digo da Propriedade Intelectual, nomeadamente as relativas \u00e0 propriedade liter\u00e1ria e art\u00edstica, aos direitos de autor e \u00e0 prote\u00e7\u00e3o das bases de dados.\" \/>\n<meta property=\"og:url\" content=\"https:\/\/musee.oceano.org\/pt-pt\/creditos\/\" \/>\n<meta property=\"og:site_name\" content=\"Mus\u00e9e Oc\u00e9anographique de Monaco\" \/>\n<meta property=\"article:modified_time\" content=\"2021-07-07T09:41:11+00:00\" \/>\n<meta name=\"twitter:card\" content=\"summary_large_image\" \/>\n<meta name=\"twitter:label1\" content=\"Tempo estimado de leitura\" \/>\n\t<meta name=\"twitter:data1\" content=\"3 minutos\" \/>\n<script type=\"application\/ld+json\" class=\"yoast-schema-graph\">{\"@context\":\"https:\/\/schema.org\",\"@graph\":[{\"@type\":\"WebPage\",\"@id\":\"https:\/\/musee.oceano.org\/pt-pt\/creditos\/\",\"url\":\"https:\/\/musee.oceano.org\/pt-pt\/creditos\/\",\"name\":\"cr\u00e9ditos - Mus\u00e9e Oc\u00e9anographique de Monaco\",\"isPartOf\":{\"@id\":\"https:\/\/musee.oceano.org\/#website\"},\"datePublished\":\"2021-07-07T09:41:08+00:00\",\"dateModified\":\"2021-07-07T09:41:11+00:00\",\"description\":\"Consulte as disposi\u00e7\u00f5es do C\u00f3digo da Propriedade Intelectual, nomeadamente as relativas \u00e0 propriedade liter\u00e1ria e art\u00edstica, aos direitos de autor e \u00e0 prote\u00e7\u00e3o das bases de dados.\",\"breadcrumb\":{\"@id\":\"https:\/\/musee.oceano.org\/pt-pt\/creditos\/#breadcrumb\"},\"inLanguage\":\"pt-PT\",\"potentialAction\":[{\"@type\":\"ReadAction\",\"target\":[\"https:\/\/musee.oceano.org\/pt-pt\/creditos\/\"]}]},{\"@type\":\"BreadcrumbList\",\"@id\":\"https:\/\/musee.oceano.org\/pt-pt\/creditos\/#breadcrumb\",\"itemListElement\":[{\"@type\":\"ListItem\",\"position\":1,\"name\":\"Home\",\"item\":\"https:\/\/musee.oceano.org\/pt-pt\/\"},{\"@type\":\"ListItem\",\"position\":2,\"name\":\"cr\u00e9ditos\"}]},{\"@type\":\"WebSite\",\"@id\":\"https:\/\/musee.oceano.org\/#website\",\"url\":\"https:\/\/musee.oceano.org\/\",\"name\":\"Mus\u00e9e Oc\u00e9anographique de Monaco\",\"description\":\"Faire conna\u00eetre, aimer et prot\u00e9ger les oc\u00e9ans\",\"potentialAction\":[{\"@type\":\"SearchAction\",\"target\":{\"@type\":\"EntryPoint\",\"urlTemplate\":\"https:\/\/musee.oceano.org\/?s={search_term_string}\"},\"query-input\":{\"@type\":\"PropertyValueSpecification\",\"valueRequired\":true,\"valueName\":\"search_term_string\"}}],\"inLanguage\":\"pt-PT\"}]}<\/script>\n<!-- \/ Yoast SEO plugin. -->","yoast_head_json":{"title":"cr\u00e9ditos - Mus\u00e9e Oc\u00e9anographique de Monaco","description":"Consulte as disposi\u00e7\u00f5es do C\u00f3digo da Propriedade Intelectual, nomeadamente as relativas \u00e0 propriedade liter\u00e1ria e art\u00edstica, aos direitos de autor e \u00e0 prote\u00e7\u00e3o das bases de dados.","robots":{"index":"index","follow":"follow","max-snippet":"max-snippet:-1","max-image-preview":"max-image-preview:large","max-video-preview":"max-video-preview:-1"},"canonical":"https:\/\/musee.oceano.org\/pt-pt\/creditos\/","og_locale":"pt_PT","og_type":"article","og_title":"cr\u00e9ditos - Mus\u00e9e Oc\u00e9anographique de Monaco","og_description":"Consulte as disposi\u00e7\u00f5es do C\u00f3digo da Propriedade Intelectual, nomeadamente as relativas \u00e0 propriedade liter\u00e1ria e art\u00edstica, aos direitos de autor e \u00e0 prote\u00e7\u00e3o das bases de dados.","og_url":"https:\/\/musee.oceano.org\/pt-pt\/creditos\/","og_site_name":"Mus\u00e9e Oc\u00e9anographique de Monaco","article_modified_time":"2021-07-07T09:41:11+00:00","twitter_card":"summary_large_image","twitter_misc":{"Tempo estimado de leitura":"3 minutos"},"schema":{"@context":"https:\/\/schema.org","@graph":[{"@type":"WebPage","@id":"https:\/\/musee.oceano.org\/pt-pt\/creditos\/","url":"https:\/\/musee.oceano.org\/pt-pt\/creditos\/","name":"cr\u00e9ditos - Mus\u00e9e Oc\u00e9anographique de Monaco","isPartOf":{"@id":"https:\/\/musee.oceano.org\/#website"},"datePublished":"2021-07-07T09:41:08+00:00","dateModified":"2021-07-07T09:41:11+00:00","description":"Consulte as disposi\u00e7\u00f5es do C\u00f3digo da Propriedade Intelectual, nomeadamente as relativas \u00e0 propriedade liter\u00e1ria e art\u00edstica, aos direitos de autor e \u00e0 prote\u00e7\u00e3o das bases de dados.","breadcrumb":{"@id":"https:\/\/musee.oceano.org\/pt-pt\/creditos\/#breadcrumb"},"inLanguage":"pt-PT","potentialAction":[{"@type":"ReadAction","target":["https:\/\/musee.oceano.org\/pt-pt\/creditos\/"]}]},{"@type":"BreadcrumbList","@id":"https:\/\/musee.oceano.org\/pt-pt\/creditos\/#breadcrumb","itemListElement":[{"@type":"ListItem","position":1,"name":"Home","item":"https:\/\/musee.oceano.org\/pt-pt\/"},{"@type":"ListItem","position":2,"name":"cr\u00e9ditos"}]},{"@type":"WebSite","@id":"https:\/\/musee.oceano.org\/#website","url":"https:\/\/musee.oceano.org\/","name":"Mus\u00e9e Oc\u00e9anographique de Monaco","description":"Faire conna\u00eetre, aimer et prot\u00e9ger les oc\u00e9ans","potentialAction":[{"@type":"SearchAction","target":{"@type":"EntryPoint","urlTemplate":"https:\/\/musee.oceano.org\/?s={search_term_string}"},"query-input":{"@type":"PropertyValueSpecification","valueRequired":true,"valueName":"search_term_string"}}],"inLanguage":"pt-PT"}]}},"_links":{"self":[{"href":"https:\/\/musee.oceano.org\/pt-pt\/wp-json\/wp\/v2\/pages\/30253","targetHints":{"allow":["GET"]}}],"collection":[{"href":"https:\/\/musee.oceano.org\/pt-pt\/wp-json\/wp\/v2\/pages"}],"about":[{"href":"https:\/\/musee.oceano.org\/pt-pt\/wp-json\/wp\/v2\/types\/page"}],"author":[{"embeddable":true,"href":"https:\/\/musee.oceano.org\/pt-pt\/wp-json\/wp\/v2\/users\/1"}],"replies":[{"embeddable":true,"href":"https:\/\/musee.oceano.org\/pt-pt\/wp-json\/wp\/v2\/comments?post=30253"}],"version-history":[{"count":3,"href":"https:\/\/musee.oceano.org\/pt-pt\/wp-json\/wp\/v2\/pages\/30253\/revisions"}],"predecessor-version":[{"id":30257,"href":"https:\/\/musee.oceano.org\/pt-pt\/wp-json\/wp\/v2\/pages\/30253\/revisions\/30257"}],"wp:attachment":[{"href":"https:\/\/musee.oceano.org\/pt-pt\/wp-json\/wp\/v2\/media?parent=30253"}],"curies":[{"name":"wp","href":"https:\/\/api.w.org\/{rel}","templated":true}]}}