{"id":30335,"date":"2021-07-07T11:45:16","date_gmt":"2021-07-07T09:45:16","guid":{"rendered":"https:\/\/musee.oceano.org\/mapa-do-museu-oceanografico-do-monaco\/"},"modified":"2021-07-07T11:45:16","modified_gmt":"2021-07-07T09:45:16","slug":"mapa-do-museu-oceanografico-do-monaco","status":"publish","type":"page","link":"https:\/\/musee.oceano.org\/pt-pt\/mapa-do-museu-oceanografico-do-monaco\/","title":{"rendered":"Mapa do Museu Oceanogr\u00e1fico do M\u00f3naco"},"content":{"rendered":"\t\t<div data-elementor-type=\"wp-post\" data-elementor-id=\"30335\" class=\"elementor elementor-30335 elementor-18903\" data-elementor-post-type=\"page\">\n\t\t\t\t\t\t<section class=\"elementor-section elementor-top-section elementor-element elementor-element-f12ac1f elementor-section-full_width elementor-section-height-default elementor-section-height-default\" data-id=\"f12ac1f\" data-element_type=\"section\" data-e-type=\"section\">\n\t\t\t\t\t\t<div class=\"elementor-container elementor-column-gap-no\">\n\t\t\t\t\t<div class=\"elementor-column elementor-col-100 elementor-top-column elementor-element elementor-element-6997c8b6\" data-id=\"6997c8b6\" data-element_type=\"column\" data-e-type=\"column\">\n\t\t\t<div class=\"elementor-widget-wrap elementor-element-populated\">\n\t\t\t\t\t\t<div class=\"elementor-element elementor-element-82f20c7 elementor-widget elementor-widget-spacer\" data-id=\"82f20c7\" data-element_type=\"widget\" data-e-type=\"widget\" data-widget_type=\"spacer.default\">\n\t\t\t\t<div class=\"elementor-widget-container\">\n\t\t\t\t\t\t\t<div class=\"elementor-spacer\">\n\t\t\t<div class=\"elementor-spacer-inner\"><\/div>\n\t\t<\/div>\n\t\t\t\t\t\t<\/div>\n\t\t\t\t<\/div>\n\t\t\t\t\t<\/div>\n\t\t<\/div>\n\t\t\t\t\t<\/div>\n\t\t<\/section>\n\t\t\t\t<section class=\"elementor-section elementor-top-section elementor-element elementor-element-23131c94 elementor-section-content-middle elementor-section-boxed elementor-section-height-default elementor-section-height-default\" data-id=\"23131c94\" data-element_type=\"section\" data-e-type=\"section\">\n\t\t\t\t\t\t<div class=\"elementor-container elementor-column-gap-no\">\n\t\t\t\t\t<div class=\"elementor-column elementor-col-100 elementor-top-column elementor-element elementor-element-351e39de\" data-id=\"351e39de\" data-element_type=\"column\" data-e-type=\"column\">\n\t\t\t<div class=\"elementor-widget-wrap elementor-element-populated\">\n\t\t\t\t\t\t<div class=\"elementor-element elementor-element-37f933c2 elementor-widget elementor-widget-heading\" data-id=\"37f933c2\" data-element_type=\"widget\" data-e-type=\"widget\" data-widget_type=\"heading.default\">\n\t\t\t\t<div class=\"elementor-widget-container\">\n\t\t\t\t\t<h4 class=\"elementor-heading-title elementor-size-default\">Mapa do Museu<\/h4>\t\t\t\t<\/div>\n\t\t\t\t<\/div>\n\t\t\t\t<div class=\"elementor-element elementor-element-c448559 elementor-widget elementor-widget-image\" data-id=\"c448559\" data-element_type=\"widget\" data-e-type=\"widget\" data-widget_type=\"image.default\">\n\t\t\t\t<div class=\"elementor-widget-container\">\n\t\t\t\t\t\t\t\t\t\t\t\t\t\t\t\t<a href=\"https:\/\/musee.oceano.org\/wp-content\/uploads\/sites\/2\/2019\/08\/general.png\" data-elementor-open-lightbox=\"yes\" data-elementor-lightbox-title=\"general\" data-e-action-hash=\"#elementor-action%3Aaction%3Dlightbox%26settings%3DeyJpZCI6MjUwNTcsInVybCI6Imh0dHBzOlwvXC9tdXNlZS5vY2Vhbm8ub3JnXC93cC1jb250ZW50XC91cGxvYWRzXC9zaXRlc1wvMlwvMjAxOVwvMDhcL2dlbmVyYWwucG5nIn0%3D\">\n\t\t\t\t\t\t\t<img fetchpriority=\"high\" decoding=\"async\" width=\"881\" height=\"1024\" src=\"https:\/\/musee.oceano.org\/wp-content\/uploads\/sites\/2\/2019\/08\/general-881x1024.png\" class=\"attachment-large size-large wp-image-25057\" alt=\"\" srcset=\"https:\/\/musee.oceano.org\/wp-content\/uploads\/sites\/2\/2019\/08\/general-881x1024.png 881w, https:\/\/musee.oceano.org\/wp-content\/uploads\/sites\/2\/2019\/08\/general-258x300.png 258w, https:\/\/musee.oceano.org\/wp-content\/uploads\/sites\/2\/2019\/08\/general-768x893.png 768w\" sizes=\"(max-width: 881px) 100vw, 881px\" \/>\t\t\t\t\t\t\t\t<\/a>\n\t\t\t\t\t\t\t\t\t\t\t\t\t\t\t<\/div>\n\t\t\t\t<\/div>\n\t\t\t\t<div class=\"elementor-element elementor-element-177c4e6 elementor-align-center elementor-widget elementor-widget-button\" data-id=\"177c4e6\" data-element_type=\"widget\" data-e-type=\"widget\" data-widget_type=\"button.default\">\n\t\t\t\t<div class=\"elementor-widget-container\">\n\t\t\t\t\t\t\t\t\t<div class=\"elementor-button-wrapper\">\n\t\t\t\t\t<a class=\"elementor-button elementor-button-link elementor-size-lg\" href=\"https:\/\/musee.oceano.org\/wp-content\/uploads\/sites\/2\/2019\/07\/GENERAL.png\">\n\t\t\t\t\t\t<span class=\"elementor-button-content-wrapper\">\n\t\t\t\t\t\t\t\t\t<span class=\"elementor-button-text\">Descarregue o plano completo<\/span>\n\t\t\t\t\t<\/span>\n\t\t\t\t\t<\/a>\n\t\t\t\t<\/div>\n\t\t\t\t\t\t\t\t<\/div>\n\t\t\t\t<\/div>\n\t\t\t\t\t<\/div>\n\t\t<\/div>\n\t\t\t\t\t<\/div>\n\t\t<\/section>\n\t\t\t\t<section class=\"elementor-section elementor-top-section elementor-element elementor-element-e517dfb elementor-section-boxed elementor-section-height-default elementor-section-height-default\" data-id=\"e517dfb\" data-element_type=\"section\" data-e-type=\"section\">\n\t\t\t\t\t\t<div class=\"elementor-container elementor-column-gap-default\">\n\t\t\t\t\t<div class=\"elementor-column elementor-col-100 elementor-top-column elementor-element elementor-element-a252b9f\" data-id=\"a252b9f\" data-element_type=\"column\" data-e-type=\"column\">\n\t\t\t<div class=\"elementor-widget-wrap elementor-element-populated\">\n\t\t\t\t\t\t<div class=\"elementor-element elementor-element-ae8f378 elementor-widget elementor-widget-heading\" data-id=\"ae8f378\" data-element_type=\"widget\" data-e-type=\"widget\" data-widget_type=\"heading.default\">\n\t\t\t\t<div class=\"elementor-widget-container\">\n\t\t\t\t\t<h2 class=\"elementor-heading-title elementor-size-default\">Entrada - R\u00e9s-do-ch\u00e3o, sala de confer\u00eancias, loja, sa\u00edda<\/h2>\t\t\t\t<\/div>\n\t\t\t\t<\/div>\n\t\t\t\t<div class=\"elementor-element elementor-element-af0347d elementor-widget elementor-widget-image\" data-id=\"af0347d\" data-element_type=\"widget\" data-e-type=\"widget\" data-widget_type=\"image.default\">\n\t\t\t\t<div class=\"elementor-widget-container\">\n\t\t\t\t\t\t\t\t\t\t\t\t\t\t\t\t<a href=\"https:\/\/musee.oceano.org\/wp-content\/uploads\/sites\/2\/2019\/07\/RdC.png\" data-elementor-open-lightbox=\"yes\" data-elementor-lightbox-title=\"Plan Mus\u00e9e oc\u00e9anographique - Rez-de-chauss\u00e9e - Plan Mus\u00e9e oc\u00e9anographique - Rez-de-chauss\u00e9e - Rez-de-chauss\u00e9e et entr\u00e9e\" data-elementor-lightbox-description=\"Plan Mus\u00e9e oc\u00e9anographique - Rez-de-chauss\u00e9e - Plan Mus\u00e9e oc\u00e9anographique - Rez-de-chauss\u00e9e - Rez-de-chauss\u00e9e et entr\u00e9e\" data-e-action-hash=\"#elementor-action%3Aaction%3Dlightbox%26settings%3DeyJpZCI6MjQ1MjksInVybCI6Imh0dHBzOlwvXC9tdXNlZS5vY2Vhbm8ub3JnXC93cC1jb250ZW50XC91cGxvYWRzXC9zaXRlc1wvMlwvMjAxOVwvMDdcL1JkQy5wbmcifQ%3D%3D\">\n\t\t\t\t\t\t\t<img decoding=\"async\" width=\"1024\" height=\"706\" src=\"https:\/\/musee.oceano.org\/wp-content\/uploads\/sites\/2\/2019\/07\/RdC-1024x706.png\" class=\"attachment-large size-large wp-image-24529\" alt=\"\" srcset=\"https:\/\/musee.oceano.org\/wp-content\/uploads\/sites\/2\/2019\/07\/RdC-1024x706.png 1024w, https:\/\/musee.oceano.org\/wp-content\/uploads\/sites\/2\/2019\/07\/RdC-300x207.png 300w, https:\/\/musee.oceano.org\/wp-content\/uploads\/sites\/2\/2019\/07\/RdC-768x529.png 768w, https:\/\/musee.oceano.org\/wp-content\/uploads\/sites\/2\/2019\/07\/RdC.png 1496w\" sizes=\"(max-width: 1024px) 100vw, 1024px\" \/>\t\t\t\t\t\t\t\t<\/a>\n\t\t\t\t\t\t\t\t\t\t\t\t\t\t\t<\/div>\n\t\t\t\t<\/div>\n\t\t\t\t\t<\/div>\n\t\t<\/div>\n\t\t\t\t\t<\/div>\n\t\t<\/section>\n\t\t\t\t<section class=\"elementor-section elementor-top-section elementor-element elementor-element-912aa96 elementor-section-boxed elementor-section-height-default elementor-section-height-default\" data-id=\"912aa96\" data-element_type=\"section\" data-e-type=\"section\">\n\t\t\t\t\t\t<div class=\"elementor-container elementor-column-gap-default\">\n\t\t\t\t\t<div class=\"elementor-column elementor-col-50 elementor-top-column elementor-element elementor-element-875bade\" data-id=\"875bade\" data-element_type=\"column\" data-e-type=\"column\">\n\t\t\t<div class=\"elementor-widget-wrap elementor-element-populated\">\n\t\t\t\t\t\t<div class=\"elementor-element elementor-element-75aaceb elementor-widget elementor-widget-image\" data-id=\"75aaceb\" data-element_type=\"widget\" data-e-type=\"widget\" data-widget_type=\"image.default\">\n\t\t\t\t<div class=\"elementor-widget-container\">\n\t\t\t\t\t\t\t\t\t\t\t\t\t\t\t\t<a href=\"https:\/\/musee.oceano.org\/wp-content\/uploads\/sites\/2\/2019\/08\/etage_-1.png\" data-elementor-open-lightbox=\"yes\" data-elementor-lightbox-title=\"etage_-1\" data-e-action-hash=\"#elementor-action%3Aaction%3Dlightbox%26settings%3DeyJpZCI6MjUwNTYsInVybCI6Imh0dHBzOlwvXC9tdXNlZS5vY2Vhbm8ub3JnXC93cC1jb250ZW50XC91cGxvYWRzXC9zaXRlc1wvMlwvMjAxOVwvMDhcL2V0YWdlXy0xLnBuZyJ9\">\n\t\t\t\t\t\t\t<img decoding=\"async\" width=\"1024\" height=\"706\" src=\"https:\/\/musee.oceano.org\/wp-content\/uploads\/sites\/2\/2019\/08\/etage_-1-1024x706.png\" class=\"attachment-large size-large wp-image-25056\" alt=\"\" srcset=\"https:\/\/musee.oceano.org\/wp-content\/uploads\/sites\/2\/2019\/08\/etage_-1-1024x706.png 1024w, https:\/\/musee.oceano.org\/wp-content\/uploads\/sites\/2\/2019\/08\/etage_-1-300x207.png 300w, https:\/\/musee.oceano.org\/wp-content\/uploads\/sites\/2\/2019\/08\/etage_-1-768x529.png 768w, https:\/\/musee.oceano.org\/wp-content\/uploads\/sites\/2\/2019\/08\/etage_-1.png 1496w\" sizes=\"(max-width: 1024px) 100vw, 1024px\" \/>\t\t\t\t\t\t\t\t<\/a>\n\t\t\t\t\t\t\t\t\t\t\t\t\t\t\t<\/div>\n\t\t\t\t<\/div>\n\t\t\t\t\t<\/div>\n\t\t<\/div>\n\t\t\t\t<div class=\"elementor-column elementor-col-50 elementor-top-column elementor-element elementor-element-bee51b5\" data-id=\"bee51b5\" data-element_type=\"column\" data-e-type=\"column\">\n\t\t\t<div class=\"elementor-widget-wrap elementor-element-populated\">\n\t\t\t\t\t\t<div class=\"elementor-element elementor-element-11be731 elementor-widget elementor-widget-image\" data-id=\"11be731\" data-element_type=\"widget\" data-e-type=\"widget\" data-widget_type=\"image.default\">\n\t\t\t\t<div class=\"elementor-widget-container\">\n\t\t\t\t\t\t\t\t\t\t\t\t\t\t\t\t<a href=\"https:\/\/musee.oceano.org\/wp-content\/uploads\/sites\/2\/2019\/02\/etage_-2_odyssee.png\" data-elementor-open-lightbox=\"yes\" data-elementor-lightbox-title=\"etage_-2_odyssee\" data-e-action-hash=\"#elementor-action%3Aaction%3Dlightbox%26settings%3DeyJpZCI6MTA2ODIsInVybCI6Imh0dHBzOlwvXC9tdXNlZS5vY2Vhbm8ub3JnXC93cC1jb250ZW50XC91cGxvYWRzXC9zaXRlc1wvMlwvMjAxOVwvMDJcL2V0YWdlXy0yX29keXNzZWUucG5nIn0%3D\">\n\t\t\t\t\t\t\t<img loading=\"lazy\" decoding=\"async\" width=\"1024\" height=\"427\" src=\"https:\/\/musee.oceano.org\/wp-content\/uploads\/sites\/2\/2019\/02\/etage_-2_odyssee-1024x427.png\" class=\"attachment-large size-large wp-image-10682\" alt=\"\" srcset=\"https:\/\/musee.oceano.org\/wp-content\/uploads\/sites\/2\/2019\/02\/etage_-2_odyssee-1024x427.png 1024w, https:\/\/musee.oceano.org\/wp-content\/uploads\/sites\/2\/2019\/02\/etage_-2_odyssee-300x125.png 300w, https:\/\/musee.oceano.org\/wp-content\/uploads\/sites\/2\/2019\/02\/etage_-2_odyssee-768x321.png 768w, https:\/\/musee.oceano.org\/wp-content\/uploads\/sites\/2\/2019\/02\/etage_-2_odyssee-1536x641.png 1536w, https:\/\/musee.oceano.org\/wp-content\/uploads\/sites\/2\/2019\/02\/etage_-2_odyssee.png 1816w\" sizes=\"(max-width: 1024px) 100vw, 1024px\" \/>\t\t\t\t\t\t\t\t<\/a>\n\t\t\t\t\t\t\t\t\t\t\t\t\t\t\t<\/div>\n\t\t\t\t<\/div>\n\t\t\t\t\t<\/div>\n\t\t<\/div>\n\t\t\t\t\t<\/div>\n\t\t<\/section>\n\t\t\t\t<section class=\"elementor-section elementor-top-section elementor-element elementor-element-0c1effa elementor-section-boxed elementor-section-height-default elementor-section-height-default\" data-id=\"0c1effa\" data-element_type=\"section\" data-e-type=\"section\">\n\t\t\t\t\t\t<div class=\"elementor-container elementor-column-gap-default\">\n\t\t\t\t\t<div class=\"elementor-column elementor-col-100 elementor-top-column elementor-element elementor-element-e3c7d0e\" data-id=\"e3c7d0e\" data-element_type=\"column\" data-e-type=\"column\">\n\t\t\t<div class=\"elementor-widget-wrap elementor-element-populated\">\n\t\t\t\t\t\t<div class=\"elementor-element elementor-element-11e061f elementor-widget elementor-widget-heading\" data-id=\"11e061f\" data-element_type=\"widget\" data-e-type=\"widget\" data-widget_type=\"heading.default\">\n\t\t\t\t<div class=\"elementor-widget-container\">\n\t\t\t\t\t<h2 class=\"elementor-heading-title elementor-size-default\">1\u00ba andar: salas de exposi\u00e7\u00e3o, M\u00f3naco e o Oceano, Sala das Baleias, Oceanomania...<\/h2>\t\t\t\t<\/div>\n\t\t\t\t<\/div>\n\t\t\t\t<div class=\"elementor-element elementor-element-34c5358 elementor-widget elementor-widget-image\" data-id=\"34c5358\" data-element_type=\"widget\" data-e-type=\"widget\" data-widget_type=\"image.default\">\n\t\t\t\t<div class=\"elementor-widget-container\">\n\t\t\t\t\t\t\t\t\t\t\t\t\t\t\t\t<a href=\"https:\/\/musee.oceano.org\/wp-content\/uploads\/sites\/2\/2019\/07\/1er-\u00e9tage.png\" data-elementor-open-lightbox=\"yes\" data-elementor-lightbox-title=\"Plan Mus\u00e9e oc\u00e9anographique - Rez-de-chauss\u00e9e - Plan Mus\u00e9e oc\u00e9anographique - Rez-de-chauss\u00e9e - Etage-1\" data-elementor-lightbox-description=\"Plan Mus\u00e9e oc\u00e9anographique - Rez-de-chauss\u00e9e - Plan Mus\u00e9e oc\u00e9anographique - Rez-de-chauss\u00e9e - Etage-1\" data-e-action-hash=\"#elementor-action%3Aaction%3Dlightbox%26settings%3DeyJpZCI6MjQ1MzEsInVybCI6Imh0dHBzOlwvXC9tdXNlZS5vY2Vhbm8ub3JnXC93cC1jb250ZW50XC91cGxvYWRzXC9zaXRlc1wvMlwvMjAxOVwvMDdcLzFlci1cdTAwZTl0YWdlLnBuZyJ9\">\n\t\t\t\t\t\t\t<img loading=\"lazy\" decoding=\"async\" width=\"1024\" height=\"705\" src=\"https:\/\/musee.oceano.org\/wp-content\/uploads\/sites\/2\/2019\/07\/1er-\u00e9tage-1024x705.png\" class=\"attachment-large size-large wp-image-24531\" alt=\"\" srcset=\"https:\/\/musee.oceano.org\/wp-content\/uploads\/sites\/2\/2019\/07\/1er-\u00e9tage-1024x705.png 1024w, https:\/\/musee.oceano.org\/wp-content\/uploads\/sites\/2\/2019\/07\/1er-\u00e9tage-300x207.png 300w, https:\/\/musee.oceano.org\/wp-content\/uploads\/sites\/2\/2019\/07\/1er-\u00e9tage-768x529.png 768w, https:\/\/musee.oceano.org\/wp-content\/uploads\/sites\/2\/2019\/07\/1er-\u00e9tage.png 1496w\" sizes=\"(max-width: 1024px) 100vw, 1024px\" \/>\t\t\t\t\t\t\t\t<\/a>\n\t\t\t\t\t\t\t\t\t\t\t\t\t\t\t<\/div>\n\t\t\t\t<\/div>\n\t\t\t\t\t<\/div>\n\t\t<\/div>\n\t\t\t\t\t<\/div>\n\t\t<\/section>\n\t\t\t\t<section class=\"elementor-section elementor-top-section elementor-element elementor-element-1a2f305 elementor-section-boxed elementor-section-height-default elementor-section-height-default\" data-id=\"1a2f305\" data-element_type=\"section\" data-e-type=\"section\">\n\t\t\t\t\t\t<div class=\"elementor-container elementor-column-gap-default\">\n\t\t\t\t\t<div class=\"elementor-column elementor-col-100 elementor-top-column elementor-element elementor-element-2090d26\" data-id=\"2090d26\" data-element_type=\"column\" data-e-type=\"column\">\n\t\t\t<div class=\"elementor-widget-wrap elementor-element-populated\">\n\t\t\t\t\t\t<div class=\"elementor-element elementor-element-0b86c06 elementor-widget elementor-widget-heading\" data-id=\"0b86c06\" data-element_type=\"widget\" data-e-type=\"widget\" data-widget_type=\"heading.default\">\n\t\t\t\t<div class=\"elementor-widget-container\">\n\t\t\t\t\t<h2 class=\"elementor-heading-title elementor-size-default\">Terra\u00e7o, restaurante, jogos infantis, ilha das tartarugas...<\/h2>\t\t\t\t<\/div>\n\t\t\t\t<\/div>\n\t\t\t\t<div class=\"elementor-element elementor-element-a3bbfd1 elementor-widget elementor-widget-image\" data-id=\"a3bbfd1\" data-element_type=\"widget\" data-e-type=\"widget\" data-widget_type=\"image.default\">\n\t\t\t\t<div class=\"elementor-widget-container\">\n\t\t\t\t\t\t\t\t\t\t\t\t\t\t\t\t<a href=\"https:\/\/musee.oceano.org\/wp-content\/uploads\/sites\/2\/2019\/07\/Terrasse.png\" data-elementor-open-lightbox=\"yes\" data-elementor-lightbox-title=\"Plan Mus\u00e9e oc\u00e9anographique - Rez-de-chauss\u00e9e - Plan Mus\u00e9e oc\u00e9anographique - Rez-de-chauss\u00e9e - Terrasse panoramique\" data-elementor-lightbox-description=\"Plan Mus\u00e9e oc\u00e9anographique - Rez-de-chauss\u00e9e - Plan Mus\u00e9e oc\u00e9anographique - Rez-de-chauss\u00e9e - Terrasse panoramique\" data-e-action-hash=\"#elementor-action%3Aaction%3Dlightbox%26settings%3DeyJpZCI6MjQ1MzAsInVybCI6Imh0dHBzOlwvXC9tdXNlZS5vY2Vhbm8ub3JnXC93cC1jb250ZW50XC91cGxvYWRzXC9zaXRlc1wvMlwvMjAxOVwvMDdcL1RlcnJhc3NlLnBuZyJ9\">\n\t\t\t\t\t\t\t<img loading=\"lazy\" decoding=\"async\" width=\"1024\" height=\"706\" src=\"https:\/\/musee.oceano.org\/wp-content\/uploads\/sites\/2\/2019\/07\/Terrasse-1024x706.png\" class=\"attachment-large size-large wp-image-24530\" alt=\"\" srcset=\"https:\/\/musee.oceano.org\/wp-content\/uploads\/sites\/2\/2019\/07\/Terrasse-1024x706.png 1024w, https:\/\/musee.oceano.org\/wp-content\/uploads\/sites\/2\/2019\/07\/Terrasse-300x207.png 300w, https:\/\/musee.oceano.org\/wp-content\/uploads\/sites\/2\/2019\/07\/Terrasse-768x529.png 768w, https:\/\/musee.oceano.org\/wp-content\/uploads\/sites\/2\/2019\/07\/Terrasse.png 1496w\" sizes=\"(max-width: 1024px) 100vw, 1024px\" \/>\t\t\t\t\t\t\t\t<\/a>\n\t\t\t\t\t\t\t\t\t\t\t\t\t\t\t<\/div>\n\t\t\t\t<\/div>\n\t\t\t\t\t<\/div>\n\t\t<\/div>\n\t\t\t\t\t<\/div>\n\t\t<\/section>\n\t\t\t\t<\/div>\n\t\t","protected":false},"excerpt":{"rendered":"<p>Plan du Mus\u00e9e T\u00e9l\u00e9chargez le plan int\u00e9gral Entr\u00e9e &#8211; Rez-de &#8211; chauss\u00e9e, salle de conf\u00e9rences, boutique, sortie 1er \u00e9tage : salles d&#8217;exposition, Monaco et l&#8217;Oc\u00e9an, Salle de la Baleine, Oc\u00e9anomania&#8230; Terrasse, restaurant, jeux d&#8217;enfants, \u00eele aux tortues&#8230;<\/p>\n","protected":false},"author":2,"featured_media":0,"parent":0,"menu_order":348,"comment_status":"closed","ping_status":"closed","template":"","meta":{"_acf_changed":false,"footnotes":""},"class_list":["post-30335","page","type-page","status-publish","hentry"],"acf":[],"yoast_head":"<!-- This site is optimized with the Yoast SEO plugin v27.2 - https:\/\/yoast.com\/product\/yoast-seo-wordpress\/ -->\n<title>Mapa do Museu Oceanogr\u00e1fico do M\u00f3naco - Mus\u00e9e Oc\u00e9anographique de Monaco<\/title>\n<meta name=\"description\" content=\"Consulte as informa\u00e7\u00f5es pr\u00e1ticas para preparar a sua visita: tarifas, hor\u00e1rios, ofertas adicionais, etc.\" \/>\n<meta name=\"robots\" content=\"index, follow, max-snippet:-1, max-image-preview:large, max-video-preview:-1\" \/>\n<link rel=\"canonical\" href=\"https:\/\/musee.oceano.org\/pt-pt\/mapa-do-museu-oceanografico-do-monaco\/\" \/>\n<meta property=\"og:locale\" content=\"pt_PT\" \/>\n<meta property=\"og:type\" content=\"article\" \/>\n<meta property=\"og:title\" content=\"Mapa do Museu Oceanogr\u00e1fico do M\u00f3naco - Mus\u00e9e Oc\u00e9anographique de Monaco\" \/>\n<meta property=\"og:description\" content=\"Consulte as informa\u00e7\u00f5es pr\u00e1ticas para preparar a sua visita: tarifas, hor\u00e1rios, ofertas adicionais, etc.\" \/>\n<meta property=\"og:url\" content=\"https:\/\/musee.oceano.org\/pt-pt\/mapa-do-museu-oceanografico-do-monaco\/\" \/>\n<meta property=\"og:site_name\" content=\"Mus\u00e9e Oc\u00e9anographique de Monaco\" \/>\n<meta property=\"og:image\" content=\"https:\/\/musee.oceano.org\/wp-content\/uploads\/sites\/2\/2019\/08\/general-881x1024.png\" \/>\n<meta name=\"twitter:card\" content=\"summary_large_image\" \/>\n<script type=\"application\/ld+json\" class=\"yoast-schema-graph\">{\"@context\":\"https:\/\/schema.org\",\"@graph\":[{\"@type\":\"WebPage\",\"@id\":\"https:\/\/musee.oceano.org\/pt-pt\/mapa-do-museu-oceanografico-do-monaco\/\",\"url\":\"https:\/\/musee.oceano.org\/pt-pt\/mapa-do-museu-oceanografico-do-monaco\/\",\"name\":\"Mapa do Museu Oceanogr\u00e1fico do M\u00f3naco - Mus\u00e9e Oc\u00e9anographique de Monaco\",\"isPartOf\":{\"@id\":\"https:\/\/musee.oceano.org\/#website\"},\"primaryImageOfPage\":{\"@id\":\"https:\/\/musee.oceano.org\/pt-pt\/mapa-do-museu-oceanografico-do-monaco\/#primaryimage\"},\"image\":{\"@id\":\"https:\/\/musee.oceano.org\/pt-pt\/mapa-do-museu-oceanografico-do-monaco\/#primaryimage\"},\"thumbnailUrl\":\"https:\/\/musee.oceano.org\/wp-content\/uploads\/sites\/2\/2019\/08\/general-881x1024.png\",\"datePublished\":\"2021-07-07T09:45:16+00:00\",\"description\":\"Consulte as informa\u00e7\u00f5es pr\u00e1ticas para preparar a sua visita: tarifas, hor\u00e1rios, ofertas adicionais, etc.\",\"breadcrumb\":{\"@id\":\"https:\/\/musee.oceano.org\/pt-pt\/mapa-do-museu-oceanografico-do-monaco\/#breadcrumb\"},\"inLanguage\":\"pt-PT\",\"potentialAction\":[{\"@type\":\"ReadAction\",\"target\":[\"https:\/\/musee.oceano.org\/pt-pt\/mapa-do-museu-oceanografico-do-monaco\/\"]}]},{\"@type\":\"ImageObject\",\"inLanguage\":\"pt-PT\",\"@id\":\"https:\/\/musee.oceano.org\/pt-pt\/mapa-do-museu-oceanografico-do-monaco\/#primaryimage\",\"url\":\"https:\/\/musee.oceano.org\/wp-content\/uploads\/sites\/2\/2019\/08\/general-881x1024.png\",\"contentUrl\":\"https:\/\/musee.oceano.org\/wp-content\/uploads\/sites\/2\/2019\/08\/general-881x1024.png\"},{\"@type\":\"BreadcrumbList\",\"@id\":\"https:\/\/musee.oceano.org\/pt-pt\/mapa-do-museu-oceanografico-do-monaco\/#breadcrumb\",\"itemListElement\":[{\"@type\":\"ListItem\",\"position\":1,\"name\":\"Home\",\"item\":\"https:\/\/musee.oceano.org\/pt-pt\/\"},{\"@type\":\"ListItem\",\"position\":2,\"name\":\"Mapa do Museu Oceanogr\u00e1fico do M\u00f3naco\"}]},{\"@type\":\"WebSite\",\"@id\":\"https:\/\/musee.oceano.org\/#website\",\"url\":\"https:\/\/musee.oceano.org\/\",\"name\":\"Mus\u00e9e Oc\u00e9anographique de Monaco\",\"description\":\"Faire conna\u00eetre, aimer et prot\u00e9ger les oc\u00e9ans\",\"potentialAction\":[{\"@type\":\"SearchAction\",\"target\":{\"@type\":\"EntryPoint\",\"urlTemplate\":\"https:\/\/musee.oceano.org\/?s={search_term_string}\"},\"query-input\":{\"@type\":\"PropertyValueSpecification\",\"valueRequired\":true,\"valueName\":\"search_term_string\"}}],\"inLanguage\":\"pt-PT\"}]}<\/script>\n<!-- \/ Yoast SEO plugin. -->","yoast_head_json":{"title":"Mapa do Museu Oceanogr\u00e1fico do M\u00f3naco - Mus\u00e9e Oc\u00e9anographique de Monaco","description":"Consulte as informa\u00e7\u00f5es pr\u00e1ticas para preparar a sua visita: tarifas, hor\u00e1rios, ofertas adicionais, etc.","robots":{"index":"index","follow":"follow","max-snippet":"max-snippet:-1","max-image-preview":"max-image-preview:large","max-video-preview":"max-video-preview:-1"},"canonical":"https:\/\/musee.oceano.org\/pt-pt\/mapa-do-museu-oceanografico-do-monaco\/","og_locale":"pt_PT","og_type":"article","og_title":"Mapa do Museu Oceanogr\u00e1fico do M\u00f3naco - Mus\u00e9e Oc\u00e9anographique de Monaco","og_description":"Consulte as informa\u00e7\u00f5es pr\u00e1ticas para preparar a sua visita: tarifas, hor\u00e1rios, ofertas adicionais, etc.","og_url":"https:\/\/musee.oceano.org\/pt-pt\/mapa-do-museu-oceanografico-do-monaco\/","og_site_name":"Mus\u00e9e Oc\u00e9anographique de Monaco","og_image":[{"url":"https:\/\/musee.oceano.org\/wp-content\/uploads\/sites\/2\/2019\/08\/general-881x1024.png","type":"","width":"","height":""}],"twitter_card":"summary_large_image","schema":{"@context":"https:\/\/schema.org","@graph":[{"@type":"WebPage","@id":"https:\/\/musee.oceano.org\/pt-pt\/mapa-do-museu-oceanografico-do-monaco\/","url":"https:\/\/musee.oceano.org\/pt-pt\/mapa-do-museu-oceanografico-do-monaco\/","name":"Mapa do Museu Oceanogr\u00e1fico do M\u00f3naco - Mus\u00e9e Oc\u00e9anographique de Monaco","isPartOf":{"@id":"https:\/\/musee.oceano.org\/#website"},"primaryImageOfPage":{"@id":"https:\/\/musee.oceano.org\/pt-pt\/mapa-do-museu-oceanografico-do-monaco\/#primaryimage"},"image":{"@id":"https:\/\/musee.oceano.org\/pt-pt\/mapa-do-museu-oceanografico-do-monaco\/#primaryimage"},"thumbnailUrl":"https:\/\/musee.oceano.org\/wp-content\/uploads\/sites\/2\/2019\/08\/general-881x1024.png","datePublished":"2021-07-07T09:45:16+00:00","description":"Consulte as informa\u00e7\u00f5es pr\u00e1ticas para preparar a sua visita: tarifas, hor\u00e1rios, ofertas adicionais, etc.","breadcrumb":{"@id":"https:\/\/musee.oceano.org\/pt-pt\/mapa-do-museu-oceanografico-do-monaco\/#breadcrumb"},"inLanguage":"pt-PT","potentialAction":[{"@type":"ReadAction","target":["https:\/\/musee.oceano.org\/pt-pt\/mapa-do-museu-oceanografico-do-monaco\/"]}]},{"@type":"ImageObject","inLanguage":"pt-PT","@id":"https:\/\/musee.oceano.org\/pt-pt\/mapa-do-museu-oceanografico-do-monaco\/#primaryimage","url":"https:\/\/musee.oceano.org\/wp-content\/uploads\/sites\/2\/2019\/08\/general-881x1024.png","contentUrl":"https:\/\/musee.oceano.org\/wp-content\/uploads\/sites\/2\/2019\/08\/general-881x1024.png"},{"@type":"BreadcrumbList","@id":"https:\/\/musee.oceano.org\/pt-pt\/mapa-do-museu-oceanografico-do-monaco\/#breadcrumb","itemListElement":[{"@type":"ListItem","position":1,"name":"Home","item":"https:\/\/musee.oceano.org\/pt-pt\/"},{"@type":"ListItem","position":2,"name":"Mapa do Museu Oceanogr\u00e1fico do M\u00f3naco"}]},{"@type":"WebSite","@id":"https:\/\/musee.oceano.org\/#website","url":"https:\/\/musee.oceano.org\/","name":"Mus\u00e9e Oc\u00e9anographique de Monaco","description":"Faire conna\u00eetre, aimer et prot\u00e9ger les oc\u00e9ans","potentialAction":[{"@type":"SearchAction","target":{"@type":"EntryPoint","urlTemplate":"https:\/\/musee.oceano.org\/?s={search_term_string}"},"query-input":{"@type":"PropertyValueSpecification","valueRequired":true,"valueName":"search_term_string"}}],"inLanguage":"pt-PT"}]}},"_links":{"self":[{"href":"https:\/\/musee.oceano.org\/pt-pt\/wp-json\/wp\/v2\/pages\/30335","targetHints":{"allow":["GET"]}}],"collection":[{"href":"https:\/\/musee.oceano.org\/pt-pt\/wp-json\/wp\/v2\/pages"}],"about":[{"href":"https:\/\/musee.oceano.org\/pt-pt\/wp-json\/wp\/v2\/types\/page"}],"author":[{"embeddable":true,"href":"https:\/\/musee.oceano.org\/pt-pt\/wp-json\/wp\/v2\/users\/2"}],"replies":[{"embeddable":true,"href":"https:\/\/musee.oceano.org\/pt-pt\/wp-json\/wp\/v2\/comments?post=30335"}],"version-history":[{"count":2,"href":"https:\/\/musee.oceano.org\/pt-pt\/wp-json\/wp\/v2\/pages\/30335\/revisions"}],"predecessor-version":[{"id":30337,"href":"https:\/\/musee.oceano.org\/pt-pt\/wp-json\/wp\/v2\/pages\/30335\/revisions\/30337"}],"wp:attachment":[{"href":"https:\/\/musee.oceano.org\/pt-pt\/wp-json\/wp\/v2\/media?parent=30335"}],"curies":[{"name":"wp","href":"https:\/\/api.w.org\/{rel}","templated":true}]}}