{"id":41150,"date":"2022-05-17T14:46:28","date_gmt":"2022-05-17T12:46:28","guid":{"rendered":"https:\/\/musee.oceano.org\/la-tribune-de-melanie-laurent\/"},"modified":"2022-05-18T11:13:54","modified_gmt":"2022-05-18T09:13:54","slug":"coluna-de-melanie-laurent","status":"publish","type":"page","link":"https:\/\/musee.oceano.org\/pt-pt\/coluna-de-melanie-laurent\/","title":{"rendered":"Coluna de M\u00e9lanie Laurent"},"content":{"rendered":"\t\t<div data-elementor-type=\"wp-page\" data-elementor-id=\"41150\" class=\"elementor elementor-41150 elementor-40360\" data-elementor-post-type=\"page\">\n\t\t\t\t\t\t<section class=\"elementor-section elementor-top-section elementor-element elementor-element-61429212 elementor-section-full_width elementor-section-height-default elementor-section-height-default\" data-id=\"61429212\" data-element_type=\"section\" data-e-type=\"section\">\n\t\t\t\t\t\t<div class=\"elementor-container elementor-column-gap-no\">\n\t\t\t\t\t<div class=\"elementor-column elementor-col-100 elementor-top-column elementor-element elementor-element-2db2a053\" data-id=\"2db2a053\" data-element_type=\"column\" data-e-type=\"column\">\n\t\t\t<div class=\"elementor-widget-wrap elementor-element-populated\">\n\t\t\t\t\t\t<div class=\"elementor-element elementor-element-309b68cd elementor--h-position-center elementor--v-position-middle elementor-widget elementor-widget-slides\" data-id=\"309b68cd\" data-element_type=\"widget\" data-e-type=\"widget\" data-settings=\"{&quot;navigation&quot;:&quot;none&quot;,&quot;transition&quot;:&quot;slide&quot;,&quot;transition_speed&quot;:500}\" data-widget_type=\"slides.default\">\n\t\t\t\t<div class=\"elementor-widget-container\">\n\t\t\t\t\t\t\t\t\t<div class=\"elementor-swiper\">\n\t\t\t\t\t<div class=\"elementor-slides-wrapper elementor-main-swiper swiper\" role=\"region\" aria-roledescription=\"carousel\" aria-label=\"Slides\" dir=\"ltr\" data-animation=\"fadeInUp\">\n\t\t\t\t<div class=\"swiper-wrapper elementor-slides\">\n\t\t\t\t\t\t\t\t\t\t<div class=\"elementor-repeater-item-8c27ebd swiper-slide\" role=\"group\" aria-roledescription=\"slide\"><div class=\"swiper-slide-bg\" role=\"img\" aria-label=\"wonderful night sky with northern lights over a beach with reflections, lofoten, norway\"><\/div><div class=\"elementor-background-overlay\"><\/div><div class=\"swiper-slide-inner\" ><div class=\"swiper-slide-contents\"><h1 class=\"elementor-slide-heading\">Coluna de <br>M\u00e9lanie Laurent<\/h1><\/div><\/div><\/div>\t\t\t\t<\/div>\n\t\t\t\t\t\t\t<\/div>\n\t\t\t\t<\/div>\n\t\t\t\t\t\t\t\t<\/div>\n\t\t\t\t<\/div>\n\t\t\t\t\t<\/div>\n\t\t<\/div>\n\t\t\t\t\t<\/div>\n\t\t<\/section>\n\t\t\t\t<section class=\"elementor-section elementor-top-section elementor-element elementor-element-6fafe57b elementor-section-full_width elementor-section-height-default elementor-section-height-default\" data-id=\"6fafe57b\" data-element_type=\"section\" data-e-type=\"section\">\n\t\t\t\t\t\t<div class=\"elementor-container elementor-column-gap-default\">\n\t\t\t\t\t<div class=\"elementor-column elementor-col-100 elementor-top-column elementor-element elementor-element-70326701\" data-id=\"70326701\" data-element_type=\"column\" data-e-type=\"column\">\n\t\t\t<div class=\"elementor-widget-wrap elementor-element-populated\">\n\t\t\t\t\t\t<div class=\"elementor-element elementor-element-6817fd58 elementor-widget elementor-widget-ee-breadcrumbs\" data-id=\"6817fd58\" data-element_type=\"widget\" data-e-type=\"widget\" data-widget_type=\"ee-breadcrumbs.default\">\n\t\t\t\t<div class=\"elementor-widget-container\">\n\t\t\t\t\t<ul class=\"ee-breadcrumbs\" itemscope=\"\" itemtype=\"http:\/\/schema.org\/BreadcrumbList\"><\/ul>\t\t\t\t<\/div>\n\t\t\t\t<\/div>\n\t\t\t\t\t<\/div>\n\t\t<\/div>\n\t\t\t\t\t<\/div>\n\t\t<\/section>\n\t\t\t\t<section class=\"elementor-section elementor-top-section elementor-element elementor-element-6f1e895f elementor-section-boxed elementor-section-height-default elementor-section-height-default\" data-id=\"6f1e895f\" data-element_type=\"section\" data-e-type=\"section\">\n\t\t\t\t\t\t<div class=\"elementor-container elementor-column-gap-default\">\n\t\t\t\t\t<div class=\"elementor-column elementor-col-50 elementor-top-column elementor-element elementor-element-609f22e7\" data-id=\"609f22e7\" data-element_type=\"column\" data-e-type=\"column\">\n\t\t\t<div class=\"elementor-widget-wrap elementor-element-populated\">\n\t\t\t\t\t\t<div class=\"elementor-element elementor-element-12d4703f elementor-widget elementor-widget-heading\" data-id=\"12d4703f\" data-element_type=\"widget\" data-e-type=\"widget\" data-widget_type=\"heading.default\">\n\t\t\t\t<div class=\"elementor-widget-container\">\n\t\t\t\t\t<div class=\"elementor-heading-title elementor-size-default\">Coluna de <br> M\u00e9lanie Laurent<\/div>\t\t\t\t<\/div>\n\t\t\t\t<\/div>\n\t\t\t\t\t<\/div>\n\t\t<\/div>\n\t\t\t\t<div class=\"elementor-column elementor-col-50 elementor-top-column elementor-element elementor-element-59efba9d\" data-id=\"59efba9d\" data-element_type=\"column\" data-e-type=\"column\">\n\t\t\t<div class=\"elementor-widget-wrap elementor-element-populated\">\n\t\t\t\t\t\t<div class=\"elementor-element elementor-element-52044381 elementor-widget elementor-widget-text-editor\" data-id=\"52044381\" data-element_type=\"widget\" data-e-type=\"widget\" data-widget_type=\"text-editor.default\">\n\t\t\t\t<div class=\"elementor-widget-container\">\n\t\t\t\t\t\t\t\t\t<em>&#8220;Atrav\u00e9s desta nova exposi\u00e7\u00e3o, cada um de n\u00f3s \u00e9 convidado a tornar-se um observador privilegiado da incr\u00edvel beleza dos mundos polares, mas tamb\u00e9m um testemunho informado de sua grande fragilidade&#8230;&#8221;<\/em>\t\t\t\t\t\t\t\t<\/div>\n\t\t\t\t<\/div>\n\t\t\t\t\t<\/div>\n\t\t<\/div>\n\t\t\t\t\t<\/div>\n\t\t<\/section>\n\t\t\t\t<section class=\"elementor-section elementor-top-section elementor-element elementor-element-d58bc2f elementor-section-boxed elementor-section-height-default elementor-section-height-default\" data-id=\"d58bc2f\" data-element_type=\"section\" data-e-type=\"section\" data-settings=\"{&quot;shape_divider_top&quot;:&quot;pyramids&quot;,&quot;background_background&quot;:&quot;classic&quot;,&quot;shape_divider_top_negative&quot;:&quot;yes&quot;}\">\n\t\t\t\t\t<div class=\"elementor-shape elementor-shape-top\" aria-hidden=\"true\" data-negative=\"true\">\n\t\t\t<svg xmlns=\"http:\/\/www.w3.org\/2000\/svg\" viewBox=\"0 0 1000 100\" preserveAspectRatio=\"none\">\n\t<path class=\"elementor-shape-fill\" d=\"M761.9,40.6L643.1,24L333.9,93.8L0.1,1H0v99h1000V1\"\/>\n<\/svg>\t\t<\/div>\n\t\t\t\t\t<div class=\"elementor-container elementor-column-gap-default\">\n\t\t\t\t\t<div class=\"elementor-column elementor-col-100 elementor-top-column elementor-element elementor-element-b9f2587\" data-id=\"b9f2587\" data-element_type=\"column\" data-e-type=\"column\">\n\t\t\t<div class=\"elementor-widget-wrap elementor-element-populated\">\n\t\t\t\t\t\t<div class=\"elementor-element elementor-element-5d0d9f4 elementor-widget elementor-widget-spacer\" data-id=\"5d0d9f4\" data-element_type=\"widget\" data-e-type=\"widget\" data-widget_type=\"spacer.default\">\n\t\t\t\t<div class=\"elementor-widget-container\">\n\t\t\t\t\t\t\t<div class=\"elementor-spacer\">\n\t\t\t<div class=\"elementor-spacer-inner\"><\/div>\n\t\t<\/div>\n\t\t\t\t\t\t<\/div>\n\t\t\t\t<\/div>\n\t\t\t\t<div class=\"elementor-element elementor-element-66e1a6ad elementor-widget elementor-widget-text-editor\" data-id=\"66e1a6ad\" data-element_type=\"widget\" data-e-type=\"widget\" data-widget_type=\"text-editor.default\">\n\t\t\t\t<div class=\"elementor-widget-container\">\n\t\t\t\t\t\t\t\t\t<img fetchpriority=\"high\" decoding=\"async\" style=\"padding-right: 10px\" src=\"https:\/\/musee.oceano.org\/wp-content\/uploads\/sites\/2\/2022\/05\/Portrait-Me%CC%81lanie-Laurent-3-%C2%A9-Marcel-Hartmann.jpeg\" alt=\"\" width=\"300\" height=\"186\" align=\"left\" \/>\n<p style=\"text-align: justify\"><span style=\"color: #ffffff;font-size: 35px;font-weight: bold;letter-spacing: 0.16px;text-align: left\"><strong>M\u00e9lanie Laurent,<\/strong><\/span><\/p>\n\n<h3 style=\"font-size: 20px;letter-spacing: 0.16px\" data-elementor-setting-key=\"title\" data-pen-placeholder=\"Type Here...\"><span style=\"color: #ffffff\"><strong>Patrono da exposi\u00e7\u00e3o &#8220;Miss\u00e3o Polaire&#8221; <\/strong><\/span><\/h3>\n<p style=\"text-align: justify\"><span style=\"color: #ffffff;font-size: 14px;line-height: 5px\">Para aqueles que v\u00eaem a ecologia como um castigo, eu digo que devemos pensar em termos de solu\u00e7\u00f5es. Tive a sorte de descobrir isso ainda muito jovem, atrav\u00e9s de uma educa\u00e7\u00e3o familiar baseada no bom senso: n\u00e3o desperdi\u00e7ar, comer bem, limitar o desperd\u00edcio&#8230; \u00c9 melhor dar o exemplo do que sentir-se culpado, educar do que ser contrito, agir do que procrastinar. \u00c9 esta vis\u00e3o que eu quero ancorar em meus projetos. <\/span><\/p>\n<p style=\"text-align: justify\"><span style=\"color: #ffffff;font-size: 14px;line-height: 5px\">O Oceano \u00e9 um desafio. Se o alarme tiver sido soado, n\u00e3o podemos deixar que ele nos mantenha em baixo. Alertar as consci\u00eancias das pessoas, sim. Oferecendo-lhes solu\u00e7\u00f5es, ainda melhor! \u00c9 este otimismo esclarecido que compartilho com o Instituto Oceanogr\u00e1fico de M\u00f4naco e estou particularmente orgulhoso e feliz por estar associado \u00e0 sua exposi\u00e7\u00e3o &#8220;MISS\u00c3O POLAR&#8221;, como seu patrono. <\/span><\/p>\n<p style=\"text-align: justify\"><span style=\"color: #ffffff;font-size: 14px;line-height: 5px\">Quando o pr\u00edncipe Albert I criou este instituto h\u00e1 mais de cem anos, ele lhe deu a miss\u00e3o de tornar os oceanos conhecidos, amados e protegidos. Em v\u00e1rias ocasi\u00f5es, este grande explorador vision\u00e1rio foi ao \u00c1rtico, j\u00e1 consciente do papel essencial que os p\u00f3los desempenham no equil\u00edbrio de nosso planeta. Polacos que, como o resto do mundo, est\u00e3o amea\u00e7ados pela mudan\u00e7a clim\u00e1tica, respons\u00e1vel por um perigoso derretimento do gelo, pela polui\u00e7\u00e3o, pela pesca excessiva e pelo desaparecimento de esp\u00e9cies.<\/span><\/p>\n<p style=\"text-align: justify\"><span style=\"color: #ffffff;font-size: 14px;line-height: 5px\">Atrav\u00e9s desta nova exposi\u00e7\u00e3o, cada um de n\u00f3s \u00e9 convidado a se tornar um observador privilegiado da incr\u00edvel beleza dos mundos polares, mas tamb\u00e9m um testemunho informado de sua grande fragilidade. Ao se tornarem verdadeiros rep\u00f3rteres, os visitantes da exposi\u00e7\u00e3o n\u00e3o s\u00f3 poder\u00e3o compreender os mecanismos em a\u00e7\u00e3o nos confins da Terra, mas tamb\u00e9m poder\u00e3o testemunhar e se envolver. Todos n\u00f3s podemos agir em nosso n\u00edvel. Uma responsabilidade individual por uma grande miss\u00e3o coletiva: reencantar o mundo.<\/span><\/p>\t\t\t\t\t\t\t\t<\/div>\n\t\t\t\t<\/div>\n\t\t\t\t<div class=\"elementor-element elementor-element-6658d16 elementor-widget elementor-widget-spacer\" data-id=\"6658d16\" data-element_type=\"widget\" data-e-type=\"widget\" data-widget_type=\"spacer.default\">\n\t\t\t\t<div class=\"elementor-widget-container\">\n\t\t\t\t\t\t\t<div class=\"elementor-spacer\">\n\t\t\t<div class=\"elementor-spacer-inner\"><\/div>\n\t\t<\/div>\n\t\t\t\t\t\t<\/div>\n\t\t\t\t<\/div>\n\t\t\t\t<div class=\"elementor-element elementor-element-5a5e0f7 elementor-align-center elementor-widget elementor-widget-button\" data-id=\"5a5e0f7\" data-element_type=\"widget\" data-e-type=\"widget\" data-widget_type=\"button.default\">\n\t\t\t\t<div class=\"elementor-widget-container\">\n\t\t\t\t\t\t\t\t\t<div class=\"elementor-button-wrapper\">\n\t\t\t\t\t<a class=\"elementor-button elementor-button-link elementor-size-md\" href=\"https:\/\/musee.oceano.org\/pt-pt\/exposicoes\/missao-polaire-a-exposicao-immersion\/\">\n\t\t\t\t\t\t<span class=\"elementor-button-content-wrapper\">\n\t\t\t\t\t\t\t\t\t<span class=\"elementor-button-text\">Descubra a exposi\u00e7\u00e3o \"Mundos Polares\"<\/span>\n\t\t\t\t\t<\/span>\n\t\t\t\t\t<\/a>\n\t\t\t\t<\/div>\n\t\t\t\t\t\t\t\t<\/div>\n\t\t\t\t<\/div>\n\t\t\t\t<div class=\"elementor-element elementor-element-cb06338 elementor-widget elementor-widget-spacer\" data-id=\"cb06338\" data-element_type=\"widget\" data-e-type=\"widget\" data-widget_type=\"spacer.default\">\n\t\t\t\t<div class=\"elementor-widget-container\">\n\t\t\t\t\t\t\t<div class=\"elementor-spacer\">\n\t\t\t<div class=\"elementor-spacer-inner\"><\/div>\n\t\t<\/div>\n\t\t\t\t\t\t<\/div>\n\t\t\t\t<\/div>\n\t\t\t\t\t<\/div>\n\t\t<\/div>\n\t\t\t\t\t<\/div>\n\t\t<\/section>\n\t\t\t\t<\/div>\n\t\t","protected":false},"excerpt":{"rendered":"<p>Coluna de M\u00e9lanie Laurent Coluna de M\u00e9lanie Laurent &#8220;Atrav\u00e9s desta nova exposi\u00e7\u00e3o, cada um de n\u00f3s \u00e9 convidado a tornar-se um observador privilegiado da incr\u00edvel beleza dos mundos polares, mas tamb\u00e9m um testemunho informado de sua grande fragilidade&#8230;&#8221; M\u00e9lanie Laurent, Patrono da exposi\u00e7\u00e3o &#8220;Miss\u00e3o Polaire&#8221; Para aqueles que v\u00eaem a ecologia como um castigo, eu [&hellip;]<\/p>\n","protected":false},"author":32,"featured_media":40366,"parent":0,"menu_order":0,"comment_status":"closed","ping_status":"closed","template":"","meta":{"_acf_changed":false,"footnotes":""},"class_list":["post-41150","page","type-page","status-publish","has-post-thumbnail","hentry"],"acf":[],"yoast_head":"<!-- This site is optimized with the Yoast SEO plugin v27.2 - https:\/\/yoast.com\/product\/yoast-seo-wordpress\/ -->\n<title>Coluna de M\u00e9lanie Laurent - Mus\u00e9e Oc\u00e9anographique de Monaco<\/title>\n<meta name=\"robots\" content=\"index, follow, max-snippet:-1, max-image-preview:large, max-video-preview:-1\" \/>\n<link rel=\"canonical\" href=\"https:\/\/musee.oceano.org\/pt-pt\/coluna-de-melanie-laurent\/\" \/>\n<meta property=\"og:locale\" content=\"pt_PT\" \/>\n<meta property=\"og:type\" content=\"article\" \/>\n<meta property=\"og:title\" content=\"Coluna de M\u00e9lanie Laurent - Mus\u00e9e Oc\u00e9anographique de Monaco\" \/>\n<meta property=\"og:description\" content=\"Coluna de M\u00e9lanie Laurent Coluna de M\u00e9lanie Laurent &#8220;Atrav\u00e9s desta nova exposi\u00e7\u00e3o, cada um de n\u00f3s \u00e9 convidado a tornar-se um observador privilegiado da incr\u00edvel beleza dos mundos polares, mas tamb\u00e9m um testemunho informado de sua grande fragilidade&#8230;&#8221; M\u00e9lanie Laurent, Patrono da exposi\u00e7\u00e3o &#8220;Miss\u00e3o Polaire&#8221; Para aqueles que v\u00eaem a ecologia como um castigo, eu [&hellip;]\" \/>\n<meta property=\"og:url\" content=\"https:\/\/musee.oceano.org\/pt-pt\/coluna-de-melanie-laurent\/\" \/>\n<meta property=\"og:site_name\" content=\"Mus\u00e9e Oc\u00e9anographique de Monaco\" \/>\n<meta property=\"article:modified_time\" content=\"2022-05-18T09:13:54+00:00\" \/>\n<meta property=\"og:image\" content=\"https:\/\/musee.oceano.org\/wp-content\/uploads\/sites\/2\/2022\/05\/Portrait-Me\u0301lanie-Laurent-3-\u00a9-Marcel-Hartmann.jpeg\" \/>\n\t<meta property=\"og:image:width\" content=\"1500\" \/>\n\t<meta property=\"og:image:height\" content=\"2000\" \/>\n\t<meta property=\"og:image:type\" content=\"image\/jpeg\" \/>\n<meta name=\"twitter:card\" content=\"summary_large_image\" \/>\n<meta name=\"twitter:label1\" content=\"Tempo estimado de leitura\" \/>\n\t<meta name=\"twitter:data1\" content=\"3 minutos\" \/>\n<script type=\"application\/ld+json\" class=\"yoast-schema-graph\">{\"@context\":\"https:\/\/schema.org\",\"@graph\":[{\"@type\":\"WebPage\",\"@id\":\"https:\/\/musee.oceano.org\/pt-pt\/coluna-de-melanie-laurent\/\",\"url\":\"https:\/\/musee.oceano.org\/pt-pt\/coluna-de-melanie-laurent\/\",\"name\":\"Coluna de M\u00e9lanie Laurent - Mus\u00e9e Oc\u00e9anographique de Monaco\",\"isPartOf\":{\"@id\":\"https:\/\/musee.oceano.org\/#website\"},\"primaryImageOfPage\":{\"@id\":\"https:\/\/musee.oceano.org\/pt-pt\/coluna-de-melanie-laurent\/#primaryimage\"},\"image\":{\"@id\":\"https:\/\/musee.oceano.org\/pt-pt\/coluna-de-melanie-laurent\/#primaryimage\"},\"thumbnailUrl\":\"https:\/\/musee.oceano.org\/wp-content\/uploads\/sites\/2\/2022\/05\/Portrait-Me\u0301lanie-Laurent-3-\u00a9-Marcel-Hartmann.jpeg\",\"datePublished\":\"2022-05-17T12:46:28+00:00\",\"dateModified\":\"2022-05-18T09:13:54+00:00\",\"breadcrumb\":{\"@id\":\"https:\/\/musee.oceano.org\/pt-pt\/coluna-de-melanie-laurent\/#breadcrumb\"},\"inLanguage\":\"pt-PT\",\"potentialAction\":[{\"@type\":\"ReadAction\",\"target\":[\"https:\/\/musee.oceano.org\/pt-pt\/coluna-de-melanie-laurent\/\"]}]},{\"@type\":\"ImageObject\",\"inLanguage\":\"pt-PT\",\"@id\":\"https:\/\/musee.oceano.org\/pt-pt\/coluna-de-melanie-laurent\/#primaryimage\",\"url\":\"https:\/\/musee.oceano.org\/wp-content\/uploads\/sites\/2\/2022\/05\/Portrait-Me\u0301lanie-Laurent-3-\u00a9-Marcel-Hartmann.jpeg\",\"contentUrl\":\"https:\/\/musee.oceano.org\/wp-content\/uploads\/sites\/2\/2022\/05\/Portrait-Me\u0301lanie-Laurent-3-\u00a9-Marcel-Hartmann.jpeg\",\"width\":1500,\"height\":2000},{\"@type\":\"BreadcrumbList\",\"@id\":\"https:\/\/musee.oceano.org\/pt-pt\/coluna-de-melanie-laurent\/#breadcrumb\",\"itemListElement\":[{\"@type\":\"ListItem\",\"position\":1,\"name\":\"Home\",\"item\":\"https:\/\/musee.oceano.org\/pt-pt\/\"},{\"@type\":\"ListItem\",\"position\":2,\"name\":\"Coluna de M\u00e9lanie Laurent\"}]},{\"@type\":\"WebSite\",\"@id\":\"https:\/\/musee.oceano.org\/#website\",\"url\":\"https:\/\/musee.oceano.org\/\",\"name\":\"Mus\u00e9e Oc\u00e9anographique de Monaco\",\"description\":\"Faire conna\u00eetre, aimer et prot\u00e9ger les oc\u00e9ans\",\"potentialAction\":[{\"@type\":\"SearchAction\",\"target\":{\"@type\":\"EntryPoint\",\"urlTemplate\":\"https:\/\/musee.oceano.org\/?s={search_term_string}\"},\"query-input\":{\"@type\":\"PropertyValueSpecification\",\"valueRequired\":true,\"valueName\":\"search_term_string\"}}],\"inLanguage\":\"pt-PT\"}]}<\/script>\n<!-- \/ Yoast SEO plugin. -->","yoast_head_json":{"title":"Coluna de M\u00e9lanie Laurent - Mus\u00e9e Oc\u00e9anographique de Monaco","robots":{"index":"index","follow":"follow","max-snippet":"max-snippet:-1","max-image-preview":"max-image-preview:large","max-video-preview":"max-video-preview:-1"},"canonical":"https:\/\/musee.oceano.org\/pt-pt\/coluna-de-melanie-laurent\/","og_locale":"pt_PT","og_type":"article","og_title":"Coluna de M\u00e9lanie Laurent - Mus\u00e9e Oc\u00e9anographique de Monaco","og_description":"Coluna de M\u00e9lanie Laurent Coluna de M\u00e9lanie Laurent &#8220;Atrav\u00e9s desta nova exposi\u00e7\u00e3o, cada um de n\u00f3s \u00e9 convidado a tornar-se um observador privilegiado da incr\u00edvel beleza dos mundos polares, mas tamb\u00e9m um testemunho informado de sua grande fragilidade&#8230;&#8221; M\u00e9lanie Laurent, Patrono da exposi\u00e7\u00e3o &#8220;Miss\u00e3o Polaire&#8221; Para aqueles que v\u00eaem a ecologia como um castigo, eu [&hellip;]","og_url":"https:\/\/musee.oceano.org\/pt-pt\/coluna-de-melanie-laurent\/","og_site_name":"Mus\u00e9e Oc\u00e9anographique de Monaco","article_modified_time":"2022-05-18T09:13:54+00:00","og_image":[{"width":1500,"height":2000,"url":"https:\/\/musee.oceano.org\/wp-content\/uploads\/sites\/2\/2022\/05\/Portrait-Me\u0301lanie-Laurent-3-\u00a9-Marcel-Hartmann.jpeg","type":"image\/jpeg"}],"twitter_card":"summary_large_image","twitter_misc":{"Tempo estimado de leitura":"3 minutos"},"schema":{"@context":"https:\/\/schema.org","@graph":[{"@type":"WebPage","@id":"https:\/\/musee.oceano.org\/pt-pt\/coluna-de-melanie-laurent\/","url":"https:\/\/musee.oceano.org\/pt-pt\/coluna-de-melanie-laurent\/","name":"Coluna de M\u00e9lanie Laurent - Mus\u00e9e Oc\u00e9anographique de Monaco","isPartOf":{"@id":"https:\/\/musee.oceano.org\/#website"},"primaryImageOfPage":{"@id":"https:\/\/musee.oceano.org\/pt-pt\/coluna-de-melanie-laurent\/#primaryimage"},"image":{"@id":"https:\/\/musee.oceano.org\/pt-pt\/coluna-de-melanie-laurent\/#primaryimage"},"thumbnailUrl":"https:\/\/musee.oceano.org\/wp-content\/uploads\/sites\/2\/2022\/05\/Portrait-Me\u0301lanie-Laurent-3-\u00a9-Marcel-Hartmann.jpeg","datePublished":"2022-05-17T12:46:28+00:00","dateModified":"2022-05-18T09:13:54+00:00","breadcrumb":{"@id":"https:\/\/musee.oceano.org\/pt-pt\/coluna-de-melanie-laurent\/#breadcrumb"},"inLanguage":"pt-PT","potentialAction":[{"@type":"ReadAction","target":["https:\/\/musee.oceano.org\/pt-pt\/coluna-de-melanie-laurent\/"]}]},{"@type":"ImageObject","inLanguage":"pt-PT","@id":"https:\/\/musee.oceano.org\/pt-pt\/coluna-de-melanie-laurent\/#primaryimage","url":"https:\/\/musee.oceano.org\/wp-content\/uploads\/sites\/2\/2022\/05\/Portrait-Me\u0301lanie-Laurent-3-\u00a9-Marcel-Hartmann.jpeg","contentUrl":"https:\/\/musee.oceano.org\/wp-content\/uploads\/sites\/2\/2022\/05\/Portrait-Me\u0301lanie-Laurent-3-\u00a9-Marcel-Hartmann.jpeg","width":1500,"height":2000},{"@type":"BreadcrumbList","@id":"https:\/\/musee.oceano.org\/pt-pt\/coluna-de-melanie-laurent\/#breadcrumb","itemListElement":[{"@type":"ListItem","position":1,"name":"Home","item":"https:\/\/musee.oceano.org\/pt-pt\/"},{"@type":"ListItem","position":2,"name":"Coluna de M\u00e9lanie Laurent"}]},{"@type":"WebSite","@id":"https:\/\/musee.oceano.org\/#website","url":"https:\/\/musee.oceano.org\/","name":"Mus\u00e9e Oc\u00e9anographique de Monaco","description":"Faire conna\u00eetre, aimer et prot\u00e9ger les oc\u00e9ans","potentialAction":[{"@type":"SearchAction","target":{"@type":"EntryPoint","urlTemplate":"https:\/\/musee.oceano.org\/?s={search_term_string}"},"query-input":{"@type":"PropertyValueSpecification","valueRequired":true,"valueName":"search_term_string"}}],"inLanguage":"pt-PT"}]}},"_links":{"self":[{"href":"https:\/\/musee.oceano.org\/pt-pt\/wp-json\/wp\/v2\/pages\/41150","targetHints":{"allow":["GET"]}}],"collection":[{"href":"https:\/\/musee.oceano.org\/pt-pt\/wp-json\/wp\/v2\/pages"}],"about":[{"href":"https:\/\/musee.oceano.org\/pt-pt\/wp-json\/wp\/v2\/types\/page"}],"author":[{"embeddable":true,"href":"https:\/\/musee.oceano.org\/pt-pt\/wp-json\/wp\/v2\/users\/32"}],"replies":[{"embeddable":true,"href":"https:\/\/musee.oceano.org\/pt-pt\/wp-json\/wp\/v2\/comments?post=41150"}],"version-history":[{"count":8,"href":"https:\/\/musee.oceano.org\/pt-pt\/wp-json\/wp\/v2\/pages\/41150\/revisions"}],"predecessor-version":[{"id":41320,"href":"https:\/\/musee.oceano.org\/pt-pt\/wp-json\/wp\/v2\/pages\/41150\/revisions\/41320"}],"wp:featuredmedia":[{"embeddable":true,"href":"https:\/\/musee.oceano.org\/pt-pt\/wp-json\/wp\/v2\/media\/40366"}],"wp:attachment":[{"href":"https:\/\/musee.oceano.org\/pt-pt\/wp-json\/wp\/v2\/media?parent=41150"}],"curies":[{"name":"wp","href":"https:\/\/api.w.org\/{rel}","templated":true}]}}